{"id":13017,"date":"2024-03-03T19:48:38","date_gmt":"2024-03-03T19:48:38","guid":{"rendered":"https:\/\/shanabooks.de\/?post_type=product&#038;p=13017"},"modified":"2024-03-10T20:10:24","modified_gmt":"2024-03-10T20:10:24","slug":"yen-ko-xizmeta-insaniyete-kirine-celadet-ali-bedirxan","status":"publish","type":"product","link":"https:\/\/shanabooks.de\/kur\/product\/yen-ko-xizmeta-insaniyete-kirine-celadet-ali-bedirxan\/","title":{"rendered":"Y\u00ean ko xizmeta \u00eensaniyet\u00ea kirine"},"content":{"rendered":"<p style=\"text-align: left\"><strong>Y\u00ean Ko xizmeta \u00eensaniyet\u00ea kirine &#8211; Celadet AL\u00ee Bedirxan<\/strong><\/p>\n<p style=\"text-align: left\">\u201cY\u00ean ko xizmeta \u00eensaniyet\u00ea kirine\u201d ji portre \u00fb biyografiy\u00ean ku Celadet Al\u00ee Bedirxan \u00fb kes\u00ean din bi nav\u00ean cih\u00ea di kovara \u201cHawar\u201d \u00fb \u201cRonah\u00ee\u201d de niv\u00eesandine, p\u00eak t\u00ea. Me kit\u00eab kire s\u00ea be\u015f: Portre an niv\u00ees\u00ean li ser \u015fexsiyet\u00ean kurd, portrey\u00ean \u015fexsiyet\u00ean gir\u00eeng \u00ean biyan\u00ee \u00fb be\u015fa bi sernav\u00ea \u201cY\u00ean ko xizmeta \u00eensaniyet\u00ea kirine\u201d ku nav\u00ea xwe daye kit\u00eab\u00ea. Avesta, hem\u00fb berhem\u00ean Celadet Al\u00ee Bedirxan, bi awayek\u00ee temat\u00eek ji n\u00fb ve diwe\u015f\u00eene. Em h\u00eav\u00ee dikim ku nif\u015f\u00ean n\u00fb \u00ea rehettir karibin ji van berheman ist\u00eefade bikin<\/p>\n","protected":false},"excerpt":{"rendered":"<p style=\"text-align: center\"><strong>Niv\u00eeskar: Celadet Al\u00ee Bedirxan<\/strong><br \/>\n<strong>Pirt\u00fbk: Y\u00ean Ko xizmeta \u00eensaniyet\u00ea kirine<br \/>\nCure: Portre<\/strong><\/p>\n","protected":false},"featured_media":13076,"template":"","meta":{"site-sidebar-layout":"default","site-content-layout":"","ast-site-content-layout":"default","site-content-style":"default","site-sidebar-style":"default","ast-global-header-display":"","ast-banner-title-visibility":"","ast-main-header-display":"","ast-hfb-above-header-display":"","ast-hfb-below-header-display":"","ast-hfb-mobile-header-display":"","site-post-title":"","ast-breadcrumbs-content":"","ast-featured-img":"","footer-sml-layout":"","ast-disable-related-posts":"","theme-transparent-header-meta":"default","adv-header-id-meta":"","stick-header-meta":"","header-above-stick-meta":"","header-main-stick-meta":"","header-below-stick-meta":"","astra-migrate-meta-layouts":"set","ast-page-background-enabled":"default","ast-page-background-meta":{"desktop":{"background-color":"","background-image":"","background-repeat":"repeat","background-position":"center center","background-size":"auto","background-attachment":"scroll","background-type":"","background-media":"","overlay-type":"","overlay-color":"","overlay-opacity":"","overlay-gradient":""},"tablet":{"background-color":"","background-image":"","background-repeat":"repeat","background-position":"center center","background-size":"auto","background-attachment":"scroll","background-type":"","background-media":"","overlay-type":"","overlay-color":"","overlay-opacity":"","overlay-gradient":""},"mobile":{"background-color":"","background-image":"","background-repeat":"repeat","background-position":"center center","background-size":"auto","background-attachment":"scroll","background-type":"","background-media":"","overlay-type":"","overlay-color":"","overlay-opacity":"","overlay-gradient":""}},"ast-content-background-meta":{"desktop":{"background-color":"var(--ast-global-color-5)","background-image":"","background-repeat":"repeat","background-position":"center center","background-size":"auto","background-attachment":"scroll","background-type":"","background-media":"","overlay-type":"","overlay-color":"","overlay-opacity":"","overlay-gradient":""},"tablet":{"background-color":"var(--ast-global-color-5)","background-image":"","background-repeat":"repeat","background-position":"center center","background-size":"auto","background-attachment":"scroll","background-type":"","background-media":"","overlay-type":"","overlay-color":"","overlay-opacity":"","overlay-gradient":""},"mobile":{"background-color":"var(--ast-global-color-5)","background-image":"","background-repeat":"repeat","background-position":"center center","background-size":"auto","background-attachment":"scroll","background-type":"","background-media":"","overlay-type":"","overlay-color":"","overlay-opacity":"","overlay-gradient":""}}},"product_brand":[],"product_cat":[334,193],"product_tag":[],"class_list":{"0":"post-13017","1":"product","2":"type-product","3":"status-publish","4":"has-post-thumbnail","6":"product_cat--_","8":"pa_-jiyanname","9":"pa_-celadet-ali-bedirxan","10":"pa_-kurmanci","11":"pa_--avesta-yayinlari","12":"desktop-align-left","13":"tablet-align-left","14":"mobile-align-left","16":"first","17":"instock","18":"shipping-taxable","19":"purchasable","20":"product-type-simple"},"yoast_head":"<!-- This site is optimized with the Yoast SEO plugin v27.4 - https:\/\/yoast.com\/product\/yoast-seo-wordpress\/ -->\n<title>Y\u00ean Ko xizmeta \u00eensaniyet\u00ea kirine - Celadet AL\u00ee Bedirxan - www.shanabooks.de<\/title>\n<meta name=\"description\" content=\"Y\u00ean Ko xizmeta \u00eensaniyet\u00ea kirine - Celadet AL\u00ee Bedirxan \u201cY\u00ean ko xizmeta \u00eensaniyet\u00ea kirine\u201d ji portre \u00fb biyografiy\u00ean ku Celadet Al\u00ee Bedirxan \u00fb kes\u00ean din ...\" \/>\n<meta name=\"robots\" content=\"index, follow, max-snippet:-1, max-image-preview:large, max-video-preview:-1\" \/>\n<link rel=\"canonical\" href=\"https:\/\/shanabooks.de\/product\/yen-ko-xizmeta-insaniyete-kirine-celadet-ali-bedirxan\/\" \/>\n<meta property=\"og:locale\" content=\"en_US\" \/>\n<meta property=\"og:type\" content=\"article\" \/>\n<meta property=\"og:title\" content=\"Y\u00ean Ko xizmeta \u00eensaniyet\u00ea kirine - Celadet AL\u00ee Bedirxan - www.shanabooks.de\" \/>\n<meta property=\"og:description\" content=\"Y\u00ean Ko xizmeta \u00eensaniyet\u00ea kirine - Celadet AL\u00ee Bedirxan \u201cY\u00ean ko xizmeta \u00eensaniyet\u00ea kirine\u201d ji portre \u00fb biyografiy\u00ean ku Celadet Al\u00ee Bedirxan \u00fb kes\u00ean din ...\" \/>\n<meta property=\"og:url\" content=\"https:\/\/shanabooks.de\/product\/yen-ko-xizmeta-insaniyete-kirine-celadet-ali-bedirxan\/\" \/>\n<meta property=\"og:site_name\" content=\"www.shanabooks.de\" \/>\n<meta property=\"article:modified_time\" content=\"2024-03-10T20:10:24+00:00\" \/>\n<meta property=\"og:image\" content=\"https:\/\/shanabooks.de\/wp-content\/uploads\/2024\/03\/yen-ko-xizmeta-insaniyete-kirine.jpg\" \/>\n\t<meta property=\"og:image:width\" content=\"595\" \/>\n\t<meta property=\"og:image:height\" content=\"900\" \/>\n\t<meta property=\"og:image:type\" content=\"image\/jpeg\" \/>\n<meta name=\"twitter:card\" content=\"summary_large_image\" \/>\n<meta name=\"twitter:label1\" content=\"Est. reading time\" \/>\n\t<meta name=\"twitter:data1\" content=\"1 minute\" \/>\n<script type=\"application\/ld+json\" class=\"yoast-schema-graph\">{\"@context\":\"https:\\\/\\\/schema.org\",\"@graph\":[{\"@type\":\"WebPage\",\"@id\":\"https:\\\/\\\/shanabooks.de\\\/product\\\/yen-ko-xizmeta-insaniyete-kirine-celadet-ali-bedirxan\\\/\",\"url\":\"https:\\\/\\\/shanabooks.de\\\/product\\\/yen-ko-xizmeta-insaniyete-kirine-celadet-ali-bedirxan\\\/\",\"name\":\"Y\u00ean Ko xizmeta \u00eensaniyet\u00ea kirine - Celadet AL\u00ee Bedirxan - www.shanabooks.de\",\"isPartOf\":{\"@id\":\"https:\\\/\\\/shanabooks.de\\\/#website\"},\"primaryImageOfPage\":{\"@id\":\"https:\\\/\\\/shanabooks.de\\\/product\\\/yen-ko-xizmeta-insaniyete-kirine-celadet-ali-bedirxan\\\/#primaryimage\"},\"image\":{\"@id\":\"https:\\\/\\\/shanabooks.de\\\/product\\\/yen-ko-xizmeta-insaniyete-kirine-celadet-ali-bedirxan\\\/#primaryimage\"},\"thumbnailUrl\":\"https:\\\/\\\/shanabooks.de\\\/wp-content\\\/uploads\\\/2024\\\/03\\\/yen-ko-xizmeta-insaniyete-kirine.jpg\",\"datePublished\":\"2024-03-03T19:48:38+00:00\",\"dateModified\":\"2024-03-10T20:10:24+00:00\",\"description\":\"Y\u00ean Ko xizmeta \u00eensaniyet\u00ea kirine - Celadet AL\u00ee Bedirxan \u201cY\u00ean ko xizmeta \u00eensaniyet\u00ea kirine\u201d ji portre \u00fb biyografiy\u00ean ku Celadet Al\u00ee Bedirxan \u00fb kes\u00ean din ...\",\"breadcrumb\":{\"@id\":\"https:\\\/\\\/shanabooks.de\\\/product\\\/yen-ko-xizmeta-insaniyete-kirine-celadet-ali-bedirxan\\\/#breadcrumb\"},\"inLanguage\":\"kur\",\"potentialAction\":[{\"@type\":\"ReadAction\",\"target\":[\"https:\\\/\\\/shanabooks.de\\\/product\\\/yen-ko-xizmeta-insaniyete-kirine-celadet-ali-bedirxan\\\/\"]}]},{\"@type\":\"ImageObject\",\"inLanguage\":\"kur\",\"@id\":\"https:\\\/\\\/shanabooks.de\\\/product\\\/yen-ko-xizmeta-insaniyete-kirine-celadet-ali-bedirxan\\\/#primaryimage\",\"url\":\"https:\\\/\\\/shanabooks.de\\\/wp-content\\\/uploads\\\/2024\\\/03\\\/yen-ko-xizmeta-insaniyete-kirine.jpg\",\"contentUrl\":\"https:\\\/\\\/shanabooks.de\\\/wp-content\\\/uploads\\\/2024\\\/03\\\/yen-ko-xizmeta-insaniyete-kirine.jpg\",\"width\":595,\"height\":900,\"caption\":\"Y\u00ean Ko xizmeta \u00eensaniyet\u00ea kirine - Celadet AL\u00ee Bedirxan - pirt\u00fbk\u00ean kurd\u00ee\"},{\"@type\":\"BreadcrumbList\",\"@id\":\"https:\\\/\\\/shanabooks.de\\\/product\\\/yen-ko-xizmeta-insaniyete-kirine-celadet-ali-bedirxan\\\/#breadcrumb\",\"itemListElement\":[{\"@type\":\"ListItem\",\"position\":1,\"name\":\"\u0627\u0644\u0631\u0626\u064a\u0633\u064a\u0629\",\"item\":\"https:\\\/\\\/shanabooks.de\\\/kur\\\/\"},{\"@type\":\"ListItem\",\"position\":2,\"name\":\"\u0627\u0644\u0645\u0646\u062a\u062c\u0627\u062a\",\"item\":\"https:\\\/\\\/shanabooks.de\\\/shop\\\/\"},{\"@type\":\"ListItem\",\"position\":3,\"name\":\"Y\u00ean ko xizmeta \u00eensaniyet\u00ea kirine\"}]},{\"@type\":\"WebSite\",\"@id\":\"https:\\\/\\\/shanabooks.de\\\/#website\",\"url\":\"https:\\\/\\\/shanabooks.de\\\/\",\"name\":\"www.shanbooks.de\",\"description\":\"C\u00eehana Pirt\u00fbk\u00ean Kurd\u00ee \u0645\u0643\u062a\u0628\u0629 \u0634\u0627\u0646\u0627 \u0641\u064a \u0627\u0644\u0645\u0627\u0646\u064a\u0627 \u0648\u0623\u0648\u0631\u0628\u0627\",\"publisher\":{\"@id\":\"https:\\\/\\\/shanabooks.de\\\/#organization\"},\"potentialAction\":[{\"@type\":\"SearchAction\",\"target\":{\"@type\":\"EntryPoint\",\"urlTemplate\":\"https:\\\/\\\/shanabooks.de\\\/?s={search_term_string}\"},\"query-input\":{\"@type\":\"PropertyValueSpecification\",\"valueRequired\":true,\"valueName\":\"search_term_string\"}}],\"inLanguage\":\"kur\"},{\"@type\":\"Organization\",\"@id\":\"https:\\\/\\\/shanabooks.de\\\/#organization\",\"name\":\"www.shanbooks.de\",\"url\":\"https:\\\/\\\/shanabooks.de\\\/\",\"logo\":{\"@type\":\"ImageObject\",\"inLanguage\":\"kur\",\"@id\":\"https:\\\/\\\/shanabooks.de\\\/#\\\/schema\\\/logo\\\/image\\\/\",\"url\":\"https:\\\/\\\/shanabooks.de\\\/wp-content\\\/uploads\\\/2024\\\/03\\\/SHANABOOKS__2_-removebg-preview.png\",\"contentUrl\":\"https:\\\/\\\/shanabooks.de\\\/wp-content\\\/uploads\\\/2024\\\/03\\\/SHANABOOKS__2_-removebg-preview.png\",\"width\":700,\"height\":150,\"caption\":\"www.shanbooks.de\"},\"image\":{\"@id\":\"https:\\\/\\\/shanabooks.de\\\/#\\\/schema\\\/logo\\\/image\\\/\"}}]}<\/script>\n<!-- \/ Yoast SEO plugin. -->","yoast_head_json":{"title":"Y\u00ean Ko xizmeta \u00eensaniyet\u00ea kirine - Celadet AL\u00ee Bedirxan - www.shanabooks.de","description":"Y\u00ean Ko xizmeta \u00eensaniyet\u00ea kirine - Celadet AL\u00ee Bedirxan \u201cY\u00ean ko xizmeta \u00eensaniyet\u00ea kirine\u201d ji portre \u00fb biyografiy\u00ean ku Celadet Al\u00ee Bedirxan \u00fb kes\u00ean din ...","robots":{"index":"index","follow":"follow","max-snippet":"max-snippet:-1","max-image-preview":"max-image-preview:large","max-video-preview":"max-video-preview:-1"},"canonical":"https:\/\/shanabooks.de\/product\/yen-ko-xizmeta-insaniyete-kirine-celadet-ali-bedirxan\/","og_locale":"en_US","og_type":"article","og_title":"Y\u00ean Ko xizmeta \u00eensaniyet\u00ea kirine - Celadet AL\u00ee Bedirxan - www.shanabooks.de","og_description":"Y\u00ean Ko xizmeta \u00eensaniyet\u00ea kirine - Celadet AL\u00ee Bedirxan \u201cY\u00ean ko xizmeta \u00eensaniyet\u00ea kirine\u201d ji portre \u00fb biyografiy\u00ean ku Celadet Al\u00ee Bedirxan \u00fb kes\u00ean din ...","og_url":"https:\/\/shanabooks.de\/product\/yen-ko-xizmeta-insaniyete-kirine-celadet-ali-bedirxan\/","og_site_name":"www.shanabooks.de","article_modified_time":"2024-03-10T20:10:24+00:00","og_image":[{"width":595,"height":900,"url":"https:\/\/shanabooks.de\/wp-content\/uploads\/2024\/03\/yen-ko-xizmeta-insaniyete-kirine.jpg","type":"image\/jpeg"}],"twitter_card":"summary_large_image","twitter_misc":{"Est. reading time":"1 minute"},"schema":{"@context":"https:\/\/schema.org","@graph":[{"@type":"WebPage","@id":"https:\/\/shanabooks.de\/product\/yen-ko-xizmeta-insaniyete-kirine-celadet-ali-bedirxan\/","url":"https:\/\/shanabooks.de\/product\/yen-ko-xizmeta-insaniyete-kirine-celadet-ali-bedirxan\/","name":"Y\u00ean Ko xizmeta \u00eensaniyet\u00ea kirine - Celadet AL\u00ee Bedirxan - www.shanabooks.de","isPartOf":{"@id":"https:\/\/shanabooks.de\/#website"},"primaryImageOfPage":{"@id":"https:\/\/shanabooks.de\/product\/yen-ko-xizmeta-insaniyete-kirine-celadet-ali-bedirxan\/#primaryimage"},"image":{"@id":"https:\/\/shanabooks.de\/product\/yen-ko-xizmeta-insaniyete-kirine-celadet-ali-bedirxan\/#primaryimage"},"thumbnailUrl":"https:\/\/shanabooks.de\/wp-content\/uploads\/2024\/03\/yen-ko-xizmeta-insaniyete-kirine.jpg","datePublished":"2024-03-03T19:48:38+00:00","dateModified":"2024-03-10T20:10:24+00:00","description":"Y\u00ean Ko xizmeta \u00eensaniyet\u00ea kirine - Celadet AL\u00ee Bedirxan \u201cY\u00ean ko xizmeta \u00eensaniyet\u00ea kirine\u201d ji portre \u00fb biyografiy\u00ean ku Celadet Al\u00ee Bedirxan \u00fb kes\u00ean din ...","breadcrumb":{"@id":"https:\/\/shanabooks.de\/product\/yen-ko-xizmeta-insaniyete-kirine-celadet-ali-bedirxan\/#breadcrumb"},"inLanguage":"kur","potentialAction":[{"@type":"ReadAction","target":["https:\/\/shanabooks.de\/product\/yen-ko-xizmeta-insaniyete-kirine-celadet-ali-bedirxan\/"]}]},{"@type":"ImageObject","inLanguage":"kur","@id":"https:\/\/shanabooks.de\/product\/yen-ko-xizmeta-insaniyete-kirine-celadet-ali-bedirxan\/#primaryimage","url":"https:\/\/shanabooks.de\/wp-content\/uploads\/2024\/03\/yen-ko-xizmeta-insaniyete-kirine.jpg","contentUrl":"https:\/\/shanabooks.de\/wp-content\/uploads\/2024\/03\/yen-ko-xizmeta-insaniyete-kirine.jpg","width":595,"height":900,"caption":"Y\u00ean Ko xizmeta \u00eensaniyet\u00ea kirine - Celadet AL\u00ee Bedirxan - pirt\u00fbk\u00ean kurd\u00ee"},{"@type":"BreadcrumbList","@id":"https:\/\/shanabooks.de\/product\/yen-ko-xizmeta-insaniyete-kirine-celadet-ali-bedirxan\/#breadcrumb","itemListElement":[{"@type":"ListItem","position":1,"name":"\u0627\u0644\u0631\u0626\u064a\u0633\u064a\u0629","item":"https:\/\/shanabooks.de\/kur\/"},{"@type":"ListItem","position":2,"name":"\u0627\u0644\u0645\u0646\u062a\u062c\u0627\u062a","item":"https:\/\/shanabooks.de\/shop\/"},{"@type":"ListItem","position":3,"name":"Y\u00ean ko xizmeta \u00eensaniyet\u00ea kirine"}]},{"@type":"WebSite","@id":"https:\/\/shanabooks.de\/#website","url":"https:\/\/shanabooks.de\/","name":"www.shanbooks.de","description":"C\u00eehana Pirt\u00fbk\u00ean Kurd\u00ee \u0645\u0643\u062a\u0628\u0629 \u0634\u0627\u0646\u0627 \u0641\u064a \u0627\u0644\u0645\u0627\u0646\u064a\u0627 \u0648\u0623\u0648\u0631\u0628\u0627","publisher":{"@id":"https:\/\/shanabooks.de\/#organization"},"potentialAction":[{"@type":"SearchAction","target":{"@type":"EntryPoint","urlTemplate":"https:\/\/shanabooks.de\/?s={search_term_string}"},"query-input":{"@type":"PropertyValueSpecification","valueRequired":true,"valueName":"search_term_string"}}],"inLanguage":"kur"},{"@type":"Organization","@id":"https:\/\/shanabooks.de\/#organization","name":"www.shanbooks.de","url":"https:\/\/shanabooks.de\/","logo":{"@type":"ImageObject","inLanguage":"kur","@id":"https:\/\/shanabooks.de\/#\/schema\/logo\/image\/","url":"https:\/\/shanabooks.de\/wp-content\/uploads\/2024\/03\/SHANABOOKS__2_-removebg-preview.png","contentUrl":"https:\/\/shanabooks.de\/wp-content\/uploads\/2024\/03\/SHANABOOKS__2_-removebg-preview.png","width":700,"height":150,"caption":"www.shanbooks.de"},"image":{"@id":"https:\/\/shanabooks.de\/#\/schema\/logo\/image\/"}}]}},"jetpack_sharing_enabled":true,"_links":{"self":[{"href":"https:\/\/shanabooks.de\/kur\/wp-json\/wp\/v2\/product\/13017","targetHints":{"allow":["GET"]}}],"collection":[{"href":"https:\/\/shanabooks.de\/kur\/wp-json\/wp\/v2\/product"}],"about":[{"href":"https:\/\/shanabooks.de\/kur\/wp-json\/wp\/v2\/types\/product"}],"version-history":[{"count":2,"href":"https:\/\/shanabooks.de\/kur\/wp-json\/wp\/v2\/product\/13017\/revisions"}],"predecessor-version":[{"id":17427,"href":"https:\/\/shanabooks.de\/kur\/wp-json\/wp\/v2\/product\/13017\/revisions\/17427"}],"wp:featuredmedia":[{"embeddable":true,"href":"https:\/\/shanabooks.de\/kur\/wp-json\/wp\/v2\/media\/13076"}],"wp:attachment":[{"href":"https:\/\/shanabooks.de\/kur\/wp-json\/wp\/v2\/media?parent=13017"}],"wp:term":[{"taxonomy":"product_brand","embeddable":true,"href":"https:\/\/shanabooks.de\/kur\/wp-json\/wp\/v2\/product_brand?post=13017"},{"taxonomy":"product_cat","embeddable":true,"href":"https:\/\/shanabooks.de\/kur\/wp-json\/wp\/v2\/product_cat?post=13017"},{"taxonomy":"product_tag","embeddable":true,"href":"https:\/\/shanabooks.de\/kur\/wp-json\/wp\/v2\/product_tag?post=13017"}],"curies":[{"name":"wp","href":"https:\/\/api.w.org\/{rel}","templated":true}]}}