{"id":13021,"date":"2024-03-03T19:48:38","date_gmt":"2024-03-03T19:48:38","guid":{"rendered":"https:\/\/shanabooks.de\/?post_type=product&#038;p=13021"},"modified":"2024-04-10T12:34:27","modified_gmt":"2024-04-10T12:34:27","slug":"manga-sor-hildikise-ser-dare-jujja-wieslander","status":"publish","type":"product","link":"https:\/\/shanabooks.de\/kur\/product\/manga-sor-hildikise-ser-dare-jujja-wieslander\/","title":{"rendered":"Manga Sor Hildiki\u015fe Ser Dar\u00ea"},"content":{"rendered":"<p style=\"text-align: left\"><strong>\u00a0Manga Sor Hildiki\u015fe Ser Dar\u00ea- Jujja Wieslander<\/strong><\/p>\n<p style=\"text-align: left\">\u2013Qiriko\u2026 \u00ead\u00ee dor dora me ye!<br \/>\nQiriko got: Na!<br \/>\nManga Sor: \u00c7ima na?<br \/>\n\u2013 Ji ber ku tu mange y\u00ee, loma!<br \/>\nManga Sor l\u00ea vegerand:<br \/>\n\u2013L\u00ea \u015fematok li m\u00earfa mangeyan dan\u00eene.<br \/>\nQe nebe v\u00ea yek\u00ea qeb\u00fbl bike Qiriko!<br \/>\n\u2013QIRRR! Ma tu j\u00ee zan\u00ee ku \u015fematok ji bo<br \/>\nzarokan e. Zarok hercar li vir avjen\u00eey\u00ea<br \/>\ndikin. Zarok ji x\u00eejkirin\u00ea hez dikin. Loma<br \/>\n\u015fematok l\u00ee v\u00eer dan\u00eene. \u00db ne ji bo kur vir<br \/>\nm\u00earga mangeyan e. Ma nizanim tu fam<br \/>\ndik\u00ee gelo!<br \/>\nManga Sor got: \u2013 De ka em herin wir.<\/p>\n","protected":false},"excerpt":{"rendered":"<p style=\"text-align: center\"><strong>Pirt\u00fbk: Manga Sor Hildiki\u015fe Ser Dar\u00ea<br \/>\nNiv\u00eeskar: Jujja Wieslander\u00a0<\/strong><br \/>\n<strong>Cure: Pirt\u00fbk\u00ean zarokan<\/strong><\/p>\n","protected":false},"featured_media":13083,"template":"","meta":{"site-sidebar-layout":"default","site-content-layout":"","ast-site-content-layout":"default","site-content-style":"default","site-sidebar-style":"default","ast-global-header-display":"","ast-banner-title-visibility":"","ast-main-header-display":"","ast-hfb-above-header-display":"","ast-hfb-below-header-display":"","ast-hfb-mobile-header-display":"","site-post-title":"","ast-breadcrumbs-content":"","ast-featured-img":"","footer-sml-layout":"","ast-disable-related-posts":"","theme-transparent-header-meta":"default","adv-header-id-meta":"","stick-header-meta":"","header-above-stick-meta":"","header-main-stick-meta":"","header-below-stick-meta":"","astra-migrate-meta-layouts":"set","ast-page-background-enabled":"default","ast-page-background-meta":{"desktop":{"background-color":"","background-image":"","background-repeat":"repeat","background-position":"center center","background-size":"auto","background-attachment":"scroll","background-type":"","background-media":"","overlay-type":"","overlay-color":"","overlay-opacity":"","overlay-gradient":""},"tablet":{"background-color":"","background-image":"","background-repeat":"repeat","background-position":"center center","background-size":"auto","background-attachment":"scroll","background-type":"","background-media":"","overlay-type":"","overlay-color":"","overlay-opacity":"","overlay-gradient":""},"mobile":{"background-color":"","background-image":"","background-repeat":"repeat","background-position":"center center","background-size":"auto","background-attachment":"scroll","background-type":"","background-media":"","overlay-type":"","overlay-color":"","overlay-opacity":"","overlay-gradient":""}},"ast-content-background-meta":{"desktop":{"background-color":"var(--ast-global-color-5)","background-image":"","background-repeat":"repeat","background-position":"center center","background-size":"auto","background-attachment":"scroll","background-type":"","background-media":"","overlay-type":"","overlay-color":"","overlay-opacity":"","overlay-gradient":""},"tablet":{"background-color":"var(--ast-global-color-5)","background-image":"","background-repeat":"repeat","background-position":"center center","background-size":"auto","background-attachment":"scroll","background-type":"","background-media":"","overlay-type":"","overlay-color":"","overlay-opacity":"","overlay-gradient":""},"mobile":{"background-color":"var(--ast-global-color-5)","background-image":"","background-repeat":"repeat","background-position":"center center","background-size":"auto","background-attachment":"scroll","background-type":"","background-media":"","overlay-type":"","overlay-color":"","overlay-opacity":"","overlay-gradient":""}}},"product_brand":[],"product_cat":[194,193],"product_tag":[],"class_list":{"0":"post-13021","1":"product","2":"type-product","3":"status-publish","4":"has-post-thumbnail","6":"product_cat--_","8":"pa_-zarok","9":"pa_-jujja-wieslander","10":"pa_-kurmanci","11":"pa_--apec","12":"desktop-align-left","13":"tablet-align-left","14":"mobile-align-left","16":"first","17":"instock","18":"shipping-taxable","19":"purchasable","20":"product-type-simple"},"yoast_head":"<!-- This site is optimized with the Yoast SEO plugin v27.4 - https:\/\/yoast.com\/product\/yoast-seo-wordpress\/ -->\n<title>Manga Sor Hildiki\u015fe Ser Dar\u00ea- Jujja Wieslander - www.shanabooks.de<\/title>\n<meta name=\"description\" content=\"Manga Sor Hildiki\u015fe Ser Dar\u00ea- Jujja Wieslander bi zaravaya Kurmanc\u00ee hatiye nivis\u00een. -\u00c7i! Ev \u00e7i n\u00eek e? Manga Sor got:-N\u00eek? Ne n\u00eek e. Yeke rast e. Qiriko...\" \/>\n<meta name=\"robots\" content=\"index, follow, max-snippet:-1, max-image-preview:large, max-video-preview:-1\" \/>\n<link rel=\"canonical\" href=\"https:\/\/shanabooks.de\/product\/manga-sor-hildikise-ser-dare-jujja-wieslander\/\" \/>\n<meta property=\"og:locale\" content=\"en_US\" \/>\n<meta property=\"og:type\" content=\"article\" \/>\n<meta property=\"og:title\" content=\"Manga Sor Hildiki\u015fe Ser Dar\u00ea- Jujja Wieslander - www.shanabooks.de\" \/>\n<meta property=\"og:description\" content=\"Manga Sor Hildiki\u015fe Ser Dar\u00ea- Jujja Wieslander bi zaravaya Kurmanc\u00ee hatiye nivis\u00een. -\u00c7i! Ev \u00e7i n\u00eek e? Manga Sor got:-N\u00eek? Ne n\u00eek e. Yeke rast e. Qiriko...\" \/>\n<meta property=\"og:url\" content=\"https:\/\/shanabooks.de\/product\/manga-sor-hildikise-ser-dare-jujja-wieslander\/\" \/>\n<meta property=\"og:site_name\" content=\"www.shanabooks.de\" \/>\n<meta property=\"article:modified_time\" content=\"2024-04-10T12:34:27+00:00\" \/>\n<meta property=\"og:image\" content=\"https:\/\/shanabooks.de\/wp-content\/uploads\/2024\/03\/Manga-SOr-hildikise-ser-dare-Apec.png\" \/>\n\t<meta property=\"og:image:width\" content=\"340\" \/>\n\t<meta property=\"og:image:height\" content=\"471\" \/>\n\t<meta property=\"og:image:type\" content=\"image\/png\" \/>\n<meta name=\"twitter:card\" content=\"summary_large_image\" \/>\n<meta name=\"twitter:label1\" content=\"Est. reading time\" \/>\n\t<meta name=\"twitter:data1\" content=\"1 minute\" \/>\n<script type=\"application\/ld+json\" class=\"yoast-schema-graph\">{\"@context\":\"https:\\\/\\\/schema.org\",\"@graph\":[{\"@type\":\"WebPage\",\"@id\":\"https:\\\/\\\/shanabooks.de\\\/product\\\/manga-sor-hildikise-ser-dare-jujja-wieslander\\\/\",\"url\":\"https:\\\/\\\/shanabooks.de\\\/product\\\/manga-sor-hildikise-ser-dare-jujja-wieslander\\\/\",\"name\":\"Manga Sor Hildiki\u015fe Ser Dar\u00ea- Jujja Wieslander - www.shanabooks.de\",\"isPartOf\":{\"@id\":\"https:\\\/\\\/shanabooks.de\\\/#website\"},\"primaryImageOfPage\":{\"@id\":\"https:\\\/\\\/shanabooks.de\\\/product\\\/manga-sor-hildikise-ser-dare-jujja-wieslander\\\/#primaryimage\"},\"image\":{\"@id\":\"https:\\\/\\\/shanabooks.de\\\/product\\\/manga-sor-hildikise-ser-dare-jujja-wieslander\\\/#primaryimage\"},\"thumbnailUrl\":\"https:\\\/\\\/shanabooks.de\\\/wp-content\\\/uploads\\\/2024\\\/03\\\/Manga-SOr-hildikise-ser-dare-Apec.png\",\"datePublished\":\"2024-03-03T19:48:38+00:00\",\"dateModified\":\"2024-04-10T12:34:27+00:00\",\"description\":\"Manga Sor Hildiki\u015fe Ser Dar\u00ea- Jujja Wieslander bi zaravaya Kurmanc\u00ee hatiye nivis\u00een. -\u00c7i! Ev \u00e7i n\u00eek e? Manga Sor got:-N\u00eek? Ne n\u00eek e. Yeke rast e. Qiriko...\",\"breadcrumb\":{\"@id\":\"https:\\\/\\\/shanabooks.de\\\/product\\\/manga-sor-hildikise-ser-dare-jujja-wieslander\\\/#breadcrumb\"},\"inLanguage\":\"kur\",\"potentialAction\":[{\"@type\":\"ReadAction\",\"target\":[\"https:\\\/\\\/shanabooks.de\\\/product\\\/manga-sor-hildikise-ser-dare-jujja-wieslander\\\/\"]}]},{\"@type\":\"ImageObject\",\"inLanguage\":\"kur\",\"@id\":\"https:\\\/\\\/shanabooks.de\\\/product\\\/manga-sor-hildikise-ser-dare-jujja-wieslander\\\/#primaryimage\",\"url\":\"https:\\\/\\\/shanabooks.de\\\/wp-content\\\/uploads\\\/2024\\\/03\\\/Manga-SOr-hildikise-ser-dare-Apec.png\",\"contentUrl\":\"https:\\\/\\\/shanabooks.de\\\/wp-content\\\/uploads\\\/2024\\\/03\\\/Manga-SOr-hildikise-ser-dare-Apec.png\",\"width\":340,\"height\":471,\"caption\":\"Manga sor xwe x\u00eej dike - Jujja Wieslander - pirt\u00fbk\u00ean kurd\u00ee - zarok\"},{\"@type\":\"BreadcrumbList\",\"@id\":\"https:\\\/\\\/shanabooks.de\\\/product\\\/manga-sor-hildikise-ser-dare-jujja-wieslander\\\/#breadcrumb\",\"itemListElement\":[{\"@type\":\"ListItem\",\"position\":1,\"name\":\"\u0627\u0644\u0631\u0626\u064a\u0633\u064a\u0629\",\"item\":\"https:\\\/\\\/shanabooks.de\\\/kur\\\/\"},{\"@type\":\"ListItem\",\"position\":2,\"name\":\"\u0627\u0644\u0645\u0646\u062a\u062c\u0627\u062a\",\"item\":\"https:\\\/\\\/shanabooks.de\\\/shop\\\/\"},{\"@type\":\"ListItem\",\"position\":3,\"name\":\"Manga Sor Hildiki\u015fe Ser Dar\u00ea\"}]},{\"@type\":\"WebSite\",\"@id\":\"https:\\\/\\\/shanabooks.de\\\/#website\",\"url\":\"https:\\\/\\\/shanabooks.de\\\/\",\"name\":\"www.shanbooks.de\",\"description\":\"C\u00eehana Pirt\u00fbk\u00ean Kurd\u00ee \u0645\u0643\u062a\u0628\u0629 \u0634\u0627\u0646\u0627 \u0641\u064a \u0627\u0644\u0645\u0627\u0646\u064a\u0627 \u0648\u0623\u0648\u0631\u0628\u0627\",\"publisher\":{\"@id\":\"https:\\\/\\\/shanabooks.de\\\/#organization\"},\"potentialAction\":[{\"@type\":\"SearchAction\",\"target\":{\"@type\":\"EntryPoint\",\"urlTemplate\":\"https:\\\/\\\/shanabooks.de\\\/?s={search_term_string}\"},\"query-input\":{\"@type\":\"PropertyValueSpecification\",\"valueRequired\":true,\"valueName\":\"search_term_string\"}}],\"inLanguage\":\"kur\"},{\"@type\":\"Organization\",\"@id\":\"https:\\\/\\\/shanabooks.de\\\/#organization\",\"name\":\"www.shanbooks.de\",\"url\":\"https:\\\/\\\/shanabooks.de\\\/\",\"logo\":{\"@type\":\"ImageObject\",\"inLanguage\":\"kur\",\"@id\":\"https:\\\/\\\/shanabooks.de\\\/#\\\/schema\\\/logo\\\/image\\\/\",\"url\":\"https:\\\/\\\/shanabooks.de\\\/wp-content\\\/uploads\\\/2024\\\/03\\\/SHANABOOKS__2_-removebg-preview.png\",\"contentUrl\":\"https:\\\/\\\/shanabooks.de\\\/wp-content\\\/uploads\\\/2024\\\/03\\\/SHANABOOKS__2_-removebg-preview.png\",\"width\":700,\"height\":150,\"caption\":\"www.shanbooks.de\"},\"image\":{\"@id\":\"https:\\\/\\\/shanabooks.de\\\/#\\\/schema\\\/logo\\\/image\\\/\"}}]}<\/script>\n<!-- \/ Yoast SEO plugin. -->","yoast_head_json":{"title":"Manga Sor Hildiki\u015fe Ser Dar\u00ea- Jujja Wieslander - www.shanabooks.de","description":"Manga Sor Hildiki\u015fe Ser Dar\u00ea- Jujja Wieslander bi zaravaya Kurmanc\u00ee hatiye nivis\u00een. -\u00c7i! Ev \u00e7i n\u00eek e? Manga Sor got:-N\u00eek? Ne n\u00eek e. Yeke rast e. Qiriko...","robots":{"index":"index","follow":"follow","max-snippet":"max-snippet:-1","max-image-preview":"max-image-preview:large","max-video-preview":"max-video-preview:-1"},"canonical":"https:\/\/shanabooks.de\/product\/manga-sor-hildikise-ser-dare-jujja-wieslander\/","og_locale":"en_US","og_type":"article","og_title":"Manga Sor Hildiki\u015fe Ser Dar\u00ea- Jujja Wieslander - www.shanabooks.de","og_description":"Manga Sor Hildiki\u015fe Ser Dar\u00ea- Jujja Wieslander bi zaravaya Kurmanc\u00ee hatiye nivis\u00een. -\u00c7i! Ev \u00e7i n\u00eek e? Manga Sor got:-N\u00eek? Ne n\u00eek e. Yeke rast e. Qiriko...","og_url":"https:\/\/shanabooks.de\/product\/manga-sor-hildikise-ser-dare-jujja-wieslander\/","og_site_name":"www.shanabooks.de","article_modified_time":"2024-04-10T12:34:27+00:00","og_image":[{"width":340,"height":471,"url":"https:\/\/shanabooks.de\/wp-content\/uploads\/2024\/03\/Manga-SOr-hildikise-ser-dare-Apec.png","type":"image\/png"}],"twitter_card":"summary_large_image","twitter_misc":{"Est. reading time":"1 minute"},"schema":{"@context":"https:\/\/schema.org","@graph":[{"@type":"WebPage","@id":"https:\/\/shanabooks.de\/product\/manga-sor-hildikise-ser-dare-jujja-wieslander\/","url":"https:\/\/shanabooks.de\/product\/manga-sor-hildikise-ser-dare-jujja-wieslander\/","name":"Manga Sor Hildiki\u015fe Ser Dar\u00ea- Jujja Wieslander - www.shanabooks.de","isPartOf":{"@id":"https:\/\/shanabooks.de\/#website"},"primaryImageOfPage":{"@id":"https:\/\/shanabooks.de\/product\/manga-sor-hildikise-ser-dare-jujja-wieslander\/#primaryimage"},"image":{"@id":"https:\/\/shanabooks.de\/product\/manga-sor-hildikise-ser-dare-jujja-wieslander\/#primaryimage"},"thumbnailUrl":"https:\/\/shanabooks.de\/wp-content\/uploads\/2024\/03\/Manga-SOr-hildikise-ser-dare-Apec.png","datePublished":"2024-03-03T19:48:38+00:00","dateModified":"2024-04-10T12:34:27+00:00","description":"Manga Sor Hildiki\u015fe Ser Dar\u00ea- Jujja Wieslander bi zaravaya Kurmanc\u00ee hatiye nivis\u00een. -\u00c7i! Ev \u00e7i n\u00eek e? Manga Sor got:-N\u00eek? Ne n\u00eek e. Yeke rast e. Qiriko...","breadcrumb":{"@id":"https:\/\/shanabooks.de\/product\/manga-sor-hildikise-ser-dare-jujja-wieslander\/#breadcrumb"},"inLanguage":"kur","potentialAction":[{"@type":"ReadAction","target":["https:\/\/shanabooks.de\/product\/manga-sor-hildikise-ser-dare-jujja-wieslander\/"]}]},{"@type":"ImageObject","inLanguage":"kur","@id":"https:\/\/shanabooks.de\/product\/manga-sor-hildikise-ser-dare-jujja-wieslander\/#primaryimage","url":"https:\/\/shanabooks.de\/wp-content\/uploads\/2024\/03\/Manga-SOr-hildikise-ser-dare-Apec.png","contentUrl":"https:\/\/shanabooks.de\/wp-content\/uploads\/2024\/03\/Manga-SOr-hildikise-ser-dare-Apec.png","width":340,"height":471,"caption":"Manga sor xwe x\u00eej dike - Jujja Wieslander - pirt\u00fbk\u00ean kurd\u00ee - zarok"},{"@type":"BreadcrumbList","@id":"https:\/\/shanabooks.de\/product\/manga-sor-hildikise-ser-dare-jujja-wieslander\/#breadcrumb","itemListElement":[{"@type":"ListItem","position":1,"name":"\u0627\u0644\u0631\u0626\u064a\u0633\u064a\u0629","item":"https:\/\/shanabooks.de\/kur\/"},{"@type":"ListItem","position":2,"name":"\u0627\u0644\u0645\u0646\u062a\u062c\u0627\u062a","item":"https:\/\/shanabooks.de\/shop\/"},{"@type":"ListItem","position":3,"name":"Manga Sor Hildiki\u015fe Ser Dar\u00ea"}]},{"@type":"WebSite","@id":"https:\/\/shanabooks.de\/#website","url":"https:\/\/shanabooks.de\/","name":"www.shanbooks.de","description":"C\u00eehana Pirt\u00fbk\u00ean Kurd\u00ee \u0645\u0643\u062a\u0628\u0629 \u0634\u0627\u0646\u0627 \u0641\u064a \u0627\u0644\u0645\u0627\u0646\u064a\u0627 \u0648\u0623\u0648\u0631\u0628\u0627","publisher":{"@id":"https:\/\/shanabooks.de\/#organization"},"potentialAction":[{"@type":"SearchAction","target":{"@type":"EntryPoint","urlTemplate":"https:\/\/shanabooks.de\/?s={search_term_string}"},"query-input":{"@type":"PropertyValueSpecification","valueRequired":true,"valueName":"search_term_string"}}],"inLanguage":"kur"},{"@type":"Organization","@id":"https:\/\/shanabooks.de\/#organization","name":"www.shanbooks.de","url":"https:\/\/shanabooks.de\/","logo":{"@type":"ImageObject","inLanguage":"kur","@id":"https:\/\/shanabooks.de\/#\/schema\/logo\/image\/","url":"https:\/\/shanabooks.de\/wp-content\/uploads\/2024\/03\/SHANABOOKS__2_-removebg-preview.png","contentUrl":"https:\/\/shanabooks.de\/wp-content\/uploads\/2024\/03\/SHANABOOKS__2_-removebg-preview.png","width":700,"height":150,"caption":"www.shanbooks.de"},"image":{"@id":"https:\/\/shanabooks.de\/#\/schema\/logo\/image\/"}}]}},"jetpack_sharing_enabled":true,"_links":{"self":[{"href":"https:\/\/shanabooks.de\/kur\/wp-json\/wp\/v2\/product\/13021","targetHints":{"allow":["GET"]}}],"collection":[{"href":"https:\/\/shanabooks.de\/kur\/wp-json\/wp\/v2\/product"}],"about":[{"href":"https:\/\/shanabooks.de\/kur\/wp-json\/wp\/v2\/types\/product"}],"version-history":[{"count":3,"href":"https:\/\/shanabooks.de\/kur\/wp-json\/wp\/v2\/product\/13021\/revisions"}],"predecessor-version":[{"id":23583,"href":"https:\/\/shanabooks.de\/kur\/wp-json\/wp\/v2\/product\/13021\/revisions\/23583"}],"wp:featuredmedia":[{"embeddable":true,"href":"https:\/\/shanabooks.de\/kur\/wp-json\/wp\/v2\/media\/13083"}],"wp:attachment":[{"href":"https:\/\/shanabooks.de\/kur\/wp-json\/wp\/v2\/media?parent=13021"}],"wp:term":[{"taxonomy":"product_brand","embeddable":true,"href":"https:\/\/shanabooks.de\/kur\/wp-json\/wp\/v2\/product_brand?post=13021"},{"taxonomy":"product_cat","embeddable":true,"href":"https:\/\/shanabooks.de\/kur\/wp-json\/wp\/v2\/product_cat?post=13021"},{"taxonomy":"product_tag","embeddable":true,"href":"https:\/\/shanabooks.de\/kur\/wp-json\/wp\/v2\/product_tag?post=13021"}],"curies":[{"name":"wp","href":"https:\/\/api.w.org\/{rel}","templated":true}]}}