{"id":13054,"date":"2024-03-03T19:49:01","date_gmt":"2024-03-03T19:49:01","guid":{"rendered":"https:\/\/shanabooks.de\/?post_type=product&#038;p=13054"},"modified":"2025-12-28T16:50:07","modified_gmt":"2025-12-28T16:50:07","slug":"44-%d9%85%d8%b0%d9%87%d9%84-%d8%b9%d9%84%d8%a7-%d8%af%d9%8a%d9%88%d8%a8","status":"publish","type":"product","link":"https:\/\/shanabooks.de\/kur\/product\/44-%d9%85%d8%b0%d9%87%d9%84-%d8%b9%d9%84%d8%a7-%d8%af%d9%8a%d9%88%d8%a8\/","title":{"rendered":"44 \u0645\u0630\u0647\u0644"},"content":{"rendered":"<p><strong>44 \u0645\u0630\u0647\u0644 &#8211; \u0639\u0644\u0627 \u062f\u064a\u0648\u0628\u00a0<\/strong><\/p>\n<p><span id=\"reviewTextContainer2716294452\" class=\"readable\"><span id=\"freeTextContainer15769974234319820127\">\u0639\u0644\u0627 \u062f\u064a\u0648\u0628 \u0639\u0634\u0631\u0627\u062a \u0645\u0646 \u0627\u0644\u0642\u0635\u0635 \u0627\u0644\u0645\u064f\u0644\u0647\u0645\u0629 \u0648\u0627\u0644\u0645\u0642\u0627\u0644\u0627\u062a \u0627\u0644\u0645\u062d\u0641\u0632\u0629 \u0627\u0644\u062a\u064a \u0623\u064f\u062e\u062a\u064a\u0631\u062a \u0628\u0639\u0646\u0627\u064a\u0629 \u0648\u0628\u062a\u0631\u062c\u0645\u0629 \u0630\u0643\u064a\u0629 \u062c\u062f\u0627 \u060c \u0642\u062f\u0645\u062a \u0639\u0644\u0627 \u062f\u064a\u0648\u0628 \u0644\u0646\u0627 \u0643\u0639\u0627\u062f\u062a\u0647\u0627 \u0648\u062c\u0628\u0629 \u062e\u0641\u064a\u0641\u0629<br \/>\n\u0648\u0644\u0630\u064a\u0630\u0629 \u0628\u0623\u0633\u0644\u0648\u0628\u0647\u0627 \u0627\u0644\u0633\u0644\u0633 \u0627\u0644\u0645\u0639\u062a\u0627\u062f .<\/span><\/span><\/p>\n<p><span id=\"reviewTextContainer2716294452\" class=\"readable\"><span id=\"freeTextContainer15769974234319820127\">\u0627\u0644\u062a\u0639\u0631\u064a\u0641 \u0628\u0627\u0644\u0643\u0627\u0631\u064a\u0632\u0645\u0627\u060c \u0641\u0646 \u0627\u0644\u0625\u0635\u063a\u0627\u0621\u060c \u0627\u0644\u0623\u0644\u0641\u0629\u060c \u0633\u062d\u0631 \u0627\u0644\u0625\u0628\u062a\u0633\u0627\u0645\u0629\u060c \u0642\u0648\u0629 \u062a\u062d\u0645\u0644 \u0627\u0644\u0645\u0633\u0624\u0648\u0644\u064a\u0627\u062a\u060c \u0637\u0644\u0628 \u0627\u0644\u0645\u0633\u0627\u0639\u062f\u0629\u060c \u0627\u0644\u062a\u0641\u0627\u0648\u0636\u060c \u0627\u0644\u062d\u0628\u060c \u0627\u0644\u0630\u0643\u0627\u0621 \u0627\u0644\u0639\u0627\u0637\u0641\u064a \u0648\u0645\u0648\u0627\u0636\u064a\u0639 \u0623\u062e\u0631\u0649 \u0645\u062a\u0646\u0648\u0639\u0629.<\/span><\/span><\/p>\n","protected":false},"excerpt":{"rendered":"<p style=\"text-align: center\"><strong>\u0627\u0644\u0643\u062a\u0627\u0628: 44 \u0645\u0630\u0647\u0644<\/strong><br \/>\n<strong>\u0627\u0644\u0643\u0627\u062a\u0628: \u0639\u0644\u0627 \u062f\u064a\u0648\u0628<\/strong><br \/>\n<strong>\u0627\u0644\u0646\u0648\u0639: \u062a\u0646\u0645\u064a\u0629 \u0628\u0634\u0631\u064a\u0629<\/strong><\/p>\n","protected":false},"featured_media":5882,"template":"","meta":{"site-sidebar-layout":"default","site-content-layout":"","ast-site-content-layout":"default","site-content-style":"default","site-sidebar-style":"default","ast-global-header-display":"","ast-banner-title-visibility":"","ast-main-header-display":"","ast-hfb-above-header-display":"","ast-hfb-below-header-display":"","ast-hfb-mobile-header-display":"","site-post-title":"","ast-breadcrumbs-content":"","ast-featured-img":"","footer-sml-layout":"","ast-disable-related-posts":"","theme-transparent-header-meta":"default","adv-header-id-meta":"","stick-header-meta":"","header-above-stick-meta":"","header-main-stick-meta":"","header-below-stick-meta":"","astra-migrate-meta-layouts":"set","ast-page-background-enabled":"default","ast-page-background-meta":{"desktop":{"background-color":"","background-image":"","background-repeat":"repeat","background-position":"center center","background-size":"auto","background-attachment":"scroll","background-type":"","background-media":"","overlay-type":"","overlay-color":"","overlay-opacity":"","overlay-gradient":""},"tablet":{"background-color":"","background-image":"","background-repeat":"repeat","background-position":"center center","background-size":"auto","background-attachment":"scroll","background-type":"","background-media":"","overlay-type":"","overlay-color":"","overlay-opacity":"","overlay-gradient":""},"mobile":{"background-color":"","background-image":"","background-repeat":"repeat","background-position":"center center","background-size":"auto","background-attachment":"scroll","background-type":"","background-media":"","overlay-type":"","overlay-color":"","overlay-opacity":"","overlay-gradient":""}},"ast-content-background-meta":{"desktop":{"background-color":"var(--ast-global-color-5)","background-image":"","background-repeat":"repeat","background-position":"center center","background-size":"auto","background-attachment":"scroll","background-type":"","background-media":"","overlay-type":"","overlay-color":"","overlay-opacity":"","overlay-gradient":""},"tablet":{"background-color":"var(--ast-global-color-5)","background-image":"","background-repeat":"repeat","background-position":"center center","background-size":"auto","background-attachment":"scroll","background-type":"","background-media":"","overlay-type":"","overlay-color":"","overlay-opacity":"","overlay-gradient":""},"mobile":{"background-color":"var(--ast-global-color-5)","background-image":"","background-repeat":"repeat","background-position":"center center","background-size":"auto","background-attachment":"scroll","background-type":"","background-media":"","overlay-type":"","overlay-color":"","overlay-opacity":"","overlay-gradient":""}}},"product_brand":[],"product_cat":[161,192],"product_tag":[],"class_list":{"0":"post-13054","1":"product","2":"type-product","3":"status-publish","4":"has-post-thumbnail","6":"product_cat-161","7":"product_cat-192","8":"pa_-346","9":"pa_-1536","10":"pa_-347","11":"pa_--1528","12":"desktop-align-left","13":"tablet-align-left","14":"mobile-align-left","16":"first","17":"instock","18":"shipping-taxable","19":"purchasable","20":"product-type-simple"},"yoast_head":"<!-- This site is optimized with the Yoast SEO plugin v27.4 - https:\/\/yoast.com\/product\/yoast-seo-wordpress\/ -->\n<title>44 \u0645\u0630\u0647\u0644 - \u0639\u0644\u0627 \u062f\u064a\u0648\u0628\u00a0 - www.shanabooks.de<\/title>\n<meta name=\"description\" content=\"44 \u0645\u0630\u0647\u0644 - \u0639\u0644\u0627 \u062f\u064a\u0648\u0628\u00a0\u0639\u0644\u0627 \u062f\u064a\u0648\u0628 \u0639\u0634\u0631\u0627\u062a \u0645\u0646 \u0627\u0644\u0642\u0635\u0635 \u0627\u0644\u0645\u064f\u0644\u0647\u0645\u0629 \u0648\u0627\u0644\u0645\u0642\u0627\u0644\u0627\u062a \u0627\u0644\u0645\u062d\u0641\u0632\u0629 \u0627\u0644\u062a\u064a \u0623\u064f\u062e\u062a\u064a\u0631\u062a \u0628\u0639\u0646\u0627\u064a\u0629 \u0648\u0628\u062a\u0631\u062c\u0645\u0629 \u0630\u0643\u064a\u0629 \u062c\u062f\u0627 \u060c \u0642\u062f\u0645\u062a \u0639\u0644\u0627 \u062f\u064a\u0648\u0628 \u0644\u0646\u0627 \u0643\u0639\u0627\u062f\u062a\u0647\u0627 \u0648\u062c\u0628\u0629 \u062e\u0641\u064a\u0641\u0629 \u0648\u0644\u0630\u064a\u0630\u0629...\" \/>\n<meta name=\"robots\" content=\"index, follow, max-snippet:-1, max-image-preview:large, max-video-preview:-1\" \/>\n<link rel=\"canonical\" href=\"https:\/\/shanabooks.de\/product\/44-\u0645\u0630\u0647\u0644-\u0639\u0644\u0627-\u062f\u064a\u0648\u0628\/\" \/>\n<meta property=\"og:locale\" content=\"en_US\" \/>\n<meta property=\"og:type\" content=\"article\" \/>\n<meta property=\"og:title\" content=\"44 \u0645\u0630\u0647\u0644 - \u0639\u0644\u0627 \u062f\u064a\u0648\u0628\u00a0 - www.shanabooks.de\" \/>\n<meta property=\"og:description\" content=\"44 \u0645\u0630\u0647\u0644 - \u0639\u0644\u0627 \u062f\u064a\u0648\u0628\u00a0\u0639\u0644\u0627 \u062f\u064a\u0648\u0628 \u0639\u0634\u0631\u0627\u062a \u0645\u0646 \u0627\u0644\u0642\u0635\u0635 \u0627\u0644\u0645\u064f\u0644\u0647\u0645\u0629 \u0648\u0627\u0644\u0645\u0642\u0627\u0644\u0627\u062a \u0627\u0644\u0645\u062d\u0641\u0632\u0629 \u0627\u0644\u062a\u064a \u0623\u064f\u062e\u062a\u064a\u0631\u062a \u0628\u0639\u0646\u0627\u064a\u0629 \u0648\u0628\u062a\u0631\u062c\u0645\u0629 \u0630\u0643\u064a\u0629 \u062c\u062f\u0627 \u060c \u0642\u062f\u0645\u062a \u0639\u0644\u0627 \u062f\u064a\u0648\u0628 \u0644\u0646\u0627 \u0643\u0639\u0627\u062f\u062a\u0647\u0627 \u0648\u062c\u0628\u0629 \u062e\u0641\u064a\u0641\u0629 \u0648\u0644\u0630\u064a\u0630\u0629...\" \/>\n<meta property=\"og:url\" content=\"https:\/\/shanabooks.de\/product\/44-\u0645\u0630\u0647\u0644-\u0639\u0644\u0627-\u062f\u064a\u0648\u0628\/\" \/>\n<meta property=\"og:site_name\" content=\"www.shanabooks.de\" \/>\n<meta property=\"article:modified_time\" content=\"2025-12-28T16:50:07+00:00\" \/>\n<meta property=\"og:image\" content=\"https:\/\/shanabooks.de\/wp-content\/uploads\/2024\/01\/44-\u0645\u0630\u0647\u0644.png\" \/>\n\t<meta property=\"og:image:width\" content=\"347\" \/>\n\t<meta property=\"og:image:height\" content=\"479\" \/>\n\t<meta property=\"og:image:type\" content=\"image\/png\" \/>\n<meta name=\"twitter:card\" content=\"summary_large_image\" \/>\n<meta name=\"twitter:label1\" content=\"Est. reading time\" \/>\n\t<meta name=\"twitter:data1\" content=\"1 minute\" \/>\n<script type=\"application\/ld+json\" class=\"yoast-schema-graph\">{\"@context\":\"https:\\\/\\\/schema.org\",\"@graph\":[{\"@type\":\"WebPage\",\"@id\":\"https:\\\/\\\/shanabooks.de\\\/product\\\/44-%d9%85%d8%b0%d9%87%d9%84-%d8%b9%d9%84%d8%a7-%d8%af%d9%8a%d9%88%d8%a8\\\/\",\"url\":\"https:\\\/\\\/shanabooks.de\\\/product\\\/44-%d9%85%d8%b0%d9%87%d9%84-%d8%b9%d9%84%d8%a7-%d8%af%d9%8a%d9%88%d8%a8\\\/\",\"name\":\"44 \u0645\u0630\u0647\u0644 - \u0639\u0644\u0627 \u062f\u064a\u0648\u0628\u00a0 - www.shanabooks.de\",\"isPartOf\":{\"@id\":\"https:\\\/\\\/shanabooks.de\\\/#website\"},\"primaryImageOfPage\":{\"@id\":\"https:\\\/\\\/shanabooks.de\\\/product\\\/44-%d9%85%d8%b0%d9%87%d9%84-%d8%b9%d9%84%d8%a7-%d8%af%d9%8a%d9%88%d8%a8\\\/#primaryimage\"},\"image\":{\"@id\":\"https:\\\/\\\/shanabooks.de\\\/product\\\/44-%d9%85%d8%b0%d9%87%d9%84-%d8%b9%d9%84%d8%a7-%d8%af%d9%8a%d9%88%d8%a8\\\/#primaryimage\"},\"thumbnailUrl\":\"https:\\\/\\\/shanabooks.de\\\/wp-content\\\/uploads\\\/2024\\\/01\\\/44-\u0645\u0630\u0647\u0644.png\",\"datePublished\":\"2024-03-03T19:49:01+00:00\",\"dateModified\":\"2025-12-28T16:50:07+00:00\",\"description\":\"44 \u0645\u0630\u0647\u0644 - \u0639\u0644\u0627 \u062f\u064a\u0648\u0628\u00a0\u0639\u0644\u0627 \u062f\u064a\u0648\u0628 \u0639\u0634\u0631\u0627\u062a \u0645\u0646 \u0627\u0644\u0642\u0635\u0635 \u0627\u0644\u0645\u064f\u0644\u0647\u0645\u0629 \u0648\u0627\u0644\u0645\u0642\u0627\u0644\u0627\u062a \u0627\u0644\u0645\u062d\u0641\u0632\u0629 \u0627\u0644\u062a\u064a \u0623\u064f\u062e\u062a\u064a\u0631\u062a \u0628\u0639\u0646\u0627\u064a\u0629 \u0648\u0628\u062a\u0631\u062c\u0645\u0629 \u0630\u0643\u064a\u0629 \u062c\u062f\u0627 \u060c \u0642\u062f\u0645\u062a \u0639\u0644\u0627 \u062f\u064a\u0648\u0628 \u0644\u0646\u0627 \u0643\u0639\u0627\u062f\u062a\u0647\u0627 \u0648\u062c\u0628\u0629 \u062e\u0641\u064a\u0641\u0629 \u0648\u0644\u0630\u064a\u0630\u0629...\",\"breadcrumb\":{\"@id\":\"https:\\\/\\\/shanabooks.de\\\/product\\\/44-%d9%85%d8%b0%d9%87%d9%84-%d8%b9%d9%84%d8%a7-%d8%af%d9%8a%d9%88%d8%a8\\\/#breadcrumb\"},\"inLanguage\":\"kur\",\"potentialAction\":[{\"@type\":\"ReadAction\",\"target\":[\"https:\\\/\\\/shanabooks.de\\\/product\\\/44-%d9%85%d8%b0%d9%87%d9%84-%d8%b9%d9%84%d8%a7-%d8%af%d9%8a%d9%88%d8%a8\\\/\"]}]},{\"@type\":\"ImageObject\",\"inLanguage\":\"kur\",\"@id\":\"https:\\\/\\\/shanabooks.de\\\/product\\\/44-%d9%85%d8%b0%d9%87%d9%84-%d8%b9%d9%84%d8%a7-%d8%af%d9%8a%d9%88%d8%a8\\\/#primaryimage\",\"url\":\"https:\\\/\\\/shanabooks.de\\\/wp-content\\\/uploads\\\/2024\\\/01\\\/44-\u0645\u0630\u0647\u0644.png\",\"contentUrl\":\"https:\\\/\\\/shanabooks.de\\\/wp-content\\\/uploads\\\/2024\\\/01\\\/44-\u0645\u0630\u0647\u0644.png\",\"width\":347,\"height\":479,\"caption\":\"44 \u0645\u0630\u0647\u0644 - \u0639\u0644\u0627 \u062f\u064a\u0648\u0628\u00a0- \u0643\u062a\u0628 \u0639\u0631\u0628\u064a\u0629 - \u062a\u0646\u0645\u064a\u0629 \u0628\u0634\u0631\u064a\u0629\"},{\"@type\":\"BreadcrumbList\",\"@id\":\"https:\\\/\\\/shanabooks.de\\\/product\\\/44-%d9%85%d8%b0%d9%87%d9%84-%d8%b9%d9%84%d8%a7-%d8%af%d9%8a%d9%88%d8%a8\\\/#breadcrumb\",\"itemListElement\":[{\"@type\":\"ListItem\",\"position\":1,\"name\":\"\u0627\u0644\u0631\u0626\u064a\u0633\u064a\u0629\",\"item\":\"https:\\\/\\\/shanabooks.de\\\/kur\\\/\"},{\"@type\":\"ListItem\",\"position\":2,\"name\":\"\u0627\u0644\u0645\u0646\u062a\u062c\u0627\u062a\",\"item\":\"https:\\\/\\\/shanabooks.de\\\/shop\\\/\"},{\"@type\":\"ListItem\",\"position\":3,\"name\":\"44 \u0645\u0630\u0647\u0644\"}]},{\"@type\":\"WebSite\",\"@id\":\"https:\\\/\\\/shanabooks.de\\\/#website\",\"url\":\"https:\\\/\\\/shanabooks.de\\\/\",\"name\":\"www.shanbooks.de\",\"description\":\"C\u00eehana Pirt\u00fbk\u00ean Kurd\u00ee \u0645\u0643\u062a\u0628\u0629 \u0634\u0627\u0646\u0627 \u0641\u064a \u0627\u0644\u0645\u0627\u0646\u064a\u0627 \u0648\u0623\u0648\u0631\u0628\u0627\",\"publisher\":{\"@id\":\"https:\\\/\\\/shanabooks.de\\\/#organization\"},\"potentialAction\":[{\"@type\":\"SearchAction\",\"target\":{\"@type\":\"EntryPoint\",\"urlTemplate\":\"https:\\\/\\\/shanabooks.de\\\/?s={search_term_string}\"},\"query-input\":{\"@type\":\"PropertyValueSpecification\",\"valueRequired\":true,\"valueName\":\"search_term_string\"}}],\"inLanguage\":\"kur\"},{\"@type\":\"Organization\",\"@id\":\"https:\\\/\\\/shanabooks.de\\\/#organization\",\"name\":\"www.shanbooks.de\",\"url\":\"https:\\\/\\\/shanabooks.de\\\/\",\"logo\":{\"@type\":\"ImageObject\",\"inLanguage\":\"kur\",\"@id\":\"https:\\\/\\\/shanabooks.de\\\/#\\\/schema\\\/logo\\\/image\\\/\",\"url\":\"https:\\\/\\\/shanabooks.de\\\/wp-content\\\/uploads\\\/2024\\\/03\\\/SHANABOOKS__2_-removebg-preview.png\",\"contentUrl\":\"https:\\\/\\\/shanabooks.de\\\/wp-content\\\/uploads\\\/2024\\\/03\\\/SHANABOOKS__2_-removebg-preview.png\",\"width\":700,\"height\":150,\"caption\":\"www.shanbooks.de\"},\"image\":{\"@id\":\"https:\\\/\\\/shanabooks.de\\\/#\\\/schema\\\/logo\\\/image\\\/\"}}]}<\/script>\n<!-- \/ Yoast SEO plugin. -->","yoast_head_json":{"title":"44 \u0645\u0630\u0647\u0644 - \u0639\u0644\u0627 \u062f\u064a\u0648\u0628\u00a0 - www.shanabooks.de","description":"44 \u0645\u0630\u0647\u0644 - \u0639\u0644\u0627 \u062f\u064a\u0648\u0628\u00a0\u0639\u0644\u0627 \u062f\u064a\u0648\u0628 \u0639\u0634\u0631\u0627\u062a \u0645\u0646 \u0627\u0644\u0642\u0635\u0635 \u0627\u0644\u0645\u064f\u0644\u0647\u0645\u0629 \u0648\u0627\u0644\u0645\u0642\u0627\u0644\u0627\u062a \u0627\u0644\u0645\u062d\u0641\u0632\u0629 \u0627\u0644\u062a\u064a \u0623\u064f\u062e\u062a\u064a\u0631\u062a \u0628\u0639\u0646\u0627\u064a\u0629 \u0648\u0628\u062a\u0631\u062c\u0645\u0629 \u0630\u0643\u064a\u0629 \u062c\u062f\u0627 \u060c \u0642\u062f\u0645\u062a \u0639\u0644\u0627 \u062f\u064a\u0648\u0628 \u0644\u0646\u0627 \u0643\u0639\u0627\u062f\u062a\u0647\u0627 \u0648\u062c\u0628\u0629 \u062e\u0641\u064a\u0641\u0629 \u0648\u0644\u0630\u064a\u0630\u0629...","robots":{"index":"index","follow":"follow","max-snippet":"max-snippet:-1","max-image-preview":"max-image-preview:large","max-video-preview":"max-video-preview:-1"},"canonical":"https:\/\/shanabooks.de\/product\/44-\u0645\u0630\u0647\u0644-\u0639\u0644\u0627-\u062f\u064a\u0648\u0628\/","og_locale":"en_US","og_type":"article","og_title":"44 \u0645\u0630\u0647\u0644 - \u0639\u0644\u0627 \u062f\u064a\u0648\u0628\u00a0 - www.shanabooks.de","og_description":"44 \u0645\u0630\u0647\u0644 - \u0639\u0644\u0627 \u062f\u064a\u0648\u0628\u00a0\u0639\u0644\u0627 \u062f\u064a\u0648\u0628 \u0639\u0634\u0631\u0627\u062a \u0645\u0646 \u0627\u0644\u0642\u0635\u0635 \u0627\u0644\u0645\u064f\u0644\u0647\u0645\u0629 \u0648\u0627\u0644\u0645\u0642\u0627\u0644\u0627\u062a \u0627\u0644\u0645\u062d\u0641\u0632\u0629 \u0627\u0644\u062a\u064a \u0623\u064f\u062e\u062a\u064a\u0631\u062a \u0628\u0639\u0646\u0627\u064a\u0629 \u0648\u0628\u062a\u0631\u062c\u0645\u0629 \u0630\u0643\u064a\u0629 \u062c\u062f\u0627 \u060c \u0642\u062f\u0645\u062a \u0639\u0644\u0627 \u062f\u064a\u0648\u0628 \u0644\u0646\u0627 \u0643\u0639\u0627\u062f\u062a\u0647\u0627 \u0648\u062c\u0628\u0629 \u062e\u0641\u064a\u0641\u0629 \u0648\u0644\u0630\u064a\u0630\u0629...","og_url":"https:\/\/shanabooks.de\/product\/44-\u0645\u0630\u0647\u0644-\u0639\u0644\u0627-\u062f\u064a\u0648\u0628\/","og_site_name":"www.shanabooks.de","article_modified_time":"2025-12-28T16:50:07+00:00","og_image":[{"width":347,"height":479,"url":"https:\/\/shanabooks.de\/wp-content\/uploads\/2024\/01\/44-\u0645\u0630\u0647\u0644.png","type":"image\/png"}],"twitter_card":"summary_large_image","twitter_misc":{"Est. reading time":"1 minute"},"schema":{"@context":"https:\/\/schema.org","@graph":[{"@type":"WebPage","@id":"https:\/\/shanabooks.de\/product\/44-%d9%85%d8%b0%d9%87%d9%84-%d8%b9%d9%84%d8%a7-%d8%af%d9%8a%d9%88%d8%a8\/","url":"https:\/\/shanabooks.de\/product\/44-%d9%85%d8%b0%d9%87%d9%84-%d8%b9%d9%84%d8%a7-%d8%af%d9%8a%d9%88%d8%a8\/","name":"44 \u0645\u0630\u0647\u0644 - \u0639\u0644\u0627 \u062f\u064a\u0648\u0628\u00a0 - www.shanabooks.de","isPartOf":{"@id":"https:\/\/shanabooks.de\/#website"},"primaryImageOfPage":{"@id":"https:\/\/shanabooks.de\/product\/44-%d9%85%d8%b0%d9%87%d9%84-%d8%b9%d9%84%d8%a7-%d8%af%d9%8a%d9%88%d8%a8\/#primaryimage"},"image":{"@id":"https:\/\/shanabooks.de\/product\/44-%d9%85%d8%b0%d9%87%d9%84-%d8%b9%d9%84%d8%a7-%d8%af%d9%8a%d9%88%d8%a8\/#primaryimage"},"thumbnailUrl":"https:\/\/shanabooks.de\/wp-content\/uploads\/2024\/01\/44-\u0645\u0630\u0647\u0644.png","datePublished":"2024-03-03T19:49:01+00:00","dateModified":"2025-12-28T16:50:07+00:00","description":"44 \u0645\u0630\u0647\u0644 - \u0639\u0644\u0627 \u062f\u064a\u0648\u0628\u00a0\u0639\u0644\u0627 \u062f\u064a\u0648\u0628 \u0639\u0634\u0631\u0627\u062a \u0645\u0646 \u0627\u0644\u0642\u0635\u0635 \u0627\u0644\u0645\u064f\u0644\u0647\u0645\u0629 \u0648\u0627\u0644\u0645\u0642\u0627\u0644\u0627\u062a \u0627\u0644\u0645\u062d\u0641\u0632\u0629 \u0627\u0644\u062a\u064a \u0623\u064f\u062e\u062a\u064a\u0631\u062a \u0628\u0639\u0646\u0627\u064a\u0629 \u0648\u0628\u062a\u0631\u062c\u0645\u0629 \u0630\u0643\u064a\u0629 \u062c\u062f\u0627 \u060c \u0642\u062f\u0645\u062a \u0639\u0644\u0627 \u062f\u064a\u0648\u0628 \u0644\u0646\u0627 \u0643\u0639\u0627\u062f\u062a\u0647\u0627 \u0648\u062c\u0628\u0629 \u062e\u0641\u064a\u0641\u0629 \u0648\u0644\u0630\u064a\u0630\u0629...","breadcrumb":{"@id":"https:\/\/shanabooks.de\/product\/44-%d9%85%d8%b0%d9%87%d9%84-%d8%b9%d9%84%d8%a7-%d8%af%d9%8a%d9%88%d8%a8\/#breadcrumb"},"inLanguage":"kur","potentialAction":[{"@type":"ReadAction","target":["https:\/\/shanabooks.de\/product\/44-%d9%85%d8%b0%d9%87%d9%84-%d8%b9%d9%84%d8%a7-%d8%af%d9%8a%d9%88%d8%a8\/"]}]},{"@type":"ImageObject","inLanguage":"kur","@id":"https:\/\/shanabooks.de\/product\/44-%d9%85%d8%b0%d9%87%d9%84-%d8%b9%d9%84%d8%a7-%d8%af%d9%8a%d9%88%d8%a8\/#primaryimage","url":"https:\/\/shanabooks.de\/wp-content\/uploads\/2024\/01\/44-\u0645\u0630\u0647\u0644.png","contentUrl":"https:\/\/shanabooks.de\/wp-content\/uploads\/2024\/01\/44-\u0645\u0630\u0647\u0644.png","width":347,"height":479,"caption":"44 \u0645\u0630\u0647\u0644 - \u0639\u0644\u0627 \u062f\u064a\u0648\u0628\u00a0- \u0643\u062a\u0628 \u0639\u0631\u0628\u064a\u0629 - \u062a\u0646\u0645\u064a\u0629 \u0628\u0634\u0631\u064a\u0629"},{"@type":"BreadcrumbList","@id":"https:\/\/shanabooks.de\/product\/44-%d9%85%d8%b0%d9%87%d9%84-%d8%b9%d9%84%d8%a7-%d8%af%d9%8a%d9%88%d8%a8\/#breadcrumb","itemListElement":[{"@type":"ListItem","position":1,"name":"\u0627\u0644\u0631\u0626\u064a\u0633\u064a\u0629","item":"https:\/\/shanabooks.de\/kur\/"},{"@type":"ListItem","position":2,"name":"\u0627\u0644\u0645\u0646\u062a\u062c\u0627\u062a","item":"https:\/\/shanabooks.de\/shop\/"},{"@type":"ListItem","position":3,"name":"44 \u0645\u0630\u0647\u0644"}]},{"@type":"WebSite","@id":"https:\/\/shanabooks.de\/#website","url":"https:\/\/shanabooks.de\/","name":"www.shanbooks.de","description":"C\u00eehana Pirt\u00fbk\u00ean Kurd\u00ee \u0645\u0643\u062a\u0628\u0629 \u0634\u0627\u0646\u0627 \u0641\u064a \u0627\u0644\u0645\u0627\u0646\u064a\u0627 \u0648\u0623\u0648\u0631\u0628\u0627","publisher":{"@id":"https:\/\/shanabooks.de\/#organization"},"potentialAction":[{"@type":"SearchAction","target":{"@type":"EntryPoint","urlTemplate":"https:\/\/shanabooks.de\/?s={search_term_string}"},"query-input":{"@type":"PropertyValueSpecification","valueRequired":true,"valueName":"search_term_string"}}],"inLanguage":"kur"},{"@type":"Organization","@id":"https:\/\/shanabooks.de\/#organization","name":"www.shanbooks.de","url":"https:\/\/shanabooks.de\/","logo":{"@type":"ImageObject","inLanguage":"kur","@id":"https:\/\/shanabooks.de\/#\/schema\/logo\/image\/","url":"https:\/\/shanabooks.de\/wp-content\/uploads\/2024\/03\/SHANABOOKS__2_-removebg-preview.png","contentUrl":"https:\/\/shanabooks.de\/wp-content\/uploads\/2024\/03\/SHANABOOKS__2_-removebg-preview.png","width":700,"height":150,"caption":"www.shanbooks.de"},"image":{"@id":"https:\/\/shanabooks.de\/#\/schema\/logo\/image\/"}}]}},"jetpack_sharing_enabled":true,"_links":{"self":[{"href":"https:\/\/shanabooks.de\/kur\/wp-json\/wp\/v2\/product\/13054","targetHints":{"allow":["GET"]}}],"collection":[{"href":"https:\/\/shanabooks.de\/kur\/wp-json\/wp\/v2\/product"}],"about":[{"href":"https:\/\/shanabooks.de\/kur\/wp-json\/wp\/v2\/types\/product"}],"version-history":[{"count":2,"href":"https:\/\/shanabooks.de\/kur\/wp-json\/wp\/v2\/product\/13054\/revisions"}],"predecessor-version":[{"id":24873,"href":"https:\/\/shanabooks.de\/kur\/wp-json\/wp\/v2\/product\/13054\/revisions\/24873"}],"wp:featuredmedia":[{"embeddable":true,"href":"https:\/\/shanabooks.de\/kur\/wp-json\/wp\/v2\/media\/5882"}],"wp:attachment":[{"href":"https:\/\/shanabooks.de\/kur\/wp-json\/wp\/v2\/media?parent=13054"}],"wp:term":[{"taxonomy":"product_brand","embeddable":true,"href":"https:\/\/shanabooks.de\/kur\/wp-json\/wp\/v2\/product_brand?post=13054"},{"taxonomy":"product_cat","embeddable":true,"href":"https:\/\/shanabooks.de\/kur\/wp-json\/wp\/v2\/product_cat?post=13054"},{"taxonomy":"product_tag","embeddable":true,"href":"https:\/\/shanabooks.de\/kur\/wp-json\/wp\/v2\/product_tag?post=13054"}],"curies":[{"name":"wp","href":"https:\/\/api.w.org\/{rel}","templated":true}]}}