{"id":13097,"date":"2024-03-03T19:49:27","date_gmt":"2024-03-03T19:49:27","guid":{"rendered":"https:\/\/shanabooks.de\/?post_type=product&#038;p=13097"},"modified":"2026-02-24T22:25:58","modified_gmt":"2026-02-24T22:25:58","slug":"ru-eymen-zedan","status":"publish","type":"product","link":"https:\/\/shanabooks.de\/kur\/product\/ru-eymen-zedan\/","title":{"rendered":"R\u00fb"},"content":{"rendered":"<p style=\"text-align: left;\"><strong>R\u00fb &#8211; Eymen Z\u00eadan<\/strong><\/p>\n<div dir=\"auto\" style=\"text-align: left;\">Pirt\u00fbka kurte\u00e7\u00eerokan a bi navn\u00ee\u015fana &#8220;R\u00db&#8221; ya aktor \u00fb \u00e7\u00eerokniv\u00ees\u00ea S\u00fbr\u00ee Eymen Z\u00eadan e. Wergera ji Ereb\u00ee: \u015e\u00earzad Besraw\u00ee.<\/div>\n<div dir=\"auto\" style=\"text-align: left;\">Di pirt\u00fbka xwe ya \u00e7\u00eerokan a bi nav\u00ea &#8220;R\u00db&#8221; da, Z\u00eadan ti navn\u00ee\u015fanan li \u00e7\u00eerok\u00ean xwe nake, ten\u00ea dih\u00eale bi hijmar xwe weke r\u00eaze filmek\u00ea veb\u00eajin. Her \u00ea\u015fek siwar\u00ee yek\u00ea t\u00ea, \u00fb ta peyva daw\u00eey\u00ea bi b\u00fbyer\u00ean xwe ra t\u00eak\u00eeldar dibe&#8230; Li ser tengas\u00ee \u00fb rehet\u00eey\u00ea, hest\u00ean \u015fikest\u00ee, h\u00eav\u00eey\u00ea, li ser xwe\u015fb\u00een\u00eey\u00ea j\u00ee, diniv\u00eese. Dibe ku ew mafdar be ta hem\u00fb \u00e7\u00eerok\u00ean xwe bi \u00ea\u015fan bistire, \u00e7iku Ew \u00fb Wel\u00eat ji deh salan va rast\u00ee \u015fikestin \u00fb t\u00eak\u00e7\u00fbnan va t\u00eane. L\u00ea ew netebit\u00ee, veneger\u00eeya \u00fb neh\u00ee\u015ft \u00ea\u015f p\u00ean\u00fbsa w\u00ee rawest\u00eene. Z\u00eadan hewl dide ku ew t\u00eak\u00e7\u00fbn\u00ean ti kes nikare wan hil\u00eene, bi x\u00fbneran ra parve bike.<\/div>\n<div dir=\"auto\" style=\"text-align: left;\">Z\u00eadan bi wan \u00e7\u00eerokan me li \u00e7\u00eerok\u00ean wel\u00eat diger\u00eene, ew welat gava di\u00ea\u015fe, di\u00ea\u015f\u00een\u00ea j\u00ee.<\/div>\n<div dir=\"auto\" style=\"text-align: left;\"><\/div>\n","protected":false},"excerpt":{"rendered":"<p style=\"text-align: center;\"><strong>Pirt\u00fbk: R\u00fb<br \/>\nNiv\u00eeskar: Eymen Z\u00eadan<\/strong><br \/>\n<strong>Cure: Kurte\u00e7\u00eerok<\/strong><\/p>\n","protected":false},"featured_media":5925,"template":"","meta":{"site-sidebar-layout":"default","site-content-layout":"","ast-site-content-layout":"default","site-content-style":"default","site-sidebar-style":"default","ast-global-header-display":"","ast-banner-title-visibility":"","ast-main-header-display":"","ast-hfb-above-header-display":"","ast-hfb-below-header-display":"","ast-hfb-mobile-header-display":"","site-post-title":"","ast-breadcrumbs-content":"","ast-featured-img":"","footer-sml-layout":"","ast-disable-related-posts":"","theme-transparent-header-meta":"default","adv-header-id-meta":"","stick-header-meta":"","header-above-stick-meta":"","header-main-stick-meta":"","header-below-stick-meta":"","astra-migrate-meta-layouts":"set","ast-page-background-enabled":"default","ast-page-background-meta":{"desktop":{"background-color":"","background-image":"","background-repeat":"repeat","background-position":"center center","background-size":"auto","background-attachment":"scroll","background-type":"","background-media":"","overlay-type":"","overlay-color":"","overlay-opacity":"","overlay-gradient":""},"tablet":{"background-color":"","background-image":"","background-repeat":"repeat","background-position":"center center","background-size":"auto","background-attachment":"scroll","background-type":"","background-media":"","overlay-type":"","overlay-color":"","overlay-opacity":"","overlay-gradient":""},"mobile":{"background-color":"","background-image":"","background-repeat":"repeat","background-position":"center center","background-size":"auto","background-attachment":"scroll","background-type":"","background-media":"","overlay-type":"","overlay-color":"","overlay-opacity":"","overlay-gradient":""}},"ast-content-background-meta":{"desktop":{"background-color":"var(--ast-global-color-5)","background-image":"","background-repeat":"repeat","background-position":"center center","background-size":"auto","background-attachment":"scroll","background-type":"","background-media":"","overlay-type":"","overlay-color":"","overlay-opacity":"","overlay-gradient":""},"tablet":{"background-color":"var(--ast-global-color-5)","background-image":"","background-repeat":"repeat","background-position":"center center","background-size":"auto","background-attachment":"scroll","background-type":"","background-media":"","overlay-type":"","overlay-color":"","overlay-opacity":"","overlay-gradient":""},"mobile":{"background-color":"var(--ast-global-color-5)","background-image":"","background-repeat":"repeat","background-position":"center center","background-size":"auto","background-attachment":"scroll","background-type":"","background-media":"","overlay-type":"","overlay-color":"","overlay-opacity":"","overlay-gradient":""}}},"product_brand":[],"product_cat":[185,183,193],"product_tag":[],"class_list":{"0":"post-13097","1":"product","2":"type-product","3":"status-publish","4":"has-post-thumbnail","6":"product_cat--_","7":"product_cat-_","9":"pa_-kurtecirok","10":"pa_-eymen-zedan","11":"pa_-kurmanci","12":"pa_--wesanxaneya-ava","13":"desktop-align-left","14":"tablet-align-left","15":"mobile-align-left","17":"first","18":"instock","19":"shipping-taxable","20":"purchasable","21":"product-type-simple"},"yoast_head":"<!-- This site is optimized with the Yoast SEO plugin v27.5 - https:\/\/yoast.com\/product\/yoast-seo-wordpress\/ -->\n<title>R\u00fb - Eymen Z\u00eadan - www.shanabooks.de<\/title>\n<meta name=\"description\" content=\"R\u00fb - Eymen Z\u00eadan Pirt\u00fbka kurte\u00e7\u00eerokan a bi navn\u00ee\u015fana &quot;R\u00db&quot; ya aktor \u00fb \u00e7\u00eerokniv\u00ees\u00ea S\u00fbr\u00ee Eymen Z\u00eadan e. Wergera ji Ereb\u00ee: \u015e\u00earzad Besraw\u00ee. Di pirt\u00fbka xwe ya...\" \/>\n<meta name=\"robots\" content=\"index, follow, max-snippet:-1, max-image-preview:large, max-video-preview:-1\" \/>\n<link rel=\"canonical\" href=\"https:\/\/shanabooks.de\/product\/ru-eymen-zedan\/\" \/>\n<meta property=\"og:locale\" content=\"en_US\" \/>\n<meta property=\"og:type\" content=\"article\" \/>\n<meta property=\"og:title\" content=\"R\u00fb - Eymen Z\u00eadan - www.shanabooks.de\" \/>\n<meta property=\"og:description\" content=\"R\u00fb - Eymen Z\u00eadan Pirt\u00fbka kurte\u00e7\u00eerokan a bi navn\u00ee\u015fana &quot;R\u00db&quot; ya aktor \u00fb \u00e7\u00eerokniv\u00ees\u00ea S\u00fbr\u00ee Eymen Z\u00eadan e. Wergera ji Ereb\u00ee: \u015e\u00earzad Besraw\u00ee. Di pirt\u00fbka xwe ya...\" \/>\n<meta property=\"og:url\" content=\"https:\/\/shanabooks.de\/product\/ru-eymen-zedan\/\" \/>\n<meta property=\"og:site_name\" content=\"www.shanabooks.de\" \/>\n<meta property=\"article:modified_time\" content=\"2026-02-24T22:25:58+00:00\" \/>\n<meta property=\"og:image\" content=\"https:\/\/shanabooks.de\/wp-content\/uploads\/2024\/01\/Ru-1.png\" \/>\n\t<meta property=\"og:image:width\" content=\"324\" \/>\n\t<meta property=\"og:image:height\" content=\"478\" \/>\n\t<meta property=\"og:image:type\" content=\"image\/png\" \/>\n<meta name=\"twitter:card\" content=\"summary_large_image\" \/>\n<meta name=\"twitter:label1\" content=\"Est. reading time\" \/>\n\t<meta name=\"twitter:data1\" content=\"2 minutes\" \/>\n<script type=\"application\/ld+json\" class=\"yoast-schema-graph\">{\"@context\":\"https:\\\/\\\/schema.org\",\"@graph\":[{\"@type\":\"WebPage\",\"@id\":\"https:\\\/\\\/shanabooks.de\\\/product\\\/ru-eymen-zedan\\\/\",\"url\":\"https:\\\/\\\/shanabooks.de\\\/product\\\/ru-eymen-zedan\\\/\",\"name\":\"R\u00fb - Eymen Z\u00eadan - www.shanabooks.de\",\"isPartOf\":{\"@id\":\"https:\\\/\\\/shanabooks.de\\\/#website\"},\"primaryImageOfPage\":{\"@id\":\"https:\\\/\\\/shanabooks.de\\\/product\\\/ru-eymen-zedan\\\/#primaryimage\"},\"image\":{\"@id\":\"https:\\\/\\\/shanabooks.de\\\/product\\\/ru-eymen-zedan\\\/#primaryimage\"},\"thumbnailUrl\":\"https:\\\/\\\/shanabooks.de\\\/wp-content\\\/uploads\\\/2024\\\/01\\\/Ru-1.png\",\"datePublished\":\"2024-03-03T19:49:27+00:00\",\"dateModified\":\"2026-02-24T22:25:58+00:00\",\"description\":\"R\u00fb - Eymen Z\u00eadan Pirt\u00fbka kurte\u00e7\u00eerokan a bi navn\u00ee\u015fana \\\"R\u00db\\\" ya aktor \u00fb \u00e7\u00eerokniv\u00ees\u00ea S\u00fbr\u00ee Eymen Z\u00eadan e. Wergera ji Ereb\u00ee: \u015e\u00earzad Besraw\u00ee. Di pirt\u00fbka xwe ya...\",\"breadcrumb\":{\"@id\":\"https:\\\/\\\/shanabooks.de\\\/product\\\/ru-eymen-zedan\\\/#breadcrumb\"},\"inLanguage\":\"kur\",\"potentialAction\":[{\"@type\":\"ReadAction\",\"target\":[\"https:\\\/\\\/shanabooks.de\\\/product\\\/ru-eymen-zedan\\\/\"]}]},{\"@type\":\"ImageObject\",\"inLanguage\":\"kur\",\"@id\":\"https:\\\/\\\/shanabooks.de\\\/product\\\/ru-eymen-zedan\\\/#primaryimage\",\"url\":\"https:\\\/\\\/shanabooks.de\\\/wp-content\\\/uploads\\\/2024\\\/01\\\/Ru-1.png\",\"contentUrl\":\"https:\\\/\\\/shanabooks.de\\\/wp-content\\\/uploads\\\/2024\\\/01\\\/Ru-1.png\",\"width\":324,\"height\":478,\"caption\":\"R\u00fb - Eymen Z\u00eadan - pirt\u00fbk\u00ean kurd\u00ee - kurte\u00e7\u00eerok\"},{\"@type\":\"BreadcrumbList\",\"@id\":\"https:\\\/\\\/shanabooks.de\\\/product\\\/ru-eymen-zedan\\\/#breadcrumb\",\"itemListElement\":[{\"@type\":\"ListItem\",\"position\":1,\"name\":\"\u0627\u0644\u0631\u0626\u064a\u0633\u064a\u0629\",\"item\":\"https:\\\/\\\/shanabooks.de\\\/kur\\\/\"},{\"@type\":\"ListItem\",\"position\":2,\"name\":\"\u0627\u0644\u0645\u0646\u062a\u062c\u0627\u062a\",\"item\":\"https:\\\/\\\/shanabooks.de\\\/shop\\\/\"},{\"@type\":\"ListItem\",\"position\":3,\"name\":\"R\u00fb\"}]},{\"@type\":\"WebSite\",\"@id\":\"https:\\\/\\\/shanabooks.de\\\/#website\",\"url\":\"https:\\\/\\\/shanabooks.de\\\/\",\"name\":\"www.shanbooks.de\",\"description\":\"C\u00eehana Pirt\u00fbk\u00ean Kurd\u00ee \u0645\u0643\u062a\u0628\u0629 \u0634\u0627\u0646\u0627 \u0641\u064a \u0627\u0644\u0645\u0627\u0646\u064a\u0627 \u0648\u0623\u0648\u0631\u0628\u0627\",\"publisher\":{\"@id\":\"https:\\\/\\\/shanabooks.de\\\/#organization\"},\"potentialAction\":[{\"@type\":\"SearchAction\",\"target\":{\"@type\":\"EntryPoint\",\"urlTemplate\":\"https:\\\/\\\/shanabooks.de\\\/?s={search_term_string}\"},\"query-input\":{\"@type\":\"PropertyValueSpecification\",\"valueRequired\":true,\"valueName\":\"search_term_string\"}}],\"inLanguage\":\"kur\"},{\"@type\":\"Organization\",\"@id\":\"https:\\\/\\\/shanabooks.de\\\/#organization\",\"name\":\"www.shanbooks.de\",\"url\":\"https:\\\/\\\/shanabooks.de\\\/\",\"logo\":{\"@type\":\"ImageObject\",\"inLanguage\":\"kur\",\"@id\":\"https:\\\/\\\/shanabooks.de\\\/#\\\/schema\\\/logo\\\/image\\\/\",\"url\":\"https:\\\/\\\/shanabooks.de\\\/wp-content\\\/uploads\\\/2024\\\/03\\\/SHANABOOKS__2_-removebg-preview.png\",\"contentUrl\":\"https:\\\/\\\/shanabooks.de\\\/wp-content\\\/uploads\\\/2024\\\/03\\\/SHANABOOKS__2_-removebg-preview.png\",\"width\":700,\"height\":150,\"caption\":\"www.shanbooks.de\"},\"image\":{\"@id\":\"https:\\\/\\\/shanabooks.de\\\/#\\\/schema\\\/logo\\\/image\\\/\"}}]}<\/script>\n<!-- \/ Yoast SEO plugin. -->","yoast_head_json":{"title":"R\u00fb - Eymen Z\u00eadan - www.shanabooks.de","description":"R\u00fb - Eymen Z\u00eadan Pirt\u00fbka kurte\u00e7\u00eerokan a bi navn\u00ee\u015fana \"R\u00db\" ya aktor \u00fb \u00e7\u00eerokniv\u00ees\u00ea S\u00fbr\u00ee Eymen Z\u00eadan e. Wergera ji Ereb\u00ee: \u015e\u00earzad Besraw\u00ee. Di pirt\u00fbka xwe ya...","robots":{"index":"index","follow":"follow","max-snippet":"max-snippet:-1","max-image-preview":"max-image-preview:large","max-video-preview":"max-video-preview:-1"},"canonical":"https:\/\/shanabooks.de\/product\/ru-eymen-zedan\/","og_locale":"en_US","og_type":"article","og_title":"R\u00fb - Eymen Z\u00eadan - www.shanabooks.de","og_description":"R\u00fb - Eymen Z\u00eadan Pirt\u00fbka kurte\u00e7\u00eerokan a bi navn\u00ee\u015fana \"R\u00db\" ya aktor \u00fb \u00e7\u00eerokniv\u00ees\u00ea S\u00fbr\u00ee Eymen Z\u00eadan e. Wergera ji Ereb\u00ee: \u015e\u00earzad Besraw\u00ee. Di pirt\u00fbka xwe ya...","og_url":"https:\/\/shanabooks.de\/product\/ru-eymen-zedan\/","og_site_name":"www.shanabooks.de","article_modified_time":"2026-02-24T22:25:58+00:00","og_image":[{"width":324,"height":478,"url":"https:\/\/shanabooks.de\/wp-content\/uploads\/2024\/01\/Ru-1.png","type":"image\/png"}],"twitter_card":"summary_large_image","twitter_misc":{"Est. reading time":"2 minutes"},"schema":{"@context":"https:\/\/schema.org","@graph":[{"@type":"WebPage","@id":"https:\/\/shanabooks.de\/product\/ru-eymen-zedan\/","url":"https:\/\/shanabooks.de\/product\/ru-eymen-zedan\/","name":"R\u00fb - Eymen Z\u00eadan - www.shanabooks.de","isPartOf":{"@id":"https:\/\/shanabooks.de\/#website"},"primaryImageOfPage":{"@id":"https:\/\/shanabooks.de\/product\/ru-eymen-zedan\/#primaryimage"},"image":{"@id":"https:\/\/shanabooks.de\/product\/ru-eymen-zedan\/#primaryimage"},"thumbnailUrl":"https:\/\/shanabooks.de\/wp-content\/uploads\/2024\/01\/Ru-1.png","datePublished":"2024-03-03T19:49:27+00:00","dateModified":"2026-02-24T22:25:58+00:00","description":"R\u00fb - Eymen Z\u00eadan Pirt\u00fbka kurte\u00e7\u00eerokan a bi navn\u00ee\u015fana \"R\u00db\" ya aktor \u00fb \u00e7\u00eerokniv\u00ees\u00ea S\u00fbr\u00ee Eymen Z\u00eadan e. Wergera ji Ereb\u00ee: \u015e\u00earzad Besraw\u00ee. Di pirt\u00fbka xwe ya...","breadcrumb":{"@id":"https:\/\/shanabooks.de\/product\/ru-eymen-zedan\/#breadcrumb"},"inLanguage":"kur","potentialAction":[{"@type":"ReadAction","target":["https:\/\/shanabooks.de\/product\/ru-eymen-zedan\/"]}]},{"@type":"ImageObject","inLanguage":"kur","@id":"https:\/\/shanabooks.de\/product\/ru-eymen-zedan\/#primaryimage","url":"https:\/\/shanabooks.de\/wp-content\/uploads\/2024\/01\/Ru-1.png","contentUrl":"https:\/\/shanabooks.de\/wp-content\/uploads\/2024\/01\/Ru-1.png","width":324,"height":478,"caption":"R\u00fb - Eymen Z\u00eadan - pirt\u00fbk\u00ean kurd\u00ee - kurte\u00e7\u00eerok"},{"@type":"BreadcrumbList","@id":"https:\/\/shanabooks.de\/product\/ru-eymen-zedan\/#breadcrumb","itemListElement":[{"@type":"ListItem","position":1,"name":"\u0627\u0644\u0631\u0626\u064a\u0633\u064a\u0629","item":"https:\/\/shanabooks.de\/kur\/"},{"@type":"ListItem","position":2,"name":"\u0627\u0644\u0645\u0646\u062a\u062c\u0627\u062a","item":"https:\/\/shanabooks.de\/shop\/"},{"@type":"ListItem","position":3,"name":"R\u00fb"}]},{"@type":"WebSite","@id":"https:\/\/shanabooks.de\/#website","url":"https:\/\/shanabooks.de\/","name":"www.shanbooks.de","description":"C\u00eehana Pirt\u00fbk\u00ean Kurd\u00ee \u0645\u0643\u062a\u0628\u0629 \u0634\u0627\u0646\u0627 \u0641\u064a \u0627\u0644\u0645\u0627\u0646\u064a\u0627 \u0648\u0623\u0648\u0631\u0628\u0627","publisher":{"@id":"https:\/\/shanabooks.de\/#organization"},"potentialAction":[{"@type":"SearchAction","target":{"@type":"EntryPoint","urlTemplate":"https:\/\/shanabooks.de\/?s={search_term_string}"},"query-input":{"@type":"PropertyValueSpecification","valueRequired":true,"valueName":"search_term_string"}}],"inLanguage":"kur"},{"@type":"Organization","@id":"https:\/\/shanabooks.de\/#organization","name":"www.shanbooks.de","url":"https:\/\/shanabooks.de\/","logo":{"@type":"ImageObject","inLanguage":"kur","@id":"https:\/\/shanabooks.de\/#\/schema\/logo\/image\/","url":"https:\/\/shanabooks.de\/wp-content\/uploads\/2024\/03\/SHANABOOKS__2_-removebg-preview.png","contentUrl":"https:\/\/shanabooks.de\/wp-content\/uploads\/2024\/03\/SHANABOOKS__2_-removebg-preview.png","width":700,"height":150,"caption":"www.shanbooks.de"},"image":{"@id":"https:\/\/shanabooks.de\/#\/schema\/logo\/image\/"}}]}},"jetpack_sharing_enabled":true,"_links":{"self":[{"href":"https:\/\/shanabooks.de\/kur\/wp-json\/wp\/v2\/product\/13097","targetHints":{"allow":["GET"]}}],"collection":[{"href":"https:\/\/shanabooks.de\/kur\/wp-json\/wp\/v2\/product"}],"about":[{"href":"https:\/\/shanabooks.de\/kur\/wp-json\/wp\/v2\/types\/product"}],"version-history":[{"count":3,"href":"https:\/\/shanabooks.de\/kur\/wp-json\/wp\/v2\/product\/13097\/revisions"}],"predecessor-version":[{"id":22711,"href":"https:\/\/shanabooks.de\/kur\/wp-json\/wp\/v2\/product\/13097\/revisions\/22711"}],"wp:featuredmedia":[{"embeddable":true,"href":"https:\/\/shanabooks.de\/kur\/wp-json\/wp\/v2\/media\/5925"}],"wp:attachment":[{"href":"https:\/\/shanabooks.de\/kur\/wp-json\/wp\/v2\/media?parent=13097"}],"wp:term":[{"taxonomy":"product_brand","embeddable":true,"href":"https:\/\/shanabooks.de\/kur\/wp-json\/wp\/v2\/product_brand?post=13097"},{"taxonomy":"product_cat","embeddable":true,"href":"https:\/\/shanabooks.de\/kur\/wp-json\/wp\/v2\/product_cat?post=13097"},{"taxonomy":"product_tag","embeddable":true,"href":"https:\/\/shanabooks.de\/kur\/wp-json\/wp\/v2\/product_tag?post=13097"}],"curies":[{"name":"wp","href":"https:\/\/api.w.org\/{rel}","templated":true}]}}