{"id":13156,"date":"2024-03-03T19:50:08","date_gmt":"2024-03-03T19:50:08","guid":{"rendered":"https:\/\/shanabooks.de\/?post_type=product&#038;p=13156"},"modified":"2024-04-10T10:58:49","modified_gmt":"2024-04-10T10:58:49","slug":"xece-li-du-evdale-zeynike-ye-5-yasemin-elban","status":"publish","type":"product","link":"https:\/\/shanabooks.de\/kur\/product\/xece-li-du-evdale-zeynike-ye-5-yasemin-elban\/","title":{"rendered":"Xec\u00ea li d\u00fb Evdal\u00ea Zeynik\u00ea ye 5"},"content":{"rendered":"<p style=\"text-align: left\"><strong>Xec\u00ea li d\u00fb Evdal\u00ea Zeynik\u00ea ye 5 &#8211; Yasem\u00een Elban<\/strong><\/p>\n<p style=\"text-align: left\">Xe\u00e7\u00ea her \u00eavar bi kelecana t\u00ea, serboriy\u00ean xwe y\u00ean rojane li ser r\u00fbpel\u00ean min diniv\u00eese. ne ten\u00ea serboriy\u00ean xwe, xewn\u00ean xwe, xeyal\u00ean xwe, carina helbest \u00fb carina j\u00ee \u00e7\u00eerok\u00ean xwe diniv\u00eese. Xe\u00e7\u00ea ke\u00e7eke pir j\u00eer \u00fb j\u00eahat\u00ee ye, di heman dem\u00ea dilhen\u00fbn \u00fb qenc\u00eexwaz e, ji ber v\u00ea yek\u00ea her roj b\u00fbyer\u00ean cuda cuda dij\u00ee. ya rast, ez ji ber meraqa w\u00ea ya li ser d\u00eerok \u00fb kes\u00ean navdar j\u00ee pir k\u00eafxwe\u015f dibim \u00fb b\u00eahtir ji w\u00ea hez dikim&#8230;<\/p>\n","protected":false},"excerpt":{"rendered":"<p style=\"text-align: center\"><strong>Pirt\u00fbk: Xec\u00ea li d\u00fb Evdal\u00ea Zeynik\u00ea ye 5<\/strong><br \/>\n<strong>Niv\u00eesakr: Yasem\u00een Elban<\/strong><br \/>\n<strong>Cure: Pirt\u00fbk\u00ean Zarokan<\/strong><\/p>\n","protected":false},"featured_media":5956,"template":"","meta":{"site-sidebar-layout":"default","site-content-layout":"","ast-site-content-layout":"default","site-content-style":"default","site-sidebar-style":"default","ast-global-header-display":"","ast-banner-title-visibility":"","ast-main-header-display":"","ast-hfb-above-header-display":"","ast-hfb-below-header-display":"","ast-hfb-mobile-header-display":"","site-post-title":"","ast-breadcrumbs-content":"","ast-featured-img":"","footer-sml-layout":"","ast-disable-related-posts":"","theme-transparent-header-meta":"default","adv-header-id-meta":"","stick-header-meta":"","header-above-stick-meta":"","header-main-stick-meta":"","header-below-stick-meta":"","astra-migrate-meta-layouts":"set","ast-page-background-enabled":"default","ast-page-background-meta":{"desktop":{"background-color":"","background-image":"","background-repeat":"repeat","background-position":"center center","background-size":"auto","background-attachment":"scroll","background-type":"","background-media":"","overlay-type":"","overlay-color":"","overlay-opacity":"","overlay-gradient":""},"tablet":{"background-color":"","background-image":"","background-repeat":"repeat","background-position":"center center","background-size":"auto","background-attachment":"scroll","background-type":"","background-media":"","overlay-type":"","overlay-color":"","overlay-opacity":"","overlay-gradient":""},"mobile":{"background-color":"","background-image":"","background-repeat":"repeat","background-position":"center center","background-size":"auto","background-attachment":"scroll","background-type":"","background-media":"","overlay-type":"","overlay-color":"","overlay-opacity":"","overlay-gradient":""}},"ast-content-background-meta":{"desktop":{"background-color":"var(--ast-global-color-5)","background-image":"","background-repeat":"repeat","background-position":"center center","background-size":"auto","background-attachment":"scroll","background-type":"","background-media":"","overlay-type":"","overlay-color":"","overlay-opacity":"","overlay-gradient":""},"tablet":{"background-color":"var(--ast-global-color-5)","background-image":"","background-repeat":"repeat","background-position":"center center","background-size":"auto","background-attachment":"scroll","background-type":"","background-media":"","overlay-type":"","overlay-color":"","overlay-opacity":"","overlay-gradient":""},"mobile":{"background-color":"var(--ast-global-color-5)","background-image":"","background-repeat":"repeat","background-position":"center center","background-size":"auto","background-attachment":"scroll","background-type":"","background-media":"","overlay-type":"","overlay-color":"","overlay-opacity":"","overlay-gradient":""}}},"product_brand":[],"product_cat":[194,193],"product_tag":[],"class_list":{"0":"post-13156","1":"product","2":"type-product","3":"status-publish","4":"has-post-thumbnail","6":"product_cat--_","8":"pa_-zarok","9":"pa_-yasemin-elban","10":"pa_-kurmanci","11":"pa_--dara-yayinlari","12":"desktop-align-left","13":"tablet-align-left","14":"mobile-align-left","16":"first","17":"instock","18":"shipping-taxable","19":"purchasable","20":"product-type-simple"},"yoast_head":"<!-- This site is optimized with the Yoast SEO plugin v27.4 - https:\/\/yoast.com\/product\/yoast-seo-wordpress\/ -->\n<title>Xec\u00ea li d\u00fb Evdal\u00ea Zeynik\u00ea ye 5 - Yasem\u00een Elban - www.shanabooks.de<\/title>\n<meta name=\"description\" content=\"Xec\u00ea li d\u00fb Evdal\u00ea Zeynik\u00ea ye 5 - Yasem\u00een Elban Xe\u00e7\u00ea her \u00eavar bi kelecana t\u00ea, serboriy\u00ean xwe y\u00ean rojane li ser r\u00fbpel\u00ean min diniv\u00eese. ne ten\u00ea serboriy\u00ean ...\" \/>\n<meta name=\"robots\" content=\"index, follow, max-snippet:-1, max-image-preview:large, max-video-preview:-1\" \/>\n<link rel=\"canonical\" href=\"https:\/\/shanabooks.de\/product\/xece-li-du-evdale-zeynike-ye-5-yasemin-elban\/\" \/>\n<meta property=\"og:locale\" content=\"en_US\" \/>\n<meta property=\"og:type\" content=\"article\" \/>\n<meta property=\"og:title\" content=\"Xec\u00ea li d\u00fb Evdal\u00ea Zeynik\u00ea ye 5 - Yasem\u00een Elban - www.shanabooks.de\" \/>\n<meta property=\"og:description\" content=\"Xec\u00ea li d\u00fb Evdal\u00ea Zeynik\u00ea ye 5 - Yasem\u00een Elban Xe\u00e7\u00ea her \u00eavar bi kelecana t\u00ea, serboriy\u00ean xwe y\u00ean rojane li ser r\u00fbpel\u00ean min diniv\u00eese. ne ten\u00ea serboriy\u00ean ...\" \/>\n<meta property=\"og:url\" content=\"https:\/\/shanabooks.de\/product\/xece-li-du-evdale-zeynike-ye-5-yasemin-elban\/\" \/>\n<meta property=\"og:site_name\" content=\"www.shanabooks.de\" \/>\n<meta property=\"article:modified_time\" content=\"2024-04-10T10:58:49+00:00\" \/>\n<meta property=\"og:image\" content=\"https:\/\/shanabooks.de\/wp-content\/uploads\/2024\/01\/Rojniviska-Xece-5-Dara.png\" \/>\n\t<meta property=\"og:image:width\" content=\"323\" \/>\n\t<meta property=\"og:image:height\" content=\"479\" \/>\n\t<meta property=\"og:image:type\" content=\"image\/png\" \/>\n<meta name=\"twitter:card\" content=\"summary_large_image\" \/>\n<meta name=\"twitter:label1\" content=\"Est. reading time\" \/>\n\t<meta name=\"twitter:data1\" content=\"1 minute\" \/>\n<script type=\"application\/ld+json\" class=\"yoast-schema-graph\">{\"@context\":\"https:\\\/\\\/schema.org\",\"@graph\":[{\"@type\":\"WebPage\",\"@id\":\"https:\\\/\\\/shanabooks.de\\\/product\\\/xece-li-du-evdale-zeynike-ye-5-yasemin-elban\\\/\",\"url\":\"https:\\\/\\\/shanabooks.de\\\/product\\\/xece-li-du-evdale-zeynike-ye-5-yasemin-elban\\\/\",\"name\":\"Xec\u00ea li d\u00fb Evdal\u00ea Zeynik\u00ea ye 5 - Yasem\u00een Elban - www.shanabooks.de\",\"isPartOf\":{\"@id\":\"https:\\\/\\\/shanabooks.de\\\/#website\"},\"primaryImageOfPage\":{\"@id\":\"https:\\\/\\\/shanabooks.de\\\/product\\\/xece-li-du-evdale-zeynike-ye-5-yasemin-elban\\\/#primaryimage\"},\"image\":{\"@id\":\"https:\\\/\\\/shanabooks.de\\\/product\\\/xece-li-du-evdale-zeynike-ye-5-yasemin-elban\\\/#primaryimage\"},\"thumbnailUrl\":\"https:\\\/\\\/shanabooks.de\\\/wp-content\\\/uploads\\\/2024\\\/01\\\/Rojniviska-Xece-5-Dara.png\",\"datePublished\":\"2024-03-03T19:50:08+00:00\",\"dateModified\":\"2024-04-10T10:58:49+00:00\",\"description\":\"Xec\u00ea li d\u00fb Evdal\u00ea Zeynik\u00ea ye 5 - Yasem\u00een Elban Xe\u00e7\u00ea her \u00eavar bi kelecana t\u00ea, serboriy\u00ean xwe y\u00ean rojane li ser r\u00fbpel\u00ean min diniv\u00eese. ne ten\u00ea serboriy\u00ean ...\",\"breadcrumb\":{\"@id\":\"https:\\\/\\\/shanabooks.de\\\/product\\\/xece-li-du-evdale-zeynike-ye-5-yasemin-elban\\\/#breadcrumb\"},\"inLanguage\":\"kur\",\"potentialAction\":[{\"@type\":\"ReadAction\",\"target\":[\"https:\\\/\\\/shanabooks.de\\\/product\\\/xece-li-du-evdale-zeynike-ye-5-yasemin-elban\\\/\"]}]},{\"@type\":\"ImageObject\",\"inLanguage\":\"kur\",\"@id\":\"https:\\\/\\\/shanabooks.de\\\/product\\\/xece-li-du-evdale-zeynike-ye-5-yasemin-elban\\\/#primaryimage\",\"url\":\"https:\\\/\\\/shanabooks.de\\\/wp-content\\\/uploads\\\/2024\\\/01\\\/Rojniviska-Xece-5-Dara.png\",\"contentUrl\":\"https:\\\/\\\/shanabooks.de\\\/wp-content\\\/uploads\\\/2024\\\/01\\\/Rojniviska-Xece-5-Dara.png\",\"width\":323,\"height\":479,\"caption\":\"Xec\u00ea li d\u00fb Evdal\u00ea Zeynik\u00ea ye 5 - Yasem\u00een Elban - pirt\u00fbk\u00ean kurd\u00ee - zarok\"},{\"@type\":\"BreadcrumbList\",\"@id\":\"https:\\\/\\\/shanabooks.de\\\/product\\\/xece-li-du-evdale-zeynike-ye-5-yasemin-elban\\\/#breadcrumb\",\"itemListElement\":[{\"@type\":\"ListItem\",\"position\":1,\"name\":\"\u0627\u0644\u0631\u0626\u064a\u0633\u064a\u0629\",\"item\":\"https:\\\/\\\/shanabooks.de\\\/kur\\\/\"},{\"@type\":\"ListItem\",\"position\":2,\"name\":\"\u0627\u0644\u0645\u0646\u062a\u062c\u0627\u062a\",\"item\":\"https:\\\/\\\/shanabooks.de\\\/shop\\\/\"},{\"@type\":\"ListItem\",\"position\":3,\"name\":\"Xec\u00ea li d\u00fb Evdal\u00ea Zeynik\u00ea ye 5\"}]},{\"@type\":\"WebSite\",\"@id\":\"https:\\\/\\\/shanabooks.de\\\/#website\",\"url\":\"https:\\\/\\\/shanabooks.de\\\/\",\"name\":\"www.shanbooks.de\",\"description\":\"C\u00eehana Pirt\u00fbk\u00ean Kurd\u00ee \u0645\u0643\u062a\u0628\u0629 \u0634\u0627\u0646\u0627 \u0641\u064a \u0627\u0644\u0645\u0627\u0646\u064a\u0627 \u0648\u0623\u0648\u0631\u0628\u0627\",\"publisher\":{\"@id\":\"https:\\\/\\\/shanabooks.de\\\/#organization\"},\"potentialAction\":[{\"@type\":\"SearchAction\",\"target\":{\"@type\":\"EntryPoint\",\"urlTemplate\":\"https:\\\/\\\/shanabooks.de\\\/?s={search_term_string}\"},\"query-input\":{\"@type\":\"PropertyValueSpecification\",\"valueRequired\":true,\"valueName\":\"search_term_string\"}}],\"inLanguage\":\"kur\"},{\"@type\":\"Organization\",\"@id\":\"https:\\\/\\\/shanabooks.de\\\/#organization\",\"name\":\"www.shanbooks.de\",\"url\":\"https:\\\/\\\/shanabooks.de\\\/\",\"logo\":{\"@type\":\"ImageObject\",\"inLanguage\":\"kur\",\"@id\":\"https:\\\/\\\/shanabooks.de\\\/#\\\/schema\\\/logo\\\/image\\\/\",\"url\":\"https:\\\/\\\/shanabooks.de\\\/wp-content\\\/uploads\\\/2024\\\/03\\\/SHANABOOKS__2_-removebg-preview.png\",\"contentUrl\":\"https:\\\/\\\/shanabooks.de\\\/wp-content\\\/uploads\\\/2024\\\/03\\\/SHANABOOKS__2_-removebg-preview.png\",\"width\":700,\"height\":150,\"caption\":\"www.shanbooks.de\"},\"image\":{\"@id\":\"https:\\\/\\\/shanabooks.de\\\/#\\\/schema\\\/logo\\\/image\\\/\"}}]}<\/script>\n<!-- \/ Yoast SEO plugin. -->","yoast_head_json":{"title":"Xec\u00ea li d\u00fb Evdal\u00ea Zeynik\u00ea ye 5 - Yasem\u00een Elban - www.shanabooks.de","description":"Xec\u00ea li d\u00fb Evdal\u00ea Zeynik\u00ea ye 5 - Yasem\u00een Elban Xe\u00e7\u00ea her \u00eavar bi kelecana t\u00ea, serboriy\u00ean xwe y\u00ean rojane li ser r\u00fbpel\u00ean min diniv\u00eese. ne ten\u00ea serboriy\u00ean ...","robots":{"index":"index","follow":"follow","max-snippet":"max-snippet:-1","max-image-preview":"max-image-preview:large","max-video-preview":"max-video-preview:-1"},"canonical":"https:\/\/shanabooks.de\/product\/xece-li-du-evdale-zeynike-ye-5-yasemin-elban\/","og_locale":"en_US","og_type":"article","og_title":"Xec\u00ea li d\u00fb Evdal\u00ea Zeynik\u00ea ye 5 - Yasem\u00een Elban - www.shanabooks.de","og_description":"Xec\u00ea li d\u00fb Evdal\u00ea Zeynik\u00ea ye 5 - Yasem\u00een Elban Xe\u00e7\u00ea her \u00eavar bi kelecana t\u00ea, serboriy\u00ean xwe y\u00ean rojane li ser r\u00fbpel\u00ean min diniv\u00eese. ne ten\u00ea serboriy\u00ean ...","og_url":"https:\/\/shanabooks.de\/product\/xece-li-du-evdale-zeynike-ye-5-yasemin-elban\/","og_site_name":"www.shanabooks.de","article_modified_time":"2024-04-10T10:58:49+00:00","og_image":[{"width":323,"height":479,"url":"https:\/\/shanabooks.de\/wp-content\/uploads\/2024\/01\/Rojniviska-Xece-5-Dara.png","type":"image\/png"}],"twitter_card":"summary_large_image","twitter_misc":{"Est. reading time":"1 minute"},"schema":{"@context":"https:\/\/schema.org","@graph":[{"@type":"WebPage","@id":"https:\/\/shanabooks.de\/product\/xece-li-du-evdale-zeynike-ye-5-yasemin-elban\/","url":"https:\/\/shanabooks.de\/product\/xece-li-du-evdale-zeynike-ye-5-yasemin-elban\/","name":"Xec\u00ea li d\u00fb Evdal\u00ea Zeynik\u00ea ye 5 - Yasem\u00een Elban - www.shanabooks.de","isPartOf":{"@id":"https:\/\/shanabooks.de\/#website"},"primaryImageOfPage":{"@id":"https:\/\/shanabooks.de\/product\/xece-li-du-evdale-zeynike-ye-5-yasemin-elban\/#primaryimage"},"image":{"@id":"https:\/\/shanabooks.de\/product\/xece-li-du-evdale-zeynike-ye-5-yasemin-elban\/#primaryimage"},"thumbnailUrl":"https:\/\/shanabooks.de\/wp-content\/uploads\/2024\/01\/Rojniviska-Xece-5-Dara.png","datePublished":"2024-03-03T19:50:08+00:00","dateModified":"2024-04-10T10:58:49+00:00","description":"Xec\u00ea li d\u00fb Evdal\u00ea Zeynik\u00ea ye 5 - Yasem\u00een Elban Xe\u00e7\u00ea her \u00eavar bi kelecana t\u00ea, serboriy\u00ean xwe y\u00ean rojane li ser r\u00fbpel\u00ean min diniv\u00eese. ne ten\u00ea serboriy\u00ean ...","breadcrumb":{"@id":"https:\/\/shanabooks.de\/product\/xece-li-du-evdale-zeynike-ye-5-yasemin-elban\/#breadcrumb"},"inLanguage":"kur","potentialAction":[{"@type":"ReadAction","target":["https:\/\/shanabooks.de\/product\/xece-li-du-evdale-zeynike-ye-5-yasemin-elban\/"]}]},{"@type":"ImageObject","inLanguage":"kur","@id":"https:\/\/shanabooks.de\/product\/xece-li-du-evdale-zeynike-ye-5-yasemin-elban\/#primaryimage","url":"https:\/\/shanabooks.de\/wp-content\/uploads\/2024\/01\/Rojniviska-Xece-5-Dara.png","contentUrl":"https:\/\/shanabooks.de\/wp-content\/uploads\/2024\/01\/Rojniviska-Xece-5-Dara.png","width":323,"height":479,"caption":"Xec\u00ea li d\u00fb Evdal\u00ea Zeynik\u00ea ye 5 - Yasem\u00een Elban - pirt\u00fbk\u00ean kurd\u00ee - zarok"},{"@type":"BreadcrumbList","@id":"https:\/\/shanabooks.de\/product\/xece-li-du-evdale-zeynike-ye-5-yasemin-elban\/#breadcrumb","itemListElement":[{"@type":"ListItem","position":1,"name":"\u0627\u0644\u0631\u0626\u064a\u0633\u064a\u0629","item":"https:\/\/shanabooks.de\/kur\/"},{"@type":"ListItem","position":2,"name":"\u0627\u0644\u0645\u0646\u062a\u062c\u0627\u062a","item":"https:\/\/shanabooks.de\/shop\/"},{"@type":"ListItem","position":3,"name":"Xec\u00ea li d\u00fb Evdal\u00ea Zeynik\u00ea ye 5"}]},{"@type":"WebSite","@id":"https:\/\/shanabooks.de\/#website","url":"https:\/\/shanabooks.de\/","name":"www.shanbooks.de","description":"C\u00eehana Pirt\u00fbk\u00ean Kurd\u00ee \u0645\u0643\u062a\u0628\u0629 \u0634\u0627\u0646\u0627 \u0641\u064a \u0627\u0644\u0645\u0627\u0646\u064a\u0627 \u0648\u0623\u0648\u0631\u0628\u0627","publisher":{"@id":"https:\/\/shanabooks.de\/#organization"},"potentialAction":[{"@type":"SearchAction","target":{"@type":"EntryPoint","urlTemplate":"https:\/\/shanabooks.de\/?s={search_term_string}"},"query-input":{"@type":"PropertyValueSpecification","valueRequired":true,"valueName":"search_term_string"}}],"inLanguage":"kur"},{"@type":"Organization","@id":"https:\/\/shanabooks.de\/#organization","name":"www.shanbooks.de","url":"https:\/\/shanabooks.de\/","logo":{"@type":"ImageObject","inLanguage":"kur","@id":"https:\/\/shanabooks.de\/#\/schema\/logo\/image\/","url":"https:\/\/shanabooks.de\/wp-content\/uploads\/2024\/03\/SHANABOOKS__2_-removebg-preview.png","contentUrl":"https:\/\/shanabooks.de\/wp-content\/uploads\/2024\/03\/SHANABOOKS__2_-removebg-preview.png","width":700,"height":150,"caption":"www.shanbooks.de"},"image":{"@id":"https:\/\/shanabooks.de\/#\/schema\/logo\/image\/"}}]}},"jetpack_sharing_enabled":true,"_links":{"self":[{"href":"https:\/\/shanabooks.de\/kur\/wp-json\/wp\/v2\/product\/13156","targetHints":{"allow":["GET"]}}],"collection":[{"href":"https:\/\/shanabooks.de\/kur\/wp-json\/wp\/v2\/product"}],"about":[{"href":"https:\/\/shanabooks.de\/kur\/wp-json\/wp\/v2\/types\/product"}],"version-history":[{"count":2,"href":"https:\/\/shanabooks.de\/kur\/wp-json\/wp\/v2\/product\/13156\/revisions"}],"predecessor-version":[{"id":23552,"href":"https:\/\/shanabooks.de\/kur\/wp-json\/wp\/v2\/product\/13156\/revisions\/23552"}],"wp:featuredmedia":[{"embeddable":true,"href":"https:\/\/shanabooks.de\/kur\/wp-json\/wp\/v2\/media\/5956"}],"wp:attachment":[{"href":"https:\/\/shanabooks.de\/kur\/wp-json\/wp\/v2\/media?parent=13156"}],"wp:term":[{"taxonomy":"product_brand","embeddable":true,"href":"https:\/\/shanabooks.de\/kur\/wp-json\/wp\/v2\/product_brand?post=13156"},{"taxonomy":"product_cat","embeddable":true,"href":"https:\/\/shanabooks.de\/kur\/wp-json\/wp\/v2\/product_cat?post=13156"},{"taxonomy":"product_tag","embeddable":true,"href":"https:\/\/shanabooks.de\/kur\/wp-json\/wp\/v2\/product_tag?post=13156"}],"curies":[{"name":"wp","href":"https:\/\/api.w.org\/{rel}","templated":true}]}}