{"id":13157,"date":"2024-03-03T19:50:08","date_gmt":"2024-03-03T19:50:08","guid":{"rendered":"https:\/\/shanabooks.de\/?post_type=product&#038;p=13157"},"modified":"2024-04-10T11:22:22","modified_gmt":"2024-04-10T11:22:22","slug":"xewnen-gule-keremo-5-pirtuk","status":"publish","type":"product","link":"https:\/\/shanabooks.de\/kur\/product\/xewnen-gule-keremo-5-pirtuk\/","title":{"rendered":"Xewn\u00ean Gul\u00ea"},"content":{"rendered":"<p style=\"text-align: left\">\u00a0<strong>Xewn\u00ean Gul\u00ea &#8211; Keremo &#8211; 5 pirt\u00fbk<\/strong><\/p>\n<p style=\"text-align: left\">Ev set ji 5 pirt\u00fbkan p\u00eak t\u00ea:<br \/>\n&#8211; Kevok \u00fb Mer\u00fb<br \/>\n&#8211; Qero \u00fb Zivistan<br \/>\n&#8211; Moza Keyban\u00fb<br \/>\n&#8211; Dara S\u00eav\u00ea<br \/>\n&#8211; Kivro\u015fka Xwendevan<br \/>\nw\u00eaneyek\u00ee Ehmed\u00ea Xan\u00ee<\/p>\n","protected":false},"excerpt":{"rendered":"<p style=\"text-align: center\"><strong>Pirt\u00fbk:\u00a0 Xewn\u00ean Gul\u00ea<\/strong><br \/>\n<strong>Niv\u00eeskar:\u00a0 Keremo<\/strong><br \/>\n<strong>Cure: Pirt\u00fbk\u00ean Zarokan<\/strong><\/p>\n","protected":false},"featured_media":13187,"template":"","meta":{"site-sidebar-layout":"default","site-content-layout":"","ast-site-content-layout":"default","site-content-style":"default","site-sidebar-style":"default","ast-global-header-display":"","ast-banner-title-visibility":"","ast-main-header-display":"","ast-hfb-above-header-display":"","ast-hfb-below-header-display":"","ast-hfb-mobile-header-display":"","site-post-title":"","ast-breadcrumbs-content":"","ast-featured-img":"","footer-sml-layout":"","ast-disable-related-posts":"","theme-transparent-header-meta":"default","adv-header-id-meta":"","stick-header-meta":"","header-above-stick-meta":"","header-main-stick-meta":"","header-below-stick-meta":"","astra-migrate-meta-layouts":"set","ast-page-background-enabled":"default","ast-page-background-meta":{"desktop":{"background-color":"","background-image":"","background-repeat":"repeat","background-position":"center center","background-size":"auto","background-attachment":"scroll","background-type":"","background-media":"","overlay-type":"","overlay-color":"","overlay-opacity":"","overlay-gradient":""},"tablet":{"background-color":"","background-image":"","background-repeat":"repeat","background-position":"center center","background-size":"auto","background-attachment":"scroll","background-type":"","background-media":"","overlay-type":"","overlay-color":"","overlay-opacity":"","overlay-gradient":""},"mobile":{"background-color":"","background-image":"","background-repeat":"repeat","background-position":"center center","background-size":"auto","background-attachment":"scroll","background-type":"","background-media":"","overlay-type":"","overlay-color":"","overlay-opacity":"","overlay-gradient":""}},"ast-content-background-meta":{"desktop":{"background-color":"var(--ast-global-color-5)","background-image":"","background-repeat":"repeat","background-position":"center center","background-size":"auto","background-attachment":"scroll","background-type":"","background-media":"","overlay-type":"","overlay-color":"","overlay-opacity":"","overlay-gradient":""},"tablet":{"background-color":"var(--ast-global-color-5)","background-image":"","background-repeat":"repeat","background-position":"center center","background-size":"auto","background-attachment":"scroll","background-type":"","background-media":"","overlay-type":"","overlay-color":"","overlay-opacity":"","overlay-gradient":""},"mobile":{"background-color":"var(--ast-global-color-5)","background-image":"","background-repeat":"repeat","background-position":"center center","background-size":"auto","background-attachment":"scroll","background-type":"","background-media":"","overlay-type":"","overlay-color":"","overlay-opacity":"","overlay-gradient":""}}},"product_brand":[],"product_cat":[194,193],"product_tag":[],"class_list":{"0":"post-13157","1":"product","2":"type-product","3":"status-publish","4":"has-post-thumbnail","6":"product_cat--_","8":"pa_-zarok","9":"pa_-keremo","10":"pa_-kurmanci","11":"pa_--zurafa-yayinlari","12":"desktop-align-left","13":"tablet-align-left","14":"mobile-align-left","16":"first","17":"outofstock","18":"shipping-taxable","19":"purchasable","20":"product-type-simple"},"yoast_head":"<!-- This site is optimized with the Yoast SEO plugin v27.4 - https:\/\/yoast.com\/product\/yoast-seo-wordpress\/ -->\n<title>Xewn\u00ean Gul\u00ea - Keremo - 5 pirt\u00fbk - www.shanabooks.de<\/title>\n<meta name=\"description\" content=\"\u00a0Xewn\u00ean Gul\u00ea - Keremo - 5 pirt\u00fbk Ev set ji 5 pirt\u00fbkan p\u00eak t\u00ea: - Kevok \u00fb Mer\u00fb- Qero \u00fb Zivistan- Moza Keyban\u00fb- Dara S\u00eav\u00ea- Kivro\u015fka Xwendevan ...\" \/>\n<meta name=\"robots\" content=\"index, follow, max-snippet:-1, max-image-preview:large, max-video-preview:-1\" \/>\n<link rel=\"canonical\" href=\"https:\/\/shanabooks.de\/product\/xewnen-gule-keremo-5-pirtuk\/\" \/>\n<meta property=\"og:locale\" content=\"en_US\" \/>\n<meta property=\"og:type\" content=\"article\" \/>\n<meta property=\"og:title\" content=\"Xewn\u00ean Gul\u00ea - Keremo - 5 pirt\u00fbk - www.shanabooks.de\" \/>\n<meta property=\"og:description\" content=\"\u00a0Xewn\u00ean Gul\u00ea - Keremo - 5 pirt\u00fbk Ev set ji 5 pirt\u00fbkan p\u00eak t\u00ea: - Kevok \u00fb Mer\u00fb- Qero \u00fb Zivistan- Moza Keyban\u00fb- Dara S\u00eav\u00ea- Kivro\u015fka Xwendevan ...\" \/>\n<meta property=\"og:url\" content=\"https:\/\/shanabooks.de\/product\/xewnen-gule-keremo-5-pirtuk\/\" \/>\n<meta property=\"og:site_name\" content=\"www.shanabooks.de\" \/>\n<meta property=\"article:modified_time\" content=\"2024-04-10T11:22:22+00:00\" \/>\n<meta property=\"og:image\" content=\"https:\/\/shanabooks.de\/wp-content\/uploads\/2024\/03\/xewnen-Gule.png\" \/>\n\t<meta property=\"og:image:width\" content=\"475\" \/>\n\t<meta property=\"og:image:height\" content=\"456\" \/>\n\t<meta property=\"og:image:type\" content=\"image\/png\" \/>\n<meta name=\"twitter:card\" content=\"summary_large_image\" \/>\n<meta name=\"twitter:label1\" content=\"Est. reading time\" \/>\n\t<meta name=\"twitter:data1\" content=\"1 minute\" \/>\n<script type=\"application\/ld+json\" class=\"yoast-schema-graph\">{\"@context\":\"https:\\\/\\\/schema.org\",\"@graph\":[{\"@type\":\"WebPage\",\"@id\":\"https:\\\/\\\/shanabooks.de\\\/product\\\/xewnen-gule-keremo-5-pirtuk\\\/\",\"url\":\"https:\\\/\\\/shanabooks.de\\\/product\\\/xewnen-gule-keremo-5-pirtuk\\\/\",\"name\":\"Xewn\u00ean Gul\u00ea - Keremo - 5 pirt\u00fbk - www.shanabooks.de\",\"isPartOf\":{\"@id\":\"https:\\\/\\\/shanabooks.de\\\/#website\"},\"primaryImageOfPage\":{\"@id\":\"https:\\\/\\\/shanabooks.de\\\/product\\\/xewnen-gule-keremo-5-pirtuk\\\/#primaryimage\"},\"image\":{\"@id\":\"https:\\\/\\\/shanabooks.de\\\/product\\\/xewnen-gule-keremo-5-pirtuk\\\/#primaryimage\"},\"thumbnailUrl\":\"https:\\\/\\\/shanabooks.de\\\/wp-content\\\/uploads\\\/2024\\\/03\\\/xewnen-Gule.png\",\"datePublished\":\"2024-03-03T19:50:08+00:00\",\"dateModified\":\"2024-04-10T11:22:22+00:00\",\"description\":\"\u00a0Xewn\u00ean Gul\u00ea - Keremo - 5 pirt\u00fbk Ev set ji 5 pirt\u00fbkan p\u00eak t\u00ea: - Kevok \u00fb Mer\u00fb- Qero \u00fb Zivistan- Moza Keyban\u00fb- Dara S\u00eav\u00ea- Kivro\u015fka Xwendevan ...\",\"breadcrumb\":{\"@id\":\"https:\\\/\\\/shanabooks.de\\\/product\\\/xewnen-gule-keremo-5-pirtuk\\\/#breadcrumb\"},\"inLanguage\":\"kur\",\"potentialAction\":[{\"@type\":\"ReadAction\",\"target\":[\"https:\\\/\\\/shanabooks.de\\\/product\\\/xewnen-gule-keremo-5-pirtuk\\\/\"]}]},{\"@type\":\"ImageObject\",\"inLanguage\":\"kur\",\"@id\":\"https:\\\/\\\/shanabooks.de\\\/product\\\/xewnen-gule-keremo-5-pirtuk\\\/#primaryimage\",\"url\":\"https:\\\/\\\/shanabooks.de\\\/wp-content\\\/uploads\\\/2024\\\/03\\\/xewnen-Gule.png\",\"contentUrl\":\"https:\\\/\\\/shanabooks.de\\\/wp-content\\\/uploads\\\/2024\\\/03\\\/xewnen-Gule.png\",\"width\":475,\"height\":456,\"caption\":\"Xewn\u00ean Gul\u00ea - Keremo - 5 pirt\u00fbk - pirt\u00fbk\u00ean kurd\u00ee - zarok\"},{\"@type\":\"BreadcrumbList\",\"@id\":\"https:\\\/\\\/shanabooks.de\\\/product\\\/xewnen-gule-keremo-5-pirtuk\\\/#breadcrumb\",\"itemListElement\":[{\"@type\":\"ListItem\",\"position\":1,\"name\":\"\u0627\u0644\u0631\u0626\u064a\u0633\u064a\u0629\",\"item\":\"https:\\\/\\\/shanabooks.de\\\/kur\\\/\"},{\"@type\":\"ListItem\",\"position\":2,\"name\":\"\u0627\u0644\u0645\u0646\u062a\u062c\u0627\u062a\",\"item\":\"https:\\\/\\\/shanabooks.de\\\/shop\\\/\"},{\"@type\":\"ListItem\",\"position\":3,\"name\":\"Xewn\u00ean Gul\u00ea\"}]},{\"@type\":\"WebSite\",\"@id\":\"https:\\\/\\\/shanabooks.de\\\/#website\",\"url\":\"https:\\\/\\\/shanabooks.de\\\/\",\"name\":\"www.shanbooks.de\",\"description\":\"C\u00eehana Pirt\u00fbk\u00ean Kurd\u00ee \u0645\u0643\u062a\u0628\u0629 \u0634\u0627\u0646\u0627 \u0641\u064a \u0627\u0644\u0645\u0627\u0646\u064a\u0627 \u0648\u0623\u0648\u0631\u0628\u0627\",\"publisher\":{\"@id\":\"https:\\\/\\\/shanabooks.de\\\/#organization\"},\"potentialAction\":[{\"@type\":\"SearchAction\",\"target\":{\"@type\":\"EntryPoint\",\"urlTemplate\":\"https:\\\/\\\/shanabooks.de\\\/?s={search_term_string}\"},\"query-input\":{\"@type\":\"PropertyValueSpecification\",\"valueRequired\":true,\"valueName\":\"search_term_string\"}}],\"inLanguage\":\"kur\"},{\"@type\":\"Organization\",\"@id\":\"https:\\\/\\\/shanabooks.de\\\/#organization\",\"name\":\"www.shanbooks.de\",\"url\":\"https:\\\/\\\/shanabooks.de\\\/\",\"logo\":{\"@type\":\"ImageObject\",\"inLanguage\":\"kur\",\"@id\":\"https:\\\/\\\/shanabooks.de\\\/#\\\/schema\\\/logo\\\/image\\\/\",\"url\":\"https:\\\/\\\/shanabooks.de\\\/wp-content\\\/uploads\\\/2024\\\/03\\\/SHANABOOKS__2_-removebg-preview.png\",\"contentUrl\":\"https:\\\/\\\/shanabooks.de\\\/wp-content\\\/uploads\\\/2024\\\/03\\\/SHANABOOKS__2_-removebg-preview.png\",\"width\":700,\"height\":150,\"caption\":\"www.shanbooks.de\"},\"image\":{\"@id\":\"https:\\\/\\\/shanabooks.de\\\/#\\\/schema\\\/logo\\\/image\\\/\"}}]}<\/script>\n<!-- \/ Yoast SEO plugin. -->","yoast_head_json":{"title":"Xewn\u00ean Gul\u00ea - Keremo - 5 pirt\u00fbk - www.shanabooks.de","description":"\u00a0Xewn\u00ean Gul\u00ea - Keremo - 5 pirt\u00fbk Ev set ji 5 pirt\u00fbkan p\u00eak t\u00ea: - Kevok \u00fb Mer\u00fb- Qero \u00fb Zivistan- Moza Keyban\u00fb- Dara S\u00eav\u00ea- Kivro\u015fka Xwendevan ...","robots":{"index":"index","follow":"follow","max-snippet":"max-snippet:-1","max-image-preview":"max-image-preview:large","max-video-preview":"max-video-preview:-1"},"canonical":"https:\/\/shanabooks.de\/product\/xewnen-gule-keremo-5-pirtuk\/","og_locale":"en_US","og_type":"article","og_title":"Xewn\u00ean Gul\u00ea - Keremo - 5 pirt\u00fbk - www.shanabooks.de","og_description":"\u00a0Xewn\u00ean Gul\u00ea - Keremo - 5 pirt\u00fbk Ev set ji 5 pirt\u00fbkan p\u00eak t\u00ea: - Kevok \u00fb Mer\u00fb- Qero \u00fb Zivistan- Moza Keyban\u00fb- Dara S\u00eav\u00ea- Kivro\u015fka Xwendevan ...","og_url":"https:\/\/shanabooks.de\/product\/xewnen-gule-keremo-5-pirtuk\/","og_site_name":"www.shanabooks.de","article_modified_time":"2024-04-10T11:22:22+00:00","og_image":[{"width":475,"height":456,"url":"https:\/\/shanabooks.de\/wp-content\/uploads\/2024\/03\/xewnen-Gule.png","type":"image\/png"}],"twitter_card":"summary_large_image","twitter_misc":{"Est. reading time":"1 minute"},"schema":{"@context":"https:\/\/schema.org","@graph":[{"@type":"WebPage","@id":"https:\/\/shanabooks.de\/product\/xewnen-gule-keremo-5-pirtuk\/","url":"https:\/\/shanabooks.de\/product\/xewnen-gule-keremo-5-pirtuk\/","name":"Xewn\u00ean Gul\u00ea - Keremo - 5 pirt\u00fbk - www.shanabooks.de","isPartOf":{"@id":"https:\/\/shanabooks.de\/#website"},"primaryImageOfPage":{"@id":"https:\/\/shanabooks.de\/product\/xewnen-gule-keremo-5-pirtuk\/#primaryimage"},"image":{"@id":"https:\/\/shanabooks.de\/product\/xewnen-gule-keremo-5-pirtuk\/#primaryimage"},"thumbnailUrl":"https:\/\/shanabooks.de\/wp-content\/uploads\/2024\/03\/xewnen-Gule.png","datePublished":"2024-03-03T19:50:08+00:00","dateModified":"2024-04-10T11:22:22+00:00","description":"\u00a0Xewn\u00ean Gul\u00ea - Keremo - 5 pirt\u00fbk Ev set ji 5 pirt\u00fbkan p\u00eak t\u00ea: - Kevok \u00fb Mer\u00fb- Qero \u00fb Zivistan- Moza Keyban\u00fb- Dara S\u00eav\u00ea- Kivro\u015fka Xwendevan ...","breadcrumb":{"@id":"https:\/\/shanabooks.de\/product\/xewnen-gule-keremo-5-pirtuk\/#breadcrumb"},"inLanguage":"kur","potentialAction":[{"@type":"ReadAction","target":["https:\/\/shanabooks.de\/product\/xewnen-gule-keremo-5-pirtuk\/"]}]},{"@type":"ImageObject","inLanguage":"kur","@id":"https:\/\/shanabooks.de\/product\/xewnen-gule-keremo-5-pirtuk\/#primaryimage","url":"https:\/\/shanabooks.de\/wp-content\/uploads\/2024\/03\/xewnen-Gule.png","contentUrl":"https:\/\/shanabooks.de\/wp-content\/uploads\/2024\/03\/xewnen-Gule.png","width":475,"height":456,"caption":"Xewn\u00ean Gul\u00ea - Keremo - 5 pirt\u00fbk - pirt\u00fbk\u00ean kurd\u00ee - zarok"},{"@type":"BreadcrumbList","@id":"https:\/\/shanabooks.de\/product\/xewnen-gule-keremo-5-pirtuk\/#breadcrumb","itemListElement":[{"@type":"ListItem","position":1,"name":"\u0627\u0644\u0631\u0626\u064a\u0633\u064a\u0629","item":"https:\/\/shanabooks.de\/kur\/"},{"@type":"ListItem","position":2,"name":"\u0627\u0644\u0645\u0646\u062a\u062c\u0627\u062a","item":"https:\/\/shanabooks.de\/shop\/"},{"@type":"ListItem","position":3,"name":"Xewn\u00ean Gul\u00ea"}]},{"@type":"WebSite","@id":"https:\/\/shanabooks.de\/#website","url":"https:\/\/shanabooks.de\/","name":"www.shanbooks.de","description":"C\u00eehana Pirt\u00fbk\u00ean Kurd\u00ee \u0645\u0643\u062a\u0628\u0629 \u0634\u0627\u0646\u0627 \u0641\u064a \u0627\u0644\u0645\u0627\u0646\u064a\u0627 \u0648\u0623\u0648\u0631\u0628\u0627","publisher":{"@id":"https:\/\/shanabooks.de\/#organization"},"potentialAction":[{"@type":"SearchAction","target":{"@type":"EntryPoint","urlTemplate":"https:\/\/shanabooks.de\/?s={search_term_string}"},"query-input":{"@type":"PropertyValueSpecification","valueRequired":true,"valueName":"search_term_string"}}],"inLanguage":"kur"},{"@type":"Organization","@id":"https:\/\/shanabooks.de\/#organization","name":"www.shanbooks.de","url":"https:\/\/shanabooks.de\/","logo":{"@type":"ImageObject","inLanguage":"kur","@id":"https:\/\/shanabooks.de\/#\/schema\/logo\/image\/","url":"https:\/\/shanabooks.de\/wp-content\/uploads\/2024\/03\/SHANABOOKS__2_-removebg-preview.png","contentUrl":"https:\/\/shanabooks.de\/wp-content\/uploads\/2024\/03\/SHANABOOKS__2_-removebg-preview.png","width":700,"height":150,"caption":"www.shanbooks.de"},"image":{"@id":"https:\/\/shanabooks.de\/#\/schema\/logo\/image\/"}}]}},"jetpack_sharing_enabled":true,"_links":{"self":[{"href":"https:\/\/shanabooks.de\/kur\/wp-json\/wp\/v2\/product\/13157","targetHints":{"allow":["GET"]}}],"collection":[{"href":"https:\/\/shanabooks.de\/kur\/wp-json\/wp\/v2\/product"}],"about":[{"href":"https:\/\/shanabooks.de\/kur\/wp-json\/wp\/v2\/types\/product"}],"version-history":[{"count":3,"href":"https:\/\/shanabooks.de\/kur\/wp-json\/wp\/v2\/product\/13157\/revisions"}],"predecessor-version":[{"id":23563,"href":"https:\/\/shanabooks.de\/kur\/wp-json\/wp\/v2\/product\/13157\/revisions\/23563"}],"wp:featuredmedia":[{"embeddable":true,"href":"https:\/\/shanabooks.de\/kur\/wp-json\/wp\/v2\/media\/13187"}],"wp:attachment":[{"href":"https:\/\/shanabooks.de\/kur\/wp-json\/wp\/v2\/media?parent=13157"}],"wp:term":[{"taxonomy":"product_brand","embeddable":true,"href":"https:\/\/shanabooks.de\/kur\/wp-json\/wp\/v2\/product_brand?post=13157"},{"taxonomy":"product_cat","embeddable":true,"href":"https:\/\/shanabooks.de\/kur\/wp-json\/wp\/v2\/product_cat?post=13157"},{"taxonomy":"product_tag","embeddable":true,"href":"https:\/\/shanabooks.de\/kur\/wp-json\/wp\/v2\/product_tag?post=13157"}],"curies":[{"name":"wp","href":"https:\/\/api.w.org\/{rel}","templated":true}]}}