{"id":13162,"date":"2024-03-03T19:50:09","date_gmt":"2024-03-03T19:50:09","guid":{"rendered":"https:\/\/shanabooks.de\/?post_type=product&#038;p=13162"},"modified":"2026-01-02T20:47:22","modified_gmt":"2026-01-02T20:47:22","slug":"kobaniya-min-salih-demicer","status":"publish","type":"product","link":"https:\/\/shanabooks.de\/kur\/product\/kobaniya-min-salih-demicer\/","title":{"rendered":"Koban\u00eeya min"},"content":{"rendered":"<p style=\"text-align: left;\"><strong>Koban\u00eeya min &#8211; Salih Dem\u00eecer<\/strong><\/p>\n<p style=\"text-align: left;\">Wek ku \u00e7awa tevn\u00e7\u00eakerek plana reng\u00ean lihevhat\u00ee y\u00ean tevna xwe dike, wiha j\u00ee Salih Dem\u00eecer di v\u00ea qefta xwe ya helbestane da, helbest\u00ean xwe y\u00ean lihevhat\u00ee ji tevneke ristane ra kirine armanc.<br \/>\n\u00c7\u00een\u00ea yekem ji tevna w\u00ee, bi helbesta &#8221; Koban\u00eeya Min &#8221; dest p\u00ea kir\u00eeye.<br \/>\nDem\u00eecer, di v\u00ea helbesta xwe da xwest\u00eeye ku hem\u00ee reng\u00ean \u00ea\u015f, dilmay\u00een, xwelomekirin, jihevd\u00fbrb\u00fbn, b\u00ear\u00eekirin, hezkirin \u00fb jibalne\u00e7\u00fbna bajar\u00ea xwe bide d\u00eeyarkirin.<br \/>\nJi v\u00ea yek\u00ea b\u00eahtir, carine Dem\u00eecer gef\u00ean tolhildana ji xwe j\u00ee dixwe \u00fb raz\u00eeb\u00fby\u00eena daw\u00eeyeke li ser dest\u00ea baj\u00ear dide xuyankirin:<\/p>\n<p style=\"text-align: left;\">&#8220;Li vir<br \/>\nLi d\u00fbr\u00ee te<br \/>\nLi pa\u015f derya \u00fb s\u00eenoran<br \/>\nD\u00eeyar e, ez \u00ea carek\u00ea<br \/>\nTe hilki\u015f\u00eenim \u00fb<br \/>\nB\u00eahna xwe ya daw\u00ee<br \/>\nKoban\u00eeya min<br \/>\nKoban\u00eeya min<br \/>\nBi te rawest\u00eenim&#8221;<\/p>\n<p style=\"text-align: left;\">Salih Dem\u00eecer di v\u00ea berhema xwe ya bi nav\u00ea Koban\u00eeya min da bi hostekar\u00eeyeke payebilind \u00fb balk\u00ea\u015f hevok\u00ean xwe, raman \u00fb hest\u00ean xwe ji xw\u00eaneran ra p\u00ea\u015fk\u00ea\u015f dike.<\/p>\n<p style=\"text-align: left;\">Ji xwendina Koban\u00eeya min b\u00ea par mem\u00eenin!<\/p>\n","protected":false},"excerpt":{"rendered":"<p style=\"text-align: center;\"><strong>pirt\u00fbk: Koban\u00eeya min<\/strong><br \/>\n<strong>Niv\u00eeskar: Salih Dem\u00eecer<\/strong><br \/>\n<strong>Cure: helbest<\/strong><\/p>\n","protected":false},"featured_media":13195,"template":"","meta":{"site-sidebar-layout":"default","site-content-layout":"","ast-site-content-layout":"default","site-content-style":"default","site-sidebar-style":"default","ast-global-header-display":"","ast-banner-title-visibility":"","ast-main-header-display":"","ast-hfb-above-header-display":"","ast-hfb-below-header-display":"","ast-hfb-mobile-header-display":"","site-post-title":"","ast-breadcrumbs-content":"","ast-featured-img":"","footer-sml-layout":"","ast-disable-related-posts":"","theme-transparent-header-meta":"default","adv-header-id-meta":"","stick-header-meta":"","header-above-stick-meta":"","header-main-stick-meta":"","header-below-stick-meta":"","astra-migrate-meta-layouts":"set","ast-page-background-enabled":"default","ast-page-background-meta":{"desktop":{"background-color":"","background-image":"","background-repeat":"repeat","background-position":"center center","background-size":"auto","background-attachment":"scroll","background-type":"","background-media":"","overlay-type":"","overlay-color":"","overlay-opacity":"","overlay-gradient":""},"tablet":{"background-color":"","background-image":"","background-repeat":"repeat","background-position":"center center","background-size":"auto","background-attachment":"scroll","background-type":"","background-media":"","overlay-type":"","overlay-color":"","overlay-opacity":"","overlay-gradient":""},"mobile":{"background-color":"","background-image":"","background-repeat":"repeat","background-position":"center center","background-size":"auto","background-attachment":"scroll","background-type":"","background-media":"","overlay-type":"","overlay-color":"","overlay-opacity":"","overlay-gradient":""}},"ast-content-background-meta":{"desktop":{"background-color":"var(--ast-global-color-5)","background-image":"","background-repeat":"repeat","background-position":"center center","background-size":"auto","background-attachment":"scroll","background-type":"","background-media":"","overlay-type":"","overlay-color":"","overlay-opacity":"","overlay-gradient":""},"tablet":{"background-color":"var(--ast-global-color-5)","background-image":"","background-repeat":"repeat","background-position":"center center","background-size":"auto","background-attachment":"scroll","background-type":"","background-media":"","overlay-type":"","overlay-color":"","overlay-opacity":"","overlay-gradient":""},"mobile":{"background-color":"var(--ast-global-color-5)","background-image":"","background-repeat":"repeat","background-position":"center center","background-size":"auto","background-attachment":"scroll","background-type":"","background-media":"","overlay-type":"","overlay-color":"","overlay-opacity":"","overlay-gradient":""}}},"product_brand":[],"product_cat":[184,193],"product_tag":[],"class_list":{"0":"post-13162","1":"product","2":"type-product","3":"status-publish","4":"has-post-thumbnail","6":"product_cat-_","7":"product_cat--_","8":"pa_-helbest","9":"pa_-salih-demicer","10":"pa_-kurmanci","11":"pa_--wesanxaneya-ava","12":"desktop-align-left","13":"tablet-align-left","14":"mobile-align-left","16":"first","17":"instock","18":"shipping-taxable","19":"purchasable","20":"product-type-simple"},"yoast_head":"<!-- This site is optimized with the Yoast SEO plugin v27.4 - https:\/\/yoast.com\/product\/yoast-seo-wordpress\/ -->\n<title>Koban\u00eeya min - Salih Dem\u00eecer - www.shanabooks.de<\/title>\n<meta name=\"description\" content=\"Koban\u00eeya min - Salih Dem\u00eecer Wek ku \u00e7awa tevn\u00e7\u00eakerek plana reng\u00ean lihevhat\u00ee y\u00ean tevna xwe dike, wiha j\u00ee Salih Dem\u00eecer di v\u00ea qefta xwe ya helbestane da...\" \/>\n<meta name=\"robots\" content=\"index, follow, max-snippet:-1, max-image-preview:large, max-video-preview:-1\" \/>\n<link rel=\"canonical\" href=\"https:\/\/shanabooks.de\/product\/kobaniya-min-salih-demicer\/\" \/>\n<meta property=\"og:locale\" content=\"en_US\" \/>\n<meta property=\"og:type\" content=\"article\" \/>\n<meta property=\"og:title\" content=\"Koban\u00eeya min - Salih Dem\u00eecer - www.shanabooks.de\" \/>\n<meta property=\"og:description\" content=\"Koban\u00eeya min - Salih Dem\u00eecer Wek ku \u00e7awa tevn\u00e7\u00eakerek plana reng\u00ean lihevhat\u00ee y\u00ean tevna xwe dike, wiha j\u00ee Salih Dem\u00eecer di v\u00ea qefta xwe ya helbestane da...\" \/>\n<meta property=\"og:url\" content=\"https:\/\/shanabooks.de\/product\/kobaniya-min-salih-demicer\/\" \/>\n<meta property=\"og:site_name\" content=\"www.shanabooks.de\" \/>\n<meta property=\"article:modified_time\" content=\"2026-01-02T20:47:22+00:00\" \/>\n<meta property=\"og:image\" content=\"https:\/\/shanabooks.de\/wp-content\/uploads\/2024\/03\/kobaniya-min-1.png\" \/>\n\t<meta property=\"og:image:width\" content=\"301\" \/>\n\t<meta property=\"og:image:height\" content=\"481\" \/>\n\t<meta property=\"og:image:type\" content=\"image\/png\" \/>\n<meta name=\"twitter:card\" content=\"summary_large_image\" \/>\n<meta name=\"twitter:label1\" content=\"Est. reading time\" \/>\n\t<meta name=\"twitter:data1\" content=\"2 minutes\" \/>\n<script type=\"application\/ld+json\" class=\"yoast-schema-graph\">{\"@context\":\"https:\\\/\\\/schema.org\",\"@graph\":[{\"@type\":\"WebPage\",\"@id\":\"https:\\\/\\\/shanabooks.de\\\/product\\\/kobaniya-min-salih-demicer\\\/\",\"url\":\"https:\\\/\\\/shanabooks.de\\\/product\\\/kobaniya-min-salih-demicer\\\/\",\"name\":\"Koban\u00eeya min - Salih Dem\u00eecer - www.shanabooks.de\",\"isPartOf\":{\"@id\":\"https:\\\/\\\/shanabooks.de\\\/#website\"},\"primaryImageOfPage\":{\"@id\":\"https:\\\/\\\/shanabooks.de\\\/product\\\/kobaniya-min-salih-demicer\\\/#primaryimage\"},\"image\":{\"@id\":\"https:\\\/\\\/shanabooks.de\\\/product\\\/kobaniya-min-salih-demicer\\\/#primaryimage\"},\"thumbnailUrl\":\"https:\\\/\\\/shanabooks.de\\\/wp-content\\\/uploads\\\/2024\\\/03\\\/kobaniya-min-1.png\",\"datePublished\":\"2024-03-03T19:50:09+00:00\",\"dateModified\":\"2026-01-02T20:47:22+00:00\",\"description\":\"Koban\u00eeya min - Salih Dem\u00eecer Wek ku \u00e7awa tevn\u00e7\u00eakerek plana reng\u00ean lihevhat\u00ee y\u00ean tevna xwe dike, wiha j\u00ee Salih Dem\u00eecer di v\u00ea qefta xwe ya helbestane da...\",\"breadcrumb\":{\"@id\":\"https:\\\/\\\/shanabooks.de\\\/product\\\/kobaniya-min-salih-demicer\\\/#breadcrumb\"},\"inLanguage\":\"kur\",\"potentialAction\":[{\"@type\":\"ReadAction\",\"target\":[\"https:\\\/\\\/shanabooks.de\\\/product\\\/kobaniya-min-salih-demicer\\\/\"]}]},{\"@type\":\"ImageObject\",\"inLanguage\":\"kur\",\"@id\":\"https:\\\/\\\/shanabooks.de\\\/product\\\/kobaniya-min-salih-demicer\\\/#primaryimage\",\"url\":\"https:\\\/\\\/shanabooks.de\\\/wp-content\\\/uploads\\\/2024\\\/03\\\/kobaniya-min-1.png\",\"contentUrl\":\"https:\\\/\\\/shanabooks.de\\\/wp-content\\\/uploads\\\/2024\\\/03\\\/kobaniya-min-1.png\",\"width\":301,\"height\":481,\"caption\":\"Koban\u00eeya min - Salih Dem\u00eecer - pirt\u00fbk\u00ean kurd\u00ee - he\u00eabest\"},{\"@type\":\"BreadcrumbList\",\"@id\":\"https:\\\/\\\/shanabooks.de\\\/product\\\/kobaniya-min-salih-demicer\\\/#breadcrumb\",\"itemListElement\":[{\"@type\":\"ListItem\",\"position\":1,\"name\":\"\u0627\u0644\u0631\u0626\u064a\u0633\u064a\u0629\",\"item\":\"https:\\\/\\\/shanabooks.de\\\/kur\\\/\"},{\"@type\":\"ListItem\",\"position\":2,\"name\":\"\u0627\u0644\u0645\u0646\u062a\u062c\u0627\u062a\",\"item\":\"https:\\\/\\\/shanabooks.de\\\/shop\\\/\"},{\"@type\":\"ListItem\",\"position\":3,\"name\":\"Koban\u00eeya min\"}]},{\"@type\":\"WebSite\",\"@id\":\"https:\\\/\\\/shanabooks.de\\\/#website\",\"url\":\"https:\\\/\\\/shanabooks.de\\\/\",\"name\":\"www.shanbooks.de\",\"description\":\"C\u00eehana Pirt\u00fbk\u00ean Kurd\u00ee \u0645\u0643\u062a\u0628\u0629 \u0634\u0627\u0646\u0627 \u0641\u064a \u0627\u0644\u0645\u0627\u0646\u064a\u0627 \u0648\u0623\u0648\u0631\u0628\u0627\",\"publisher\":{\"@id\":\"https:\\\/\\\/shanabooks.de\\\/#organization\"},\"potentialAction\":[{\"@type\":\"SearchAction\",\"target\":{\"@type\":\"EntryPoint\",\"urlTemplate\":\"https:\\\/\\\/shanabooks.de\\\/?s={search_term_string}\"},\"query-input\":{\"@type\":\"PropertyValueSpecification\",\"valueRequired\":true,\"valueName\":\"search_term_string\"}}],\"inLanguage\":\"kur\"},{\"@type\":\"Organization\",\"@id\":\"https:\\\/\\\/shanabooks.de\\\/#organization\",\"name\":\"www.shanbooks.de\",\"url\":\"https:\\\/\\\/shanabooks.de\\\/\",\"logo\":{\"@type\":\"ImageObject\",\"inLanguage\":\"kur\",\"@id\":\"https:\\\/\\\/shanabooks.de\\\/#\\\/schema\\\/logo\\\/image\\\/\",\"url\":\"https:\\\/\\\/shanabooks.de\\\/wp-content\\\/uploads\\\/2024\\\/03\\\/SHANABOOKS__2_-removebg-preview.png\",\"contentUrl\":\"https:\\\/\\\/shanabooks.de\\\/wp-content\\\/uploads\\\/2024\\\/03\\\/SHANABOOKS__2_-removebg-preview.png\",\"width\":700,\"height\":150,\"caption\":\"www.shanbooks.de\"},\"image\":{\"@id\":\"https:\\\/\\\/shanabooks.de\\\/#\\\/schema\\\/logo\\\/image\\\/\"}}]}<\/script>\n<!-- \/ Yoast SEO plugin. -->","yoast_head_json":{"title":"Koban\u00eeya min - Salih Dem\u00eecer - www.shanabooks.de","description":"Koban\u00eeya min - Salih Dem\u00eecer Wek ku \u00e7awa tevn\u00e7\u00eakerek plana reng\u00ean lihevhat\u00ee y\u00ean tevna xwe dike, wiha j\u00ee Salih Dem\u00eecer di v\u00ea qefta xwe ya helbestane da...","robots":{"index":"index","follow":"follow","max-snippet":"max-snippet:-1","max-image-preview":"max-image-preview:large","max-video-preview":"max-video-preview:-1"},"canonical":"https:\/\/shanabooks.de\/product\/kobaniya-min-salih-demicer\/","og_locale":"en_US","og_type":"article","og_title":"Koban\u00eeya min - Salih Dem\u00eecer - www.shanabooks.de","og_description":"Koban\u00eeya min - Salih Dem\u00eecer Wek ku \u00e7awa tevn\u00e7\u00eakerek plana reng\u00ean lihevhat\u00ee y\u00ean tevna xwe dike, wiha j\u00ee Salih Dem\u00eecer di v\u00ea qefta xwe ya helbestane da...","og_url":"https:\/\/shanabooks.de\/product\/kobaniya-min-salih-demicer\/","og_site_name":"www.shanabooks.de","article_modified_time":"2026-01-02T20:47:22+00:00","og_image":[{"width":301,"height":481,"url":"https:\/\/shanabooks.de\/wp-content\/uploads\/2024\/03\/kobaniya-min-1.png","type":"image\/png"}],"twitter_card":"summary_large_image","twitter_misc":{"Est. reading time":"2 minutes"},"schema":{"@context":"https:\/\/schema.org","@graph":[{"@type":"WebPage","@id":"https:\/\/shanabooks.de\/product\/kobaniya-min-salih-demicer\/","url":"https:\/\/shanabooks.de\/product\/kobaniya-min-salih-demicer\/","name":"Koban\u00eeya min - Salih Dem\u00eecer - www.shanabooks.de","isPartOf":{"@id":"https:\/\/shanabooks.de\/#website"},"primaryImageOfPage":{"@id":"https:\/\/shanabooks.de\/product\/kobaniya-min-salih-demicer\/#primaryimage"},"image":{"@id":"https:\/\/shanabooks.de\/product\/kobaniya-min-salih-demicer\/#primaryimage"},"thumbnailUrl":"https:\/\/shanabooks.de\/wp-content\/uploads\/2024\/03\/kobaniya-min-1.png","datePublished":"2024-03-03T19:50:09+00:00","dateModified":"2026-01-02T20:47:22+00:00","description":"Koban\u00eeya min - Salih Dem\u00eecer Wek ku \u00e7awa tevn\u00e7\u00eakerek plana reng\u00ean lihevhat\u00ee y\u00ean tevna xwe dike, wiha j\u00ee Salih Dem\u00eecer di v\u00ea qefta xwe ya helbestane da...","breadcrumb":{"@id":"https:\/\/shanabooks.de\/product\/kobaniya-min-salih-demicer\/#breadcrumb"},"inLanguage":"kur","potentialAction":[{"@type":"ReadAction","target":["https:\/\/shanabooks.de\/product\/kobaniya-min-salih-demicer\/"]}]},{"@type":"ImageObject","inLanguage":"kur","@id":"https:\/\/shanabooks.de\/product\/kobaniya-min-salih-demicer\/#primaryimage","url":"https:\/\/shanabooks.de\/wp-content\/uploads\/2024\/03\/kobaniya-min-1.png","contentUrl":"https:\/\/shanabooks.de\/wp-content\/uploads\/2024\/03\/kobaniya-min-1.png","width":301,"height":481,"caption":"Koban\u00eeya min - Salih Dem\u00eecer - pirt\u00fbk\u00ean kurd\u00ee - he\u00eabest"},{"@type":"BreadcrumbList","@id":"https:\/\/shanabooks.de\/product\/kobaniya-min-salih-demicer\/#breadcrumb","itemListElement":[{"@type":"ListItem","position":1,"name":"\u0627\u0644\u0631\u0626\u064a\u0633\u064a\u0629","item":"https:\/\/shanabooks.de\/kur\/"},{"@type":"ListItem","position":2,"name":"\u0627\u0644\u0645\u0646\u062a\u062c\u0627\u062a","item":"https:\/\/shanabooks.de\/shop\/"},{"@type":"ListItem","position":3,"name":"Koban\u00eeya min"}]},{"@type":"WebSite","@id":"https:\/\/shanabooks.de\/#website","url":"https:\/\/shanabooks.de\/","name":"www.shanbooks.de","description":"C\u00eehana Pirt\u00fbk\u00ean Kurd\u00ee \u0645\u0643\u062a\u0628\u0629 \u0634\u0627\u0646\u0627 \u0641\u064a \u0627\u0644\u0645\u0627\u0646\u064a\u0627 \u0648\u0623\u0648\u0631\u0628\u0627","publisher":{"@id":"https:\/\/shanabooks.de\/#organization"},"potentialAction":[{"@type":"SearchAction","target":{"@type":"EntryPoint","urlTemplate":"https:\/\/shanabooks.de\/?s={search_term_string}"},"query-input":{"@type":"PropertyValueSpecification","valueRequired":true,"valueName":"search_term_string"}}],"inLanguage":"kur"},{"@type":"Organization","@id":"https:\/\/shanabooks.de\/#organization","name":"www.shanbooks.de","url":"https:\/\/shanabooks.de\/","logo":{"@type":"ImageObject","inLanguage":"kur","@id":"https:\/\/shanabooks.de\/#\/schema\/logo\/image\/","url":"https:\/\/shanabooks.de\/wp-content\/uploads\/2024\/03\/SHANABOOKS__2_-removebg-preview.png","contentUrl":"https:\/\/shanabooks.de\/wp-content\/uploads\/2024\/03\/SHANABOOKS__2_-removebg-preview.png","width":700,"height":150,"caption":"www.shanbooks.de"},"image":{"@id":"https:\/\/shanabooks.de\/#\/schema\/logo\/image\/"}}]}},"jetpack_sharing_enabled":true,"_links":{"self":[{"href":"https:\/\/shanabooks.de\/kur\/wp-json\/wp\/v2\/product\/13162","targetHints":{"allow":["GET"]}}],"collection":[{"href":"https:\/\/shanabooks.de\/kur\/wp-json\/wp\/v2\/product"}],"about":[{"href":"https:\/\/shanabooks.de\/kur\/wp-json\/wp\/v2\/types\/product"}],"version-history":[{"count":3,"href":"https:\/\/shanabooks.de\/kur\/wp-json\/wp\/v2\/product\/13162\/revisions"}],"predecessor-version":[{"id":22702,"href":"https:\/\/shanabooks.de\/kur\/wp-json\/wp\/v2\/product\/13162\/revisions\/22702"}],"wp:featuredmedia":[{"embeddable":true,"href":"https:\/\/shanabooks.de\/kur\/wp-json\/wp\/v2\/media\/13195"}],"wp:attachment":[{"href":"https:\/\/shanabooks.de\/kur\/wp-json\/wp\/v2\/media?parent=13162"}],"wp:term":[{"taxonomy":"product_brand","embeddable":true,"href":"https:\/\/shanabooks.de\/kur\/wp-json\/wp\/v2\/product_brand?post=13162"},{"taxonomy":"product_cat","embeddable":true,"href":"https:\/\/shanabooks.de\/kur\/wp-json\/wp\/v2\/product_cat?post=13162"},{"taxonomy":"product_tag","embeddable":true,"href":"https:\/\/shanabooks.de\/kur\/wp-json\/wp\/v2\/product_tag?post=13162"}],"curies":[{"name":"wp","href":"https:\/\/api.w.org\/{rel}","templated":true}]}}