{"id":13179,"date":"2024-03-03T19:50:10","date_gmt":"2024-03-03T19:50:10","guid":{"rendered":"https:\/\/shanabooks.de\/?post_type=product&#038;p=13179"},"modified":"2024-04-27T11:29:50","modified_gmt":"2024-04-27T11:29:50","slug":"%d8%b6%d9%81%d8%a9-%d8%ab%d8%a7%d9%84%d8%ab%d8%a9-%d9%85%d8%a7%d9%8a%d8%a7-%d8%af%d8%b1%d9%88%d9%8a%d8%b4","status":"publish","type":"product","link":"https:\/\/shanabooks.de\/kur\/product\/%d8%b6%d9%81%d8%a9-%d8%ab%d8%a7%d9%84%d8%ab%d8%a9-%d9%85%d8%a7%d9%8a%d8%a7-%d8%af%d8%b1%d9%88%d9%8a%d8%b4\/","title":{"rendered":"\u0636\u0641\u0629 \u062b\u0627\u0644\u062b\u0629"},"content":{"rendered":"<p><strong>\u0636\u0641\u0629 \u062b\u0627\u0644\u062b\u0629 &#8211; \u0645\u0627\u064a\u0627 \u062f\u0631\u0648\u064a\u0634<\/strong><br \/>\n\u062f\u064a\u0648\u0627\u0646 \u0636\u0641\u0629 \u062b\u0627\u0644\u062b\u0629 \u0647\u0648 \u0627\u0644\u062f\u064a\u0648\u0627\u0646 \u0627\u0644\u0623\u0648\u0644 \u0644\u0644\u0634\u0627\u0639\u0631\u0629 \u0627\u0644\u0633\u0648\u0631\u064a\u0629 \u0627\u0628\u0646\u0629 \u0627\u0644\u0641\u0631\u0627\u062a \u0645\u0627\u064a\u0627 \u062f\u0631\u0648\u064a\u0634.<br \/>\n\u062f\u0631\u0633\u062a \u0627\u0644\u0644\u063a\u0629 \u0627\u0644\u0639\u0631\u0628\u064a\u0629 \u0641\u064a \u0643\u0644\u064a\u0629 \u0627\u0644\u0622\u062f\u0627\u0628 \u062c\u0627\u0645\u0639\u0629 \u0627\u0644\u0641\u0631\u0627\u062a\u060c \u062b\u0645 \u062e\u0631\u062c\u062a \u0645\u0646 \u0633\u0648\u0631\u064a\u0629 \u0625\u0644\u0649 \u062a\u0631\u0643\u064a\u0627 \u0639\u0627\u0645 2015\u060c \u0648\u0645\u0646 \u062b\u0645 \u0625\u0644\u0649 \u0623\u0644\u0645\u0627\u0646\u064a\u0627 \u0645\u0639 \u0632\u0648\u062c\u0647\u0627 \u0648\u0627\u0628\u0646\u062a\u0647\u0627 \u062d\u064a\u062b \u0627\u0633\u062a\u0642\u0631\u062a \u0647\u0646\u0627\u0643 \u0648\u0623\u0635\u0628\u062d\u062a \u0644\u0627\u062c\u0626\u0629 \u0641\u064a \u0627\u0644\u0645\u0627\u0646\u064a\u0627.<br \/>\n\u0647\u0630\u0627 \u0627\u0644\u062f\u064a\u0648\u0627\u0646 \u0623\u062d\u062f \u0627\u0644\u062f\u0648\u0627\u0648\u064a\u0646 \u0627\u0644\u062a\u064a \u062a\u062a\u062d\u062f\u062b \u0639\u0646 \u0647\u0645\u0648\u0645 \u0627\u0644\u0634\u0639\u0628 \u0627\u0644\u0633\u0648\u0631\u064a \u0648\u0623\u062d\u062f\u0627\u062b \u0627\u0644\u062b\u0648\u0631\u0629 \u0627\u0644\u0633\u0648\u0631\u064a\u0629 \u0648\u0627\u0644\u063a\u0631\u0628\u0629 \u0648\u0627\u0644\u062a\u0647\u062c\u064a\u0631 \u0627\u0644\u0642\u0633\u0631\u064a \u0627\u0644\u0630\u064a \u0639\u0627\u0646\u0649 \u0645\u0646\u0647 \u0627\u0644\u0634\u0639\u0628 \u0627\u0644\u0633\u0648\u0631\u064a \u0628\u062c\u0645\u064a\u0639 \u0623\u0637\u064a\u0627\u0641\u0647\u060c \u0643\u0645\u0627 \u0646\u062c\u062f \u0646\u0635\u0648\u0635 \u0646\u062b\u0631\u064a\u0629 \u0648\u0648\u0645\u0636\u0627\u062a \u0634\u0639\u0631\u064a\u0629 \u062a\u062a\u062d\u062f\u062b \u0639\u0646 \u0627\u0644\u062d\u0628 \u0648\u0627\u0644\u0634\u0648\u0642 \u0648\u0627\u0644\u062e\u064a\u0628\u0629 \u0648\u0627\u0644\u0641\u0631\u0627\u0642\u060c \u0644\u0646\u0644\u0627\u062d\u0638 \u0642\u0635\u062f \u0627\u0644\u0634\u0627\u0639\u0631\u0629 \u0628\u0627\u0644\u0636\u0641\u0629 \u0627\u0644\u062b\u0627\u0644\u062b\u0629 \u0647\u0648 \u0636\u0641\u0629 \u0627\u0644\u063a\u0631\u0628\u0629 \u0648\u0627\u0644\u062a\u0647\u062c\u064a\u0631 \u0627\u0644\u0642\u0633\u0631\u064a \u0627\u0644\u0630\u064a \u0634\u0647\u062f\u0647 \u0627\u0644\u0634\u0639\u0628 \u0627\u0644\u0633\u0648\u0631\u064a.<br \/>\n\u0645\u0645\u0627 \u062c\u0627\u0621 \u0641\u064a \u0647\u0630\u0627 \u0627\u0644\u062f\u064a\u0648\u0627\u0646:<br \/>\n\u064a\u0627\u0645\u064e\u0646\u0652 \u062a\u062f\u0651\u0639\u064a \u0646\u0633\u064a\u0627\u0646\u064a \u0643\u0627\u0630\u0628\u064c \u0623\u0646\u062a\u064e<br \/>\n\u0628\u0623\u064f\u0645\u0651\u0650 \u0642\u0644\u0628\u064a \u0631\u0623\u064a\u062a\u064f\u0643\u064e<br \/>\n\u062a\u064f\u0639\u0627\u0646\u0642\u064f \u0636\u0641\u0627\u0641\u064e \u0631\u0648\u062d\u064a<br \/>\n\u0646\u062e\u0644\u0629\u064b \u0646\u062e\u0644\u0629\u064b<\/p>\n","protected":false},"excerpt":{"rendered":"<p style=\"text-align: center\"><strong>\u0627\u0644\u0643\u062a\u0627\u0628: \u0636\u0641\u0629 \u062b\u0627\u0644\u062b\u0629<\/strong><br \/>\n<strong>\u0627\u0644\u0643\u0627\u062a\u0628: \u0645\u0627\u064a\u0627 \u062f\u0631\u0648\u064a\u0634<\/strong><br \/>\n<strong>\u0627\u0644\u0646\u0648\u0639: \u0634\u0639\u0631\u00a0<\/strong><\/p>\n","protected":false},"featured_media":13240,"template":"","meta":{"site-sidebar-layout":"default","site-content-layout":"","ast-site-content-layout":"default","site-content-style":"default","site-sidebar-style":"default","ast-global-header-display":"","ast-banner-title-visibility":"","ast-main-header-display":"","ast-hfb-above-header-display":"","ast-hfb-below-header-display":"","ast-hfb-mobile-header-display":"","site-post-title":"","ast-breadcrumbs-content":"","ast-featured-img":"","footer-sml-layout":"","ast-disable-related-posts":"","theme-transparent-header-meta":"default","adv-header-id-meta":"","stick-header-meta":"","header-above-stick-meta":"","header-main-stick-meta":"","header-below-stick-meta":"","astra-migrate-meta-layouts":"set","ast-page-background-enabled":"default","ast-page-background-meta":{"desktop":{"background-color":"","background-image":"","background-repeat":"repeat","background-position":"center center","background-size":"auto","background-attachment":"scroll","background-type":"","background-media":"","overlay-type":"","overlay-color":"","overlay-opacity":"","overlay-gradient":""},"tablet":{"background-color":"","background-image":"","background-repeat":"repeat","background-position":"center center","background-size":"auto","background-attachment":"scroll","background-type":"","background-media":"","overlay-type":"","overlay-color":"","overlay-opacity":"","overlay-gradient":""},"mobile":{"background-color":"","background-image":"","background-repeat":"repeat","background-position":"center center","background-size":"auto","background-attachment":"scroll","background-type":"","background-media":"","overlay-type":"","overlay-color":"","overlay-opacity":"","overlay-gradient":""}},"ast-content-background-meta":{"desktop":{"background-color":"var(--ast-global-color-5)","background-image":"","background-repeat":"repeat","background-position":"center center","background-size":"auto","background-attachment":"scroll","background-type":"","background-media":"","overlay-type":"","overlay-color":"","overlay-opacity":"","overlay-gradient":""},"tablet":{"background-color":"var(--ast-global-color-5)","background-image":"","background-repeat":"repeat","background-position":"center center","background-size":"auto","background-attachment":"scroll","background-type":"","background-media":"","overlay-type":"","overlay-color":"","overlay-opacity":"","overlay-gradient":""},"mobile":{"background-color":"var(--ast-global-color-5)","background-image":"","background-repeat":"repeat","background-position":"center center","background-size":"auto","background-attachment":"scroll","background-type":"","background-media":"","overlay-type":"","overlay-color":"","overlay-opacity":"","overlay-gradient":""}}},"product_brand":[],"product_cat":[167,192],"product_tag":[],"class_list":{"0":"post-13179","1":"product","2":"type-product","3":"status-publish","4":"has-post-thumbnail","6":"product_cat-167","7":"product_cat-192","8":"pa_-739","9":"pa_-1535","10":"pa_-347","11":"pa_--wesanxaneya-ava","12":"desktop-align-left","13":"tablet-align-left","14":"mobile-align-left","16":"first","17":"outofstock","18":"shipping-taxable","19":"purchasable","20":"product-type-simple"},"yoast_head":"<!-- This site is optimized with the Yoast SEO plugin v27.3 - https:\/\/yoast.com\/product\/yoast-seo-wordpress\/ -->\n<title>\u0636\u0641\u0629 \u062b\u0627\u0644\u062b\u0629 - \u0645\u0627\u064a\u0627 \u062f\u0631\u0648\u064a\u0634 - www.shanabooks.de<\/title>\n<meta name=\"description\" content=\"\u0636\u0641\u0629 \u062b\u0627\u0644\u062b\u0629 - \u0645\u0627\u064a\u0627 \u062f\u0631\u0648\u064a\u0634 \u062f\u064a\u0648\u0627\u0646 \u0636\u0641\u0629 \u062b\u0627\u0644\u062b\u0629 \u0647\u0648 \u0627\u0644\u062f\u064a\u0648\u0627\u0646 \u0627\u0644\u0623\u0648\u0644 \u0644\u0644\u0634\u0627\u0639\u0631\u0629 \u0627\u0644\u0633\u0648\u0631\u064a\u0629 \u0627\u0628\u0646\u0629 \u0627\u0644\u0641\u0631\u0627\u062a \u0645\u0627\u064a\u0627 \u062f\u0631\u0648\u064a\u0634.\u062f\u0631\u0633\u062a \u0627\u0644\u0644\u063a\u0629 \u0627\u0644\u0639\u0631\u0628\u064a\u0629 \u0641\u064a \u0643\u0644\u064a\u0629 \u0627\u0644\u0622\u062f\u0627\u0628 \u062c\u0627\u0645\u0639\u0629 \u0627\u0644\u0641\u0631\u0627\u062a\u060c \u062b\u0645 \u062e\u0631\u062c\u062a ...\" \/>\n<meta name=\"robots\" content=\"index, follow, max-snippet:-1, max-image-preview:large, max-video-preview:-1\" \/>\n<link rel=\"canonical\" href=\"https:\/\/shanabooks.de\/product\/\u0636\u0641\u0629-\u062b\u0627\u0644\u062b\u0629-\u0645\u0627\u064a\u0627-\u062f\u0631\u0648\u064a\u0634\/\" \/>\n<meta property=\"og:locale\" content=\"en_US\" \/>\n<meta property=\"og:type\" content=\"article\" \/>\n<meta property=\"og:title\" content=\"\u0636\u0641\u0629 \u062b\u0627\u0644\u062b\u0629 - \u0645\u0627\u064a\u0627 \u062f\u0631\u0648\u064a\u0634 - www.shanabooks.de\" \/>\n<meta property=\"og:description\" content=\"\u0636\u0641\u0629 \u062b\u0627\u0644\u062b\u0629 - \u0645\u0627\u064a\u0627 \u062f\u0631\u0648\u064a\u0634 \u062f\u064a\u0648\u0627\u0646 \u0636\u0641\u0629 \u062b\u0627\u0644\u062b\u0629 \u0647\u0648 \u0627\u0644\u062f\u064a\u0648\u0627\u0646 \u0627\u0644\u0623\u0648\u0644 \u0644\u0644\u0634\u0627\u0639\u0631\u0629 \u0627\u0644\u0633\u0648\u0631\u064a\u0629 \u0627\u0628\u0646\u0629 \u0627\u0644\u0641\u0631\u0627\u062a \u0645\u0627\u064a\u0627 \u062f\u0631\u0648\u064a\u0634.\u062f\u0631\u0633\u062a \u0627\u0644\u0644\u063a\u0629 \u0627\u0644\u0639\u0631\u0628\u064a\u0629 \u0641\u064a \u0643\u0644\u064a\u0629 \u0627\u0644\u0622\u062f\u0627\u0628 \u062c\u0627\u0645\u0639\u0629 \u0627\u0644\u0641\u0631\u0627\u062a\u060c \u062b\u0645 \u062e\u0631\u062c\u062a ...\" \/>\n<meta property=\"og:url\" content=\"https:\/\/shanabooks.de\/product\/\u0636\u0641\u0629-\u062b\u0627\u0644\u062b\u0629-\u0645\u0627\u064a\u0627-\u062f\u0631\u0648\u064a\u0634\/\" \/>\n<meta property=\"og:site_name\" content=\"www.shanabooks.de\" \/>\n<meta property=\"article:modified_time\" content=\"2024-04-27T11:29:50+00:00\" \/>\n<meta property=\"og:image\" content=\"https:\/\/shanabooks.de\/wp-content\/uploads\/2024\/03\/\u0636\u0641\u0629-\u062b\u0627\u0644\u062b\u0629-1.png\" \/>\n\t<meta property=\"og:image:width\" content=\"288\" \/>\n\t<meta property=\"og:image:height\" content=\"479\" \/>\n\t<meta property=\"og:image:type\" content=\"image\/png\" \/>\n<meta name=\"twitter:card\" content=\"summary_large_image\" \/>\n<meta name=\"twitter:label1\" content=\"Est. reading time\" \/>\n\t<meta name=\"twitter:data1\" content=\"2 minutes\" \/>\n<script type=\"application\/ld+json\" class=\"yoast-schema-graph\">{\"@context\":\"https:\\\/\\\/schema.org\",\"@graph\":[{\"@type\":\"WebPage\",\"@id\":\"https:\\\/\\\/shanabooks.de\\\/product\\\/%d8%b6%d9%81%d8%a9-%d8%ab%d8%a7%d9%84%d8%ab%d8%a9-%d9%85%d8%a7%d9%8a%d8%a7-%d8%af%d8%b1%d9%88%d9%8a%d8%b4\\\/\",\"url\":\"https:\\\/\\\/shanabooks.de\\\/product\\\/%d8%b6%d9%81%d8%a9-%d8%ab%d8%a7%d9%84%d8%ab%d8%a9-%d9%85%d8%a7%d9%8a%d8%a7-%d8%af%d8%b1%d9%88%d9%8a%d8%b4\\\/\",\"name\":\"\u0636\u0641\u0629 \u062b\u0627\u0644\u062b\u0629 - \u0645\u0627\u064a\u0627 \u062f\u0631\u0648\u064a\u0634 - www.shanabooks.de\",\"isPartOf\":{\"@id\":\"https:\\\/\\\/shanabooks.de\\\/#website\"},\"primaryImageOfPage\":{\"@id\":\"https:\\\/\\\/shanabooks.de\\\/product\\\/%d8%b6%d9%81%d8%a9-%d8%ab%d8%a7%d9%84%d8%ab%d8%a9-%d9%85%d8%a7%d9%8a%d8%a7-%d8%af%d8%b1%d9%88%d9%8a%d8%b4\\\/#primaryimage\"},\"image\":{\"@id\":\"https:\\\/\\\/shanabooks.de\\\/product\\\/%d8%b6%d9%81%d8%a9-%d8%ab%d8%a7%d9%84%d8%ab%d8%a9-%d9%85%d8%a7%d9%8a%d8%a7-%d8%af%d8%b1%d9%88%d9%8a%d8%b4\\\/#primaryimage\"},\"thumbnailUrl\":\"https:\\\/\\\/shanabooks.de\\\/wp-content\\\/uploads\\\/2024\\\/03\\\/\u0636\u0641\u0629-\u062b\u0627\u0644\u062b\u0629-1.png\",\"datePublished\":\"2024-03-03T19:50:10+00:00\",\"dateModified\":\"2024-04-27T11:29:50+00:00\",\"description\":\"\u0636\u0641\u0629 \u062b\u0627\u0644\u062b\u0629 - \u0645\u0627\u064a\u0627 \u062f\u0631\u0648\u064a\u0634 \u062f\u064a\u0648\u0627\u0646 \u0636\u0641\u0629 \u062b\u0627\u0644\u062b\u0629 \u0647\u0648 \u0627\u0644\u062f\u064a\u0648\u0627\u0646 \u0627\u0644\u0623\u0648\u0644 \u0644\u0644\u0634\u0627\u0639\u0631\u0629 \u0627\u0644\u0633\u0648\u0631\u064a\u0629 \u0627\u0628\u0646\u0629 \u0627\u0644\u0641\u0631\u0627\u062a \u0645\u0627\u064a\u0627 \u062f\u0631\u0648\u064a\u0634.\u062f\u0631\u0633\u062a \u0627\u0644\u0644\u063a\u0629 \u0627\u0644\u0639\u0631\u0628\u064a\u0629 \u0641\u064a \u0643\u0644\u064a\u0629 \u0627\u0644\u0622\u062f\u0627\u0628 \u062c\u0627\u0645\u0639\u0629 \u0627\u0644\u0641\u0631\u0627\u062a\u060c \u062b\u0645 \u062e\u0631\u062c\u062a ...\",\"breadcrumb\":{\"@id\":\"https:\\\/\\\/shanabooks.de\\\/product\\\/%d8%b6%d9%81%d8%a9-%d8%ab%d8%a7%d9%84%d8%ab%d8%a9-%d9%85%d8%a7%d9%8a%d8%a7-%d8%af%d8%b1%d9%88%d9%8a%d8%b4\\\/#breadcrumb\"},\"inLanguage\":\"kur\",\"potentialAction\":[{\"@type\":\"ReadAction\",\"target\":[\"https:\\\/\\\/shanabooks.de\\\/product\\\/%d8%b6%d9%81%d8%a9-%d8%ab%d8%a7%d9%84%d8%ab%d8%a9-%d9%85%d8%a7%d9%8a%d8%a7-%d8%af%d8%b1%d9%88%d9%8a%d8%b4\\\/\"]}]},{\"@type\":\"ImageObject\",\"inLanguage\":\"kur\",\"@id\":\"https:\\\/\\\/shanabooks.de\\\/product\\\/%d8%b6%d9%81%d8%a9-%d8%ab%d8%a7%d9%84%d8%ab%d8%a9-%d9%85%d8%a7%d9%8a%d8%a7-%d8%af%d8%b1%d9%88%d9%8a%d8%b4\\\/#primaryimage\",\"url\":\"https:\\\/\\\/shanabooks.de\\\/wp-content\\\/uploads\\\/2024\\\/03\\\/\u0636\u0641\u0629-\u062b\u0627\u0644\u062b\u0629-1.png\",\"contentUrl\":\"https:\\\/\\\/shanabooks.de\\\/wp-content\\\/uploads\\\/2024\\\/03\\\/\u0636\u0641\u0629-\u062b\u0627\u0644\u062b\u0629-1.png\",\"width\":288,\"height\":479,\"caption\":\"\u0636\u0641\u0629 \u062b\u0627\u0644\u062b\u0629 - \u0645\u0627\u064a\u0627 \u062f\u0631\u0648\u064a\u0634 - \u0643\u062a\u0628 \u0639\u0631\u0628\u064a\u0629 - \u0634\u0639\u0631\"},{\"@type\":\"BreadcrumbList\",\"@id\":\"https:\\\/\\\/shanabooks.de\\\/product\\\/%d8%b6%d9%81%d8%a9-%d8%ab%d8%a7%d9%84%d8%ab%d8%a9-%d9%85%d8%a7%d9%8a%d8%a7-%d8%af%d8%b1%d9%88%d9%8a%d8%b4\\\/#breadcrumb\",\"itemListElement\":[{\"@type\":\"ListItem\",\"position\":1,\"name\":\"\u0627\u0644\u0631\u0626\u064a\u0633\u064a\u0629\",\"item\":\"https:\\\/\\\/shanabooks.de\\\/kur\\\/\"},{\"@type\":\"ListItem\",\"position\":2,\"name\":\"\u0627\u0644\u0645\u0646\u062a\u062c\u0627\u062a\",\"item\":\"https:\\\/\\\/shanabooks.de\\\/shop\\\/\"},{\"@type\":\"ListItem\",\"position\":3,\"name\":\"\u0636\u0641\u0629 \u062b\u0627\u0644\u062b\u0629\"}]},{\"@type\":\"WebSite\",\"@id\":\"https:\\\/\\\/shanabooks.de\\\/#website\",\"url\":\"https:\\\/\\\/shanabooks.de\\\/\",\"name\":\"www.shanbooks.de\",\"description\":\"C\u00eehana Pirt\u00fbk\u00ean Kurd\u00ee \u0645\u0643\u062a\u0628\u0629 \u0634\u0627\u0646\u0627 \u0641\u064a \u0627\u0644\u0645\u0627\u0646\u064a\u0627 \u0648\u0623\u0648\u0631\u0628\u0627\",\"publisher\":{\"@id\":\"https:\\\/\\\/shanabooks.de\\\/#organization\"},\"potentialAction\":[{\"@type\":\"SearchAction\",\"target\":{\"@type\":\"EntryPoint\",\"urlTemplate\":\"https:\\\/\\\/shanabooks.de\\\/?s={search_term_string}\"},\"query-input\":{\"@type\":\"PropertyValueSpecification\",\"valueRequired\":true,\"valueName\":\"search_term_string\"}}],\"inLanguage\":\"kur\"},{\"@type\":\"Organization\",\"@id\":\"https:\\\/\\\/shanabooks.de\\\/#organization\",\"name\":\"www.shanbooks.de\",\"url\":\"https:\\\/\\\/shanabooks.de\\\/\",\"logo\":{\"@type\":\"ImageObject\",\"inLanguage\":\"kur\",\"@id\":\"https:\\\/\\\/shanabooks.de\\\/#\\\/schema\\\/logo\\\/image\\\/\",\"url\":\"https:\\\/\\\/shanabooks.de\\\/wp-content\\\/uploads\\\/2024\\\/03\\\/SHANABOOKS__2_-removebg-preview.png\",\"contentUrl\":\"https:\\\/\\\/shanabooks.de\\\/wp-content\\\/uploads\\\/2024\\\/03\\\/SHANABOOKS__2_-removebg-preview.png\",\"width\":700,\"height\":150,\"caption\":\"www.shanbooks.de\"},\"image\":{\"@id\":\"https:\\\/\\\/shanabooks.de\\\/#\\\/schema\\\/logo\\\/image\\\/\"}}]}<\/script>\n<!-- \/ Yoast SEO plugin. -->","yoast_head_json":{"title":"\u0636\u0641\u0629 \u062b\u0627\u0644\u062b\u0629 - \u0645\u0627\u064a\u0627 \u062f\u0631\u0648\u064a\u0634 - www.shanabooks.de","description":"\u0636\u0641\u0629 \u062b\u0627\u0644\u062b\u0629 - \u0645\u0627\u064a\u0627 \u062f\u0631\u0648\u064a\u0634 \u062f\u064a\u0648\u0627\u0646 \u0636\u0641\u0629 \u062b\u0627\u0644\u062b\u0629 \u0647\u0648 \u0627\u0644\u062f\u064a\u0648\u0627\u0646 \u0627\u0644\u0623\u0648\u0644 \u0644\u0644\u0634\u0627\u0639\u0631\u0629 \u0627\u0644\u0633\u0648\u0631\u064a\u0629 \u0627\u0628\u0646\u0629 \u0627\u0644\u0641\u0631\u0627\u062a \u0645\u0627\u064a\u0627 \u062f\u0631\u0648\u064a\u0634.\u062f\u0631\u0633\u062a \u0627\u0644\u0644\u063a\u0629 \u0627\u0644\u0639\u0631\u0628\u064a\u0629 \u0641\u064a \u0643\u0644\u064a\u0629 \u0627\u0644\u0622\u062f\u0627\u0628 \u062c\u0627\u0645\u0639\u0629 \u0627\u0644\u0641\u0631\u0627\u062a\u060c \u062b\u0645 \u062e\u0631\u062c\u062a ...","robots":{"index":"index","follow":"follow","max-snippet":"max-snippet:-1","max-image-preview":"max-image-preview:large","max-video-preview":"max-video-preview:-1"},"canonical":"https:\/\/shanabooks.de\/product\/\u0636\u0641\u0629-\u062b\u0627\u0644\u062b\u0629-\u0645\u0627\u064a\u0627-\u062f\u0631\u0648\u064a\u0634\/","og_locale":"en_US","og_type":"article","og_title":"\u0636\u0641\u0629 \u062b\u0627\u0644\u062b\u0629 - \u0645\u0627\u064a\u0627 \u062f\u0631\u0648\u064a\u0634 - www.shanabooks.de","og_description":"\u0636\u0641\u0629 \u062b\u0627\u0644\u062b\u0629 - \u0645\u0627\u064a\u0627 \u062f\u0631\u0648\u064a\u0634 \u062f\u064a\u0648\u0627\u0646 \u0636\u0641\u0629 \u062b\u0627\u0644\u062b\u0629 \u0647\u0648 \u0627\u0644\u062f\u064a\u0648\u0627\u0646 \u0627\u0644\u0623\u0648\u0644 \u0644\u0644\u0634\u0627\u0639\u0631\u0629 \u0627\u0644\u0633\u0648\u0631\u064a\u0629 \u0627\u0628\u0646\u0629 \u0627\u0644\u0641\u0631\u0627\u062a \u0645\u0627\u064a\u0627 \u062f\u0631\u0648\u064a\u0634.\u062f\u0631\u0633\u062a \u0627\u0644\u0644\u063a\u0629 \u0627\u0644\u0639\u0631\u0628\u064a\u0629 \u0641\u064a \u0643\u0644\u064a\u0629 \u0627\u0644\u0622\u062f\u0627\u0628 \u062c\u0627\u0645\u0639\u0629 \u0627\u0644\u0641\u0631\u0627\u062a\u060c \u062b\u0645 \u062e\u0631\u062c\u062a ...","og_url":"https:\/\/shanabooks.de\/product\/\u0636\u0641\u0629-\u062b\u0627\u0644\u062b\u0629-\u0645\u0627\u064a\u0627-\u062f\u0631\u0648\u064a\u0634\/","og_site_name":"www.shanabooks.de","article_modified_time":"2024-04-27T11:29:50+00:00","og_image":[{"width":288,"height":479,"url":"https:\/\/shanabooks.de\/wp-content\/uploads\/2024\/03\/\u0636\u0641\u0629-\u062b\u0627\u0644\u062b\u0629-1.png","type":"image\/png"}],"twitter_card":"summary_large_image","twitter_misc":{"Est. reading time":"2 minutes"},"schema":{"@context":"https:\/\/schema.org","@graph":[{"@type":"WebPage","@id":"https:\/\/shanabooks.de\/product\/%d8%b6%d9%81%d8%a9-%d8%ab%d8%a7%d9%84%d8%ab%d8%a9-%d9%85%d8%a7%d9%8a%d8%a7-%d8%af%d8%b1%d9%88%d9%8a%d8%b4\/","url":"https:\/\/shanabooks.de\/product\/%d8%b6%d9%81%d8%a9-%d8%ab%d8%a7%d9%84%d8%ab%d8%a9-%d9%85%d8%a7%d9%8a%d8%a7-%d8%af%d8%b1%d9%88%d9%8a%d8%b4\/","name":"\u0636\u0641\u0629 \u062b\u0627\u0644\u062b\u0629 - \u0645\u0627\u064a\u0627 \u062f\u0631\u0648\u064a\u0634 - www.shanabooks.de","isPartOf":{"@id":"https:\/\/shanabooks.de\/#website"},"primaryImageOfPage":{"@id":"https:\/\/shanabooks.de\/product\/%d8%b6%d9%81%d8%a9-%d8%ab%d8%a7%d9%84%d8%ab%d8%a9-%d9%85%d8%a7%d9%8a%d8%a7-%d8%af%d8%b1%d9%88%d9%8a%d8%b4\/#primaryimage"},"image":{"@id":"https:\/\/shanabooks.de\/product\/%d8%b6%d9%81%d8%a9-%d8%ab%d8%a7%d9%84%d8%ab%d8%a9-%d9%85%d8%a7%d9%8a%d8%a7-%d8%af%d8%b1%d9%88%d9%8a%d8%b4\/#primaryimage"},"thumbnailUrl":"https:\/\/shanabooks.de\/wp-content\/uploads\/2024\/03\/\u0636\u0641\u0629-\u062b\u0627\u0644\u062b\u0629-1.png","datePublished":"2024-03-03T19:50:10+00:00","dateModified":"2024-04-27T11:29:50+00:00","description":"\u0636\u0641\u0629 \u062b\u0627\u0644\u062b\u0629 - \u0645\u0627\u064a\u0627 \u062f\u0631\u0648\u064a\u0634 \u062f\u064a\u0648\u0627\u0646 \u0636\u0641\u0629 \u062b\u0627\u0644\u062b\u0629 \u0647\u0648 \u0627\u0644\u062f\u064a\u0648\u0627\u0646 \u0627\u0644\u0623\u0648\u0644 \u0644\u0644\u0634\u0627\u0639\u0631\u0629 \u0627\u0644\u0633\u0648\u0631\u064a\u0629 \u0627\u0628\u0646\u0629 \u0627\u0644\u0641\u0631\u0627\u062a \u0645\u0627\u064a\u0627 \u062f\u0631\u0648\u064a\u0634.\u062f\u0631\u0633\u062a \u0627\u0644\u0644\u063a\u0629 \u0627\u0644\u0639\u0631\u0628\u064a\u0629 \u0641\u064a \u0643\u0644\u064a\u0629 \u0627\u0644\u0622\u062f\u0627\u0628 \u062c\u0627\u0645\u0639\u0629 \u0627\u0644\u0641\u0631\u0627\u062a\u060c \u062b\u0645 \u062e\u0631\u062c\u062a ...","breadcrumb":{"@id":"https:\/\/shanabooks.de\/product\/%d8%b6%d9%81%d8%a9-%d8%ab%d8%a7%d9%84%d8%ab%d8%a9-%d9%85%d8%a7%d9%8a%d8%a7-%d8%af%d8%b1%d9%88%d9%8a%d8%b4\/#breadcrumb"},"inLanguage":"kur","potentialAction":[{"@type":"ReadAction","target":["https:\/\/shanabooks.de\/product\/%d8%b6%d9%81%d8%a9-%d8%ab%d8%a7%d9%84%d8%ab%d8%a9-%d9%85%d8%a7%d9%8a%d8%a7-%d8%af%d8%b1%d9%88%d9%8a%d8%b4\/"]}]},{"@type":"ImageObject","inLanguage":"kur","@id":"https:\/\/shanabooks.de\/product\/%d8%b6%d9%81%d8%a9-%d8%ab%d8%a7%d9%84%d8%ab%d8%a9-%d9%85%d8%a7%d9%8a%d8%a7-%d8%af%d8%b1%d9%88%d9%8a%d8%b4\/#primaryimage","url":"https:\/\/shanabooks.de\/wp-content\/uploads\/2024\/03\/\u0636\u0641\u0629-\u062b\u0627\u0644\u062b\u0629-1.png","contentUrl":"https:\/\/shanabooks.de\/wp-content\/uploads\/2024\/03\/\u0636\u0641\u0629-\u062b\u0627\u0644\u062b\u0629-1.png","width":288,"height":479,"caption":"\u0636\u0641\u0629 \u062b\u0627\u0644\u062b\u0629 - \u0645\u0627\u064a\u0627 \u062f\u0631\u0648\u064a\u0634 - \u0643\u062a\u0628 \u0639\u0631\u0628\u064a\u0629 - \u0634\u0639\u0631"},{"@type":"BreadcrumbList","@id":"https:\/\/shanabooks.de\/product\/%d8%b6%d9%81%d8%a9-%d8%ab%d8%a7%d9%84%d8%ab%d8%a9-%d9%85%d8%a7%d9%8a%d8%a7-%d8%af%d8%b1%d9%88%d9%8a%d8%b4\/#breadcrumb","itemListElement":[{"@type":"ListItem","position":1,"name":"\u0627\u0644\u0631\u0626\u064a\u0633\u064a\u0629","item":"https:\/\/shanabooks.de\/kur\/"},{"@type":"ListItem","position":2,"name":"\u0627\u0644\u0645\u0646\u062a\u062c\u0627\u062a","item":"https:\/\/shanabooks.de\/shop\/"},{"@type":"ListItem","position":3,"name":"\u0636\u0641\u0629 \u062b\u0627\u0644\u062b\u0629"}]},{"@type":"WebSite","@id":"https:\/\/shanabooks.de\/#website","url":"https:\/\/shanabooks.de\/","name":"www.shanbooks.de","description":"C\u00eehana Pirt\u00fbk\u00ean Kurd\u00ee \u0645\u0643\u062a\u0628\u0629 \u0634\u0627\u0646\u0627 \u0641\u064a \u0627\u0644\u0645\u0627\u0646\u064a\u0627 \u0648\u0623\u0648\u0631\u0628\u0627","publisher":{"@id":"https:\/\/shanabooks.de\/#organization"},"potentialAction":[{"@type":"SearchAction","target":{"@type":"EntryPoint","urlTemplate":"https:\/\/shanabooks.de\/?s={search_term_string}"},"query-input":{"@type":"PropertyValueSpecification","valueRequired":true,"valueName":"search_term_string"}}],"inLanguage":"kur"},{"@type":"Organization","@id":"https:\/\/shanabooks.de\/#organization","name":"www.shanbooks.de","url":"https:\/\/shanabooks.de\/","logo":{"@type":"ImageObject","inLanguage":"kur","@id":"https:\/\/shanabooks.de\/#\/schema\/logo\/image\/","url":"https:\/\/shanabooks.de\/wp-content\/uploads\/2024\/03\/SHANABOOKS__2_-removebg-preview.png","contentUrl":"https:\/\/shanabooks.de\/wp-content\/uploads\/2024\/03\/SHANABOOKS__2_-removebg-preview.png","width":700,"height":150,"caption":"www.shanbooks.de"},"image":{"@id":"https:\/\/shanabooks.de\/#\/schema\/logo\/image\/"}}]}},"jetpack_sharing_enabled":true,"_links":{"self":[{"href":"https:\/\/shanabooks.de\/kur\/wp-json\/wp\/v2\/product\/13179","targetHints":{"allow":["GET"]}}],"collection":[{"href":"https:\/\/shanabooks.de\/kur\/wp-json\/wp\/v2\/product"}],"about":[{"href":"https:\/\/shanabooks.de\/kur\/wp-json\/wp\/v2\/types\/product"}],"version-history":[{"count":3,"href":"https:\/\/shanabooks.de\/kur\/wp-json\/wp\/v2\/product\/13179\/revisions"}],"predecessor-version":[{"id":24785,"href":"https:\/\/shanabooks.de\/kur\/wp-json\/wp\/v2\/product\/13179\/revisions\/24785"}],"wp:featuredmedia":[{"embeddable":true,"href":"https:\/\/shanabooks.de\/kur\/wp-json\/wp\/v2\/media\/13240"}],"wp:attachment":[{"href":"https:\/\/shanabooks.de\/kur\/wp-json\/wp\/v2\/media?parent=13179"}],"wp:term":[{"taxonomy":"product_brand","embeddable":true,"href":"https:\/\/shanabooks.de\/kur\/wp-json\/wp\/v2\/product_brand?post=13179"},{"taxonomy":"product_cat","embeddable":true,"href":"https:\/\/shanabooks.de\/kur\/wp-json\/wp\/v2\/product_cat?post=13179"},{"taxonomy":"product_tag","embeddable":true,"href":"https:\/\/shanabooks.de\/kur\/wp-json\/wp\/v2\/product_tag?post=13179"}],"curies":[{"name":"wp","href":"https:\/\/api.w.org\/{rel}","templated":true}]}}