{"id":13426,"date":"2024-03-03T19:51:37","date_gmt":"2024-03-03T19:51:37","guid":{"rendered":"https:\/\/shanabooks.de\/?post_type=product&#038;p=13426"},"modified":"2024-03-10T19:09:21","modified_gmt":"2024-03-10T19:09:21","slug":"tola-karwen-celadet-ali-bedirxan","status":"publish","type":"product","link":"https:\/\/shanabooks.de\/kur\/product\/tola-karwen-celadet-ali-bedirxan\/","title":{"rendered":"Tola Karw\u00ean"},"content":{"rendered":"<p style=\"text-align: left\"><strong>Tola Karw\u00ean &#8211; Celadet Al\u00ee Bedirxan<\/strong><\/p>\n<p style=\"text-align: left\">\u00a0Ev pirt\u00fbk ya kurdperwer \u00fb niv\u00eeskar\u00ea h\u00eaja Celadet Al\u00ee Bedirxan e, herwiha ji helbest \u00fb ji \u00e7\u00eerokan p\u00eak t\u00ea.<\/p>\n<p style=\"text-align: left\">Ev pirt\u00fbk ji aliy\u00ea mamoste Ron\u00ee War ve hatiye amade kirin \u00fb ji we\u015fan\u00ean Avay\u00ea derketiye.<\/p>\n","protected":false},"excerpt":{"rendered":"<p style=\"text-align: center\"><strong>Pirt\u00fbk: Tola Karw\u00ean<br \/>\nNiv\u00eeskar: Celadet Al\u00ee Bedirxan<br \/>\ncure: Helbest \u00fb \u00c7\u00eerok<\/strong><\/p>\n","protected":false},"featured_media":6334,"template":"","meta":{"site-sidebar-layout":"default","site-content-layout":"","ast-site-content-layout":"default","site-content-style":"default","site-sidebar-style":"default","ast-global-header-display":"","ast-banner-title-visibility":"","ast-main-header-display":"","ast-hfb-above-header-display":"","ast-hfb-below-header-display":"","ast-hfb-mobile-header-display":"","site-post-title":"","ast-breadcrumbs-content":"","ast-featured-img":"","footer-sml-layout":"","ast-disable-related-posts":"","theme-transparent-header-meta":"default","adv-header-id-meta":"","stick-header-meta":"","header-above-stick-meta":"","header-main-stick-meta":"","header-below-stick-meta":"","astra-migrate-meta-layouts":"set","ast-page-background-enabled":"default","ast-page-background-meta":{"desktop":{"background-color":"","background-image":"","background-repeat":"repeat","background-position":"center center","background-size":"auto","background-attachment":"scroll","background-type":"","background-media":"","overlay-type":"","overlay-color":"","overlay-opacity":"","overlay-gradient":""},"tablet":{"background-color":"","background-image":"","background-repeat":"repeat","background-position":"center center","background-size":"auto","background-attachment":"scroll","background-type":"","background-media":"","overlay-type":"","overlay-color":"","overlay-opacity":"","overlay-gradient":""},"mobile":{"background-color":"","background-image":"","background-repeat":"repeat","background-position":"center center","background-size":"auto","background-attachment":"scroll","background-type":"","background-media":"","overlay-type":"","overlay-color":"","overlay-opacity":"","overlay-gradient":""}},"ast-content-background-meta":{"desktop":{"background-color":"var(--ast-global-color-5)","background-image":"","background-repeat":"repeat","background-position":"center center","background-size":"auto","background-attachment":"scroll","background-type":"","background-media":"","overlay-type":"","overlay-color":"","overlay-opacity":"","overlay-gradient":""},"tablet":{"background-color":"var(--ast-global-color-5)","background-image":"","background-repeat":"repeat","background-position":"center center","background-size":"auto","background-attachment":"scroll","background-type":"","background-media":"","overlay-type":"","overlay-color":"","overlay-opacity":"","overlay-gradient":""},"mobile":{"background-color":"var(--ast-global-color-5)","background-image":"","background-repeat":"repeat","background-position":"center center","background-size":"auto","background-attachment":"scroll","background-type":"","background-media":"","overlay-type":"","overlay-color":"","overlay-opacity":"","overlay-gradient":""}}},"product_brand":[],"product_cat":[184,183,193],"product_tag":[],"class_list":{"0":"post-13426","1":"product","2":"type-product","3":"status-publish","4":"has-post-thumbnail","6":"product_cat-_","8":"product_cat--_","9":"pa_-cirok","10":"pa_-helbest","11":"pa_-celadet-ali-bedirxan","12":"pa_-kurmanci","13":"pa_--ava-yayinlari","14":"desktop-align-left","15":"tablet-align-left","16":"mobile-align-left","18":"first","19":"outofstock","20":"shipping-taxable","21":"purchasable","22":"product-type-simple"},"yoast_head":"<!-- This site is optimized with the Yoast SEO plugin v27.5 - https:\/\/yoast.com\/product\/yoast-seo-wordpress\/ -->\n<title>Tola Karw\u00ean - Celadet Al\u00ee Bedirxan - www.shanabooks.de<\/title>\n<meta name=\"description\" content=\"Tola Karw\u00ean - Celadet Al\u00ee Bedirxan\u00a0Ev pirt\u00fbk ya kurdperwer \u00fb niv\u00eeskar\u00ea h\u00eaja Celadet Al\u00ee Bedirxan e, herwiha ji helbest \u00fb ji \u00e7\u00eerokan p\u00eak t\u00ea. Ev pirt\u00fbk ji...\" \/>\n<meta name=\"robots\" content=\"index, follow, max-snippet:-1, max-image-preview:large, max-video-preview:-1\" \/>\n<link rel=\"canonical\" href=\"https:\/\/shanabooks.de\/product\/tola-karwen-celadet-ali-bedirxan\/\" \/>\n<meta property=\"og:locale\" content=\"en_US\" \/>\n<meta property=\"og:type\" content=\"article\" \/>\n<meta property=\"og:title\" content=\"Tola Karw\u00ean - Celadet Al\u00ee Bedirxan - www.shanabooks.de\" \/>\n<meta property=\"og:description\" content=\"Tola Karw\u00ean - Celadet Al\u00ee Bedirxan\u00a0Ev pirt\u00fbk ya kurdperwer \u00fb niv\u00eeskar\u00ea h\u00eaja Celadet Al\u00ee Bedirxan e, herwiha ji helbest \u00fb ji \u00e7\u00eerokan p\u00eak t\u00ea. Ev pirt\u00fbk ji...\" \/>\n<meta property=\"og:url\" content=\"https:\/\/shanabooks.de\/product\/tola-karwen-celadet-ali-bedirxan\/\" \/>\n<meta property=\"og:site_name\" content=\"www.shanabooks.de\" \/>\n<meta property=\"article:modified_time\" content=\"2024-03-10T19:09:21+00:00\" \/>\n<meta property=\"og:image\" content=\"https:\/\/shanabooks.de\/wp-content\/uploads\/2024\/01\/Tola-Karwen.png\" \/>\n\t<meta property=\"og:image:width\" content=\"327\" \/>\n\t<meta property=\"og:image:height\" content=\"477\" \/>\n\t<meta property=\"og:image:type\" content=\"image\/png\" \/>\n<meta name=\"twitter:card\" content=\"summary_large_image\" \/>\n<meta name=\"twitter:label1\" content=\"Est. reading time\" \/>\n\t<meta name=\"twitter:data1\" content=\"1 minute\" \/>\n<script type=\"application\/ld+json\" class=\"yoast-schema-graph\">{\"@context\":\"https:\\\/\\\/schema.org\",\"@graph\":[{\"@type\":\"WebPage\",\"@id\":\"https:\\\/\\\/shanabooks.de\\\/product\\\/tola-karwen-celadet-ali-bedirxan\\\/\",\"url\":\"https:\\\/\\\/shanabooks.de\\\/product\\\/tola-karwen-celadet-ali-bedirxan\\\/\",\"name\":\"Tola Karw\u00ean - Celadet Al\u00ee Bedirxan - www.shanabooks.de\",\"isPartOf\":{\"@id\":\"https:\\\/\\\/shanabooks.de\\\/#website\"},\"primaryImageOfPage\":{\"@id\":\"https:\\\/\\\/shanabooks.de\\\/product\\\/tola-karwen-celadet-ali-bedirxan\\\/#primaryimage\"},\"image\":{\"@id\":\"https:\\\/\\\/shanabooks.de\\\/product\\\/tola-karwen-celadet-ali-bedirxan\\\/#primaryimage\"},\"thumbnailUrl\":\"https:\\\/\\\/shanabooks.de\\\/wp-content\\\/uploads\\\/2024\\\/01\\\/Tola-Karwen.png\",\"datePublished\":\"2024-03-03T19:51:37+00:00\",\"dateModified\":\"2024-03-10T19:09:21+00:00\",\"description\":\"Tola Karw\u00ean - Celadet Al\u00ee Bedirxan\u00a0Ev pirt\u00fbk ya kurdperwer \u00fb niv\u00eeskar\u00ea h\u00eaja Celadet Al\u00ee Bedirxan e, herwiha ji helbest \u00fb ji \u00e7\u00eerokan p\u00eak t\u00ea. Ev pirt\u00fbk ji...\",\"breadcrumb\":{\"@id\":\"https:\\\/\\\/shanabooks.de\\\/product\\\/tola-karwen-celadet-ali-bedirxan\\\/#breadcrumb\"},\"inLanguage\":\"kur\",\"potentialAction\":[{\"@type\":\"ReadAction\",\"target\":[\"https:\\\/\\\/shanabooks.de\\\/product\\\/tola-karwen-celadet-ali-bedirxan\\\/\"]}]},{\"@type\":\"ImageObject\",\"inLanguage\":\"kur\",\"@id\":\"https:\\\/\\\/shanabooks.de\\\/product\\\/tola-karwen-celadet-ali-bedirxan\\\/#primaryimage\",\"url\":\"https:\\\/\\\/shanabooks.de\\\/wp-content\\\/uploads\\\/2024\\\/01\\\/Tola-Karwen.png\",\"contentUrl\":\"https:\\\/\\\/shanabooks.de\\\/wp-content\\\/uploads\\\/2024\\\/01\\\/Tola-Karwen.png\",\"width\":327,\"height\":477,\"caption\":\"Tola Karw\u00ean - Celadet Al\u00ee Bedirxan - pirt\u00fbk\u00ean kurd\u00ee\"},{\"@type\":\"BreadcrumbList\",\"@id\":\"https:\\\/\\\/shanabooks.de\\\/product\\\/tola-karwen-celadet-ali-bedirxan\\\/#breadcrumb\",\"itemListElement\":[{\"@type\":\"ListItem\",\"position\":1,\"name\":\"\u0627\u0644\u0631\u0626\u064a\u0633\u064a\u0629\",\"item\":\"https:\\\/\\\/shanabooks.de\\\/kur\\\/\"},{\"@type\":\"ListItem\",\"position\":2,\"name\":\"\u0627\u0644\u0645\u0646\u062a\u062c\u0627\u062a\",\"item\":\"https:\\\/\\\/shanabooks.de\\\/shop\\\/\"},{\"@type\":\"ListItem\",\"position\":3,\"name\":\"Tola Karw\u00ean\"}]},{\"@type\":\"WebSite\",\"@id\":\"https:\\\/\\\/shanabooks.de\\\/#website\",\"url\":\"https:\\\/\\\/shanabooks.de\\\/\",\"name\":\"www.shanbooks.de\",\"description\":\"C\u00eehana Pirt\u00fbk\u00ean Kurd\u00ee \u0645\u0643\u062a\u0628\u0629 \u0634\u0627\u0646\u0627 \u0641\u064a \u0627\u0644\u0645\u0627\u0646\u064a\u0627 \u0648\u0623\u0648\u0631\u0628\u0627\",\"publisher\":{\"@id\":\"https:\\\/\\\/shanabooks.de\\\/#organization\"},\"potentialAction\":[{\"@type\":\"SearchAction\",\"target\":{\"@type\":\"EntryPoint\",\"urlTemplate\":\"https:\\\/\\\/shanabooks.de\\\/?s={search_term_string}\"},\"query-input\":{\"@type\":\"PropertyValueSpecification\",\"valueRequired\":true,\"valueName\":\"search_term_string\"}}],\"inLanguage\":\"kur\"},{\"@type\":\"Organization\",\"@id\":\"https:\\\/\\\/shanabooks.de\\\/#organization\",\"name\":\"www.shanbooks.de\",\"url\":\"https:\\\/\\\/shanabooks.de\\\/\",\"logo\":{\"@type\":\"ImageObject\",\"inLanguage\":\"kur\",\"@id\":\"https:\\\/\\\/shanabooks.de\\\/#\\\/schema\\\/logo\\\/image\\\/\",\"url\":\"https:\\\/\\\/shanabooks.de\\\/wp-content\\\/uploads\\\/2024\\\/03\\\/SHANABOOKS__2_-removebg-preview.png\",\"contentUrl\":\"https:\\\/\\\/shanabooks.de\\\/wp-content\\\/uploads\\\/2024\\\/03\\\/SHANABOOKS__2_-removebg-preview.png\",\"width\":700,\"height\":150,\"caption\":\"www.shanbooks.de\"},\"image\":{\"@id\":\"https:\\\/\\\/shanabooks.de\\\/#\\\/schema\\\/logo\\\/image\\\/\"}}]}<\/script>\n<!-- \/ Yoast SEO plugin. -->","yoast_head_json":{"title":"Tola Karw\u00ean - Celadet Al\u00ee Bedirxan - www.shanabooks.de","description":"Tola Karw\u00ean - Celadet Al\u00ee Bedirxan\u00a0Ev pirt\u00fbk ya kurdperwer \u00fb niv\u00eeskar\u00ea h\u00eaja Celadet Al\u00ee Bedirxan e, herwiha ji helbest \u00fb ji \u00e7\u00eerokan p\u00eak t\u00ea. Ev pirt\u00fbk ji...","robots":{"index":"index","follow":"follow","max-snippet":"max-snippet:-1","max-image-preview":"max-image-preview:large","max-video-preview":"max-video-preview:-1"},"canonical":"https:\/\/shanabooks.de\/product\/tola-karwen-celadet-ali-bedirxan\/","og_locale":"en_US","og_type":"article","og_title":"Tola Karw\u00ean - Celadet Al\u00ee Bedirxan - www.shanabooks.de","og_description":"Tola Karw\u00ean - Celadet Al\u00ee Bedirxan\u00a0Ev pirt\u00fbk ya kurdperwer \u00fb niv\u00eeskar\u00ea h\u00eaja Celadet Al\u00ee Bedirxan e, herwiha ji helbest \u00fb ji \u00e7\u00eerokan p\u00eak t\u00ea. Ev pirt\u00fbk ji...","og_url":"https:\/\/shanabooks.de\/product\/tola-karwen-celadet-ali-bedirxan\/","og_site_name":"www.shanabooks.de","article_modified_time":"2024-03-10T19:09:21+00:00","og_image":[{"width":327,"height":477,"url":"https:\/\/shanabooks.de\/wp-content\/uploads\/2024\/01\/Tola-Karwen.png","type":"image\/png"}],"twitter_card":"summary_large_image","twitter_misc":{"Est. reading time":"1 minute"},"schema":{"@context":"https:\/\/schema.org","@graph":[{"@type":"WebPage","@id":"https:\/\/shanabooks.de\/product\/tola-karwen-celadet-ali-bedirxan\/","url":"https:\/\/shanabooks.de\/product\/tola-karwen-celadet-ali-bedirxan\/","name":"Tola Karw\u00ean - Celadet Al\u00ee Bedirxan - www.shanabooks.de","isPartOf":{"@id":"https:\/\/shanabooks.de\/#website"},"primaryImageOfPage":{"@id":"https:\/\/shanabooks.de\/product\/tola-karwen-celadet-ali-bedirxan\/#primaryimage"},"image":{"@id":"https:\/\/shanabooks.de\/product\/tola-karwen-celadet-ali-bedirxan\/#primaryimage"},"thumbnailUrl":"https:\/\/shanabooks.de\/wp-content\/uploads\/2024\/01\/Tola-Karwen.png","datePublished":"2024-03-03T19:51:37+00:00","dateModified":"2024-03-10T19:09:21+00:00","description":"Tola Karw\u00ean - Celadet Al\u00ee Bedirxan\u00a0Ev pirt\u00fbk ya kurdperwer \u00fb niv\u00eeskar\u00ea h\u00eaja Celadet Al\u00ee Bedirxan e, herwiha ji helbest \u00fb ji \u00e7\u00eerokan p\u00eak t\u00ea. Ev pirt\u00fbk ji...","breadcrumb":{"@id":"https:\/\/shanabooks.de\/product\/tola-karwen-celadet-ali-bedirxan\/#breadcrumb"},"inLanguage":"kur","potentialAction":[{"@type":"ReadAction","target":["https:\/\/shanabooks.de\/product\/tola-karwen-celadet-ali-bedirxan\/"]}]},{"@type":"ImageObject","inLanguage":"kur","@id":"https:\/\/shanabooks.de\/product\/tola-karwen-celadet-ali-bedirxan\/#primaryimage","url":"https:\/\/shanabooks.de\/wp-content\/uploads\/2024\/01\/Tola-Karwen.png","contentUrl":"https:\/\/shanabooks.de\/wp-content\/uploads\/2024\/01\/Tola-Karwen.png","width":327,"height":477,"caption":"Tola Karw\u00ean - Celadet Al\u00ee Bedirxan - pirt\u00fbk\u00ean kurd\u00ee"},{"@type":"BreadcrumbList","@id":"https:\/\/shanabooks.de\/product\/tola-karwen-celadet-ali-bedirxan\/#breadcrumb","itemListElement":[{"@type":"ListItem","position":1,"name":"\u0627\u0644\u0631\u0626\u064a\u0633\u064a\u0629","item":"https:\/\/shanabooks.de\/kur\/"},{"@type":"ListItem","position":2,"name":"\u0627\u0644\u0645\u0646\u062a\u062c\u0627\u062a","item":"https:\/\/shanabooks.de\/shop\/"},{"@type":"ListItem","position":3,"name":"Tola Karw\u00ean"}]},{"@type":"WebSite","@id":"https:\/\/shanabooks.de\/#website","url":"https:\/\/shanabooks.de\/","name":"www.shanbooks.de","description":"C\u00eehana Pirt\u00fbk\u00ean Kurd\u00ee \u0645\u0643\u062a\u0628\u0629 \u0634\u0627\u0646\u0627 \u0641\u064a \u0627\u0644\u0645\u0627\u0646\u064a\u0627 \u0648\u0623\u0648\u0631\u0628\u0627","publisher":{"@id":"https:\/\/shanabooks.de\/#organization"},"potentialAction":[{"@type":"SearchAction","target":{"@type":"EntryPoint","urlTemplate":"https:\/\/shanabooks.de\/?s={search_term_string}"},"query-input":{"@type":"PropertyValueSpecification","valueRequired":true,"valueName":"search_term_string"}}],"inLanguage":"kur"},{"@type":"Organization","@id":"https:\/\/shanabooks.de\/#organization","name":"www.shanbooks.de","url":"https:\/\/shanabooks.de\/","logo":{"@type":"ImageObject","inLanguage":"kur","@id":"https:\/\/shanabooks.de\/#\/schema\/logo\/image\/","url":"https:\/\/shanabooks.de\/wp-content\/uploads\/2024\/03\/SHANABOOKS__2_-removebg-preview.png","contentUrl":"https:\/\/shanabooks.de\/wp-content\/uploads\/2024\/03\/SHANABOOKS__2_-removebg-preview.png","width":700,"height":150,"caption":"www.shanbooks.de"},"image":{"@id":"https:\/\/shanabooks.de\/#\/schema\/logo\/image\/"}}]}},"jetpack_sharing_enabled":true,"_links":{"self":[{"href":"https:\/\/shanabooks.de\/kur\/wp-json\/wp\/v2\/product\/13426","targetHints":{"allow":["GET"]}}],"collection":[{"href":"https:\/\/shanabooks.de\/kur\/wp-json\/wp\/v2\/product"}],"about":[{"href":"https:\/\/shanabooks.de\/kur\/wp-json\/wp\/v2\/types\/product"}],"version-history":[{"count":2,"href":"https:\/\/shanabooks.de\/kur\/wp-json\/wp\/v2\/product\/13426\/revisions"}],"predecessor-version":[{"id":17409,"href":"https:\/\/shanabooks.de\/kur\/wp-json\/wp\/v2\/product\/13426\/revisions\/17409"}],"wp:featuredmedia":[{"embeddable":true,"href":"https:\/\/shanabooks.de\/kur\/wp-json\/wp\/v2\/media\/6334"}],"wp:attachment":[{"href":"https:\/\/shanabooks.de\/kur\/wp-json\/wp\/v2\/media?parent=13426"}],"wp:term":[{"taxonomy":"product_brand","embeddable":true,"href":"https:\/\/shanabooks.de\/kur\/wp-json\/wp\/v2\/product_brand?post=13426"},{"taxonomy":"product_cat","embeddable":true,"href":"https:\/\/shanabooks.de\/kur\/wp-json\/wp\/v2\/product_cat?post=13426"},{"taxonomy":"product_tag","embeddable":true,"href":"https:\/\/shanabooks.de\/kur\/wp-json\/wp\/v2\/product_tag?post=13426"}],"curies":[{"name":"wp","href":"https:\/\/api.w.org\/{rel}","templated":true}]}}