{"id":13481,"date":"2024-03-03T19:51:41","date_gmt":"2024-03-03T19:51:41","guid":{"rendered":"https:\/\/shanabooks.de\/?post_type=product&#038;p=13481"},"modified":"2026-01-02T20:59:59","modified_gmt":"2026-01-02T20:59:59","slug":"es-berken-bereh","status":"publish","type":"product","link":"https:\/\/shanabooks.de\/kur\/product\/es-berken-bereh\/","title":{"rendered":"\u00ca\u015f"},"content":{"rendered":"<p style=\"text-align: left\"><strong>\u00ca\u015f &#8211; Berken Bereh<\/strong><\/p>\n<p style=\"text-align: left\">\u201cmin digot qeyev ji\u0302 li\u0302stokek ehey hawar dikimkes naye\u0302 banga mingoga bave\u0302 min i\u0302ro kiri\u0302 ji\u0302ma li hews\u0327e\u0302we\u0302 ki\u0302 pe\u0302 bili\u0302ze gelokes ma?\u201d<\/p>\n<p style=\"text-align: left\">\u201cmin digot qey<br \/>\nev ji\u0302 li\u0302stokek e<br \/>\nhey hawar dikim<br \/>\nkes naye\u0302 banga min<br \/>\ngoga bave\u0302 min i\u0302ro kiri\u0302 ji\u0302<br \/>\nma li hews\u0327e\u0302<br \/>\nwe\u0302 ki\u0302 pe\u0302 bili\u0302ze gelo<br \/>\nkes ma?\u201d<\/p>\n","protected":false},"excerpt":{"rendered":"<p style=\"text-align: center\"><strong>Pirt\u00fbk: \u00ca\u015f<br \/>\nNiv\u00eeskar: Berken Bereh<br \/>\nCure: Helbest<\/strong><\/p>\n","protected":false},"featured_media":6408,"template":"","meta":{"site-sidebar-layout":"default","site-content-layout":"","ast-site-content-layout":"default","site-content-style":"default","site-sidebar-style":"default","ast-global-header-display":"","ast-banner-title-visibility":"","ast-main-header-display":"","ast-hfb-above-header-display":"","ast-hfb-below-header-display":"","ast-hfb-mobile-header-display":"","site-post-title":"","ast-breadcrumbs-content":"","ast-featured-img":"","footer-sml-layout":"","ast-disable-related-posts":"","theme-transparent-header-meta":"default","adv-header-id-meta":"","stick-header-meta":"","header-above-stick-meta":"","header-main-stick-meta":"","header-below-stick-meta":"","astra-migrate-meta-layouts":"set","ast-page-background-enabled":"default","ast-page-background-meta":{"desktop":{"background-color":"","background-image":"","background-repeat":"repeat","background-position":"center center","background-size":"auto","background-attachment":"scroll","background-type":"","background-media":"","overlay-type":"","overlay-color":"","overlay-opacity":"","overlay-gradient":""},"tablet":{"background-color":"","background-image":"","background-repeat":"repeat","background-position":"center center","background-size":"auto","background-attachment":"scroll","background-type":"","background-media":"","overlay-type":"","overlay-color":"","overlay-opacity":"","overlay-gradient":""},"mobile":{"background-color":"","background-image":"","background-repeat":"repeat","background-position":"center center","background-size":"auto","background-attachment":"scroll","background-type":"","background-media":"","overlay-type":"","overlay-color":"","overlay-opacity":"","overlay-gradient":""}},"ast-content-background-meta":{"desktop":{"background-color":"var(--ast-global-color-5)","background-image":"","background-repeat":"repeat","background-position":"center center","background-size":"auto","background-attachment":"scroll","background-type":"","background-media":"","overlay-type":"","overlay-color":"","overlay-opacity":"","overlay-gradient":""},"tablet":{"background-color":"var(--ast-global-color-5)","background-image":"","background-repeat":"repeat","background-position":"center center","background-size":"auto","background-attachment":"scroll","background-type":"","background-media":"","overlay-type":"","overlay-color":"","overlay-opacity":"","overlay-gradient":""},"mobile":{"background-color":"var(--ast-global-color-5)","background-image":"","background-repeat":"repeat","background-position":"center center","background-size":"auto","background-attachment":"scroll","background-type":"","background-media":"","overlay-type":"","overlay-color":"","overlay-opacity":"","overlay-gradient":""}}},"product_brand":[],"product_cat":[184,193],"product_tag":[],"class_list":{"0":"post-13481","1":"product","2":"type-product","3":"status-publish","4":"has-post-thumbnail","6":"product_cat-_","7":"product_cat--_","8":"pa_-helbest","9":"pa_-berken-bereh","10":"pa_-kurmanci","11":"pa_--avesta-yayinlari","12":"desktop-align-left","13":"tablet-align-left","14":"mobile-align-left","16":"first","17":"instock","18":"shipping-taxable","19":"purchasable","20":"product-type-simple"},"yoast_head":"<!-- This site is optimized with the Yoast SEO plugin v27.4 - https:\/\/yoast.com\/product\/yoast-seo-wordpress\/ -->\n<title>\u00ca\u015f - Berken Bereh - www.shanabooks.de<\/title>\n<meta name=\"description\" content=\"\u00ca\u015f - Berken Bereh \u201cmin digot qeyev ji\u0302 li\u0302stokek ehey hawar dikimkes naye\u0302 banga mingoga bave\u0302 min i\u0302ro kiri\u0302 ji\u0302ma li hews\u0327e\u0302we\u0302 ki\u0302 pe\u0302 bili\u0302ze gelokes...\" \/>\n<meta name=\"robots\" content=\"index, follow, max-snippet:-1, max-image-preview:large, max-video-preview:-1\" \/>\n<link rel=\"canonical\" href=\"https:\/\/shanabooks.de\/product\/es-berken-bereh\/\" \/>\n<meta property=\"og:locale\" content=\"en_US\" \/>\n<meta property=\"og:type\" content=\"article\" \/>\n<meta property=\"og:title\" content=\"\u00ca\u015f - Berken Bereh - www.shanabooks.de\" \/>\n<meta property=\"og:description\" content=\"\u00ca\u015f - Berken Bereh \u201cmin digot qeyev ji\u0302 li\u0302stokek ehey hawar dikimkes naye\u0302 banga mingoga bave\u0302 min i\u0302ro kiri\u0302 ji\u0302ma li hews\u0327e\u0302we\u0302 ki\u0302 pe\u0302 bili\u0302ze gelokes...\" \/>\n<meta property=\"og:url\" content=\"https:\/\/shanabooks.de\/product\/es-berken-bereh\/\" \/>\n<meta property=\"og:site_name\" content=\"www.shanabooks.de\" \/>\n<meta property=\"article:modified_time\" content=\"2026-01-02T20:59:59+00:00\" \/>\n<meta property=\"og:image\" content=\"https:\/\/shanabooks.de\/wp-content\/uploads\/2024\/01\/es.jpg\" \/>\n\t<meta property=\"og:image:width\" content=\"600\" \/>\n\t<meta property=\"og:image:height\" content=\"900\" \/>\n\t<meta property=\"og:image:type\" content=\"image\/jpeg\" \/>\n<meta name=\"twitter:card\" content=\"summary_large_image\" \/>\n<meta name=\"twitter:label1\" content=\"Est. reading time\" \/>\n\t<meta name=\"twitter:data1\" content=\"1 minute\" \/>\n<script type=\"application\/ld+json\" class=\"yoast-schema-graph\">{\"@context\":\"https:\\\/\\\/schema.org\",\"@graph\":[{\"@type\":\"WebPage\",\"@id\":\"https:\\\/\\\/shanabooks.de\\\/product\\\/es-berken-bereh\\\/\",\"url\":\"https:\\\/\\\/shanabooks.de\\\/product\\\/es-berken-bereh\\\/\",\"name\":\"\u00ca\u015f - Berken Bereh - www.shanabooks.de\",\"isPartOf\":{\"@id\":\"https:\\\/\\\/shanabooks.de\\\/#website\"},\"primaryImageOfPage\":{\"@id\":\"https:\\\/\\\/shanabooks.de\\\/product\\\/es-berken-bereh\\\/#primaryimage\"},\"image\":{\"@id\":\"https:\\\/\\\/shanabooks.de\\\/product\\\/es-berken-bereh\\\/#primaryimage\"},\"thumbnailUrl\":\"https:\\\/\\\/shanabooks.de\\\/wp-content\\\/uploads\\\/2024\\\/01\\\/es.jpg\",\"datePublished\":\"2024-03-03T19:51:41+00:00\",\"dateModified\":\"2026-01-02T20:59:59+00:00\",\"description\":\"\u00ca\u015f - Berken Bereh \u201cmin digot qeyev ji\u0302 li\u0302stokek ehey hawar dikimkes naye\u0302 banga mingoga bave\u0302 min i\u0302ro kiri\u0302 ji\u0302ma li hews\u0327e\u0302we\u0302 ki\u0302 pe\u0302 bili\u0302ze gelokes...\",\"breadcrumb\":{\"@id\":\"https:\\\/\\\/shanabooks.de\\\/product\\\/es-berken-bereh\\\/#breadcrumb\"},\"inLanguage\":\"kur\",\"potentialAction\":[{\"@type\":\"ReadAction\",\"target\":[\"https:\\\/\\\/shanabooks.de\\\/product\\\/es-berken-bereh\\\/\"]}]},{\"@type\":\"ImageObject\",\"inLanguage\":\"kur\",\"@id\":\"https:\\\/\\\/shanabooks.de\\\/product\\\/es-berken-bereh\\\/#primaryimage\",\"url\":\"https:\\\/\\\/shanabooks.de\\\/wp-content\\\/uploads\\\/2024\\\/01\\\/es.jpg\",\"contentUrl\":\"https:\\\/\\\/shanabooks.de\\\/wp-content\\\/uploads\\\/2024\\\/01\\\/es.jpg\",\"width\":600,\"height\":900,\"caption\":\"\u00ca\u015f - Berken Bereh - pirt\u00fbk\u00ean kurd\u00ee\"},{\"@type\":\"BreadcrumbList\",\"@id\":\"https:\\\/\\\/shanabooks.de\\\/product\\\/es-berken-bereh\\\/#breadcrumb\",\"itemListElement\":[{\"@type\":\"ListItem\",\"position\":1,\"name\":\"\u0627\u0644\u0631\u0626\u064a\u0633\u064a\u0629\",\"item\":\"https:\\\/\\\/shanabooks.de\\\/kur\\\/\"},{\"@type\":\"ListItem\",\"position\":2,\"name\":\"\u0627\u0644\u0645\u0646\u062a\u062c\u0627\u062a\",\"item\":\"https:\\\/\\\/shanabooks.de\\\/shop\\\/\"},{\"@type\":\"ListItem\",\"position\":3,\"name\":\"\u00ca\u015f\"}]},{\"@type\":\"WebSite\",\"@id\":\"https:\\\/\\\/shanabooks.de\\\/#website\",\"url\":\"https:\\\/\\\/shanabooks.de\\\/\",\"name\":\"www.shanbooks.de\",\"description\":\"C\u00eehana Pirt\u00fbk\u00ean Kurd\u00ee \u0645\u0643\u062a\u0628\u0629 \u0634\u0627\u0646\u0627 \u0641\u064a \u0627\u0644\u0645\u0627\u0646\u064a\u0627 \u0648\u0623\u0648\u0631\u0628\u0627\",\"publisher\":{\"@id\":\"https:\\\/\\\/shanabooks.de\\\/#organization\"},\"potentialAction\":[{\"@type\":\"SearchAction\",\"target\":{\"@type\":\"EntryPoint\",\"urlTemplate\":\"https:\\\/\\\/shanabooks.de\\\/?s={search_term_string}\"},\"query-input\":{\"@type\":\"PropertyValueSpecification\",\"valueRequired\":true,\"valueName\":\"search_term_string\"}}],\"inLanguage\":\"kur\"},{\"@type\":\"Organization\",\"@id\":\"https:\\\/\\\/shanabooks.de\\\/#organization\",\"name\":\"www.shanbooks.de\",\"url\":\"https:\\\/\\\/shanabooks.de\\\/\",\"logo\":{\"@type\":\"ImageObject\",\"inLanguage\":\"kur\",\"@id\":\"https:\\\/\\\/shanabooks.de\\\/#\\\/schema\\\/logo\\\/image\\\/\",\"url\":\"https:\\\/\\\/shanabooks.de\\\/wp-content\\\/uploads\\\/2024\\\/03\\\/SHANABOOKS__2_-removebg-preview.png\",\"contentUrl\":\"https:\\\/\\\/shanabooks.de\\\/wp-content\\\/uploads\\\/2024\\\/03\\\/SHANABOOKS__2_-removebg-preview.png\",\"width\":700,\"height\":150,\"caption\":\"www.shanbooks.de\"},\"image\":{\"@id\":\"https:\\\/\\\/shanabooks.de\\\/#\\\/schema\\\/logo\\\/image\\\/\"}}]}<\/script>\n<!-- \/ Yoast SEO plugin. -->","yoast_head_json":{"title":"\u00ca\u015f - Berken Bereh - www.shanabooks.de","description":"\u00ca\u015f - Berken Bereh \u201cmin digot qeyev ji\u0302 li\u0302stokek ehey hawar dikimkes naye\u0302 banga mingoga bave\u0302 min i\u0302ro kiri\u0302 ji\u0302ma li hews\u0327e\u0302we\u0302 ki\u0302 pe\u0302 bili\u0302ze gelokes...","robots":{"index":"index","follow":"follow","max-snippet":"max-snippet:-1","max-image-preview":"max-image-preview:large","max-video-preview":"max-video-preview:-1"},"canonical":"https:\/\/shanabooks.de\/product\/es-berken-bereh\/","og_locale":"en_US","og_type":"article","og_title":"\u00ca\u015f - Berken Bereh - www.shanabooks.de","og_description":"\u00ca\u015f - Berken Bereh \u201cmin digot qeyev ji\u0302 li\u0302stokek ehey hawar dikimkes naye\u0302 banga mingoga bave\u0302 min i\u0302ro kiri\u0302 ji\u0302ma li hews\u0327e\u0302we\u0302 ki\u0302 pe\u0302 bili\u0302ze gelokes...","og_url":"https:\/\/shanabooks.de\/product\/es-berken-bereh\/","og_site_name":"www.shanabooks.de","article_modified_time":"2026-01-02T20:59:59+00:00","og_image":[{"width":600,"height":900,"url":"https:\/\/shanabooks.de\/wp-content\/uploads\/2024\/01\/es.jpg","type":"image\/jpeg"}],"twitter_card":"summary_large_image","twitter_misc":{"Est. reading time":"1 minute"},"schema":{"@context":"https:\/\/schema.org","@graph":[{"@type":"WebPage","@id":"https:\/\/shanabooks.de\/product\/es-berken-bereh\/","url":"https:\/\/shanabooks.de\/product\/es-berken-bereh\/","name":"\u00ca\u015f - Berken Bereh - www.shanabooks.de","isPartOf":{"@id":"https:\/\/shanabooks.de\/#website"},"primaryImageOfPage":{"@id":"https:\/\/shanabooks.de\/product\/es-berken-bereh\/#primaryimage"},"image":{"@id":"https:\/\/shanabooks.de\/product\/es-berken-bereh\/#primaryimage"},"thumbnailUrl":"https:\/\/shanabooks.de\/wp-content\/uploads\/2024\/01\/es.jpg","datePublished":"2024-03-03T19:51:41+00:00","dateModified":"2026-01-02T20:59:59+00:00","description":"\u00ca\u015f - Berken Bereh \u201cmin digot qeyev ji\u0302 li\u0302stokek ehey hawar dikimkes naye\u0302 banga mingoga bave\u0302 min i\u0302ro kiri\u0302 ji\u0302ma li hews\u0327e\u0302we\u0302 ki\u0302 pe\u0302 bili\u0302ze gelokes...","breadcrumb":{"@id":"https:\/\/shanabooks.de\/product\/es-berken-bereh\/#breadcrumb"},"inLanguage":"kur","potentialAction":[{"@type":"ReadAction","target":["https:\/\/shanabooks.de\/product\/es-berken-bereh\/"]}]},{"@type":"ImageObject","inLanguage":"kur","@id":"https:\/\/shanabooks.de\/product\/es-berken-bereh\/#primaryimage","url":"https:\/\/shanabooks.de\/wp-content\/uploads\/2024\/01\/es.jpg","contentUrl":"https:\/\/shanabooks.de\/wp-content\/uploads\/2024\/01\/es.jpg","width":600,"height":900,"caption":"\u00ca\u015f - Berken Bereh - pirt\u00fbk\u00ean kurd\u00ee"},{"@type":"BreadcrumbList","@id":"https:\/\/shanabooks.de\/product\/es-berken-bereh\/#breadcrumb","itemListElement":[{"@type":"ListItem","position":1,"name":"\u0627\u0644\u0631\u0626\u064a\u0633\u064a\u0629","item":"https:\/\/shanabooks.de\/kur\/"},{"@type":"ListItem","position":2,"name":"\u0627\u0644\u0645\u0646\u062a\u062c\u0627\u062a","item":"https:\/\/shanabooks.de\/shop\/"},{"@type":"ListItem","position":3,"name":"\u00ca\u015f"}]},{"@type":"WebSite","@id":"https:\/\/shanabooks.de\/#website","url":"https:\/\/shanabooks.de\/","name":"www.shanbooks.de","description":"C\u00eehana Pirt\u00fbk\u00ean Kurd\u00ee \u0645\u0643\u062a\u0628\u0629 \u0634\u0627\u0646\u0627 \u0641\u064a \u0627\u0644\u0645\u0627\u0646\u064a\u0627 \u0648\u0623\u0648\u0631\u0628\u0627","publisher":{"@id":"https:\/\/shanabooks.de\/#organization"},"potentialAction":[{"@type":"SearchAction","target":{"@type":"EntryPoint","urlTemplate":"https:\/\/shanabooks.de\/?s={search_term_string}"},"query-input":{"@type":"PropertyValueSpecification","valueRequired":true,"valueName":"search_term_string"}}],"inLanguage":"kur"},{"@type":"Organization","@id":"https:\/\/shanabooks.de\/#organization","name":"www.shanbooks.de","url":"https:\/\/shanabooks.de\/","logo":{"@type":"ImageObject","inLanguage":"kur","@id":"https:\/\/shanabooks.de\/#\/schema\/logo\/image\/","url":"https:\/\/shanabooks.de\/wp-content\/uploads\/2024\/03\/SHANABOOKS__2_-removebg-preview.png","contentUrl":"https:\/\/shanabooks.de\/wp-content\/uploads\/2024\/03\/SHANABOOKS__2_-removebg-preview.png","width":700,"height":150,"caption":"www.shanbooks.de"},"image":{"@id":"https:\/\/shanabooks.de\/#\/schema\/logo\/image\/"}}]}},"jetpack_sharing_enabled":true,"_links":{"self":[{"href":"https:\/\/shanabooks.de\/kur\/wp-json\/wp\/v2\/product\/13481","targetHints":{"allow":["GET"]}}],"collection":[{"href":"https:\/\/shanabooks.de\/kur\/wp-json\/wp\/v2\/product"}],"about":[{"href":"https:\/\/shanabooks.de\/kur\/wp-json\/wp\/v2\/types\/product"}],"version-history":[{"count":3,"href":"https:\/\/shanabooks.de\/kur\/wp-json\/wp\/v2\/product\/13481\/revisions"}],"predecessor-version":[{"id":17310,"href":"https:\/\/shanabooks.de\/kur\/wp-json\/wp\/v2\/product\/13481\/revisions\/17310"}],"wp:featuredmedia":[{"embeddable":true,"href":"https:\/\/shanabooks.de\/kur\/wp-json\/wp\/v2\/media\/6408"}],"wp:attachment":[{"href":"https:\/\/shanabooks.de\/kur\/wp-json\/wp\/v2\/media?parent=13481"}],"wp:term":[{"taxonomy":"product_brand","embeddable":true,"href":"https:\/\/shanabooks.de\/kur\/wp-json\/wp\/v2\/product_brand?post=13481"},{"taxonomy":"product_cat","embeddable":true,"href":"https:\/\/shanabooks.de\/kur\/wp-json\/wp\/v2\/product_cat?post=13481"},{"taxonomy":"product_tag","embeddable":true,"href":"https:\/\/shanabooks.de\/kur\/wp-json\/wp\/v2\/product_tag?post=13481"}],"curies":[{"name":"wp","href":"https:\/\/api.w.org\/{rel}","templated":true}]}}