{"id":13483,"date":"2024-03-03T19:51:41","date_gmt":"2024-03-03T19:51:41","guid":{"rendered":"https:\/\/shanabooks.de\/?post_type=product&#038;p=13483"},"modified":"2024-03-10T06:27:49","modified_gmt":"2024-03-10T06:27:49","slug":"sagirten-evine-berken-bereh","status":"publish","type":"product","link":"https:\/\/shanabooks.de\/kur\/product\/sagirten-evine-berken-bereh\/","title":{"rendered":"\u015eagirt\u00ean Ev\u00een\u00ea"},"content":{"rendered":"<p style=\"text-align: left\"><strong>\u015eagirt\u00ean Ev\u00een\u00ea &#8211; Berken Bereh<\/strong><\/p>\n<p style=\"text-align: left\">\u201cne dikarim li pey te bikevim<br \/>\nne be\u0302 te bimi\u0302nim<br \/>\nrahis\u0327tiye\u0302 eyloye\u0302 c\u0327avsor tevr u\u0302 be\u0302ra xwe<br \/>\ndixwaze telqi\u0302na min bixwi\u0302ne<br \/>\nc\u0327u\u0302yi\u0302n ne tis\u0327teki\u0302 giri\u0302ng e wilo<br \/>\nde\u0302 bajar be\u0302 baran, be\u0302 ba, be\u0302 keser bimi\u0302ne<br \/>\ntirsa min ew e ku li du\u0302 ve\u0302 leylana keskesor<br \/>\npe\u0302si\u0302re\u0302n xirbe, berbange\u0302n kor, ru\u0302bare\u0302n s\u0327or bimi\u0302nin<br \/>\nc\u0327ave\u0302n te, le\u0302ve\u0302n te<br \/>\nhe\u0302viyek bi qasi\u0302 nermahiya tave\u0302 u\u0302 germ<br \/>\nbi baye\u0302 dahatu\u0302ya evi\u0302nek nu\u0302<br \/>\nserhilde\u0302r, tahmstran ji min re ti\u0302ne\u201d<\/p>\n","protected":false},"excerpt":{"rendered":"<p style=\"text-align: center\"><strong>Pirt\u00fbk:\u00a0 \u015eagirt\u00ean Ev\u00een\u00ea<br \/>\nNiv\u00easkar: Berken Bereh<br \/>\nCure: Helbest<\/strong><\/p>\n","protected":false},"featured_media":6426,"template":"","meta":{"site-sidebar-layout":"default","site-content-layout":"","ast-site-content-layout":"default","site-content-style":"default","site-sidebar-style":"default","ast-global-header-display":"","ast-banner-title-visibility":"","ast-main-header-display":"","ast-hfb-above-header-display":"","ast-hfb-below-header-display":"","ast-hfb-mobile-header-display":"","site-post-title":"","ast-breadcrumbs-content":"","ast-featured-img":"","footer-sml-layout":"","ast-disable-related-posts":"","theme-transparent-header-meta":"default","adv-header-id-meta":"","stick-header-meta":"","header-above-stick-meta":"","header-main-stick-meta":"","header-below-stick-meta":"","astra-migrate-meta-layouts":"set","ast-page-background-enabled":"default","ast-page-background-meta":{"desktop":{"background-color":"","background-image":"","background-repeat":"repeat","background-position":"center center","background-size":"auto","background-attachment":"scroll","background-type":"","background-media":"","overlay-type":"","overlay-color":"","overlay-opacity":"","overlay-gradient":""},"tablet":{"background-color":"","background-image":"","background-repeat":"repeat","background-position":"center center","background-size":"auto","background-attachment":"scroll","background-type":"","background-media":"","overlay-type":"","overlay-color":"","overlay-opacity":"","overlay-gradient":""},"mobile":{"background-color":"","background-image":"","background-repeat":"repeat","background-position":"center center","background-size":"auto","background-attachment":"scroll","background-type":"","background-media":"","overlay-type":"","overlay-color":"","overlay-opacity":"","overlay-gradient":""}},"ast-content-background-meta":{"desktop":{"background-color":"var(--ast-global-color-5)","background-image":"","background-repeat":"repeat","background-position":"center center","background-size":"auto","background-attachment":"scroll","background-type":"","background-media":"","overlay-type":"","overlay-color":"","overlay-opacity":"","overlay-gradient":""},"tablet":{"background-color":"var(--ast-global-color-5)","background-image":"","background-repeat":"repeat","background-position":"center center","background-size":"auto","background-attachment":"scroll","background-type":"","background-media":"","overlay-type":"","overlay-color":"","overlay-opacity":"","overlay-gradient":""},"mobile":{"background-color":"var(--ast-global-color-5)","background-image":"","background-repeat":"repeat","background-position":"center center","background-size":"auto","background-attachment":"scroll","background-type":"","background-media":"","overlay-type":"","overlay-color":"","overlay-opacity":"","overlay-gradient":""}}},"product_brand":[],"product_cat":[184,193],"product_tag":[],"class_list":{"0":"post-13483","1":"product","2":"type-product","3":"status-publish","4":"has-post-thumbnail","6":"product_cat-_","7":"product_cat--_","8":"pa_-helbest","9":"pa_-berken-bereh","10":"pa_-kurmanci","11":"pa_--avesta-yayinlari","12":"desktop-align-left","13":"tablet-align-left","14":"mobile-align-left","16":"first","17":"instock","18":"shipping-taxable","19":"purchasable","20":"product-type-simple"},"yoast_head":"<!-- This site is optimized with the Yoast SEO plugin v27.4 - https:\/\/yoast.com\/product\/yoast-seo-wordpress\/ -->\n<title>\u015eagirt\u00ean Ev\u00een\u00ea - Berken Bereh - www.shanabooks.de<\/title>\n<meta name=\"description\" content=\"\u015eagirt\u00ean Ev\u00een\u00ea - Berken Bereh ev pirt\u00fbka helbestan ya niv\u00eeskar\u00ea h\u00eaja Berken Bereh e. ji 80 r\u00fbpelan p\u00eak t\u00ea \u00fb ji we\u015fan\u00ean Avestay\u00ea derketiye...\" \/>\n<meta name=\"robots\" content=\"index, follow, max-snippet:-1, max-image-preview:large, max-video-preview:-1\" \/>\n<link rel=\"canonical\" href=\"https:\/\/shanabooks.de\/product\/sagirten-evine-berken-bereh\/\" \/>\n<meta property=\"og:locale\" content=\"en_US\" \/>\n<meta property=\"og:type\" content=\"article\" \/>\n<meta property=\"og:title\" content=\"\u015eagirt\u00ean Ev\u00een\u00ea - Berken Bereh - www.shanabooks.de\" \/>\n<meta property=\"og:description\" content=\"\u015eagirt\u00ean Ev\u00een\u00ea - Berken Bereh ev pirt\u00fbka helbestan ya niv\u00eeskar\u00ea h\u00eaja Berken Bereh e. ji 80 r\u00fbpelan p\u00eak t\u00ea \u00fb ji we\u015fan\u00ean Avestay\u00ea derketiye...\" \/>\n<meta property=\"og:url\" content=\"https:\/\/shanabooks.de\/product\/sagirten-evine-berken-bereh\/\" \/>\n<meta property=\"og:site_name\" content=\"www.shanabooks.de\" \/>\n<meta property=\"article:modified_time\" content=\"2024-03-10T06:27:49+00:00\" \/>\n<meta property=\"og:image\" content=\"https:\/\/shanabooks.de\/wp-content\/uploads\/2024\/01\/sagirten-evine.jpg\" \/>\n\t<meta property=\"og:image:width\" content=\"599\" \/>\n\t<meta property=\"og:image:height\" content=\"900\" \/>\n\t<meta property=\"og:image:type\" content=\"image\/jpeg\" \/>\n<meta name=\"twitter:card\" content=\"summary_large_image\" \/>\n<meta name=\"twitter:label1\" content=\"Est. reading time\" \/>\n\t<meta name=\"twitter:data1\" content=\"1 minute\" \/>\n<script type=\"application\/ld+json\" class=\"yoast-schema-graph\">{\"@context\":\"https:\\\/\\\/schema.org\",\"@graph\":[{\"@type\":\"WebPage\",\"@id\":\"https:\\\/\\\/shanabooks.de\\\/product\\\/sagirten-evine-berken-bereh\\\/\",\"url\":\"https:\\\/\\\/shanabooks.de\\\/product\\\/sagirten-evine-berken-bereh\\\/\",\"name\":\"\u015eagirt\u00ean Ev\u00een\u00ea - Berken Bereh - www.shanabooks.de\",\"isPartOf\":{\"@id\":\"https:\\\/\\\/shanabooks.de\\\/#website\"},\"primaryImageOfPage\":{\"@id\":\"https:\\\/\\\/shanabooks.de\\\/product\\\/sagirten-evine-berken-bereh\\\/#primaryimage\"},\"image\":{\"@id\":\"https:\\\/\\\/shanabooks.de\\\/product\\\/sagirten-evine-berken-bereh\\\/#primaryimage\"},\"thumbnailUrl\":\"https:\\\/\\\/shanabooks.de\\\/wp-content\\\/uploads\\\/2024\\\/01\\\/sagirten-evine.jpg\",\"datePublished\":\"2024-03-03T19:51:41+00:00\",\"dateModified\":\"2024-03-10T06:27:49+00:00\",\"description\":\"\u015eagirt\u00ean Ev\u00een\u00ea - Berken Bereh ev pirt\u00fbka helbestan ya niv\u00eeskar\u00ea h\u00eaja Berken Bereh e. ji 80 r\u00fbpelan p\u00eak t\u00ea \u00fb ji we\u015fan\u00ean Avestay\u00ea derketiye...\",\"breadcrumb\":{\"@id\":\"https:\\\/\\\/shanabooks.de\\\/product\\\/sagirten-evine-berken-bereh\\\/#breadcrumb\"},\"inLanguage\":\"kur\",\"potentialAction\":[{\"@type\":\"ReadAction\",\"target\":[\"https:\\\/\\\/shanabooks.de\\\/product\\\/sagirten-evine-berken-bereh\\\/\"]}]},{\"@type\":\"ImageObject\",\"inLanguage\":\"kur\",\"@id\":\"https:\\\/\\\/shanabooks.de\\\/product\\\/sagirten-evine-berken-bereh\\\/#primaryimage\",\"url\":\"https:\\\/\\\/shanabooks.de\\\/wp-content\\\/uploads\\\/2024\\\/01\\\/sagirten-evine.jpg\",\"contentUrl\":\"https:\\\/\\\/shanabooks.de\\\/wp-content\\\/uploads\\\/2024\\\/01\\\/sagirten-evine.jpg\",\"width\":599,\"height\":900,\"caption\":\"\u015eagirt\u00ean Ev\u00een\u00ea - Berken Bereh - pirt\u00fbk\u00ean kurd\u00ee\"},{\"@type\":\"BreadcrumbList\",\"@id\":\"https:\\\/\\\/shanabooks.de\\\/product\\\/sagirten-evine-berken-bereh\\\/#breadcrumb\",\"itemListElement\":[{\"@type\":\"ListItem\",\"position\":1,\"name\":\"\u0627\u0644\u0631\u0626\u064a\u0633\u064a\u0629\",\"item\":\"https:\\\/\\\/shanabooks.de\\\/kur\\\/\"},{\"@type\":\"ListItem\",\"position\":2,\"name\":\"\u0627\u0644\u0645\u0646\u062a\u062c\u0627\u062a\",\"item\":\"https:\\\/\\\/shanabooks.de\\\/shop\\\/\"},{\"@type\":\"ListItem\",\"position\":3,\"name\":\"\u015eagirt\u00ean Ev\u00een\u00ea\"}]},{\"@type\":\"WebSite\",\"@id\":\"https:\\\/\\\/shanabooks.de\\\/#website\",\"url\":\"https:\\\/\\\/shanabooks.de\\\/\",\"name\":\"www.shanbooks.de\",\"description\":\"C\u00eehana Pirt\u00fbk\u00ean Kurd\u00ee \u0645\u0643\u062a\u0628\u0629 \u0634\u0627\u0646\u0627 \u0641\u064a \u0627\u0644\u0645\u0627\u0646\u064a\u0627 \u0648\u0623\u0648\u0631\u0628\u0627\",\"publisher\":{\"@id\":\"https:\\\/\\\/shanabooks.de\\\/#organization\"},\"potentialAction\":[{\"@type\":\"SearchAction\",\"target\":{\"@type\":\"EntryPoint\",\"urlTemplate\":\"https:\\\/\\\/shanabooks.de\\\/?s={search_term_string}\"},\"query-input\":{\"@type\":\"PropertyValueSpecification\",\"valueRequired\":true,\"valueName\":\"search_term_string\"}}],\"inLanguage\":\"kur\"},{\"@type\":\"Organization\",\"@id\":\"https:\\\/\\\/shanabooks.de\\\/#organization\",\"name\":\"www.shanbooks.de\",\"url\":\"https:\\\/\\\/shanabooks.de\\\/\",\"logo\":{\"@type\":\"ImageObject\",\"inLanguage\":\"kur\",\"@id\":\"https:\\\/\\\/shanabooks.de\\\/#\\\/schema\\\/logo\\\/image\\\/\",\"url\":\"https:\\\/\\\/shanabooks.de\\\/wp-content\\\/uploads\\\/2024\\\/03\\\/SHANABOOKS__2_-removebg-preview.png\",\"contentUrl\":\"https:\\\/\\\/shanabooks.de\\\/wp-content\\\/uploads\\\/2024\\\/03\\\/SHANABOOKS__2_-removebg-preview.png\",\"width\":700,\"height\":150,\"caption\":\"www.shanbooks.de\"},\"image\":{\"@id\":\"https:\\\/\\\/shanabooks.de\\\/#\\\/schema\\\/logo\\\/image\\\/\"}}]}<\/script>\n<!-- \/ Yoast SEO plugin. -->","yoast_head_json":{"title":"\u015eagirt\u00ean Ev\u00een\u00ea - Berken Bereh - www.shanabooks.de","description":"\u015eagirt\u00ean Ev\u00een\u00ea - Berken Bereh ev pirt\u00fbka helbestan ya niv\u00eeskar\u00ea h\u00eaja Berken Bereh e. ji 80 r\u00fbpelan p\u00eak t\u00ea \u00fb ji we\u015fan\u00ean Avestay\u00ea derketiye...","robots":{"index":"index","follow":"follow","max-snippet":"max-snippet:-1","max-image-preview":"max-image-preview:large","max-video-preview":"max-video-preview:-1"},"canonical":"https:\/\/shanabooks.de\/product\/sagirten-evine-berken-bereh\/","og_locale":"en_US","og_type":"article","og_title":"\u015eagirt\u00ean Ev\u00een\u00ea - Berken Bereh - www.shanabooks.de","og_description":"\u015eagirt\u00ean Ev\u00een\u00ea - Berken Bereh ev pirt\u00fbka helbestan ya niv\u00eeskar\u00ea h\u00eaja Berken Bereh e. ji 80 r\u00fbpelan p\u00eak t\u00ea \u00fb ji we\u015fan\u00ean Avestay\u00ea derketiye...","og_url":"https:\/\/shanabooks.de\/product\/sagirten-evine-berken-bereh\/","og_site_name":"www.shanabooks.de","article_modified_time":"2024-03-10T06:27:49+00:00","og_image":[{"width":599,"height":900,"url":"https:\/\/shanabooks.de\/wp-content\/uploads\/2024\/01\/sagirten-evine.jpg","type":"image\/jpeg"}],"twitter_card":"summary_large_image","twitter_misc":{"Est. reading time":"1 minute"},"schema":{"@context":"https:\/\/schema.org","@graph":[{"@type":"WebPage","@id":"https:\/\/shanabooks.de\/product\/sagirten-evine-berken-bereh\/","url":"https:\/\/shanabooks.de\/product\/sagirten-evine-berken-bereh\/","name":"\u015eagirt\u00ean Ev\u00een\u00ea - Berken Bereh - www.shanabooks.de","isPartOf":{"@id":"https:\/\/shanabooks.de\/#website"},"primaryImageOfPage":{"@id":"https:\/\/shanabooks.de\/product\/sagirten-evine-berken-bereh\/#primaryimage"},"image":{"@id":"https:\/\/shanabooks.de\/product\/sagirten-evine-berken-bereh\/#primaryimage"},"thumbnailUrl":"https:\/\/shanabooks.de\/wp-content\/uploads\/2024\/01\/sagirten-evine.jpg","datePublished":"2024-03-03T19:51:41+00:00","dateModified":"2024-03-10T06:27:49+00:00","description":"\u015eagirt\u00ean Ev\u00een\u00ea - Berken Bereh ev pirt\u00fbka helbestan ya niv\u00eeskar\u00ea h\u00eaja Berken Bereh e. ji 80 r\u00fbpelan p\u00eak t\u00ea \u00fb ji we\u015fan\u00ean Avestay\u00ea derketiye...","breadcrumb":{"@id":"https:\/\/shanabooks.de\/product\/sagirten-evine-berken-bereh\/#breadcrumb"},"inLanguage":"kur","potentialAction":[{"@type":"ReadAction","target":["https:\/\/shanabooks.de\/product\/sagirten-evine-berken-bereh\/"]}]},{"@type":"ImageObject","inLanguage":"kur","@id":"https:\/\/shanabooks.de\/product\/sagirten-evine-berken-bereh\/#primaryimage","url":"https:\/\/shanabooks.de\/wp-content\/uploads\/2024\/01\/sagirten-evine.jpg","contentUrl":"https:\/\/shanabooks.de\/wp-content\/uploads\/2024\/01\/sagirten-evine.jpg","width":599,"height":900,"caption":"\u015eagirt\u00ean Ev\u00een\u00ea - Berken Bereh - pirt\u00fbk\u00ean kurd\u00ee"},{"@type":"BreadcrumbList","@id":"https:\/\/shanabooks.de\/product\/sagirten-evine-berken-bereh\/#breadcrumb","itemListElement":[{"@type":"ListItem","position":1,"name":"\u0627\u0644\u0631\u0626\u064a\u0633\u064a\u0629","item":"https:\/\/shanabooks.de\/kur\/"},{"@type":"ListItem","position":2,"name":"\u0627\u0644\u0645\u0646\u062a\u062c\u0627\u062a","item":"https:\/\/shanabooks.de\/shop\/"},{"@type":"ListItem","position":3,"name":"\u015eagirt\u00ean Ev\u00een\u00ea"}]},{"@type":"WebSite","@id":"https:\/\/shanabooks.de\/#website","url":"https:\/\/shanabooks.de\/","name":"www.shanbooks.de","description":"C\u00eehana Pirt\u00fbk\u00ean Kurd\u00ee \u0645\u0643\u062a\u0628\u0629 \u0634\u0627\u0646\u0627 \u0641\u064a \u0627\u0644\u0645\u0627\u0646\u064a\u0627 \u0648\u0623\u0648\u0631\u0628\u0627","publisher":{"@id":"https:\/\/shanabooks.de\/#organization"},"potentialAction":[{"@type":"SearchAction","target":{"@type":"EntryPoint","urlTemplate":"https:\/\/shanabooks.de\/?s={search_term_string}"},"query-input":{"@type":"PropertyValueSpecification","valueRequired":true,"valueName":"search_term_string"}}],"inLanguage":"kur"},{"@type":"Organization","@id":"https:\/\/shanabooks.de\/#organization","name":"www.shanbooks.de","url":"https:\/\/shanabooks.de\/","logo":{"@type":"ImageObject","inLanguage":"kur","@id":"https:\/\/shanabooks.de\/#\/schema\/logo\/image\/","url":"https:\/\/shanabooks.de\/wp-content\/uploads\/2024\/03\/SHANABOOKS__2_-removebg-preview.png","contentUrl":"https:\/\/shanabooks.de\/wp-content\/uploads\/2024\/03\/SHANABOOKS__2_-removebg-preview.png","width":700,"height":150,"caption":"www.shanbooks.de"},"image":{"@id":"https:\/\/shanabooks.de\/#\/schema\/logo\/image\/"}}]}},"jetpack_sharing_enabled":true,"_links":{"self":[{"href":"https:\/\/shanabooks.de\/kur\/wp-json\/wp\/v2\/product\/13483","targetHints":{"allow":["GET"]}}],"collection":[{"href":"https:\/\/shanabooks.de\/kur\/wp-json\/wp\/v2\/product"}],"about":[{"href":"https:\/\/shanabooks.de\/kur\/wp-json\/wp\/v2\/types\/product"}],"version-history":[{"count":2,"href":"https:\/\/shanabooks.de\/kur\/wp-json\/wp\/v2\/product\/13483\/revisions"}],"predecessor-version":[{"id":17305,"href":"https:\/\/shanabooks.de\/kur\/wp-json\/wp\/v2\/product\/13483\/revisions\/17305"}],"wp:featuredmedia":[{"embeddable":true,"href":"https:\/\/shanabooks.de\/kur\/wp-json\/wp\/v2\/media\/6426"}],"wp:attachment":[{"href":"https:\/\/shanabooks.de\/kur\/wp-json\/wp\/v2\/media?parent=13483"}],"wp:term":[{"taxonomy":"product_brand","embeddable":true,"href":"https:\/\/shanabooks.de\/kur\/wp-json\/wp\/v2\/product_brand?post=13483"},{"taxonomy":"product_cat","embeddable":true,"href":"https:\/\/shanabooks.de\/kur\/wp-json\/wp\/v2\/product_cat?post=13483"},{"taxonomy":"product_tag","embeddable":true,"href":"https:\/\/shanabooks.de\/kur\/wp-json\/wp\/v2\/product_tag?post=13483"}],"curies":[{"name":"wp","href":"https:\/\/api.w.org\/{rel}","templated":true}]}}