{"id":13525,"date":"2024-03-03T19:51:45","date_gmt":"2024-03-03T19:51:45","guid":{"rendered":"https:\/\/shanabooks.de\/?post_type=product&#038;p=13525"},"modified":"2026-01-02T19:52:16","modified_gmt":"2026-01-02T19:52:16","slug":"seren-sasune-osman-sebri","status":"publish","type":"product","link":"https:\/\/shanabooks.de\/kur\/product\/seren-sasune-osman-sebri\/","title":{"rendered":"\u015eer\u00ean Sas\u00fbn\u00ea"},"content":{"rendered":"<p style=\"text-align: left\"><strong>\u015eer\u00ean Sas\u00fbn\u00ea &#8211; Osman Sebr\u00ee<\/strong><\/p>\n<p style=\"text-align: left\">\u00a0Di v\u00ea berhema giring ya bi nav\u00ea \u015eer\u00ean Sas\u00fbn\u00ea de t\u00eako\u015fer \u00fb s\u00eeyasetmedar\u00ea Kurd Osman Sebr\u00ee behsa Ser\u00eehildana \u00c7\u00eeyay\u00ea Sas\u00fbn\u00ea dike \u00fb hem\u00fb h\u00fbrgil\u00ee \u00fb kitekit\u00ean \u015fer\u00ean \u201cQewm\u00ea \u00c7\u00eey\u00ea\u201d li ber \u00e7avan radixe. Pirt\u00fbka ku wek\u00ee belgeyeke d\u00eerok\u00ee ya cih\u00eawaz \u00fb degme t\u00ea hesibandin; t\u00eartij\u00ee ye bi zanyar\u00eey\u00ean di der bar\u00ea fedakar\u00ee \u00fb m\u00earan\u00eeya mala El\u00eey\u00ea Y\u00fbnis \u00fb e\u015f\u00eer\u00ean Kurd \u00ean hevalbend\u00ean w\u00ea li beranber\u00ee le\u015fker\u00ean Tirk de. Ji \u015eer\u00ea M\u00ealhay\u00ea \u00fb Motikan heta bi \u015eer\u00ean Gecoka 1926\u2019an \u00fb \u015eer\u00ean 1927\u2019an \u00fb m\u00earan\u00eeya Re\u015f\u00ea Artirer\u00ee ya b\u00eam\u00eenak li hember\u00ee dijmin! Di v\u00ea berhem\u00ea de, Osman Sebr\u00ee me dixe nava kefteleft \u00fb h\u00ealemana ser\u00eehildana gel\u00ea Kurd li hember\u00ee dagirkeran \u00fb bal\u00ea diki\u015f\u00eene ser ef\u00fby\u00ean derew\u00een, xap\u00ean dijmin \u00fb fen \u00fb f\u00fbt\u00ean w\u00ee di nav e\u015f\u00eer\u00ean Kurdan de \u00fb kiryar\u00ean le\u015fker\u00ean dijmin \u00ean nemirovane di der heq\u00ea jin \u00fb zarok\u00ean Kurdan de.<\/p>\n<p style=\"text-align: left\">B\u00fbyer\u00ean van \u015feran ji al\u00eey\u00ea Evdirehman\u00ea El\u00eey\u00ea Y\u00fbnis bi xwe ve ji Apo\u00a0Osman Sebr\u00ee\u00a0re hatine gotin \u00fb Osman Sebr\u00ee ew ro kirine di qalibek\u00ee vegotin\u00ea y\u00ea rewan \u00fb herikbar de.<\/p>\n<p style=\"text-align: left\">Berhema \u201c\u015eer\u00ean Sas\u00fbn\u00ea\u201d ya d\u00eerok\u00ee ya Osman Sebr\u00ee v\u00ea car\u00ea bi \u00e7apeke cuda ji nav we\u015fan\u00ean L\u00ees\u00ea derdi\u00e7e\u2026<\/p>\n<p style=\"text-align: left\">Berhema ku d\u00ea b\u00ea temamkirin bi we\u015fandina hem\u00fb berhem\u00ean niv\u00eeskar\u00ea welatpar\u00eaz, Apo Osman Sebr\u00ee!<\/p>\n","protected":false},"excerpt":{"rendered":"<p style=\"text-align: center\"><strong>Pirt\u00fbk: \u015eer\u00ean Sas\u00fbn\u00ea<br \/>\nNiv\u00eeskar: Osman Sebr\u00ee<br \/>\nCure: D\u00eerok<\/strong><\/p>\n","protected":false},"featured_media":6463,"template":"","meta":{"site-sidebar-layout":"default","site-content-layout":"","ast-site-content-layout":"default","site-content-style":"default","site-sidebar-style":"default","ast-global-header-display":"","ast-banner-title-visibility":"","ast-main-header-display":"","ast-hfb-above-header-display":"","ast-hfb-below-header-display":"","ast-hfb-mobile-header-display":"","site-post-title":"","ast-breadcrumbs-content":"","ast-featured-img":"","footer-sml-layout":"","ast-disable-related-posts":"","theme-transparent-header-meta":"default","adv-header-id-meta":"","stick-header-meta":"","header-above-stick-meta":"","header-main-stick-meta":"","header-below-stick-meta":"","astra-migrate-meta-layouts":"set","ast-page-background-enabled":"default","ast-page-background-meta":{"desktop":{"background-color":"","background-image":"","background-repeat":"repeat","background-position":"center center","background-size":"auto","background-attachment":"scroll","background-type":"","background-media":"","overlay-type":"","overlay-color":"","overlay-opacity":"","overlay-gradient":""},"tablet":{"background-color":"","background-image":"","background-repeat":"repeat","background-position":"center center","background-size":"auto","background-attachment":"scroll","background-type":"","background-media":"","overlay-type":"","overlay-color":"","overlay-opacity":"","overlay-gradient":""},"mobile":{"background-color":"","background-image":"","background-repeat":"repeat","background-position":"center center","background-size":"auto","background-attachment":"scroll","background-type":"","background-media":"","overlay-type":"","overlay-color":"","overlay-opacity":"","overlay-gradient":""}},"ast-content-background-meta":{"desktop":{"background-color":"var(--ast-global-color-5)","background-image":"","background-repeat":"repeat","background-position":"center center","background-size":"auto","background-attachment":"scroll","background-type":"","background-media":"","overlay-type":"","overlay-color":"","overlay-opacity":"","overlay-gradient":""},"tablet":{"background-color":"var(--ast-global-color-5)","background-image":"","background-repeat":"repeat","background-position":"center center","background-size":"auto","background-attachment":"scroll","background-type":"","background-media":"","overlay-type":"","overlay-color":"","overlay-opacity":"","overlay-gradient":""},"mobile":{"background-color":"var(--ast-global-color-5)","background-image":"","background-repeat":"repeat","background-position":"center center","background-size":"auto","background-attachment":"scroll","background-type":"","background-media":"","overlay-type":"","overlay-color":"","overlay-opacity":"","overlay-gradient":""}}},"product_brand":[],"product_cat":[187,193],"product_tag":[],"class_list":{"0":"post-13525","1":"product","2":"type-product","3":"status-publish","4":"has-post-thumbnail","6":"product_cat-_","7":"product_cat--_","8":"pa_-dirok","9":"pa_-osman-sebri","10":"pa_-kurmanci","11":"pa_--lis-yayinevi","12":"desktop-align-left","13":"tablet-align-left","14":"mobile-align-left","16":"first","17":"instock","18":"shipping-taxable","19":"purchasable","20":"product-type-simple"},"yoast_head":"<!-- This site is optimized with the Yoast SEO plugin v27.4 - https:\/\/yoast.com\/product\/yoast-seo-wordpress\/ -->\n<title>\u015eer\u00ean Sas\u00fbn\u00ea - Osman Sebr\u00ee - www.shanabooks.de<\/title>\n<meta name=\"description\" content=\"\u015eer\u00ean Sas\u00fbn\u00ea - Osman Sebr\u00ee\u00a0Di v\u00ea berhema giring ya bi nav\u00ea \u015eer\u00ean Sas\u00fbn\u00ea de t\u00eako\u015fer \u00fb s\u00eeyasetmedar\u00ea Kurd Osman Sebr\u00ee behsa Ser\u00eehildana \u00c7\u00eeyay\u00ea Sas\u00fbn\u00ea dike...\" \/>\n<meta name=\"robots\" content=\"index, follow, max-snippet:-1, max-image-preview:large, max-video-preview:-1\" \/>\n<link rel=\"canonical\" href=\"https:\/\/shanabooks.de\/product\/seren-sasune-osman-sebri\/\" \/>\n<meta property=\"og:locale\" content=\"en_US\" \/>\n<meta property=\"og:type\" content=\"article\" \/>\n<meta property=\"og:title\" content=\"\u015eer\u00ean Sas\u00fbn\u00ea - Osman Sebr\u00ee - www.shanabooks.de\" \/>\n<meta property=\"og:description\" content=\"\u015eer\u00ean Sas\u00fbn\u00ea - Osman Sebr\u00ee\u00a0Di v\u00ea berhema giring ya bi nav\u00ea \u015eer\u00ean Sas\u00fbn\u00ea de t\u00eako\u015fer \u00fb s\u00eeyasetmedar\u00ea Kurd Osman Sebr\u00ee behsa Ser\u00eehildana \u00c7\u00eeyay\u00ea Sas\u00fbn\u00ea dike...\" \/>\n<meta property=\"og:url\" content=\"https:\/\/shanabooks.de\/product\/seren-sasune-osman-sebri\/\" \/>\n<meta property=\"og:site_name\" content=\"www.shanabooks.de\" \/>\n<meta property=\"article:modified_time\" content=\"2026-01-02T19:52:16+00:00\" \/>\n<meta property=\"og:image\" content=\"https:\/\/shanabooks.de\/wp-content\/uploads\/2024\/01\/Seren-Sasune.png\" \/>\n\t<meta property=\"og:image:width\" content=\"266\" \/>\n\t<meta property=\"og:image:height\" content=\"457\" \/>\n\t<meta property=\"og:image:type\" content=\"image\/png\" \/>\n<meta name=\"twitter:card\" content=\"summary_large_image\" \/>\n<meta name=\"twitter:label1\" content=\"Est. reading time\" \/>\n\t<meta name=\"twitter:data1\" content=\"2 minutes\" \/>\n<script type=\"application\/ld+json\" class=\"yoast-schema-graph\">{\"@context\":\"https:\\\/\\\/schema.org\",\"@graph\":[{\"@type\":\"WebPage\",\"@id\":\"https:\\\/\\\/shanabooks.de\\\/product\\\/seren-sasune-osman-sebri\\\/\",\"url\":\"https:\\\/\\\/shanabooks.de\\\/product\\\/seren-sasune-osman-sebri\\\/\",\"name\":\"\u015eer\u00ean Sas\u00fbn\u00ea - Osman Sebr\u00ee - www.shanabooks.de\",\"isPartOf\":{\"@id\":\"https:\\\/\\\/shanabooks.de\\\/#website\"},\"primaryImageOfPage\":{\"@id\":\"https:\\\/\\\/shanabooks.de\\\/product\\\/seren-sasune-osman-sebri\\\/#primaryimage\"},\"image\":{\"@id\":\"https:\\\/\\\/shanabooks.de\\\/product\\\/seren-sasune-osman-sebri\\\/#primaryimage\"},\"thumbnailUrl\":\"https:\\\/\\\/shanabooks.de\\\/wp-content\\\/uploads\\\/2024\\\/01\\\/Seren-Sasune.png\",\"datePublished\":\"2024-03-03T19:51:45+00:00\",\"dateModified\":\"2026-01-02T19:52:16+00:00\",\"description\":\"\u015eer\u00ean Sas\u00fbn\u00ea - Osman Sebr\u00ee\u00a0Di v\u00ea berhema giring ya bi nav\u00ea \u015eer\u00ean Sas\u00fbn\u00ea de t\u00eako\u015fer \u00fb s\u00eeyasetmedar\u00ea Kurd Osman Sebr\u00ee behsa Ser\u00eehildana \u00c7\u00eeyay\u00ea Sas\u00fbn\u00ea dike...\",\"breadcrumb\":{\"@id\":\"https:\\\/\\\/shanabooks.de\\\/product\\\/seren-sasune-osman-sebri\\\/#breadcrumb\"},\"inLanguage\":\"kur\",\"potentialAction\":[{\"@type\":\"ReadAction\",\"target\":[\"https:\\\/\\\/shanabooks.de\\\/product\\\/seren-sasune-osman-sebri\\\/\"]}]},{\"@type\":\"ImageObject\",\"inLanguage\":\"kur\",\"@id\":\"https:\\\/\\\/shanabooks.de\\\/product\\\/seren-sasune-osman-sebri\\\/#primaryimage\",\"url\":\"https:\\\/\\\/shanabooks.de\\\/wp-content\\\/uploads\\\/2024\\\/01\\\/Seren-Sasune.png\",\"contentUrl\":\"https:\\\/\\\/shanabooks.de\\\/wp-content\\\/uploads\\\/2024\\\/01\\\/Seren-Sasune.png\",\"width\":266,\"height\":457,\"caption\":\"\u015eer\u00ean Sas\u00fbn\u00ea - Osman Sebr\u00ee - pirt\u00fbk\u00ean kurd\u00ee\"},{\"@type\":\"BreadcrumbList\",\"@id\":\"https:\\\/\\\/shanabooks.de\\\/product\\\/seren-sasune-osman-sebri\\\/#breadcrumb\",\"itemListElement\":[{\"@type\":\"ListItem\",\"position\":1,\"name\":\"\u0627\u0644\u0631\u0626\u064a\u0633\u064a\u0629\",\"item\":\"https:\\\/\\\/shanabooks.de\\\/kur\\\/\"},{\"@type\":\"ListItem\",\"position\":2,\"name\":\"\u0627\u0644\u0645\u0646\u062a\u062c\u0627\u062a\",\"item\":\"https:\\\/\\\/shanabooks.de\\\/shop\\\/\"},{\"@type\":\"ListItem\",\"position\":3,\"name\":\"\u015eer\u00ean Sas\u00fbn\u00ea\"}]},{\"@type\":\"WebSite\",\"@id\":\"https:\\\/\\\/shanabooks.de\\\/#website\",\"url\":\"https:\\\/\\\/shanabooks.de\\\/\",\"name\":\"www.shanbooks.de\",\"description\":\"C\u00eehana Pirt\u00fbk\u00ean Kurd\u00ee \u0645\u0643\u062a\u0628\u0629 \u0634\u0627\u0646\u0627 \u0641\u064a \u0627\u0644\u0645\u0627\u0646\u064a\u0627 \u0648\u0623\u0648\u0631\u0628\u0627\",\"publisher\":{\"@id\":\"https:\\\/\\\/shanabooks.de\\\/#organization\"},\"potentialAction\":[{\"@type\":\"SearchAction\",\"target\":{\"@type\":\"EntryPoint\",\"urlTemplate\":\"https:\\\/\\\/shanabooks.de\\\/?s={search_term_string}\"},\"query-input\":{\"@type\":\"PropertyValueSpecification\",\"valueRequired\":true,\"valueName\":\"search_term_string\"}}],\"inLanguage\":\"kur\"},{\"@type\":\"Organization\",\"@id\":\"https:\\\/\\\/shanabooks.de\\\/#organization\",\"name\":\"www.shanbooks.de\",\"url\":\"https:\\\/\\\/shanabooks.de\\\/\",\"logo\":{\"@type\":\"ImageObject\",\"inLanguage\":\"kur\",\"@id\":\"https:\\\/\\\/shanabooks.de\\\/#\\\/schema\\\/logo\\\/image\\\/\",\"url\":\"https:\\\/\\\/shanabooks.de\\\/wp-content\\\/uploads\\\/2024\\\/03\\\/SHANABOOKS__2_-removebg-preview.png\",\"contentUrl\":\"https:\\\/\\\/shanabooks.de\\\/wp-content\\\/uploads\\\/2024\\\/03\\\/SHANABOOKS__2_-removebg-preview.png\",\"width\":700,\"height\":150,\"caption\":\"www.shanbooks.de\"},\"image\":{\"@id\":\"https:\\\/\\\/shanabooks.de\\\/#\\\/schema\\\/logo\\\/image\\\/\"}}]}<\/script>\n<!-- \/ Yoast SEO plugin. -->","yoast_head_json":{"title":"\u015eer\u00ean Sas\u00fbn\u00ea - Osman Sebr\u00ee - www.shanabooks.de","description":"\u015eer\u00ean Sas\u00fbn\u00ea - Osman Sebr\u00ee\u00a0Di v\u00ea berhema giring ya bi nav\u00ea \u015eer\u00ean Sas\u00fbn\u00ea de t\u00eako\u015fer \u00fb s\u00eeyasetmedar\u00ea Kurd Osman Sebr\u00ee behsa Ser\u00eehildana \u00c7\u00eeyay\u00ea Sas\u00fbn\u00ea dike...","robots":{"index":"index","follow":"follow","max-snippet":"max-snippet:-1","max-image-preview":"max-image-preview:large","max-video-preview":"max-video-preview:-1"},"canonical":"https:\/\/shanabooks.de\/product\/seren-sasune-osman-sebri\/","og_locale":"en_US","og_type":"article","og_title":"\u015eer\u00ean Sas\u00fbn\u00ea - Osman Sebr\u00ee - www.shanabooks.de","og_description":"\u015eer\u00ean Sas\u00fbn\u00ea - Osman Sebr\u00ee\u00a0Di v\u00ea berhema giring ya bi nav\u00ea \u015eer\u00ean Sas\u00fbn\u00ea de t\u00eako\u015fer \u00fb s\u00eeyasetmedar\u00ea Kurd Osman Sebr\u00ee behsa Ser\u00eehildana \u00c7\u00eeyay\u00ea Sas\u00fbn\u00ea dike...","og_url":"https:\/\/shanabooks.de\/product\/seren-sasune-osman-sebri\/","og_site_name":"www.shanabooks.de","article_modified_time":"2026-01-02T19:52:16+00:00","og_image":[{"width":266,"height":457,"url":"https:\/\/shanabooks.de\/wp-content\/uploads\/2024\/01\/Seren-Sasune.png","type":"image\/png"}],"twitter_card":"summary_large_image","twitter_misc":{"Est. reading time":"2 minutes"},"schema":{"@context":"https:\/\/schema.org","@graph":[{"@type":"WebPage","@id":"https:\/\/shanabooks.de\/product\/seren-sasune-osman-sebri\/","url":"https:\/\/shanabooks.de\/product\/seren-sasune-osman-sebri\/","name":"\u015eer\u00ean Sas\u00fbn\u00ea - Osman Sebr\u00ee - www.shanabooks.de","isPartOf":{"@id":"https:\/\/shanabooks.de\/#website"},"primaryImageOfPage":{"@id":"https:\/\/shanabooks.de\/product\/seren-sasune-osman-sebri\/#primaryimage"},"image":{"@id":"https:\/\/shanabooks.de\/product\/seren-sasune-osman-sebri\/#primaryimage"},"thumbnailUrl":"https:\/\/shanabooks.de\/wp-content\/uploads\/2024\/01\/Seren-Sasune.png","datePublished":"2024-03-03T19:51:45+00:00","dateModified":"2026-01-02T19:52:16+00:00","description":"\u015eer\u00ean Sas\u00fbn\u00ea - Osman Sebr\u00ee\u00a0Di v\u00ea berhema giring ya bi nav\u00ea \u015eer\u00ean Sas\u00fbn\u00ea de t\u00eako\u015fer \u00fb s\u00eeyasetmedar\u00ea Kurd Osman Sebr\u00ee behsa Ser\u00eehildana \u00c7\u00eeyay\u00ea Sas\u00fbn\u00ea dike...","breadcrumb":{"@id":"https:\/\/shanabooks.de\/product\/seren-sasune-osman-sebri\/#breadcrumb"},"inLanguage":"kur","potentialAction":[{"@type":"ReadAction","target":["https:\/\/shanabooks.de\/product\/seren-sasune-osman-sebri\/"]}]},{"@type":"ImageObject","inLanguage":"kur","@id":"https:\/\/shanabooks.de\/product\/seren-sasune-osman-sebri\/#primaryimage","url":"https:\/\/shanabooks.de\/wp-content\/uploads\/2024\/01\/Seren-Sasune.png","contentUrl":"https:\/\/shanabooks.de\/wp-content\/uploads\/2024\/01\/Seren-Sasune.png","width":266,"height":457,"caption":"\u015eer\u00ean Sas\u00fbn\u00ea - Osman Sebr\u00ee - pirt\u00fbk\u00ean kurd\u00ee"},{"@type":"BreadcrumbList","@id":"https:\/\/shanabooks.de\/product\/seren-sasune-osman-sebri\/#breadcrumb","itemListElement":[{"@type":"ListItem","position":1,"name":"\u0627\u0644\u0631\u0626\u064a\u0633\u064a\u0629","item":"https:\/\/shanabooks.de\/kur\/"},{"@type":"ListItem","position":2,"name":"\u0627\u0644\u0645\u0646\u062a\u062c\u0627\u062a","item":"https:\/\/shanabooks.de\/shop\/"},{"@type":"ListItem","position":3,"name":"\u015eer\u00ean Sas\u00fbn\u00ea"}]},{"@type":"WebSite","@id":"https:\/\/shanabooks.de\/#website","url":"https:\/\/shanabooks.de\/","name":"www.shanbooks.de","description":"C\u00eehana Pirt\u00fbk\u00ean Kurd\u00ee \u0645\u0643\u062a\u0628\u0629 \u0634\u0627\u0646\u0627 \u0641\u064a \u0627\u0644\u0645\u0627\u0646\u064a\u0627 \u0648\u0623\u0648\u0631\u0628\u0627","publisher":{"@id":"https:\/\/shanabooks.de\/#organization"},"potentialAction":[{"@type":"SearchAction","target":{"@type":"EntryPoint","urlTemplate":"https:\/\/shanabooks.de\/?s={search_term_string}"},"query-input":{"@type":"PropertyValueSpecification","valueRequired":true,"valueName":"search_term_string"}}],"inLanguage":"kur"},{"@type":"Organization","@id":"https:\/\/shanabooks.de\/#organization","name":"www.shanbooks.de","url":"https:\/\/shanabooks.de\/","logo":{"@type":"ImageObject","inLanguage":"kur","@id":"https:\/\/shanabooks.de\/#\/schema\/logo\/image\/","url":"https:\/\/shanabooks.de\/wp-content\/uploads\/2024\/03\/SHANABOOKS__2_-removebg-preview.png","contentUrl":"https:\/\/shanabooks.de\/wp-content\/uploads\/2024\/03\/SHANABOOKS__2_-removebg-preview.png","width":700,"height":150,"caption":"www.shanbooks.de"},"image":{"@id":"https:\/\/shanabooks.de\/#\/schema\/logo\/image\/"}}]}},"jetpack_sharing_enabled":true,"_links":{"self":[{"href":"https:\/\/shanabooks.de\/kur\/wp-json\/wp\/v2\/product\/13525","targetHints":{"allow":["GET"]}}],"collection":[{"href":"https:\/\/shanabooks.de\/kur\/wp-json\/wp\/v2\/product"}],"about":[{"href":"https:\/\/shanabooks.de\/kur\/wp-json\/wp\/v2\/types\/product"}],"version-history":[{"count":3,"href":"https:\/\/shanabooks.de\/kur\/wp-json\/wp\/v2\/product\/13525\/revisions"}],"predecessor-version":[{"id":17297,"href":"https:\/\/shanabooks.de\/kur\/wp-json\/wp\/v2\/product\/13525\/revisions\/17297"}],"wp:featuredmedia":[{"embeddable":true,"href":"https:\/\/shanabooks.de\/kur\/wp-json\/wp\/v2\/media\/6463"}],"wp:attachment":[{"href":"https:\/\/shanabooks.de\/kur\/wp-json\/wp\/v2\/media?parent=13525"}],"wp:term":[{"taxonomy":"product_brand","embeddable":true,"href":"https:\/\/shanabooks.de\/kur\/wp-json\/wp\/v2\/product_brand?post=13525"},{"taxonomy":"product_cat","embeddable":true,"href":"https:\/\/shanabooks.de\/kur\/wp-json\/wp\/v2\/product_cat?post=13525"},{"taxonomy":"product_tag","embeddable":true,"href":"https:\/\/shanabooks.de\/kur\/wp-json\/wp\/v2\/product_tag?post=13525"}],"curies":[{"name":"wp","href":"https:\/\/api.w.org\/{rel}","templated":true}]}}