{"id":13539,"date":"2024-03-03T19:51:46","date_gmt":"2024-03-03T19:51:46","guid":{"rendered":"https:\/\/shanabooks.de\/?post_type=product&#038;p=13539"},"modified":"2026-01-02T19:53:00","modified_gmt":"2026-01-02T19:53:00","slug":"terse-seve-osman-sebri","status":"publish","type":"product","link":"https:\/\/shanabooks.de\/kur\/product\/terse-seve-osman-sebri\/","title":{"rendered":"Ter\u015f\u00ea \u015eev\u00ea"},"content":{"rendered":"<p style=\"text-align: left\"><strong>Ter\u015f\u00ea \u015eev\u00ea &#8211; Osman Sebr\u00ee<\/strong><\/p>\n<p style=\"text-align: left\">Ev Pirt\u00fbk ji aliy\u00ea Ron\u00ee War ve hatiye amadekirin \u00fb ji Helbest \u00fb \u00c7\u00eerok\u00ean Osman Sebr\u00ee p\u00eak t\u00ea.<\/p>\n<p style=\"text-align: left\">Berhema Osman Sebr\u00ee ji aliy\u00ea we\u015fan\u00ean Avay\u00ea ve hatiye we\u015fandin.<\/p>\n","protected":false},"excerpt":{"rendered":"<p style=\"text-align: center\"><strong>Pirt\u00fbk: Ter\u015f\u00ea \u015eev\u00ea<br \/>\nNiv\u00eeskar: Osman Sebr\u00ee<br \/>\nCure: \u00c7\u00eerok \u00fb Helbest<\/strong><\/p>\n","protected":false},"featured_media":6500,"template":"","meta":{"site-sidebar-layout":"default","site-content-layout":"","ast-site-content-layout":"default","site-content-style":"default","site-sidebar-style":"default","ast-global-header-display":"","ast-banner-title-visibility":"","ast-main-header-display":"","ast-hfb-above-header-display":"","ast-hfb-below-header-display":"","ast-hfb-mobile-header-display":"","site-post-title":"","ast-breadcrumbs-content":"","ast-featured-img":"","footer-sml-layout":"","ast-disable-related-posts":"","theme-transparent-header-meta":"default","adv-header-id-meta":"","stick-header-meta":"","header-above-stick-meta":"","header-main-stick-meta":"","header-below-stick-meta":"","astra-migrate-meta-layouts":"set","ast-page-background-enabled":"default","ast-page-background-meta":{"desktop":{"background-color":"","background-image":"","background-repeat":"repeat","background-position":"center center","background-size":"auto","background-attachment":"scroll","background-type":"","background-media":"","overlay-type":"","overlay-color":"","overlay-opacity":"","overlay-gradient":""},"tablet":{"background-color":"","background-image":"","background-repeat":"repeat","background-position":"center center","background-size":"auto","background-attachment":"scroll","background-type":"","background-media":"","overlay-type":"","overlay-color":"","overlay-opacity":"","overlay-gradient":""},"mobile":{"background-color":"","background-image":"","background-repeat":"repeat","background-position":"center center","background-size":"auto","background-attachment":"scroll","background-type":"","background-media":"","overlay-type":"","overlay-color":"","overlay-opacity":"","overlay-gradient":""}},"ast-content-background-meta":{"desktop":{"background-color":"var(--ast-global-color-5)","background-image":"","background-repeat":"repeat","background-position":"center center","background-size":"auto","background-attachment":"scroll","background-type":"","background-media":"","overlay-type":"","overlay-color":"","overlay-opacity":"","overlay-gradient":""},"tablet":{"background-color":"var(--ast-global-color-5)","background-image":"","background-repeat":"repeat","background-position":"center center","background-size":"auto","background-attachment":"scroll","background-type":"","background-media":"","overlay-type":"","overlay-color":"","overlay-opacity":"","overlay-gradient":""},"mobile":{"background-color":"var(--ast-global-color-5)","background-image":"","background-repeat":"repeat","background-position":"center center","background-size":"auto","background-attachment":"scroll","background-type":"","background-media":"","overlay-type":"","overlay-color":"","overlay-opacity":"","overlay-gradient":""}}},"product_brand":[],"product_cat":[184,183,193],"product_tag":[],"class_list":{"0":"post-13539","1":"product","2":"type-product","3":"status-publish","4":"has-post-thumbnail","6":"product_cat-_","8":"product_cat--_","9":"pa_-cirok","10":"pa_-helbest","11":"pa_-osman-sebri","12":"pa_-kurmanci","13":"pa_--ava-yayinlari","14":"desktop-align-left","15":"tablet-align-left","16":"mobile-align-left","18":"first","19":"outofstock","20":"shipping-taxable","21":"purchasable","22":"product-type-simple"},"yoast_head":"<!-- This site is optimized with the Yoast SEO plugin v27.4 - https:\/\/yoast.com\/product\/yoast-seo-wordpress\/ -->\n<title>Ter\u015f\u00ea \u015eev\u00ea - Osman Sebr\u00ee - www.shanabooks.de<\/title>\n<meta name=\"description\" content=\"Ter\u015f\u00ea \u015eev\u00ea - Osman Sebr\u00ee Ev Pirt\u00fbk ji aliy\u00ea Ron\u00ee War ve hatiye amadekirin \u00fb ji Helbest \u00fb \u00c7\u00eerok\u00ean Osman Sebr\u00ee p\u00eak t\u00ea. Ev berhem ji we\u015fan\u00ean Ava derketiye\" \/>\n<meta name=\"robots\" content=\"index, follow, max-snippet:-1, max-image-preview:large, max-video-preview:-1\" \/>\n<link rel=\"canonical\" href=\"https:\/\/shanabooks.de\/product\/terse-seve-osman-sebri\/\" \/>\n<meta property=\"og:locale\" content=\"en_US\" \/>\n<meta property=\"og:type\" content=\"article\" \/>\n<meta property=\"og:title\" content=\"Ter\u015f\u00ea \u015eev\u00ea - Osman Sebr\u00ee - www.shanabooks.de\" \/>\n<meta property=\"og:description\" content=\"Ter\u015f\u00ea \u015eev\u00ea - Osman Sebr\u00ee Ev Pirt\u00fbk ji aliy\u00ea Ron\u00ee War ve hatiye amadekirin \u00fb ji Helbest \u00fb \u00c7\u00eerok\u00ean Osman Sebr\u00ee p\u00eak t\u00ea. Ev berhem ji we\u015fan\u00ean Ava derketiye\" \/>\n<meta property=\"og:url\" content=\"https:\/\/shanabooks.de\/product\/terse-seve-osman-sebri\/\" \/>\n<meta property=\"og:site_name\" content=\"www.shanabooks.de\" \/>\n<meta property=\"article:modified_time\" content=\"2026-01-02T19:53:00+00:00\" \/>\n<meta property=\"og:image\" content=\"https:\/\/shanabooks.de\/wp-content\/uploads\/2024\/01\/Terse-Seve.png\" \/>\n\t<meta property=\"og:image:width\" content=\"311\" \/>\n\t<meta property=\"og:image:height\" content=\"473\" \/>\n\t<meta property=\"og:image:type\" content=\"image\/png\" \/>\n<meta name=\"twitter:card\" content=\"summary_large_image\" \/>\n<meta name=\"twitter:label1\" content=\"Est. reading time\" \/>\n\t<meta name=\"twitter:data1\" content=\"1 minute\" \/>\n<script type=\"application\/ld+json\" class=\"yoast-schema-graph\">{\"@context\":\"https:\\\/\\\/schema.org\",\"@graph\":[{\"@type\":\"WebPage\",\"@id\":\"https:\\\/\\\/shanabooks.de\\\/product\\\/terse-seve-osman-sebri\\\/\",\"url\":\"https:\\\/\\\/shanabooks.de\\\/product\\\/terse-seve-osman-sebri\\\/\",\"name\":\"Ter\u015f\u00ea \u015eev\u00ea - Osman Sebr\u00ee - www.shanabooks.de\",\"isPartOf\":{\"@id\":\"https:\\\/\\\/shanabooks.de\\\/#website\"},\"primaryImageOfPage\":{\"@id\":\"https:\\\/\\\/shanabooks.de\\\/product\\\/terse-seve-osman-sebri\\\/#primaryimage\"},\"image\":{\"@id\":\"https:\\\/\\\/shanabooks.de\\\/product\\\/terse-seve-osman-sebri\\\/#primaryimage\"},\"thumbnailUrl\":\"https:\\\/\\\/shanabooks.de\\\/wp-content\\\/uploads\\\/2024\\\/01\\\/Terse-Seve.png\",\"datePublished\":\"2024-03-03T19:51:46+00:00\",\"dateModified\":\"2026-01-02T19:53:00+00:00\",\"description\":\"Ter\u015f\u00ea \u015eev\u00ea - Osman Sebr\u00ee Ev Pirt\u00fbk ji aliy\u00ea Ron\u00ee War ve hatiye amadekirin \u00fb ji Helbest \u00fb \u00c7\u00eerok\u00ean Osman Sebr\u00ee p\u00eak t\u00ea. Ev berhem ji we\u015fan\u00ean Ava derketiye\",\"breadcrumb\":{\"@id\":\"https:\\\/\\\/shanabooks.de\\\/product\\\/terse-seve-osman-sebri\\\/#breadcrumb\"},\"inLanguage\":\"kur\",\"potentialAction\":[{\"@type\":\"ReadAction\",\"target\":[\"https:\\\/\\\/shanabooks.de\\\/product\\\/terse-seve-osman-sebri\\\/\"]}]},{\"@type\":\"ImageObject\",\"inLanguage\":\"kur\",\"@id\":\"https:\\\/\\\/shanabooks.de\\\/product\\\/terse-seve-osman-sebri\\\/#primaryimage\",\"url\":\"https:\\\/\\\/shanabooks.de\\\/wp-content\\\/uploads\\\/2024\\\/01\\\/Terse-Seve.png\",\"contentUrl\":\"https:\\\/\\\/shanabooks.de\\\/wp-content\\\/uploads\\\/2024\\\/01\\\/Terse-Seve.png\",\"width\":311,\"height\":473,\"caption\":\"Ter\u015f\u00ea \u015eev\u00ea - Osman Sebr\u00ee\"},{\"@type\":\"BreadcrumbList\",\"@id\":\"https:\\\/\\\/shanabooks.de\\\/product\\\/terse-seve-osman-sebri\\\/#breadcrumb\",\"itemListElement\":[{\"@type\":\"ListItem\",\"position\":1,\"name\":\"\u0627\u0644\u0631\u0626\u064a\u0633\u064a\u0629\",\"item\":\"https:\\\/\\\/shanabooks.de\\\/kur\\\/\"},{\"@type\":\"ListItem\",\"position\":2,\"name\":\"\u0627\u0644\u0645\u0646\u062a\u062c\u0627\u062a\",\"item\":\"https:\\\/\\\/shanabooks.de\\\/shop\\\/\"},{\"@type\":\"ListItem\",\"position\":3,\"name\":\"Ter\u015f\u00ea \u015eev\u00ea\"}]},{\"@type\":\"WebSite\",\"@id\":\"https:\\\/\\\/shanabooks.de\\\/#website\",\"url\":\"https:\\\/\\\/shanabooks.de\\\/\",\"name\":\"www.shanbooks.de\",\"description\":\"C\u00eehana Pirt\u00fbk\u00ean Kurd\u00ee \u0645\u0643\u062a\u0628\u0629 \u0634\u0627\u0646\u0627 \u0641\u064a \u0627\u0644\u0645\u0627\u0646\u064a\u0627 \u0648\u0623\u0648\u0631\u0628\u0627\",\"publisher\":{\"@id\":\"https:\\\/\\\/shanabooks.de\\\/#organization\"},\"potentialAction\":[{\"@type\":\"SearchAction\",\"target\":{\"@type\":\"EntryPoint\",\"urlTemplate\":\"https:\\\/\\\/shanabooks.de\\\/?s={search_term_string}\"},\"query-input\":{\"@type\":\"PropertyValueSpecification\",\"valueRequired\":true,\"valueName\":\"search_term_string\"}}],\"inLanguage\":\"kur\"},{\"@type\":\"Organization\",\"@id\":\"https:\\\/\\\/shanabooks.de\\\/#organization\",\"name\":\"www.shanbooks.de\",\"url\":\"https:\\\/\\\/shanabooks.de\\\/\",\"logo\":{\"@type\":\"ImageObject\",\"inLanguage\":\"kur\",\"@id\":\"https:\\\/\\\/shanabooks.de\\\/#\\\/schema\\\/logo\\\/image\\\/\",\"url\":\"https:\\\/\\\/shanabooks.de\\\/wp-content\\\/uploads\\\/2024\\\/03\\\/SHANABOOKS__2_-removebg-preview.png\",\"contentUrl\":\"https:\\\/\\\/shanabooks.de\\\/wp-content\\\/uploads\\\/2024\\\/03\\\/SHANABOOKS__2_-removebg-preview.png\",\"width\":700,\"height\":150,\"caption\":\"www.shanbooks.de\"},\"image\":{\"@id\":\"https:\\\/\\\/shanabooks.de\\\/#\\\/schema\\\/logo\\\/image\\\/\"}}]}<\/script>\n<!-- \/ Yoast SEO plugin. -->","yoast_head_json":{"title":"Ter\u015f\u00ea \u015eev\u00ea - Osman Sebr\u00ee - www.shanabooks.de","description":"Ter\u015f\u00ea \u015eev\u00ea - Osman Sebr\u00ee Ev Pirt\u00fbk ji aliy\u00ea Ron\u00ee War ve hatiye amadekirin \u00fb ji Helbest \u00fb \u00c7\u00eerok\u00ean Osman Sebr\u00ee p\u00eak t\u00ea. Ev berhem ji we\u015fan\u00ean Ava derketiye","robots":{"index":"index","follow":"follow","max-snippet":"max-snippet:-1","max-image-preview":"max-image-preview:large","max-video-preview":"max-video-preview:-1"},"canonical":"https:\/\/shanabooks.de\/product\/terse-seve-osman-sebri\/","og_locale":"en_US","og_type":"article","og_title":"Ter\u015f\u00ea \u015eev\u00ea - Osman Sebr\u00ee - www.shanabooks.de","og_description":"Ter\u015f\u00ea \u015eev\u00ea - Osman Sebr\u00ee Ev Pirt\u00fbk ji aliy\u00ea Ron\u00ee War ve hatiye amadekirin \u00fb ji Helbest \u00fb \u00c7\u00eerok\u00ean Osman Sebr\u00ee p\u00eak t\u00ea. Ev berhem ji we\u015fan\u00ean Ava derketiye","og_url":"https:\/\/shanabooks.de\/product\/terse-seve-osman-sebri\/","og_site_name":"www.shanabooks.de","article_modified_time":"2026-01-02T19:53:00+00:00","og_image":[{"width":311,"height":473,"url":"https:\/\/shanabooks.de\/wp-content\/uploads\/2024\/01\/Terse-Seve.png","type":"image\/png"}],"twitter_card":"summary_large_image","twitter_misc":{"Est. reading time":"1 minute"},"schema":{"@context":"https:\/\/schema.org","@graph":[{"@type":"WebPage","@id":"https:\/\/shanabooks.de\/product\/terse-seve-osman-sebri\/","url":"https:\/\/shanabooks.de\/product\/terse-seve-osman-sebri\/","name":"Ter\u015f\u00ea \u015eev\u00ea - Osman Sebr\u00ee - www.shanabooks.de","isPartOf":{"@id":"https:\/\/shanabooks.de\/#website"},"primaryImageOfPage":{"@id":"https:\/\/shanabooks.de\/product\/terse-seve-osman-sebri\/#primaryimage"},"image":{"@id":"https:\/\/shanabooks.de\/product\/terse-seve-osman-sebri\/#primaryimage"},"thumbnailUrl":"https:\/\/shanabooks.de\/wp-content\/uploads\/2024\/01\/Terse-Seve.png","datePublished":"2024-03-03T19:51:46+00:00","dateModified":"2026-01-02T19:53:00+00:00","description":"Ter\u015f\u00ea \u015eev\u00ea - Osman Sebr\u00ee Ev Pirt\u00fbk ji aliy\u00ea Ron\u00ee War ve hatiye amadekirin \u00fb ji Helbest \u00fb \u00c7\u00eerok\u00ean Osman Sebr\u00ee p\u00eak t\u00ea. Ev berhem ji we\u015fan\u00ean Ava derketiye","breadcrumb":{"@id":"https:\/\/shanabooks.de\/product\/terse-seve-osman-sebri\/#breadcrumb"},"inLanguage":"kur","potentialAction":[{"@type":"ReadAction","target":["https:\/\/shanabooks.de\/product\/terse-seve-osman-sebri\/"]}]},{"@type":"ImageObject","inLanguage":"kur","@id":"https:\/\/shanabooks.de\/product\/terse-seve-osman-sebri\/#primaryimage","url":"https:\/\/shanabooks.de\/wp-content\/uploads\/2024\/01\/Terse-Seve.png","contentUrl":"https:\/\/shanabooks.de\/wp-content\/uploads\/2024\/01\/Terse-Seve.png","width":311,"height":473,"caption":"Ter\u015f\u00ea \u015eev\u00ea - Osman Sebr\u00ee"},{"@type":"BreadcrumbList","@id":"https:\/\/shanabooks.de\/product\/terse-seve-osman-sebri\/#breadcrumb","itemListElement":[{"@type":"ListItem","position":1,"name":"\u0627\u0644\u0631\u0626\u064a\u0633\u064a\u0629","item":"https:\/\/shanabooks.de\/kur\/"},{"@type":"ListItem","position":2,"name":"\u0627\u0644\u0645\u0646\u062a\u062c\u0627\u062a","item":"https:\/\/shanabooks.de\/shop\/"},{"@type":"ListItem","position":3,"name":"Ter\u015f\u00ea \u015eev\u00ea"}]},{"@type":"WebSite","@id":"https:\/\/shanabooks.de\/#website","url":"https:\/\/shanabooks.de\/","name":"www.shanbooks.de","description":"C\u00eehana Pirt\u00fbk\u00ean Kurd\u00ee \u0645\u0643\u062a\u0628\u0629 \u0634\u0627\u0646\u0627 \u0641\u064a \u0627\u0644\u0645\u0627\u0646\u064a\u0627 \u0648\u0623\u0648\u0631\u0628\u0627","publisher":{"@id":"https:\/\/shanabooks.de\/#organization"},"potentialAction":[{"@type":"SearchAction","target":{"@type":"EntryPoint","urlTemplate":"https:\/\/shanabooks.de\/?s={search_term_string}"},"query-input":{"@type":"PropertyValueSpecification","valueRequired":true,"valueName":"search_term_string"}}],"inLanguage":"kur"},{"@type":"Organization","@id":"https:\/\/shanabooks.de\/#organization","name":"www.shanbooks.de","url":"https:\/\/shanabooks.de\/","logo":{"@type":"ImageObject","inLanguage":"kur","@id":"https:\/\/shanabooks.de\/#\/schema\/logo\/image\/","url":"https:\/\/shanabooks.de\/wp-content\/uploads\/2024\/03\/SHANABOOKS__2_-removebg-preview.png","contentUrl":"https:\/\/shanabooks.de\/wp-content\/uploads\/2024\/03\/SHANABOOKS__2_-removebg-preview.png","width":700,"height":150,"caption":"www.shanbooks.de"},"image":{"@id":"https:\/\/shanabooks.de\/#\/schema\/logo\/image\/"}}]}},"jetpack_sharing_enabled":true,"_links":{"self":[{"href":"https:\/\/shanabooks.de\/kur\/wp-json\/wp\/v2\/product\/13539","targetHints":{"allow":["GET"]}}],"collection":[{"href":"https:\/\/shanabooks.de\/kur\/wp-json\/wp\/v2\/product"}],"about":[{"href":"https:\/\/shanabooks.de\/kur\/wp-json\/wp\/v2\/types\/product"}],"version-history":[{"count":3,"href":"https:\/\/shanabooks.de\/kur\/wp-json\/wp\/v2\/product\/13539\/revisions"}],"predecessor-version":[{"id":13947,"href":"https:\/\/shanabooks.de\/kur\/wp-json\/wp\/v2\/product\/13539\/revisions\/13947"}],"wp:featuredmedia":[{"embeddable":true,"href":"https:\/\/shanabooks.de\/kur\/wp-json\/wp\/v2\/media\/6500"}],"wp:attachment":[{"href":"https:\/\/shanabooks.de\/kur\/wp-json\/wp\/v2\/media?parent=13539"}],"wp:term":[{"taxonomy":"product_brand","embeddable":true,"href":"https:\/\/shanabooks.de\/kur\/wp-json\/wp\/v2\/product_brand?post=13539"},{"taxonomy":"product_cat","embeddable":true,"href":"https:\/\/shanabooks.de\/kur\/wp-json\/wp\/v2\/product_cat?post=13539"},{"taxonomy":"product_tag","embeddable":true,"href":"https:\/\/shanabooks.de\/kur\/wp-json\/wp\/v2\/product_tag?post=13539"}],"curies":[{"name":"wp","href":"https:\/\/api.w.org\/{rel}","templated":true}]}}