{"id":13545,"date":"2024-03-03T19:51:47","date_gmt":"2024-03-03T19:51:47","guid":{"rendered":"https:\/\/shanabooks.de\/?post_type=product&#038;p=13545"},"modified":"2024-03-06T22:12:39","modified_gmt":"2024-03-06T22:12:39","slug":"serfname-serfxane-bedlisi","status":"publish","type":"product","link":"https:\/\/shanabooks.de\/kur\/product\/serfname-serfxane-bedlisi\/","title":{"rendered":"\u015ferfname"},"content":{"rendered":"<p style=\"text-align: left\"><strong>\u015eerfname &#8211; \u015eerfxan\u00ea Bedl\u00ees\u00ee<\/strong><\/p>\n<p style=\"text-align: left\">\u00a0Ez, ku niv\u00eeskar\u00ea van r\u00fbpelan im, nav\u00ea min \u015eeref\u00ea kur\u00ea \u015eemsedd\u00een e. \u00c7av\u00ea min li meziniya Xwed\u00ea ye \u00fb ez h\u00eav\u00eedar im ku al\u00eekar\u00ea min be \u00fb min di v\u00ea dinyay\u00ea de serfiraz bike \u00fb ji asteng \u00fb giriy\u00ean w\u00ea dinyaya din j\u00ee rizgar bike. Di kemil\u00eena ciwan\u00ee \u00fb gulvedan \u00fb ajardana bihara jiyana xwe de, pi\u015ft\u00ee ku min dest\u00ea xwe y\u00ea rast \u00fb dest\u00ea \u00e7ep\u00ea nas kir, min di xwendewariy\u00ea de h\u00eaz \u00fb taqet bi dest xist \u00fb ez bi hezaran mil\u00ean zanistiya zahir\u00ee \u00fb batin\u00ee h\u00een b\u00fbm. \u00c7i ti\u015ft\u00ean ji bo d\u00een \u00fb dinyaya min p\u00eaw\u00eest e, min ji her ti\u015ft\u00ee gelek zan\u00eeb\u00fb \u00fb bi sererast\u00ee \u00fb meharet\u00ee ketim ser kar \u00fb bar\u00ean d\u00eewan\u00ea \u00fb w\u00ea \u00e7ax\u00ea heta niha hem\u00fb bi h\u00eaz \u00fb mecal\u00ean xwe ve ez bi xwendina serp\u00eahat\u00ee \u00fb d\u00eerokan mij\u00fbl im. &#8230; ew kes\u00ean di bazara niv\u00eesandin\u00ea de cewherfiro\u015f \u00fb durrnas in, ew d\u00eerokzan\u00ean ku leheng\u00ean nav \u015feker\u00eestana serp\u00eahat\u00ee, \u00e7\u00eerok, deng \u00fb behsan in, heta niha riya xwe ber bi Kurdistan\u00ea ve nekirine, behs \u00fb deng\u00ean gernas \u00fb sernas\u00ean Kurdan nekirine bin dev\u00ea p\u00ean\u00fbs\u00ea, ew d\u00eeroka gelek bi \u015fanaz\u00ee \u00fb xwe\u015fiy\u00ea ku di tam \u00fb b\u00eehna xwe de wek hingiv\u00een \u00fb gezoy\u00ea ne, gelek mixabin ji aliy\u00ea wan ve nay\u00ea naskir\u0131n<\/p>\n<p style=\"text-align: left\">pirt\u00fbka bi nav\u00ea \u015eerfname ya ku\u00a0 \u015eerfxan\u00ea Bedl\u00ees\u00ee nivis\u00eeye li ser d\u00eeroka kurdistan\u00ea ye<strong>.<\/strong><\/p>\n","protected":false},"excerpt":{"rendered":"<p style=\"text-align: center\"><strong>Pirt\u00fbk: \u015eerfname<br \/>\nNiv\u00eeskar: \u015eerfxan\u00ea Bedl\u00ees\u00ee<br \/>\nCure: D\u00eeroka Kurdistan\u00ea<\/strong><\/p>\n","protected":false},"featured_media":6522,"template":"","meta":{"site-sidebar-layout":"default","site-content-layout":"","ast-site-content-layout":"default","site-content-style":"default","site-sidebar-style":"default","ast-global-header-display":"","ast-banner-title-visibility":"","ast-main-header-display":"","ast-hfb-above-header-display":"","ast-hfb-below-header-display":"","ast-hfb-mobile-header-display":"","site-post-title":"","ast-breadcrumbs-content":"","ast-featured-img":"","footer-sml-layout":"","ast-disable-related-posts":"","theme-transparent-header-meta":"default","adv-header-id-meta":"","stick-header-meta":"","header-above-stick-meta":"","header-main-stick-meta":"","header-below-stick-meta":"","astra-migrate-meta-layouts":"set","ast-page-background-enabled":"default","ast-page-background-meta":{"desktop":{"background-color":"","background-image":"","background-repeat":"repeat","background-position":"center center","background-size":"auto","background-attachment":"scroll","background-type":"","background-media":"","overlay-type":"","overlay-color":"","overlay-opacity":"","overlay-gradient":""},"tablet":{"background-color":"","background-image":"","background-repeat":"repeat","background-position":"center center","background-size":"auto","background-attachment":"scroll","background-type":"","background-media":"","overlay-type":"","overlay-color":"","overlay-opacity":"","overlay-gradient":""},"mobile":{"background-color":"","background-image":"","background-repeat":"repeat","background-position":"center center","background-size":"auto","background-attachment":"scroll","background-type":"","background-media":"","overlay-type":"","overlay-color":"","overlay-opacity":"","overlay-gradient":""}},"ast-content-background-meta":{"desktop":{"background-color":"var(--ast-global-color-5)","background-image":"","background-repeat":"repeat","background-position":"center center","background-size":"auto","background-attachment":"scroll","background-type":"","background-media":"","overlay-type":"","overlay-color":"","overlay-opacity":"","overlay-gradient":""},"tablet":{"background-color":"var(--ast-global-color-5)","background-image":"","background-repeat":"repeat","background-position":"center center","background-size":"auto","background-attachment":"scroll","background-type":"","background-media":"","overlay-type":"","overlay-color":"","overlay-opacity":"","overlay-gradient":""},"mobile":{"background-color":"var(--ast-global-color-5)","background-image":"","background-repeat":"repeat","background-position":"center center","background-size":"auto","background-attachment":"scroll","background-type":"","background-media":"","overlay-type":"","overlay-color":"","overlay-opacity":"","overlay-gradient":""}}},"product_brand":[],"product_cat":[187,193],"product_tag":[],"class_list":{"0":"post-13545","1":"product","2":"type-product","3":"status-publish","4":"has-post-thumbnail","6":"product_cat-_","7":"product_cat--_","8":"pa_-dirok","9":"pa_-lekolin","10":"pa_-serfxane-bedlisi","11":"pa_-kurmanci","12":"pa_--azad-yayinlari","13":"desktop-align-left","14":"tablet-align-left","15":"mobile-align-left","17":"first","18":"outofstock","19":"shipping-taxable","20":"purchasable","21":"product-type-simple"},"yoast_head":"<!-- This site is optimized with the Yoast SEO plugin v27.5 - https:\/\/yoast.com\/product\/yoast-seo-wordpress\/ -->\n<title>\u015eerfname - \u015eerfxan\u00ea Bedl\u00ees\u00ee - www.shanabooks.de<\/title>\n<meta name=\"description\" content=\"\u015eerfname - \u015eerfxan\u00ea Bedl\u00ees\u00ee\u00a0Ez, ku niv\u00eeskar\u00ea van r\u00fbpelan im, nav\u00ea min \u015eeref\u00ea kur\u00ea \u015eemsedd\u00een e. \u00c7av\u00ea min li meziniya Xwed\u00ea ye \u00fb ez h\u00eav\u00eedar im ku al\u00eekar\u00ea ...\" \/>\n<meta name=\"robots\" content=\"index, follow, max-snippet:-1, max-image-preview:large, max-video-preview:-1\" \/>\n<link rel=\"canonical\" href=\"https:\/\/shanabooks.de\/product\/serfname-serfxane-bedlisi\/\" \/>\n<meta property=\"og:locale\" content=\"en_US\" \/>\n<meta property=\"og:type\" content=\"article\" \/>\n<meta property=\"og:title\" content=\"\u015eerfname - \u015eerfxan\u00ea Bedl\u00ees\u00ee - www.shanabooks.de\" \/>\n<meta property=\"og:description\" content=\"\u015eerfname - \u015eerfxan\u00ea Bedl\u00ees\u00ee\u00a0Ez, ku niv\u00eeskar\u00ea van r\u00fbpelan im, nav\u00ea min \u015eeref\u00ea kur\u00ea \u015eemsedd\u00een e. \u00c7av\u00ea min li meziniya Xwed\u00ea ye \u00fb ez h\u00eav\u00eedar im ku al\u00eekar\u00ea ...\" \/>\n<meta property=\"og:url\" content=\"https:\/\/shanabooks.de\/product\/serfname-serfxane-bedlisi\/\" \/>\n<meta property=\"og:site_name\" content=\"www.shanabooks.de\" \/>\n<meta property=\"article:modified_time\" content=\"2024-03-06T22:12:39+00:00\" \/>\n<meta property=\"og:image\" content=\"https:\/\/shanabooks.de\/wp-content\/uploads\/2024\/01\/Serfname-Azad.png\" \/>\n\t<meta property=\"og:image:width\" content=\"315\" \/>\n\t<meta property=\"og:image:height\" content=\"474\" \/>\n\t<meta property=\"og:image:type\" content=\"image\/png\" \/>\n<meta name=\"twitter:card\" content=\"summary_large_image\" \/>\n<meta name=\"twitter:label1\" content=\"Est. reading time\" \/>\n\t<meta name=\"twitter:data1\" content=\"2 minutes\" \/>\n<script type=\"application\/ld+json\" class=\"yoast-schema-graph\">{\"@context\":\"https:\\\/\\\/schema.org\",\"@graph\":[{\"@type\":\"WebPage\",\"@id\":\"https:\\\/\\\/shanabooks.de\\\/product\\\/serfname-serfxane-bedlisi\\\/\",\"url\":\"https:\\\/\\\/shanabooks.de\\\/product\\\/serfname-serfxane-bedlisi\\\/\",\"name\":\"\u015eerfname - \u015eerfxan\u00ea Bedl\u00ees\u00ee - www.shanabooks.de\",\"isPartOf\":{\"@id\":\"https:\\\/\\\/shanabooks.de\\\/#website\"},\"primaryImageOfPage\":{\"@id\":\"https:\\\/\\\/shanabooks.de\\\/product\\\/serfname-serfxane-bedlisi\\\/#primaryimage\"},\"image\":{\"@id\":\"https:\\\/\\\/shanabooks.de\\\/product\\\/serfname-serfxane-bedlisi\\\/#primaryimage\"},\"thumbnailUrl\":\"https:\\\/\\\/shanabooks.de\\\/wp-content\\\/uploads\\\/2024\\\/01\\\/Serfname-Azad.png\",\"datePublished\":\"2024-03-03T19:51:47+00:00\",\"dateModified\":\"2024-03-06T22:12:39+00:00\",\"description\":\"\u015eerfname - \u015eerfxan\u00ea Bedl\u00ees\u00ee\u00a0Ez, ku niv\u00eeskar\u00ea van r\u00fbpelan im, nav\u00ea min \u015eeref\u00ea kur\u00ea \u015eemsedd\u00een e. \u00c7av\u00ea min li meziniya Xwed\u00ea ye \u00fb ez h\u00eav\u00eedar im ku al\u00eekar\u00ea ...\",\"breadcrumb\":{\"@id\":\"https:\\\/\\\/shanabooks.de\\\/product\\\/serfname-serfxane-bedlisi\\\/#breadcrumb\"},\"inLanguage\":\"kur\",\"potentialAction\":[{\"@type\":\"ReadAction\",\"target\":[\"https:\\\/\\\/shanabooks.de\\\/product\\\/serfname-serfxane-bedlisi\\\/\"]}]},{\"@type\":\"ImageObject\",\"inLanguage\":\"kur\",\"@id\":\"https:\\\/\\\/shanabooks.de\\\/product\\\/serfname-serfxane-bedlisi\\\/#primaryimage\",\"url\":\"https:\\\/\\\/shanabooks.de\\\/wp-content\\\/uploads\\\/2024\\\/01\\\/Serfname-Azad.png\",\"contentUrl\":\"https:\\\/\\\/shanabooks.de\\\/wp-content\\\/uploads\\\/2024\\\/01\\\/Serfname-Azad.png\",\"width\":315,\"height\":474,\"caption\":\"\u015eerfname - \u015eerfxan\u00ea Bedl\u00ees\u00ee - pirt\u00fbk\u00ean kurd\u00ee\"},{\"@type\":\"BreadcrumbList\",\"@id\":\"https:\\\/\\\/shanabooks.de\\\/product\\\/serfname-serfxane-bedlisi\\\/#breadcrumb\",\"itemListElement\":[{\"@type\":\"ListItem\",\"position\":1,\"name\":\"\u0627\u0644\u0631\u0626\u064a\u0633\u064a\u0629\",\"item\":\"https:\\\/\\\/shanabooks.de\\\/kur\\\/\"},{\"@type\":\"ListItem\",\"position\":2,\"name\":\"\u0627\u0644\u0645\u0646\u062a\u062c\u0627\u062a\",\"item\":\"https:\\\/\\\/shanabooks.de\\\/shop\\\/\"},{\"@type\":\"ListItem\",\"position\":3,\"name\":\"\u015ferfname\"}]},{\"@type\":\"WebSite\",\"@id\":\"https:\\\/\\\/shanabooks.de\\\/#website\",\"url\":\"https:\\\/\\\/shanabooks.de\\\/\",\"name\":\"www.shanbooks.de\",\"description\":\"C\u00eehana Pirt\u00fbk\u00ean Kurd\u00ee \u0645\u0643\u062a\u0628\u0629 \u0634\u0627\u0646\u0627 \u0641\u064a \u0627\u0644\u0645\u0627\u0646\u064a\u0627 \u0648\u0623\u0648\u0631\u0628\u0627\",\"publisher\":{\"@id\":\"https:\\\/\\\/shanabooks.de\\\/#organization\"},\"potentialAction\":[{\"@type\":\"SearchAction\",\"target\":{\"@type\":\"EntryPoint\",\"urlTemplate\":\"https:\\\/\\\/shanabooks.de\\\/?s={search_term_string}\"},\"query-input\":{\"@type\":\"PropertyValueSpecification\",\"valueRequired\":true,\"valueName\":\"search_term_string\"}}],\"inLanguage\":\"kur\"},{\"@type\":\"Organization\",\"@id\":\"https:\\\/\\\/shanabooks.de\\\/#organization\",\"name\":\"www.shanbooks.de\",\"url\":\"https:\\\/\\\/shanabooks.de\\\/\",\"logo\":{\"@type\":\"ImageObject\",\"inLanguage\":\"kur\",\"@id\":\"https:\\\/\\\/shanabooks.de\\\/#\\\/schema\\\/logo\\\/image\\\/\",\"url\":\"https:\\\/\\\/shanabooks.de\\\/wp-content\\\/uploads\\\/2024\\\/03\\\/SHANABOOKS__2_-removebg-preview.png\",\"contentUrl\":\"https:\\\/\\\/shanabooks.de\\\/wp-content\\\/uploads\\\/2024\\\/03\\\/SHANABOOKS__2_-removebg-preview.png\",\"width\":700,\"height\":150,\"caption\":\"www.shanbooks.de\"},\"image\":{\"@id\":\"https:\\\/\\\/shanabooks.de\\\/#\\\/schema\\\/logo\\\/image\\\/\"}}]}<\/script>\n<!-- \/ Yoast SEO plugin. -->","yoast_head_json":{"title":"\u015eerfname - \u015eerfxan\u00ea Bedl\u00ees\u00ee - www.shanabooks.de","description":"\u015eerfname - \u015eerfxan\u00ea Bedl\u00ees\u00ee\u00a0Ez, ku niv\u00eeskar\u00ea van r\u00fbpelan im, nav\u00ea min \u015eeref\u00ea kur\u00ea \u015eemsedd\u00een e. \u00c7av\u00ea min li meziniya Xwed\u00ea ye \u00fb ez h\u00eav\u00eedar im ku al\u00eekar\u00ea ...","robots":{"index":"index","follow":"follow","max-snippet":"max-snippet:-1","max-image-preview":"max-image-preview:large","max-video-preview":"max-video-preview:-1"},"canonical":"https:\/\/shanabooks.de\/product\/serfname-serfxane-bedlisi\/","og_locale":"en_US","og_type":"article","og_title":"\u015eerfname - \u015eerfxan\u00ea Bedl\u00ees\u00ee - www.shanabooks.de","og_description":"\u015eerfname - \u015eerfxan\u00ea Bedl\u00ees\u00ee\u00a0Ez, ku niv\u00eeskar\u00ea van r\u00fbpelan im, nav\u00ea min \u015eeref\u00ea kur\u00ea \u015eemsedd\u00een e. \u00c7av\u00ea min li meziniya Xwed\u00ea ye \u00fb ez h\u00eav\u00eedar im ku al\u00eekar\u00ea ...","og_url":"https:\/\/shanabooks.de\/product\/serfname-serfxane-bedlisi\/","og_site_name":"www.shanabooks.de","article_modified_time":"2024-03-06T22:12:39+00:00","og_image":[{"width":315,"height":474,"url":"https:\/\/shanabooks.de\/wp-content\/uploads\/2024\/01\/Serfname-Azad.png","type":"image\/png"}],"twitter_card":"summary_large_image","twitter_misc":{"Est. reading time":"2 minutes"},"schema":{"@context":"https:\/\/schema.org","@graph":[{"@type":"WebPage","@id":"https:\/\/shanabooks.de\/product\/serfname-serfxane-bedlisi\/","url":"https:\/\/shanabooks.de\/product\/serfname-serfxane-bedlisi\/","name":"\u015eerfname - \u015eerfxan\u00ea Bedl\u00ees\u00ee - www.shanabooks.de","isPartOf":{"@id":"https:\/\/shanabooks.de\/#website"},"primaryImageOfPage":{"@id":"https:\/\/shanabooks.de\/product\/serfname-serfxane-bedlisi\/#primaryimage"},"image":{"@id":"https:\/\/shanabooks.de\/product\/serfname-serfxane-bedlisi\/#primaryimage"},"thumbnailUrl":"https:\/\/shanabooks.de\/wp-content\/uploads\/2024\/01\/Serfname-Azad.png","datePublished":"2024-03-03T19:51:47+00:00","dateModified":"2024-03-06T22:12:39+00:00","description":"\u015eerfname - \u015eerfxan\u00ea Bedl\u00ees\u00ee\u00a0Ez, ku niv\u00eeskar\u00ea van r\u00fbpelan im, nav\u00ea min \u015eeref\u00ea kur\u00ea \u015eemsedd\u00een e. \u00c7av\u00ea min li meziniya Xwed\u00ea ye \u00fb ez h\u00eav\u00eedar im ku al\u00eekar\u00ea ...","breadcrumb":{"@id":"https:\/\/shanabooks.de\/product\/serfname-serfxane-bedlisi\/#breadcrumb"},"inLanguage":"kur","potentialAction":[{"@type":"ReadAction","target":["https:\/\/shanabooks.de\/product\/serfname-serfxane-bedlisi\/"]}]},{"@type":"ImageObject","inLanguage":"kur","@id":"https:\/\/shanabooks.de\/product\/serfname-serfxane-bedlisi\/#primaryimage","url":"https:\/\/shanabooks.de\/wp-content\/uploads\/2024\/01\/Serfname-Azad.png","contentUrl":"https:\/\/shanabooks.de\/wp-content\/uploads\/2024\/01\/Serfname-Azad.png","width":315,"height":474,"caption":"\u015eerfname - \u015eerfxan\u00ea Bedl\u00ees\u00ee - pirt\u00fbk\u00ean kurd\u00ee"},{"@type":"BreadcrumbList","@id":"https:\/\/shanabooks.de\/product\/serfname-serfxane-bedlisi\/#breadcrumb","itemListElement":[{"@type":"ListItem","position":1,"name":"\u0627\u0644\u0631\u0626\u064a\u0633\u064a\u0629","item":"https:\/\/shanabooks.de\/kur\/"},{"@type":"ListItem","position":2,"name":"\u0627\u0644\u0645\u0646\u062a\u062c\u0627\u062a","item":"https:\/\/shanabooks.de\/shop\/"},{"@type":"ListItem","position":3,"name":"\u015ferfname"}]},{"@type":"WebSite","@id":"https:\/\/shanabooks.de\/#website","url":"https:\/\/shanabooks.de\/","name":"www.shanbooks.de","description":"C\u00eehana Pirt\u00fbk\u00ean Kurd\u00ee \u0645\u0643\u062a\u0628\u0629 \u0634\u0627\u0646\u0627 \u0641\u064a \u0627\u0644\u0645\u0627\u0646\u064a\u0627 \u0648\u0623\u0648\u0631\u0628\u0627","publisher":{"@id":"https:\/\/shanabooks.de\/#organization"},"potentialAction":[{"@type":"SearchAction","target":{"@type":"EntryPoint","urlTemplate":"https:\/\/shanabooks.de\/?s={search_term_string}"},"query-input":{"@type":"PropertyValueSpecification","valueRequired":true,"valueName":"search_term_string"}}],"inLanguage":"kur"},{"@type":"Organization","@id":"https:\/\/shanabooks.de\/#organization","name":"www.shanbooks.de","url":"https:\/\/shanabooks.de\/","logo":{"@type":"ImageObject","inLanguage":"kur","@id":"https:\/\/shanabooks.de\/#\/schema\/logo\/image\/","url":"https:\/\/shanabooks.de\/wp-content\/uploads\/2024\/03\/SHANABOOKS__2_-removebg-preview.png","contentUrl":"https:\/\/shanabooks.de\/wp-content\/uploads\/2024\/03\/SHANABOOKS__2_-removebg-preview.png","width":700,"height":150,"caption":"www.shanbooks.de"},"image":{"@id":"https:\/\/shanabooks.de\/#\/schema\/logo\/image\/"}}]}},"jetpack_sharing_enabled":true,"_links":{"self":[{"href":"https:\/\/shanabooks.de\/kur\/wp-json\/wp\/v2\/product\/13545","targetHints":{"allow":["GET"]}}],"collection":[{"href":"https:\/\/shanabooks.de\/kur\/wp-json\/wp\/v2\/product"}],"about":[{"href":"https:\/\/shanabooks.de\/kur\/wp-json\/wp\/v2\/types\/product"}],"version-history":[{"count":3,"href":"https:\/\/shanabooks.de\/kur\/wp-json\/wp\/v2\/product\/13545\/revisions"}],"predecessor-version":[{"id":13945,"href":"https:\/\/shanabooks.de\/kur\/wp-json\/wp\/v2\/product\/13545\/revisions\/13945"}],"wp:featuredmedia":[{"embeddable":true,"href":"https:\/\/shanabooks.de\/kur\/wp-json\/wp\/v2\/media\/6522"}],"wp:attachment":[{"href":"https:\/\/shanabooks.de\/kur\/wp-json\/wp\/v2\/media?parent=13545"}],"wp:term":[{"taxonomy":"product_brand","embeddable":true,"href":"https:\/\/shanabooks.de\/kur\/wp-json\/wp\/v2\/product_brand?post=13545"},{"taxonomy":"product_cat","embeddable":true,"href":"https:\/\/shanabooks.de\/kur\/wp-json\/wp\/v2\/product_cat?post=13545"},{"taxonomy":"product_tag","embeddable":true,"href":"https:\/\/shanabooks.de\/kur\/wp-json\/wp\/v2\/product_tag?post=13545"}],"curies":[{"name":"wp","href":"https:\/\/api.w.org\/{rel}","templated":true}]}}