{"id":13548,"date":"2024-03-03T19:51:47","date_gmt":"2024-03-03T19:51:47","guid":{"rendered":"https:\/\/shanabooks.de\/?post_type=product&#038;p=13548"},"modified":"2024-04-10T12:06:57","modified_gmt":"2024-04-10T12:06:57","slug":"tuti-mem-bauer","status":"publish","type":"product","link":"https:\/\/shanabooks.de\/kur\/product\/tuti-mem-bauer\/","title":{"rendered":"T\u00fbt\u00ee"},"content":{"rendered":"<p style=\"text-align: left\"><strong>T\u00fbt\u00ee &#8211; Mem Bauer<\/strong><\/p>\n<p style=\"text-align: left\"><strong>\u00a0<\/strong>Di fas\u00eekula yekem de hejmar heta 5an bi saya \u00e7alak\u00eeyan, danas\u00eena wan hat\u00eeye kirin. Her wek\u00ee din bi reng \u00fb te\u015feyan j\u00ee zarok dikarin bi h\u00easan\u00ee hejmaran h\u00een bibin. Fas\u00eekula yekem 32 r\u00fbpel e. Di fas\u00eekula duyem de ji 6an heta 9an hejmar hatine n\u00ee\u015fandan, pa\u015f\u00ea hejmara 0 (Sifir) hat\u00eeye day\u00een, di pey re j\u00ee hejmara 10\u00ea zarok p\u00ea h\u00een dibin. Di fas\u00eekula duyem de tablo j\u00ee hene. Fas\u00eekula duyem j\u00ee 32 r\u00fbpel e. Di fas\u00eekula 3yem de p\u00eevan, l\u00eetre \u00fb k\u00eelogram hat\u00eeye n\u00ee\u015fandan. Fas\u00eekula s\u00eayem 12 r\u00fbpel e. D\u00eezayn, graf\u00eek \u00fb w\u00eaney\u00ean pirt\u00fbk\u00ea di \u015fe\u015f mehan de hat amadekirin. Her wek\u00ee din zarok bi saya seta T\u00dbT\u00ce\u2019y\u00ea f\u00ear\u00ee reng \u00fb t\u00eagihan j\u00ee dibin. Seta Pirt\u00fbk\u00ean T\u00fbt\u00ee ya Mem Bauer di ebata A4 \u00ea de hat\u00eeye \u00e7apkirin.<\/p>\n<p style=\"text-align: left\"><strong>\u00a0<\/strong><\/p>\n","protected":false},"excerpt":{"rendered":"<p style=\"text-align: center\"><strong>Pirt\u00fbk: T\u00fbt\u00ee\u00a0<\/strong><br \/>\n<strong>Niv\u00eeskar: Mem Bawer<\/strong><br \/>\n<strong>Cure: Zarok<\/strong><\/p>\n","protected":false},"featured_media":6529,"template":"","meta":{"site-sidebar-layout":"default","site-content-layout":"","ast-site-content-layout":"default","site-content-style":"default","site-sidebar-style":"default","ast-global-header-display":"","ast-banner-title-visibility":"","ast-main-header-display":"","ast-hfb-above-header-display":"","ast-hfb-below-header-display":"","ast-hfb-mobile-header-display":"","site-post-title":"","ast-breadcrumbs-content":"","ast-featured-img":"","footer-sml-layout":"","ast-disable-related-posts":"","theme-transparent-header-meta":"default","adv-header-id-meta":"","stick-header-meta":"","header-above-stick-meta":"","header-main-stick-meta":"","header-below-stick-meta":"","astra-migrate-meta-layouts":"set","ast-page-background-enabled":"default","ast-page-background-meta":{"desktop":{"background-color":"","background-image":"","background-repeat":"repeat","background-position":"center center","background-size":"auto","background-attachment":"scroll","background-type":"","background-media":"","overlay-type":"","overlay-color":"","overlay-opacity":"","overlay-gradient":""},"tablet":{"background-color":"","background-image":"","background-repeat":"repeat","background-position":"center center","background-size":"auto","background-attachment":"scroll","background-type":"","background-media":"","overlay-type":"","overlay-color":"","overlay-opacity":"","overlay-gradient":""},"mobile":{"background-color":"","background-image":"","background-repeat":"repeat","background-position":"center center","background-size":"auto","background-attachment":"scroll","background-type":"","background-media":"","overlay-type":"","overlay-color":"","overlay-opacity":"","overlay-gradient":""}},"ast-content-background-meta":{"desktop":{"background-color":"var(--ast-global-color-5)","background-image":"","background-repeat":"repeat","background-position":"center center","background-size":"auto","background-attachment":"scroll","background-type":"","background-media":"","overlay-type":"","overlay-color":"","overlay-opacity":"","overlay-gradient":""},"tablet":{"background-color":"var(--ast-global-color-5)","background-image":"","background-repeat":"repeat","background-position":"center center","background-size":"auto","background-attachment":"scroll","background-type":"","background-media":"","overlay-type":"","overlay-color":"","overlay-opacity":"","overlay-gradient":""},"mobile":{"background-color":"var(--ast-global-color-5)","background-image":"","background-repeat":"repeat","background-position":"center center","background-size":"auto","background-attachment":"scroll","background-type":"","background-media":"","overlay-type":"","overlay-color":"","overlay-opacity":"","overlay-gradient":""}}},"product_brand":[],"product_cat":[194,193],"product_tag":[],"class_list":{"0":"post-13548","1":"product","2":"type-product","3":"status-publish","4":"has-post-thumbnail","6":"product_cat--_","8":"pa_-zarok","9":"pa_-grupek-niviskar","10":"pa_-kurmanci","11":"pa_--mori-zarok","12":"desktop-align-left","13":"tablet-align-left","14":"mobile-align-left","16":"first","17":"instock","18":"shipping-taxable","19":"purchasable","20":"product-type-simple"},"yoast_head":"<!-- This site is optimized with the Yoast SEO plugin v27.5 - https:\/\/yoast.com\/product\/yoast-seo-wordpress\/ -->\n<title>T\u00fbt\u00ee - Mem Bauer - www.shanabooks.de<\/title>\n<meta name=\"description\" content=\"T\u00fbt\u00ee - Mem Bauer\u00a0Di fas\u00eekula yekem de hejmar heta 5an bi saya \u00e7alak\u00eeyan, danas\u00eena wan hat\u00eeye kirin. Her wek\u00ee din bi reng \u00fb te\u015feyan j\u00ee zarok dikarin...\" \/>\n<meta name=\"robots\" content=\"index, follow, max-snippet:-1, max-image-preview:large, max-video-preview:-1\" \/>\n<link rel=\"canonical\" href=\"https:\/\/shanabooks.de\/product\/tuti-mem-bauer\/\" \/>\n<meta property=\"og:locale\" content=\"en_US\" \/>\n<meta property=\"og:type\" content=\"article\" \/>\n<meta property=\"og:title\" content=\"T\u00fbt\u00ee - Mem Bauer - www.shanabooks.de\" \/>\n<meta property=\"og:description\" content=\"T\u00fbt\u00ee - Mem Bauer\u00a0Di fas\u00eekula yekem de hejmar heta 5an bi saya \u00e7alak\u00eeyan, danas\u00eena wan hat\u00eeye kirin. Her wek\u00ee din bi reng \u00fb te\u015feyan j\u00ee zarok dikarin...\" \/>\n<meta property=\"og:url\" content=\"https:\/\/shanabooks.de\/product\/tuti-mem-bauer\/\" \/>\n<meta property=\"og:site_name\" content=\"www.shanabooks.de\" \/>\n<meta property=\"article:modified_time\" content=\"2024-04-10T12:06:57+00:00\" \/>\n<meta property=\"og:image\" content=\"https:\/\/shanabooks.de\/wp-content\/uploads\/2024\/01\/Tuti-Jimar-Mori.png\" \/>\n\t<meta property=\"og:image:width\" content=\"311\" \/>\n\t<meta property=\"og:image:height\" content=\"469\" \/>\n\t<meta property=\"og:image:type\" content=\"image\/png\" \/>\n<meta name=\"twitter:card\" content=\"summary_large_image\" \/>\n<meta name=\"twitter:label1\" content=\"Est. reading time\" \/>\n\t<meta name=\"twitter:data1\" content=\"2 minutes\" \/>\n<script type=\"application\/ld+json\" class=\"yoast-schema-graph\">{\"@context\":\"https:\\\/\\\/schema.org\",\"@graph\":[{\"@type\":\"WebPage\",\"@id\":\"https:\\\/\\\/shanabooks.de\\\/product\\\/tuti-mem-bauer\\\/\",\"url\":\"https:\\\/\\\/shanabooks.de\\\/product\\\/tuti-mem-bauer\\\/\",\"name\":\"T\u00fbt\u00ee - Mem Bauer - www.shanabooks.de\",\"isPartOf\":{\"@id\":\"https:\\\/\\\/shanabooks.de\\\/#website\"},\"primaryImageOfPage\":{\"@id\":\"https:\\\/\\\/shanabooks.de\\\/product\\\/tuti-mem-bauer\\\/#primaryimage\"},\"image\":{\"@id\":\"https:\\\/\\\/shanabooks.de\\\/product\\\/tuti-mem-bauer\\\/#primaryimage\"},\"thumbnailUrl\":\"https:\\\/\\\/shanabooks.de\\\/wp-content\\\/uploads\\\/2024\\\/01\\\/Tuti-Jimar-Mori.png\",\"datePublished\":\"2024-03-03T19:51:47+00:00\",\"dateModified\":\"2024-04-10T12:06:57+00:00\",\"description\":\"T\u00fbt\u00ee - Mem Bauer\u00a0Di fas\u00eekula yekem de hejmar heta 5an bi saya \u00e7alak\u00eeyan, danas\u00eena wan hat\u00eeye kirin. Her wek\u00ee din bi reng \u00fb te\u015feyan j\u00ee zarok dikarin...\",\"breadcrumb\":{\"@id\":\"https:\\\/\\\/shanabooks.de\\\/product\\\/tuti-mem-bauer\\\/#breadcrumb\"},\"inLanguage\":\"kur\",\"potentialAction\":[{\"@type\":\"ReadAction\",\"target\":[\"https:\\\/\\\/shanabooks.de\\\/product\\\/tuti-mem-bauer\\\/\"]}]},{\"@type\":\"ImageObject\",\"inLanguage\":\"kur\",\"@id\":\"https:\\\/\\\/shanabooks.de\\\/product\\\/tuti-mem-bauer\\\/#primaryimage\",\"url\":\"https:\\\/\\\/shanabooks.de\\\/wp-content\\\/uploads\\\/2024\\\/01\\\/Tuti-Jimar-Mori.png\",\"contentUrl\":\"https:\\\/\\\/shanabooks.de\\\/wp-content\\\/uploads\\\/2024\\\/01\\\/Tuti-Jimar-Mori.png\",\"width\":311,\"height\":469,\"caption\":\"T\u00fbt\u00ee - Mem Bauer - pirt\u00fbk\u00ean kurd\u00ee - zarok\"},{\"@type\":\"BreadcrumbList\",\"@id\":\"https:\\\/\\\/shanabooks.de\\\/product\\\/tuti-mem-bauer\\\/#breadcrumb\",\"itemListElement\":[{\"@type\":\"ListItem\",\"position\":1,\"name\":\"\u0627\u0644\u0631\u0626\u064a\u0633\u064a\u0629\",\"item\":\"https:\\\/\\\/shanabooks.de\\\/kur\\\/\"},{\"@type\":\"ListItem\",\"position\":2,\"name\":\"\u0627\u0644\u0645\u0646\u062a\u062c\u0627\u062a\",\"item\":\"https:\\\/\\\/shanabooks.de\\\/shop\\\/\"},{\"@type\":\"ListItem\",\"position\":3,\"name\":\"T\u00fbt\u00ee\"}]},{\"@type\":\"WebSite\",\"@id\":\"https:\\\/\\\/shanabooks.de\\\/#website\",\"url\":\"https:\\\/\\\/shanabooks.de\\\/\",\"name\":\"www.shanbooks.de\",\"description\":\"C\u00eehana Pirt\u00fbk\u00ean Kurd\u00ee \u0645\u0643\u062a\u0628\u0629 \u0634\u0627\u0646\u0627 \u0641\u064a \u0627\u0644\u0645\u0627\u0646\u064a\u0627 \u0648\u0623\u0648\u0631\u0628\u0627\",\"publisher\":{\"@id\":\"https:\\\/\\\/shanabooks.de\\\/#organization\"},\"potentialAction\":[{\"@type\":\"SearchAction\",\"target\":{\"@type\":\"EntryPoint\",\"urlTemplate\":\"https:\\\/\\\/shanabooks.de\\\/?s={search_term_string}\"},\"query-input\":{\"@type\":\"PropertyValueSpecification\",\"valueRequired\":true,\"valueName\":\"search_term_string\"}}],\"inLanguage\":\"kur\"},{\"@type\":\"Organization\",\"@id\":\"https:\\\/\\\/shanabooks.de\\\/#organization\",\"name\":\"www.shanbooks.de\",\"url\":\"https:\\\/\\\/shanabooks.de\\\/\",\"logo\":{\"@type\":\"ImageObject\",\"inLanguage\":\"kur\",\"@id\":\"https:\\\/\\\/shanabooks.de\\\/#\\\/schema\\\/logo\\\/image\\\/\",\"url\":\"https:\\\/\\\/shanabooks.de\\\/wp-content\\\/uploads\\\/2024\\\/03\\\/SHANABOOKS__2_-removebg-preview.png\",\"contentUrl\":\"https:\\\/\\\/shanabooks.de\\\/wp-content\\\/uploads\\\/2024\\\/03\\\/SHANABOOKS__2_-removebg-preview.png\",\"width\":700,\"height\":150,\"caption\":\"www.shanbooks.de\"},\"image\":{\"@id\":\"https:\\\/\\\/shanabooks.de\\\/#\\\/schema\\\/logo\\\/image\\\/\"}}]}<\/script>\n<!-- \/ Yoast SEO plugin. -->","yoast_head_json":{"title":"T\u00fbt\u00ee - Mem Bauer - www.shanabooks.de","description":"T\u00fbt\u00ee - Mem Bauer\u00a0Di fas\u00eekula yekem de hejmar heta 5an bi saya \u00e7alak\u00eeyan, danas\u00eena wan hat\u00eeye kirin. Her wek\u00ee din bi reng \u00fb te\u015feyan j\u00ee zarok dikarin...","robots":{"index":"index","follow":"follow","max-snippet":"max-snippet:-1","max-image-preview":"max-image-preview:large","max-video-preview":"max-video-preview:-1"},"canonical":"https:\/\/shanabooks.de\/product\/tuti-mem-bauer\/","og_locale":"en_US","og_type":"article","og_title":"T\u00fbt\u00ee - Mem Bauer - www.shanabooks.de","og_description":"T\u00fbt\u00ee - Mem Bauer\u00a0Di fas\u00eekula yekem de hejmar heta 5an bi saya \u00e7alak\u00eeyan, danas\u00eena wan hat\u00eeye kirin. Her wek\u00ee din bi reng \u00fb te\u015feyan j\u00ee zarok dikarin...","og_url":"https:\/\/shanabooks.de\/product\/tuti-mem-bauer\/","og_site_name":"www.shanabooks.de","article_modified_time":"2024-04-10T12:06:57+00:00","og_image":[{"width":311,"height":469,"url":"https:\/\/shanabooks.de\/wp-content\/uploads\/2024\/01\/Tuti-Jimar-Mori.png","type":"image\/png"}],"twitter_card":"summary_large_image","twitter_misc":{"Est. reading time":"2 minutes"},"schema":{"@context":"https:\/\/schema.org","@graph":[{"@type":"WebPage","@id":"https:\/\/shanabooks.de\/product\/tuti-mem-bauer\/","url":"https:\/\/shanabooks.de\/product\/tuti-mem-bauer\/","name":"T\u00fbt\u00ee - Mem Bauer - www.shanabooks.de","isPartOf":{"@id":"https:\/\/shanabooks.de\/#website"},"primaryImageOfPage":{"@id":"https:\/\/shanabooks.de\/product\/tuti-mem-bauer\/#primaryimage"},"image":{"@id":"https:\/\/shanabooks.de\/product\/tuti-mem-bauer\/#primaryimage"},"thumbnailUrl":"https:\/\/shanabooks.de\/wp-content\/uploads\/2024\/01\/Tuti-Jimar-Mori.png","datePublished":"2024-03-03T19:51:47+00:00","dateModified":"2024-04-10T12:06:57+00:00","description":"T\u00fbt\u00ee - Mem Bauer\u00a0Di fas\u00eekula yekem de hejmar heta 5an bi saya \u00e7alak\u00eeyan, danas\u00eena wan hat\u00eeye kirin. Her wek\u00ee din bi reng \u00fb te\u015feyan j\u00ee zarok dikarin...","breadcrumb":{"@id":"https:\/\/shanabooks.de\/product\/tuti-mem-bauer\/#breadcrumb"},"inLanguage":"kur","potentialAction":[{"@type":"ReadAction","target":["https:\/\/shanabooks.de\/product\/tuti-mem-bauer\/"]}]},{"@type":"ImageObject","inLanguage":"kur","@id":"https:\/\/shanabooks.de\/product\/tuti-mem-bauer\/#primaryimage","url":"https:\/\/shanabooks.de\/wp-content\/uploads\/2024\/01\/Tuti-Jimar-Mori.png","contentUrl":"https:\/\/shanabooks.de\/wp-content\/uploads\/2024\/01\/Tuti-Jimar-Mori.png","width":311,"height":469,"caption":"T\u00fbt\u00ee - Mem Bauer - pirt\u00fbk\u00ean kurd\u00ee - zarok"},{"@type":"BreadcrumbList","@id":"https:\/\/shanabooks.de\/product\/tuti-mem-bauer\/#breadcrumb","itemListElement":[{"@type":"ListItem","position":1,"name":"\u0627\u0644\u0631\u0626\u064a\u0633\u064a\u0629","item":"https:\/\/shanabooks.de\/kur\/"},{"@type":"ListItem","position":2,"name":"\u0627\u0644\u0645\u0646\u062a\u062c\u0627\u062a","item":"https:\/\/shanabooks.de\/shop\/"},{"@type":"ListItem","position":3,"name":"T\u00fbt\u00ee"}]},{"@type":"WebSite","@id":"https:\/\/shanabooks.de\/#website","url":"https:\/\/shanabooks.de\/","name":"www.shanbooks.de","description":"C\u00eehana Pirt\u00fbk\u00ean Kurd\u00ee \u0645\u0643\u062a\u0628\u0629 \u0634\u0627\u0646\u0627 \u0641\u064a \u0627\u0644\u0645\u0627\u0646\u064a\u0627 \u0648\u0623\u0648\u0631\u0628\u0627","publisher":{"@id":"https:\/\/shanabooks.de\/#organization"},"potentialAction":[{"@type":"SearchAction","target":{"@type":"EntryPoint","urlTemplate":"https:\/\/shanabooks.de\/?s={search_term_string}"},"query-input":{"@type":"PropertyValueSpecification","valueRequired":true,"valueName":"search_term_string"}}],"inLanguage":"kur"},{"@type":"Organization","@id":"https:\/\/shanabooks.de\/#organization","name":"www.shanbooks.de","url":"https:\/\/shanabooks.de\/","logo":{"@type":"ImageObject","inLanguage":"kur","@id":"https:\/\/shanabooks.de\/#\/schema\/logo\/image\/","url":"https:\/\/shanabooks.de\/wp-content\/uploads\/2024\/03\/SHANABOOKS__2_-removebg-preview.png","contentUrl":"https:\/\/shanabooks.de\/wp-content\/uploads\/2024\/03\/SHANABOOKS__2_-removebg-preview.png","width":700,"height":150,"caption":"www.shanbooks.de"},"image":{"@id":"https:\/\/shanabooks.de\/#\/schema\/logo\/image\/"}}]}},"jetpack_sharing_enabled":true,"_links":{"self":[{"href":"https:\/\/shanabooks.de\/kur\/wp-json\/wp\/v2\/product\/13548","targetHints":{"allow":["GET"]}}],"collection":[{"href":"https:\/\/shanabooks.de\/kur\/wp-json\/wp\/v2\/product"}],"about":[{"href":"https:\/\/shanabooks.de\/kur\/wp-json\/wp\/v2\/types\/product"}],"version-history":[{"count":3,"href":"https:\/\/shanabooks.de\/kur\/wp-json\/wp\/v2\/product\/13548\/revisions"}],"predecessor-version":[{"id":23576,"href":"https:\/\/shanabooks.de\/kur\/wp-json\/wp\/v2\/product\/13548\/revisions\/23576"}],"wp:featuredmedia":[{"embeddable":true,"href":"https:\/\/shanabooks.de\/kur\/wp-json\/wp\/v2\/media\/6529"}],"wp:attachment":[{"href":"https:\/\/shanabooks.de\/kur\/wp-json\/wp\/v2\/media?parent=13548"}],"wp:term":[{"taxonomy":"product_brand","embeddable":true,"href":"https:\/\/shanabooks.de\/kur\/wp-json\/wp\/v2\/product_brand?post=13548"},{"taxonomy":"product_cat","embeddable":true,"href":"https:\/\/shanabooks.de\/kur\/wp-json\/wp\/v2\/product_cat?post=13548"},{"taxonomy":"product_tag","embeddable":true,"href":"https:\/\/shanabooks.de\/kur\/wp-json\/wp\/v2\/product_tag?post=13548"}],"curies":[{"name":"wp","href":"https:\/\/api.w.org\/{rel}","templated":true}]}}