{"id":13584,"date":"2024-03-03T19:51:51","date_gmt":"2024-03-03T19:51:51","guid":{"rendered":"https:\/\/shanabooks.de\/?post_type=product&#038;p=13584"},"modified":"2026-02-02T21:41:45","modified_gmt":"2026-02-02T21:41:45","slug":"13rupelen-balkes-ji-diroka-gele-kurd-celile-celil","status":"publish","type":"product","link":"https:\/\/shanabooks.de\/kur\/product\/13rupelen-balkes-ji-diroka-gele-kurd-celile-celil\/","title":{"rendered":"13R\u00fbpel\u00ean Balk\u00ea\u015f ji D\u00eeroka Gel\u00ea Kurd"},"content":{"rendered":"<p style=\"text-align: left;\"><strong> 13R\u00fbpel\u00ean Balk\u00ea\u015f ji D\u00eeroka Gel\u00ea Kurd &#8211; Cel\u00eel\u00ea Cel\u00eel<\/strong><\/p>\n<p style=\"font-weight: 400; text-align: left;\">Kurdnas\u00ea Sovyeta kevn, Cel\u00eel\u00ea Cel\u00eel, l\u00eakol\u00een\u00ean w\u00ee li ser d\u00eerok, zargotin (folklor), l\u00eeteratora kurd\u00ee bi ziman\u00ean r\u00fbs\u00ee, ermen\u00ee, kurd\u00ee (kurmanc\u00ee, soran\u00ee), ereb\u00ee, tirk\u00ee \u00fb alman\u00ee derketine. Ew ji \u00car\u00eevan\u00ea (Komara Ermenistan\u00ea) warguh\u00eaz\u00ee V\u00eeyanay\u00ea b\u00fbye \u00fb li w\u00ea li Akadem\u00eeya Zanist\u00ee kar\u00ea l\u00eakol\u00een\u00ean kurdnas\u00eey\u00ea berdewam dike.<\/p>\n<p style=\"font-weight: 400; text-align: left;\">Pirt\u00fbka \u201c13r\u00fbpel\u00ean balk\u00ea\u015f ji d\u00eeroka gel\u00ea kurd\u201d ya h\u00eaja Cel\u00eel\u00ea Cel\u00eel li ser s\u00eazdeh gotar\u00ean w\u00ee, y\u00ean ku dema ber\u00ea bi ziman\u00ean r\u00fbs\u00ee, ermen\u00ee \u00fb kurd\u00ee \u00e7ap b\u00fbne bingeh girt\u00eeye. Her gotarek li ser \u00e7avkan\u00eeyek\u00ea ava b\u00fbye. Bihay\u00ea v\u00ea berhevok\u00ea mezin e, ji ber ku li ber xwendevanan \u00e7avkan\u00eey\u00ean nenas \u00fb balk\u00ea\u015f vedibin. Bervedana wan ya zanist\u00ee h\u00eajat\u00eeya pirt\u00fbk\u00ea h\u00een z\u00eade dike.<\/p>\n","protected":false},"excerpt":{"rendered":"<p style=\"text-align: center;\"><strong>Pirt\u00fbk: 13R\u00fbpel\u00ean Balk\u00ea\u015f ji D\u00eeroka Gel\u00ea Kurd<br \/>\nNiv\u00eeskar: Cel\u00eel\u00ea Cel\u00eel<br \/>\nCure: D\u00eerok<\/strong><\/p>\n","protected":false},"featured_media":6548,"template":"","meta":{"site-sidebar-layout":"default","site-content-layout":"","ast-site-content-layout":"default","site-content-style":"default","site-sidebar-style":"default","ast-global-header-display":"","ast-banner-title-visibility":"","ast-main-header-display":"","ast-hfb-above-header-display":"","ast-hfb-below-header-display":"","ast-hfb-mobile-header-display":"","site-post-title":"","ast-breadcrumbs-content":"","ast-featured-img":"","footer-sml-layout":"","ast-disable-related-posts":"","theme-transparent-header-meta":"default","adv-header-id-meta":"","stick-header-meta":"","header-above-stick-meta":"","header-main-stick-meta":"","header-below-stick-meta":"","astra-migrate-meta-layouts":"set","ast-page-background-enabled":"default","ast-page-background-meta":{"desktop":{"background-color":"","background-image":"","background-repeat":"repeat","background-position":"center center","background-size":"auto","background-attachment":"scroll","background-type":"","background-media":"","overlay-type":"","overlay-color":"","overlay-opacity":"","overlay-gradient":""},"tablet":{"background-color":"","background-image":"","background-repeat":"repeat","background-position":"center center","background-size":"auto","background-attachment":"scroll","background-type":"","background-media":"","overlay-type":"","overlay-color":"","overlay-opacity":"","overlay-gradient":""},"mobile":{"background-color":"","background-image":"","background-repeat":"repeat","background-position":"center center","background-size":"auto","background-attachment":"scroll","background-type":"","background-media":"","overlay-type":"","overlay-color":"","overlay-opacity":"","overlay-gradient":""}},"ast-content-background-meta":{"desktop":{"background-color":"var(--ast-global-color-5)","background-image":"","background-repeat":"repeat","background-position":"center center","background-size":"auto","background-attachment":"scroll","background-type":"","background-media":"","overlay-type":"","overlay-color":"","overlay-opacity":"","overlay-gradient":""},"tablet":{"background-color":"var(--ast-global-color-5)","background-image":"","background-repeat":"repeat","background-position":"center center","background-size":"auto","background-attachment":"scroll","background-type":"","background-media":"","overlay-type":"","overlay-color":"","overlay-opacity":"","overlay-gradient":""},"mobile":{"background-color":"var(--ast-global-color-5)","background-image":"","background-repeat":"repeat","background-position":"center center","background-size":"auto","background-attachment":"scroll","background-type":"","background-media":"","overlay-type":"","overlay-color":"","overlay-opacity":"","overlay-gradient":""}}},"product_brand":[],"product_cat":[187,179,193],"product_tag":[],"class_list":{"0":"post-13584","1":"product","2":"type-product","3":"status-publish","4":"has-post-thumbnail","6":"product_cat-_","8":"product_cat--_","9":"pa_-dirok","10":"pa_-celile-celil","11":"pa_-kurmanci","12":"pa_--wardoz-yayinlari","13":"desktop-align-left","14":"tablet-align-left","15":"mobile-align-left","17":"first","18":"instock","19":"shipping-taxable","20":"purchasable","21":"product-type-simple"},"yoast_head":"<!-- This site is optimized with the Yoast SEO plugin v27.5 - https:\/\/yoast.com\/product\/yoast-seo-wordpress\/ -->\n<title>13R\u00fbpel\u00ean Balk\u00ea\u015f ji D\u00eeroka Gel\u00ea Kurd - Cel\u00eel\u00ea Cel\u00eel - www.shanabooks.de<\/title>\n<meta name=\"description\" content=\"13R\u00fbpel\u00ean Balk\u00ea\u015f ji D\u00eeroka Gel\u00ea Kurd - Cel\u00eel\u00ea Cel\u00eel Kurdnas\u00ea Sovyeta kevn, Cel\u00eel\u00ea Cel\u00eel, l\u00eakol\u00een\u00ean w\u00ee li ser d\u00eerok, zargotin (folklor), l\u00eeteratora kurd\u00ee...\" \/>\n<meta name=\"robots\" content=\"index, follow, max-snippet:-1, max-image-preview:large, max-video-preview:-1\" \/>\n<link rel=\"canonical\" href=\"https:\/\/shanabooks.de\/product\/13rupelen-balkes-ji-diroka-gele-kurd-celile-celil\/\" \/>\n<meta property=\"og:locale\" content=\"en_US\" \/>\n<meta property=\"og:type\" content=\"article\" \/>\n<meta property=\"og:title\" content=\"13R\u00fbpel\u00ean Balk\u00ea\u015f ji D\u00eeroka Gel\u00ea Kurd - Cel\u00eel\u00ea Cel\u00eel - www.shanabooks.de\" \/>\n<meta property=\"og:description\" content=\"13R\u00fbpel\u00ean Balk\u00ea\u015f ji D\u00eeroka Gel\u00ea Kurd - Cel\u00eel\u00ea Cel\u00eel Kurdnas\u00ea Sovyeta kevn, Cel\u00eel\u00ea Cel\u00eel, l\u00eakol\u00een\u00ean w\u00ee li ser d\u00eerok, zargotin (folklor), l\u00eeteratora kurd\u00ee...\" \/>\n<meta property=\"og:url\" content=\"https:\/\/shanabooks.de\/product\/13rupelen-balkes-ji-diroka-gele-kurd-celile-celil\/\" \/>\n<meta property=\"og:site_name\" content=\"www.shanabooks.de\" \/>\n<meta property=\"article:modified_time\" content=\"2026-02-02T21:41:45+00:00\" \/>\n<meta property=\"og:image\" content=\"https:\/\/shanabooks.de\/wp-content\/uploads\/2024\/01\/13-Rupelen-Balkes-ji-Diroka-Gele-Kurd-wardoz.png\" \/>\n\t<meta property=\"og:image:width\" content=\"298\" \/>\n\t<meta property=\"og:image:height\" content=\"471\" \/>\n\t<meta property=\"og:image:type\" content=\"image\/png\" \/>\n<meta name=\"twitter:card\" content=\"summary_large_image\" \/>\n<meta name=\"twitter:label1\" content=\"Est. reading time\" \/>\n\t<meta name=\"twitter:data1\" content=\"2 minutes\" \/>\n<script type=\"application\/ld+json\" class=\"yoast-schema-graph\">{\"@context\":\"https:\\\/\\\/schema.org\",\"@graph\":[{\"@type\":\"WebPage\",\"@id\":\"https:\\\/\\\/shanabooks.de\\\/product\\\/13rupelen-balkes-ji-diroka-gele-kurd-celile-celil\\\/\",\"url\":\"https:\\\/\\\/shanabooks.de\\\/product\\\/13rupelen-balkes-ji-diroka-gele-kurd-celile-celil\\\/\",\"name\":\"13R\u00fbpel\u00ean Balk\u00ea\u015f ji D\u00eeroka Gel\u00ea Kurd - Cel\u00eel\u00ea Cel\u00eel - www.shanabooks.de\",\"isPartOf\":{\"@id\":\"https:\\\/\\\/shanabooks.de\\\/#website\"},\"primaryImageOfPage\":{\"@id\":\"https:\\\/\\\/shanabooks.de\\\/product\\\/13rupelen-balkes-ji-diroka-gele-kurd-celile-celil\\\/#primaryimage\"},\"image\":{\"@id\":\"https:\\\/\\\/shanabooks.de\\\/product\\\/13rupelen-balkes-ji-diroka-gele-kurd-celile-celil\\\/#primaryimage\"},\"thumbnailUrl\":\"https:\\\/\\\/shanabooks.de\\\/wp-content\\\/uploads\\\/2024\\\/01\\\/13-Rupelen-Balkes-ji-Diroka-Gele-Kurd-wardoz.png\",\"datePublished\":\"2024-03-03T19:51:51+00:00\",\"dateModified\":\"2026-02-02T21:41:45+00:00\",\"description\":\"13R\u00fbpel\u00ean Balk\u00ea\u015f ji D\u00eeroka Gel\u00ea Kurd - Cel\u00eel\u00ea Cel\u00eel Kurdnas\u00ea Sovyeta kevn, Cel\u00eel\u00ea Cel\u00eel, l\u00eakol\u00een\u00ean w\u00ee li ser d\u00eerok, zargotin (folklor), l\u00eeteratora kurd\u00ee...\",\"breadcrumb\":{\"@id\":\"https:\\\/\\\/shanabooks.de\\\/product\\\/13rupelen-balkes-ji-diroka-gele-kurd-celile-celil\\\/#breadcrumb\"},\"inLanguage\":\"kur\",\"potentialAction\":[{\"@type\":\"ReadAction\",\"target\":[\"https:\\\/\\\/shanabooks.de\\\/product\\\/13rupelen-balkes-ji-diroka-gele-kurd-celile-celil\\\/\"]}]},{\"@type\":\"ImageObject\",\"inLanguage\":\"kur\",\"@id\":\"https:\\\/\\\/shanabooks.de\\\/product\\\/13rupelen-balkes-ji-diroka-gele-kurd-celile-celil\\\/#primaryimage\",\"url\":\"https:\\\/\\\/shanabooks.de\\\/wp-content\\\/uploads\\\/2024\\\/01\\\/13-Rupelen-Balkes-ji-Diroka-Gele-Kurd-wardoz.png\",\"contentUrl\":\"https:\\\/\\\/shanabooks.de\\\/wp-content\\\/uploads\\\/2024\\\/01\\\/13-Rupelen-Balkes-ji-Diroka-Gele-Kurd-wardoz.png\",\"width\":298,\"height\":471,\"caption\":\"13R\u00fbpel\u00ean Balk\u00ea\u015f ji D\u00eeroka Gel\u00ea Kurd - Cel\u00eel\u00ea Cel\u00eel - pirt\u00fbk\u00ean kurd\u00ee - d\u00eerok\"},{\"@type\":\"BreadcrumbList\",\"@id\":\"https:\\\/\\\/shanabooks.de\\\/product\\\/13rupelen-balkes-ji-diroka-gele-kurd-celile-celil\\\/#breadcrumb\",\"itemListElement\":[{\"@type\":\"ListItem\",\"position\":1,\"name\":\"\u0627\u0644\u0631\u0626\u064a\u0633\u064a\u0629\",\"item\":\"https:\\\/\\\/shanabooks.de\\\/kur\\\/\"},{\"@type\":\"ListItem\",\"position\":2,\"name\":\"\u0627\u0644\u0645\u0646\u062a\u062c\u0627\u062a\",\"item\":\"https:\\\/\\\/shanabooks.de\\\/shop\\\/\"},{\"@type\":\"ListItem\",\"position\":3,\"name\":\"13R\u00fbpel\u00ean Balk\u00ea\u015f ji D\u00eeroka Gel\u00ea Kurd\"}]},{\"@type\":\"WebSite\",\"@id\":\"https:\\\/\\\/shanabooks.de\\\/#website\",\"url\":\"https:\\\/\\\/shanabooks.de\\\/\",\"name\":\"www.shanbooks.de\",\"description\":\"C\u00eehana Pirt\u00fbk\u00ean Kurd\u00ee \u0645\u0643\u062a\u0628\u0629 \u0634\u0627\u0646\u0627 \u0641\u064a \u0627\u0644\u0645\u0627\u0646\u064a\u0627 \u0648\u0623\u0648\u0631\u0628\u0627\",\"publisher\":{\"@id\":\"https:\\\/\\\/shanabooks.de\\\/#organization\"},\"potentialAction\":[{\"@type\":\"SearchAction\",\"target\":{\"@type\":\"EntryPoint\",\"urlTemplate\":\"https:\\\/\\\/shanabooks.de\\\/?s={search_term_string}\"},\"query-input\":{\"@type\":\"PropertyValueSpecification\",\"valueRequired\":true,\"valueName\":\"search_term_string\"}}],\"inLanguage\":\"kur\"},{\"@type\":\"Organization\",\"@id\":\"https:\\\/\\\/shanabooks.de\\\/#organization\",\"name\":\"www.shanbooks.de\",\"url\":\"https:\\\/\\\/shanabooks.de\\\/\",\"logo\":{\"@type\":\"ImageObject\",\"inLanguage\":\"kur\",\"@id\":\"https:\\\/\\\/shanabooks.de\\\/#\\\/schema\\\/logo\\\/image\\\/\",\"url\":\"https:\\\/\\\/shanabooks.de\\\/wp-content\\\/uploads\\\/2024\\\/03\\\/SHANABOOKS__2_-removebg-preview.png\",\"contentUrl\":\"https:\\\/\\\/shanabooks.de\\\/wp-content\\\/uploads\\\/2024\\\/03\\\/SHANABOOKS__2_-removebg-preview.png\",\"width\":700,\"height\":150,\"caption\":\"www.shanbooks.de\"},\"image\":{\"@id\":\"https:\\\/\\\/shanabooks.de\\\/#\\\/schema\\\/logo\\\/image\\\/\"}}]}<\/script>\n<!-- \/ Yoast SEO plugin. -->","yoast_head_json":{"title":"13R\u00fbpel\u00ean Balk\u00ea\u015f ji D\u00eeroka Gel\u00ea Kurd - Cel\u00eel\u00ea Cel\u00eel - www.shanabooks.de","description":"13R\u00fbpel\u00ean Balk\u00ea\u015f ji D\u00eeroka Gel\u00ea Kurd - Cel\u00eel\u00ea Cel\u00eel Kurdnas\u00ea Sovyeta kevn, Cel\u00eel\u00ea Cel\u00eel, l\u00eakol\u00een\u00ean w\u00ee li ser d\u00eerok, zargotin (folklor), l\u00eeteratora kurd\u00ee...","robots":{"index":"index","follow":"follow","max-snippet":"max-snippet:-1","max-image-preview":"max-image-preview:large","max-video-preview":"max-video-preview:-1"},"canonical":"https:\/\/shanabooks.de\/product\/13rupelen-balkes-ji-diroka-gele-kurd-celile-celil\/","og_locale":"en_US","og_type":"article","og_title":"13R\u00fbpel\u00ean Balk\u00ea\u015f ji D\u00eeroka Gel\u00ea Kurd - Cel\u00eel\u00ea Cel\u00eel - www.shanabooks.de","og_description":"13R\u00fbpel\u00ean Balk\u00ea\u015f ji D\u00eeroka Gel\u00ea Kurd - Cel\u00eel\u00ea Cel\u00eel Kurdnas\u00ea Sovyeta kevn, Cel\u00eel\u00ea Cel\u00eel, l\u00eakol\u00een\u00ean w\u00ee li ser d\u00eerok, zargotin (folklor), l\u00eeteratora kurd\u00ee...","og_url":"https:\/\/shanabooks.de\/product\/13rupelen-balkes-ji-diroka-gele-kurd-celile-celil\/","og_site_name":"www.shanabooks.de","article_modified_time":"2026-02-02T21:41:45+00:00","og_image":[{"width":298,"height":471,"url":"https:\/\/shanabooks.de\/wp-content\/uploads\/2024\/01\/13-Rupelen-Balkes-ji-Diroka-Gele-Kurd-wardoz.png","type":"image\/png"}],"twitter_card":"summary_large_image","twitter_misc":{"Est. reading time":"2 minutes"},"schema":{"@context":"https:\/\/schema.org","@graph":[{"@type":"WebPage","@id":"https:\/\/shanabooks.de\/product\/13rupelen-balkes-ji-diroka-gele-kurd-celile-celil\/","url":"https:\/\/shanabooks.de\/product\/13rupelen-balkes-ji-diroka-gele-kurd-celile-celil\/","name":"13R\u00fbpel\u00ean Balk\u00ea\u015f ji D\u00eeroka Gel\u00ea Kurd - Cel\u00eel\u00ea Cel\u00eel - www.shanabooks.de","isPartOf":{"@id":"https:\/\/shanabooks.de\/#website"},"primaryImageOfPage":{"@id":"https:\/\/shanabooks.de\/product\/13rupelen-balkes-ji-diroka-gele-kurd-celile-celil\/#primaryimage"},"image":{"@id":"https:\/\/shanabooks.de\/product\/13rupelen-balkes-ji-diroka-gele-kurd-celile-celil\/#primaryimage"},"thumbnailUrl":"https:\/\/shanabooks.de\/wp-content\/uploads\/2024\/01\/13-Rupelen-Balkes-ji-Diroka-Gele-Kurd-wardoz.png","datePublished":"2024-03-03T19:51:51+00:00","dateModified":"2026-02-02T21:41:45+00:00","description":"13R\u00fbpel\u00ean Balk\u00ea\u015f ji D\u00eeroka Gel\u00ea Kurd - Cel\u00eel\u00ea Cel\u00eel Kurdnas\u00ea Sovyeta kevn, Cel\u00eel\u00ea Cel\u00eel, l\u00eakol\u00een\u00ean w\u00ee li ser d\u00eerok, zargotin (folklor), l\u00eeteratora kurd\u00ee...","breadcrumb":{"@id":"https:\/\/shanabooks.de\/product\/13rupelen-balkes-ji-diroka-gele-kurd-celile-celil\/#breadcrumb"},"inLanguage":"kur","potentialAction":[{"@type":"ReadAction","target":["https:\/\/shanabooks.de\/product\/13rupelen-balkes-ji-diroka-gele-kurd-celile-celil\/"]}]},{"@type":"ImageObject","inLanguage":"kur","@id":"https:\/\/shanabooks.de\/product\/13rupelen-balkes-ji-diroka-gele-kurd-celile-celil\/#primaryimage","url":"https:\/\/shanabooks.de\/wp-content\/uploads\/2024\/01\/13-Rupelen-Balkes-ji-Diroka-Gele-Kurd-wardoz.png","contentUrl":"https:\/\/shanabooks.de\/wp-content\/uploads\/2024\/01\/13-Rupelen-Balkes-ji-Diroka-Gele-Kurd-wardoz.png","width":298,"height":471,"caption":"13R\u00fbpel\u00ean Balk\u00ea\u015f ji D\u00eeroka Gel\u00ea Kurd - Cel\u00eel\u00ea Cel\u00eel - pirt\u00fbk\u00ean kurd\u00ee - d\u00eerok"},{"@type":"BreadcrumbList","@id":"https:\/\/shanabooks.de\/product\/13rupelen-balkes-ji-diroka-gele-kurd-celile-celil\/#breadcrumb","itemListElement":[{"@type":"ListItem","position":1,"name":"\u0627\u0644\u0631\u0626\u064a\u0633\u064a\u0629","item":"https:\/\/shanabooks.de\/kur\/"},{"@type":"ListItem","position":2,"name":"\u0627\u0644\u0645\u0646\u062a\u062c\u0627\u062a","item":"https:\/\/shanabooks.de\/shop\/"},{"@type":"ListItem","position":3,"name":"13R\u00fbpel\u00ean Balk\u00ea\u015f ji D\u00eeroka Gel\u00ea Kurd"}]},{"@type":"WebSite","@id":"https:\/\/shanabooks.de\/#website","url":"https:\/\/shanabooks.de\/","name":"www.shanbooks.de","description":"C\u00eehana Pirt\u00fbk\u00ean Kurd\u00ee \u0645\u0643\u062a\u0628\u0629 \u0634\u0627\u0646\u0627 \u0641\u064a \u0627\u0644\u0645\u0627\u0646\u064a\u0627 \u0648\u0623\u0648\u0631\u0628\u0627","publisher":{"@id":"https:\/\/shanabooks.de\/#organization"},"potentialAction":[{"@type":"SearchAction","target":{"@type":"EntryPoint","urlTemplate":"https:\/\/shanabooks.de\/?s={search_term_string}"},"query-input":{"@type":"PropertyValueSpecification","valueRequired":true,"valueName":"search_term_string"}}],"inLanguage":"kur"},{"@type":"Organization","@id":"https:\/\/shanabooks.de\/#organization","name":"www.shanbooks.de","url":"https:\/\/shanabooks.de\/","logo":{"@type":"ImageObject","inLanguage":"kur","@id":"https:\/\/shanabooks.de\/#\/schema\/logo\/image\/","url":"https:\/\/shanabooks.de\/wp-content\/uploads\/2024\/03\/SHANABOOKS__2_-removebg-preview.png","contentUrl":"https:\/\/shanabooks.de\/wp-content\/uploads\/2024\/03\/SHANABOOKS__2_-removebg-preview.png","width":700,"height":150,"caption":"www.shanbooks.de"},"image":{"@id":"https:\/\/shanabooks.de\/#\/schema\/logo\/image\/"}}]}},"jetpack_sharing_enabled":true,"_links":{"self":[{"href":"https:\/\/shanabooks.de\/kur\/wp-json\/wp\/v2\/product\/13584","targetHints":{"allow":["GET"]}}],"collection":[{"href":"https:\/\/shanabooks.de\/kur\/wp-json\/wp\/v2\/product"}],"about":[{"href":"https:\/\/shanabooks.de\/kur\/wp-json\/wp\/v2\/types\/product"}],"version-history":[{"count":3,"href":"https:\/\/shanabooks.de\/kur\/wp-json\/wp\/v2\/product\/13584\/revisions"}],"predecessor-version":[{"id":24607,"href":"https:\/\/shanabooks.de\/kur\/wp-json\/wp\/v2\/product\/13584\/revisions\/24607"}],"wp:featuredmedia":[{"embeddable":true,"href":"https:\/\/shanabooks.de\/kur\/wp-json\/wp\/v2\/media\/6548"}],"wp:attachment":[{"href":"https:\/\/shanabooks.de\/kur\/wp-json\/wp\/v2\/media?parent=13584"}],"wp:term":[{"taxonomy":"product_brand","embeddable":true,"href":"https:\/\/shanabooks.de\/kur\/wp-json\/wp\/v2\/product_brand?post=13584"},{"taxonomy":"product_cat","embeddable":true,"href":"https:\/\/shanabooks.de\/kur\/wp-json\/wp\/v2\/product_cat?post=13584"},{"taxonomy":"product_tag","embeddable":true,"href":"https:\/\/shanabooks.de\/kur\/wp-json\/wp\/v2\/product_tag?post=13584"}],"curies":[{"name":"wp","href":"https:\/\/api.w.org\/{rel}","templated":true}]}}