{"id":13586,"date":"2024-03-03T19:51:51","date_gmt":"2024-03-03T19:51:51","guid":{"rendered":"https:\/\/shanabooks.de\/?post_type=product&#038;p=13586"},"modified":"2025-12-31T17:50:45","modified_gmt":"2025-12-31T17:50:45","slug":"zargotina-kurda-2-celile-celil","status":"publish","type":"product","link":"https:\/\/shanabooks.de\/kur\/product\/zargotina-kurda-2-celile-celil\/","title":{"rendered":"Zargotina Kurda 2"},"content":{"rendered":"<p style=\"text-align: left\"><strong>Zargotina Kurda 2 &#8211; Cel\u00eel\u00ea Cel\u00eel<\/strong><\/p>\n<p style=\"text-align: left\">&#8220;L\u0131teratura dereca teksten Zargotina Kurdan li ser du paran t\u00ea paravekirin.<\/p>\n<p style=\"text-align: left\">Ser para pe\u015f\u00een ew pirt\u00fbk \u00fb w\u0131tar tene hesabe, y\u00ean ko ten\u00ea ji bona h\u00eenb\u00fbna ziman\u00ea kurd\u00ee hatine \u00e7ap kirin. L\u0131teratura ve pare da nimuned zargotine her tene \u00e7ewa mater\u0131ale runkirine (naskirine) hatine karan\u0131n.<\/p>\n<p style=\"text-align: left\">Ser para duda ew kar u bare \u00e7apbuy\u0131 di\u00e7in, yen ko nek tene bona h\u0131nbuna zimane kurd\u0131 ne, le usa j\u0131 bona xwendevana bi \u00e7etir\u0131n nimuned zargotina kurdan va bidine naskirin, yen j\u0131y\u0131na, b\u0131r u bawar\u0131ya milet d\u0131yar dikin. L\u0131teratura van herdu pare kareke pir mezin didine xwendevana, yen ko dixwazin zargotina kurdan va bibin nas u pe mijul bibin. Mater\u0131ale zargotina kurdan, ko me le niher\u0131ye dide d\u0131yarkirine, wek\u0131 gelek pirtuke zargotina kurdan h\u0131ml\u0131 ber\u0131 \u015fore\u015fa li Ur\u0131sete \u00e7ap bune u eva yeka we piese da, wi warida nav u s\u0131yaneteke mezin didie we. Lekolinawaye zargotina kurdan her li Ur\u0131sete ser bingehek\u0131 rast destpebu. Ur\u0131set ne ko tene bona \u00e7apkirina nimuned zargotina kurdan re vekir, le ewe re vekir usa j\u0131 bona belavirina we, u cara pe\u015fin nimuned zargotina kurdan dan\u0131 ber \u00e7eve koma xwendevaneye fireh, din\u0131ya zan\u0131yar\u0131 bi zimane firans\u0131, alman\u0131, uris\u0131, ermen\u0131 zargotina kurdan va da naskirin.&#8221;<\/p>\n","protected":false},"excerpt":{"rendered":"<p style=\"text-align: center\"><strong>Pirt\u00fbk: Zargotina Kurda 2<br \/>\nNiv\u00eeskar: Cel\u00eel\u00ea Cel\u00eel<br \/>\nCure: Folklor<\/strong><\/p>\n","protected":false},"featured_media":6552,"template":"","meta":{"site-sidebar-layout":"default","site-content-layout":"","ast-site-content-layout":"default","site-content-style":"default","site-sidebar-style":"default","ast-global-header-display":"","ast-banner-title-visibility":"","ast-main-header-display":"","ast-hfb-above-header-display":"","ast-hfb-below-header-display":"","ast-hfb-mobile-header-display":"","site-post-title":"","ast-breadcrumbs-content":"","ast-featured-img":"","footer-sml-layout":"","ast-disable-related-posts":"","theme-transparent-header-meta":"default","adv-header-id-meta":"","stick-header-meta":"","header-above-stick-meta":"","header-main-stick-meta":"","header-below-stick-meta":"","astra-migrate-meta-layouts":"set","ast-page-background-enabled":"default","ast-page-background-meta":{"desktop":{"background-color":"","background-image":"","background-repeat":"repeat","background-position":"center center","background-size":"auto","background-attachment":"scroll","background-type":"","background-media":"","overlay-type":"","overlay-color":"","overlay-opacity":"","overlay-gradient":""},"tablet":{"background-color":"","background-image":"","background-repeat":"repeat","background-position":"center center","background-size":"auto","background-attachment":"scroll","background-type":"","background-media":"","overlay-type":"","overlay-color":"","overlay-opacity":"","overlay-gradient":""},"mobile":{"background-color":"","background-image":"","background-repeat":"repeat","background-position":"center center","background-size":"auto","background-attachment":"scroll","background-type":"","background-media":"","overlay-type":"","overlay-color":"","overlay-opacity":"","overlay-gradient":""}},"ast-content-background-meta":{"desktop":{"background-color":"var(--ast-global-color-5)","background-image":"","background-repeat":"repeat","background-position":"center center","background-size":"auto","background-attachment":"scroll","background-type":"","background-media":"","overlay-type":"","overlay-color":"","overlay-opacity":"","overlay-gradient":""},"tablet":{"background-color":"var(--ast-global-color-5)","background-image":"","background-repeat":"repeat","background-position":"center center","background-size":"auto","background-attachment":"scroll","background-type":"","background-media":"","overlay-type":"","overlay-color":"","overlay-opacity":"","overlay-gradient":""},"mobile":{"background-color":"var(--ast-global-color-5)","background-image":"","background-repeat":"repeat","background-position":"center center","background-size":"auto","background-attachment":"scroll","background-type":"","background-media":"","overlay-type":"","overlay-color":"","overlay-opacity":"","overlay-gradient":""}}},"product_brand":[],"product_cat":[180,193],"product_tag":[],"class_list":{"0":"post-13586","1":"product","2":"type-product","3":"status-publish","4":"has-post-thumbnail","6":"product_cat-_","7":"product_cat--_","8":"pa_-folklor","9":"pa_-celile-celil","10":"pa_-ordixane-celil","11":"pa_-kurmanci","12":"pa_--aram-yayinevi","13":"desktop-align-left","14":"tablet-align-left","15":"mobile-align-left","17":"first","18":"instock","19":"shipping-taxable","20":"purchasable","21":"product-type-simple"},"yoast_head":"<!-- This site is optimized with the Yoast SEO plugin v27.4 - https:\/\/yoast.com\/product\/yoast-seo-wordpress\/ -->\n<title>Zargotina Kurda 2 - Cel\u00eel\u00ea Cel\u00eel - www.shanabooks.de<\/title>\n<meta name=\"description\" content=\"Zargotina Kurda 2 - Cel\u00eel\u00ea Cel\u00eel &quot;L\u0131teratura dereca teksten Zargotina Kurdan li ser du paran t\u00ea paravekirin. Ser para pe\u015f\u00een ew pirt\u00fbk \u00fb w\u0131tar te...\" \/>\n<meta name=\"robots\" content=\"index, follow, max-snippet:-1, max-image-preview:large, max-video-preview:-1\" \/>\n<link rel=\"canonical\" href=\"https:\/\/shanabooks.de\/product\/zargotina-kurda-2-celile-celil\/\" \/>\n<meta property=\"og:locale\" content=\"en_US\" \/>\n<meta property=\"og:type\" content=\"article\" \/>\n<meta property=\"og:title\" content=\"Zargotina Kurda 2 - Cel\u00eel\u00ea Cel\u00eel - www.shanabooks.de\" \/>\n<meta property=\"og:description\" content=\"Zargotina Kurda 2 - Cel\u00eel\u00ea Cel\u00eel &quot;L\u0131teratura dereca teksten Zargotina Kurdan li ser du paran t\u00ea paravekirin. Ser para pe\u015f\u00een ew pirt\u00fbk \u00fb w\u0131tar te...\" \/>\n<meta property=\"og:url\" content=\"https:\/\/shanabooks.de\/product\/zargotina-kurda-2-celile-celil\/\" \/>\n<meta property=\"og:site_name\" content=\"www.shanabooks.de\" \/>\n<meta property=\"article:modified_time\" content=\"2025-12-31T17:50:45+00:00\" \/>\n<meta property=\"og:image\" content=\"https:\/\/shanabooks.de\/wp-content\/uploads\/2024\/01\/Zargotina-Kurda-2-aram.png\" \/>\n\t<meta property=\"og:image:width\" content=\"312\" \/>\n\t<meta property=\"og:image:height\" content=\"469\" \/>\n\t<meta property=\"og:image:type\" content=\"image\/png\" \/>\n<meta name=\"twitter:card\" content=\"summary_large_image\" \/>\n<meta name=\"twitter:label1\" content=\"Est. reading time\" \/>\n\t<meta name=\"twitter:data1\" content=\"2 minutes\" \/>\n<script type=\"application\/ld+json\" class=\"yoast-schema-graph\">{\"@context\":\"https:\\\/\\\/schema.org\",\"@graph\":[{\"@type\":\"WebPage\",\"@id\":\"https:\\\/\\\/shanabooks.de\\\/product\\\/zargotina-kurda-2-celile-celil\\\/\",\"url\":\"https:\\\/\\\/shanabooks.de\\\/product\\\/zargotina-kurda-2-celile-celil\\\/\",\"name\":\"Zargotina Kurda 2 - Cel\u00eel\u00ea Cel\u00eel - www.shanabooks.de\",\"isPartOf\":{\"@id\":\"https:\\\/\\\/shanabooks.de\\\/#website\"},\"primaryImageOfPage\":{\"@id\":\"https:\\\/\\\/shanabooks.de\\\/product\\\/zargotina-kurda-2-celile-celil\\\/#primaryimage\"},\"image\":{\"@id\":\"https:\\\/\\\/shanabooks.de\\\/product\\\/zargotina-kurda-2-celile-celil\\\/#primaryimage\"},\"thumbnailUrl\":\"https:\\\/\\\/shanabooks.de\\\/wp-content\\\/uploads\\\/2024\\\/01\\\/Zargotina-Kurda-2-aram.png\",\"datePublished\":\"2024-03-03T19:51:51+00:00\",\"dateModified\":\"2025-12-31T17:50:45+00:00\",\"description\":\"Zargotina Kurda 2 - Cel\u00eel\u00ea Cel\u00eel \\\"L\u0131teratura dereca teksten Zargotina Kurdan li ser du paran t\u00ea paravekirin. Ser para pe\u015f\u00een ew pirt\u00fbk \u00fb w\u0131tar te...\",\"breadcrumb\":{\"@id\":\"https:\\\/\\\/shanabooks.de\\\/product\\\/zargotina-kurda-2-celile-celil\\\/#breadcrumb\"},\"inLanguage\":\"kur\",\"potentialAction\":[{\"@type\":\"ReadAction\",\"target\":[\"https:\\\/\\\/shanabooks.de\\\/product\\\/zargotina-kurda-2-celile-celil\\\/\"]}]},{\"@type\":\"ImageObject\",\"inLanguage\":\"kur\",\"@id\":\"https:\\\/\\\/shanabooks.de\\\/product\\\/zargotina-kurda-2-celile-celil\\\/#primaryimage\",\"url\":\"https:\\\/\\\/shanabooks.de\\\/wp-content\\\/uploads\\\/2024\\\/01\\\/Zargotina-Kurda-2-aram.png\",\"contentUrl\":\"https:\\\/\\\/shanabooks.de\\\/wp-content\\\/uploads\\\/2024\\\/01\\\/Zargotina-Kurda-2-aram.png\",\"width\":312,\"height\":469,\"caption\":\"Zargotina Kurda 2 - Cel\u00eel\u00ea Cel\u00eel - pirt\u00fbk\u00ean kurd\u00ee\"},{\"@type\":\"BreadcrumbList\",\"@id\":\"https:\\\/\\\/shanabooks.de\\\/product\\\/zargotina-kurda-2-celile-celil\\\/#breadcrumb\",\"itemListElement\":[{\"@type\":\"ListItem\",\"position\":1,\"name\":\"\u0627\u0644\u0631\u0626\u064a\u0633\u064a\u0629\",\"item\":\"https:\\\/\\\/shanabooks.de\\\/kur\\\/\"},{\"@type\":\"ListItem\",\"position\":2,\"name\":\"\u0627\u0644\u0645\u0646\u062a\u062c\u0627\u062a\",\"item\":\"https:\\\/\\\/shanabooks.de\\\/shop\\\/\"},{\"@type\":\"ListItem\",\"position\":3,\"name\":\"Zargotina Kurda 2\"}]},{\"@type\":\"WebSite\",\"@id\":\"https:\\\/\\\/shanabooks.de\\\/#website\",\"url\":\"https:\\\/\\\/shanabooks.de\\\/\",\"name\":\"www.shanbooks.de\",\"description\":\"C\u00eehana Pirt\u00fbk\u00ean Kurd\u00ee \u0645\u0643\u062a\u0628\u0629 \u0634\u0627\u0646\u0627 \u0641\u064a \u0627\u0644\u0645\u0627\u0646\u064a\u0627 \u0648\u0623\u0648\u0631\u0628\u0627\",\"publisher\":{\"@id\":\"https:\\\/\\\/shanabooks.de\\\/#organization\"},\"potentialAction\":[{\"@type\":\"SearchAction\",\"target\":{\"@type\":\"EntryPoint\",\"urlTemplate\":\"https:\\\/\\\/shanabooks.de\\\/?s={search_term_string}\"},\"query-input\":{\"@type\":\"PropertyValueSpecification\",\"valueRequired\":true,\"valueName\":\"search_term_string\"}}],\"inLanguage\":\"kur\"},{\"@type\":\"Organization\",\"@id\":\"https:\\\/\\\/shanabooks.de\\\/#organization\",\"name\":\"www.shanbooks.de\",\"url\":\"https:\\\/\\\/shanabooks.de\\\/\",\"logo\":{\"@type\":\"ImageObject\",\"inLanguage\":\"kur\",\"@id\":\"https:\\\/\\\/shanabooks.de\\\/#\\\/schema\\\/logo\\\/image\\\/\",\"url\":\"https:\\\/\\\/shanabooks.de\\\/wp-content\\\/uploads\\\/2024\\\/03\\\/SHANABOOKS__2_-removebg-preview.png\",\"contentUrl\":\"https:\\\/\\\/shanabooks.de\\\/wp-content\\\/uploads\\\/2024\\\/03\\\/SHANABOOKS__2_-removebg-preview.png\",\"width\":700,\"height\":150,\"caption\":\"www.shanbooks.de\"},\"image\":{\"@id\":\"https:\\\/\\\/shanabooks.de\\\/#\\\/schema\\\/logo\\\/image\\\/\"}}]}<\/script>\n<!-- \/ Yoast SEO plugin. -->","yoast_head_json":{"title":"Zargotina Kurda 2 - Cel\u00eel\u00ea Cel\u00eel - www.shanabooks.de","description":"Zargotina Kurda 2 - Cel\u00eel\u00ea Cel\u00eel \"L\u0131teratura dereca teksten Zargotina Kurdan li ser du paran t\u00ea paravekirin. Ser para pe\u015f\u00een ew pirt\u00fbk \u00fb w\u0131tar te...","robots":{"index":"index","follow":"follow","max-snippet":"max-snippet:-1","max-image-preview":"max-image-preview:large","max-video-preview":"max-video-preview:-1"},"canonical":"https:\/\/shanabooks.de\/product\/zargotina-kurda-2-celile-celil\/","og_locale":"en_US","og_type":"article","og_title":"Zargotina Kurda 2 - Cel\u00eel\u00ea Cel\u00eel - www.shanabooks.de","og_description":"Zargotina Kurda 2 - Cel\u00eel\u00ea Cel\u00eel \"L\u0131teratura dereca teksten Zargotina Kurdan li ser du paran t\u00ea paravekirin. Ser para pe\u015f\u00een ew pirt\u00fbk \u00fb w\u0131tar te...","og_url":"https:\/\/shanabooks.de\/product\/zargotina-kurda-2-celile-celil\/","og_site_name":"www.shanabooks.de","article_modified_time":"2025-12-31T17:50:45+00:00","og_image":[{"width":312,"height":469,"url":"https:\/\/shanabooks.de\/wp-content\/uploads\/2024\/01\/Zargotina-Kurda-2-aram.png","type":"image\/png"}],"twitter_card":"summary_large_image","twitter_misc":{"Est. reading time":"2 minutes"},"schema":{"@context":"https:\/\/schema.org","@graph":[{"@type":"WebPage","@id":"https:\/\/shanabooks.de\/product\/zargotina-kurda-2-celile-celil\/","url":"https:\/\/shanabooks.de\/product\/zargotina-kurda-2-celile-celil\/","name":"Zargotina Kurda 2 - Cel\u00eel\u00ea Cel\u00eel - www.shanabooks.de","isPartOf":{"@id":"https:\/\/shanabooks.de\/#website"},"primaryImageOfPage":{"@id":"https:\/\/shanabooks.de\/product\/zargotina-kurda-2-celile-celil\/#primaryimage"},"image":{"@id":"https:\/\/shanabooks.de\/product\/zargotina-kurda-2-celile-celil\/#primaryimage"},"thumbnailUrl":"https:\/\/shanabooks.de\/wp-content\/uploads\/2024\/01\/Zargotina-Kurda-2-aram.png","datePublished":"2024-03-03T19:51:51+00:00","dateModified":"2025-12-31T17:50:45+00:00","description":"Zargotina Kurda 2 - Cel\u00eel\u00ea Cel\u00eel \"L\u0131teratura dereca teksten Zargotina Kurdan li ser du paran t\u00ea paravekirin. Ser para pe\u015f\u00een ew pirt\u00fbk \u00fb w\u0131tar te...","breadcrumb":{"@id":"https:\/\/shanabooks.de\/product\/zargotina-kurda-2-celile-celil\/#breadcrumb"},"inLanguage":"kur","potentialAction":[{"@type":"ReadAction","target":["https:\/\/shanabooks.de\/product\/zargotina-kurda-2-celile-celil\/"]}]},{"@type":"ImageObject","inLanguage":"kur","@id":"https:\/\/shanabooks.de\/product\/zargotina-kurda-2-celile-celil\/#primaryimage","url":"https:\/\/shanabooks.de\/wp-content\/uploads\/2024\/01\/Zargotina-Kurda-2-aram.png","contentUrl":"https:\/\/shanabooks.de\/wp-content\/uploads\/2024\/01\/Zargotina-Kurda-2-aram.png","width":312,"height":469,"caption":"Zargotina Kurda 2 - Cel\u00eel\u00ea Cel\u00eel - pirt\u00fbk\u00ean kurd\u00ee"},{"@type":"BreadcrumbList","@id":"https:\/\/shanabooks.de\/product\/zargotina-kurda-2-celile-celil\/#breadcrumb","itemListElement":[{"@type":"ListItem","position":1,"name":"\u0627\u0644\u0631\u0626\u064a\u0633\u064a\u0629","item":"https:\/\/shanabooks.de\/kur\/"},{"@type":"ListItem","position":2,"name":"\u0627\u0644\u0645\u0646\u062a\u062c\u0627\u062a","item":"https:\/\/shanabooks.de\/shop\/"},{"@type":"ListItem","position":3,"name":"Zargotina Kurda 2"}]},{"@type":"WebSite","@id":"https:\/\/shanabooks.de\/#website","url":"https:\/\/shanabooks.de\/","name":"www.shanbooks.de","description":"C\u00eehana Pirt\u00fbk\u00ean Kurd\u00ee \u0645\u0643\u062a\u0628\u0629 \u0634\u0627\u0646\u0627 \u0641\u064a \u0627\u0644\u0645\u0627\u0646\u064a\u0627 \u0648\u0623\u0648\u0631\u0628\u0627","publisher":{"@id":"https:\/\/shanabooks.de\/#organization"},"potentialAction":[{"@type":"SearchAction","target":{"@type":"EntryPoint","urlTemplate":"https:\/\/shanabooks.de\/?s={search_term_string}"},"query-input":{"@type":"PropertyValueSpecification","valueRequired":true,"valueName":"search_term_string"}}],"inLanguage":"kur"},{"@type":"Organization","@id":"https:\/\/shanabooks.de\/#organization","name":"www.shanbooks.de","url":"https:\/\/shanabooks.de\/","logo":{"@type":"ImageObject","inLanguage":"kur","@id":"https:\/\/shanabooks.de\/#\/schema\/logo\/image\/","url":"https:\/\/shanabooks.de\/wp-content\/uploads\/2024\/03\/SHANABOOKS__2_-removebg-preview.png","contentUrl":"https:\/\/shanabooks.de\/wp-content\/uploads\/2024\/03\/SHANABOOKS__2_-removebg-preview.png","width":700,"height":150,"caption":"www.shanbooks.de"},"image":{"@id":"https:\/\/shanabooks.de\/#\/schema\/logo\/image\/"}}]}},"jetpack_sharing_enabled":true,"_links":{"self":[{"href":"https:\/\/shanabooks.de\/kur\/wp-json\/wp\/v2\/product\/13586","targetHints":{"allow":["GET"]}}],"collection":[{"href":"https:\/\/shanabooks.de\/kur\/wp-json\/wp\/v2\/product"}],"about":[{"href":"https:\/\/shanabooks.de\/kur\/wp-json\/wp\/v2\/types\/product"}],"version-history":[{"count":2,"href":"https:\/\/shanabooks.de\/kur\/wp-json\/wp\/v2\/product\/13586\/revisions"}],"predecessor-version":[{"id":13932,"href":"https:\/\/shanabooks.de\/kur\/wp-json\/wp\/v2\/product\/13586\/revisions\/13932"}],"wp:featuredmedia":[{"embeddable":true,"href":"https:\/\/shanabooks.de\/kur\/wp-json\/wp\/v2\/media\/6552"}],"wp:attachment":[{"href":"https:\/\/shanabooks.de\/kur\/wp-json\/wp\/v2\/media?parent=13586"}],"wp:term":[{"taxonomy":"product_brand","embeddable":true,"href":"https:\/\/shanabooks.de\/kur\/wp-json\/wp\/v2\/product_brand?post=13586"},{"taxonomy":"product_cat","embeddable":true,"href":"https:\/\/shanabooks.de\/kur\/wp-json\/wp\/v2\/product_cat?post=13586"},{"taxonomy":"product_tag","embeddable":true,"href":"https:\/\/shanabooks.de\/kur\/wp-json\/wp\/v2\/product_tag?post=13586"}],"curies":[{"name":"wp","href":"https:\/\/api.w.org\/{rel}","templated":true}]}}