{"id":13591,"date":"2024-03-03T19:51:51","date_gmt":"2024-03-03T19:51:51","guid":{"rendered":"https:\/\/shanabooks.de\/?post_type=product&#038;p=13591"},"modified":"2026-01-06T10:25:35","modified_gmt":"2026-01-06T10:25:35","slug":"lewerger-2-kovar","status":"publish","type":"product","link":"https:\/\/shanabooks.de\/kur\/product\/lewerger-2-kovar\/","title":{"rendered":"LEWerger 2"},"content":{"rendered":"<p style=\"text-align: left\"><strong>LEWerger 2 &#8211; Kovar\u00a0<\/strong><\/p>\n<div style=\"text-align: left\"><span style=\"font-family: Verdana\">Xel\u00eel \/ Hmayak Man\u00fbkyan&#8230;&#8230;&#8230;&#8230;&#8230;&#8230;&#8230;&#8230;&#8230;&#8230;&#8230;&#8230;&#8230;&#8230;&#8230;&#8230;..4<\/span><\/div>\n<div style=\"text-align: left\"><span style=\"font-family: Verdana\">Piyano \/ D. H. Lawrence &#8230;&#8230;&#8230;&#8230;&#8230;&#8230;&#8230;&#8230;&#8230;&#8230;&#8230;&#8230;&#8230;&#8230;&#8230;&#8230;&#8230;.5<\/span><\/div>\n<div style=\"text-align: left\"><span style=\"font-family: Verdana\">Jidest\u00e7\u00fby\u00ee \/ Charles Baudelaire &#8230;&#8230;&#8230;&#8230;&#8230;&#8230;&#8230;&#8230;&#8230;&#8230;&#8230;&#8230;&#8230;.6<\/span><\/div>\n<div style=\"text-align: left\"><span style=\"font-family: Verdana\">Axx, H\u00fbn \/ Charlotte Delbo &#8230;&#8230;&#8230;&#8230;&#8230;&#8230;&#8230;&#8230;&#8230;&#8230;&#8230;&#8230;&#8230;&#8230;&#8230;.8<\/span><\/div>\n<div style=\"text-align: left\"><span style=\"font-family: Verdana\">Falavaj\u00ea Kor \/ Evdilwehab Elbeyat\u00ee &#8230;&#8230;&#8230;&#8230;&#8230;&#8230;&#8230;&#8230;&#8230;&#8230;&#8230;9<\/span><\/div>\n<div style=\"text-align: left\"><span style=\"font-family: Verdana\">Ne Rojba\u015f, Ne \u00cavarba\u015f \/ G\u00e9rard de Nerval&#8230;&#8230;&#8230;&#8230;&#8230;.. 11<\/span><\/div>\n<div style=\"text-align: left\"><span style=\"font-family: Verdana\">Efs\u00fbn \/ Kate N\u00e6ss&#8230;&#8230;&#8230;&#8230;&#8230;&#8230;&#8230;&#8230;&#8230;&#8230;&#8230;&#8230;&#8230;&#8230;&#8230;&#8230;&#8230;&#8230;&#8230;&#8230; 11<\/span><\/div>\n<div style=\"text-align: left\"><span style=\"font-family: Verdana\">Lorelei, Ez N\u00eazana,\u00a0<\/span><\/div>\n<div style=\"text-align: left\"><span style=\"font-family: Verdana\">Ez \u00c7i Mana Bida Ci \/ Heinrich Heine &#8230;&#8230;&#8230;&#8230;&#8230;&#8230;&#8230;&#8230;&#8230; 12<\/span><\/div>\n<div style=\"text-align: left\"><span style=\"font-family: Verdana\">Xatirxwestin \/ Karin Boye &#8230;&#8230;&#8230;&#8230;&#8230;&#8230;&#8230;&#8230;&#8230;&#8230;&#8230;&#8230;&#8230;&#8230;&#8230;. 13<\/span><\/div>\n<div style=\"text-align: left\"><span style=\"font-family: Verdana\">Odeya Ta\u015ft\u00ea \/ Walter Benjamin &#8230;&#8230;&#8230;&#8230;&#8230;&#8230;&#8230;&#8230;&#8230;&#8230;&#8230;&#8230; 14<\/span><\/div>\n<div style=\"text-align: left\"><span style=\"font-family: Verdana\">Derya, Bi Ten\u00ea Ji Saxan Hez Dike \/ Hristo Fotev &#8230;&#8230; 15<\/span><\/div>\n<div style=\"text-align: left\"><span style=\"font-family: Verdana\">Nav\u00ea Welat\u00ea Min \/ Younis Alhakim&#8230;&#8230;&#8230;&#8230;&#8230;&#8230;&#8230;&#8230;&#8230;&#8230; 15<\/span><\/div>\n<div style=\"text-align: left\"><span style=\"font-family: Verdana\">Hevpeyv\u00eena Riyad Salih His\u00ean\u00a0<\/span><\/div>\n<div style=\"text-align: left\"><span style=\"font-family: Verdana\">Bi Hamid Bedirxan Re&#8230;&#8230;&#8230;&#8230;&#8230;&#8230;&#8230;&#8230;&#8230;&#8230;&#8230;&#8230;&#8230;&#8230;&#8230;&#8230;&#8230;&#8230;16<\/span><\/div>\n<div style=\"text-align: left\"><span style=\"font-family: Verdana\">Ewr\u00ean \u015eev\u00ea \/ Amy Lowell &#8230;&#8230;&#8230;&#8230;&#8230;&#8230;&#8230;&#8230;&#8230;&#8230;&#8230;&#8230;&#8230;&#8230;&#8230;.. 20<\/span><\/div>\n<div style=\"text-align: left\"><span style=\"font-family: Verdana\">Sedem \/ Philippe Jaccottet&#8230;&#8230;&#8230;&#8230;&#8230;&#8230;&#8230;&#8230;&#8230;&#8230;&#8230;&#8230;&#8230;&#8230;&#8230; 20<\/span><\/div>\n<div style=\"text-align: left\"><span style=\"font-family: Verdana\">Geryan\u00ean Bi Ten\u00ea \/ Harry Martinson&#8230;&#8230;&#8230;&#8230;&#8230;&#8230;&#8230;&#8230;&#8230; 21<\/span><\/div>\n<div style=\"text-align: left\"><span style=\"font-family: Verdana\">Ji B\u00ea P\u00eavtir Ti\u015ftek\u00ee Kurdo N\u00een E \/ Mehm\u00fbd Derw\u00ee\u015f . 22<\/span><\/div>\n<div style=\"text-align: left\"><span style=\"font-family: Verdana\">Mir\u00eak \/ Sylvia Plath&#8230;&#8230;&#8230;&#8230;&#8230;&#8230;&#8230;&#8230;&#8230;&#8230;&#8230;&#8230;&#8230;&#8230;&#8230;&#8230;&#8230;&#8230;&#8230;. 25<\/span><\/div>\n<div style=\"text-align: left\"><span style=\"font-family: Verdana\">Welat\u00ea Hozan \/ Carl Theodor Korner&#8230;&#8230;&#8230;&#8230;&#8230;&#8230;&#8230;&#8230;.. 26<\/span><\/div>\n<div style=\"text-align: left\"><span style=\"font-family: Verdana\">\u00c7ima Tu \u00c7\u00fby\u00ee? \/ Simin Behbahani&#8230;&#8230;&#8230;&#8230;&#8230;&#8230;&#8230;&#8230;&#8230;&#8230;&#8230; 27<\/span><\/div>\n<div style=\"text-align: left\"><span style=\"font-family: Verdana\">Oldar \/ Max Jacob &#8230;&#8230;&#8230;&#8230;&#8230;&#8230;&#8230;&#8230;&#8230;&#8230;&#8230;&#8230;&#8230;&#8230;&#8230;&#8230;&#8230;&#8230;&#8230;&#8230; 29<\/span><\/div>\n<div style=\"text-align: left\"><span style=\"font-family: Verdana\">Annabel Lee \/ Edgar Allan Poe &#8230;&#8230;&#8230;&#8230;&#8230;&#8230;&#8230;&#8230;&#8230;&#8230;&#8230;&#8230;.. 30<\/span><\/div>\n<div style=\"text-align: left\"><span style=\"font-family: Verdana\">Hem\u00fb Rojan \/ Ingeborg Bachmann &#8230;&#8230;&#8230;&#8230;&#8230;&#8230;&#8230;&#8230;&#8230;&#8230; 32<\/span><\/div>\n<div style=\"text-align: left\"><span style=\"font-family: Verdana\">Kes\u00eeb \/ M\u00eexay\u00eel L\u00earmantov&#8230;&#8230;&#8230;&#8230;&#8230;&#8230;&#8230;&#8230;&#8230;&#8230;&#8230;&#8230;&#8230;&#8230;&#8230;. 32<\/span><\/div>\n<div style=\"text-align: left\"><span style=\"font-family: Verdana\">Heft Ha\u00eek\u00fby\u00ean Zivistan\u00ea \/ Sid\u00eeq Gor\u00eecan &#8230;&#8230;&#8230;&#8230;&#8230;&#8230;.. 33<\/span><\/div>\n<div style=\"text-align: left\"><span style=\"font-family: Verdana\">Heke T\u00ea Bi\u00e7\u00ee \/ Par\u00fbyr S\u00eavak &#8230;&#8230;&#8230;&#8230;&#8230;&#8230;&#8230;&#8230;&#8230;&#8230;&#8230;&#8230;&#8230;&#8230;. 34<\/span><\/div>\n<div style=\"text-align: left\"><span style=\"font-family: Verdana\">Strana Ev\u00een\u00ee Ya J. Alfred Prufrock \/ T. S. Eliot &#8230;&#8230;&#8230;&#8230; 35<\/span><\/div>\n<div style=\"text-align: left\"><span style=\"font-family: Verdana\">\u015eeva St\u00earkan \/ Edith Sodergran &#8230;&#8230;&#8230;&#8230;&#8230;&#8230;&#8230;&#8230;&#8230;&#8230;&#8230;&#8230; 40<\/span><\/div>\n<div style=\"text-align: left\"><span style=\"font-family: Verdana\">\u015eeva Nerm\u00een \/ Hilde Domin&#8230;&#8230;&#8230;&#8230;&#8230;&#8230;&#8230;&#8230;&#8230;&#8230;&#8230;&#8230;&#8230;&#8230;. 40<\/span><\/div>\n<div style=\"text-align: left\"><span style=\"font-family: Verdana\">B\u00eadaw\u00ee \/ Giacomo Leopardi&#8230;&#8230;&#8230;&#8230;&#8230;&#8230;&#8230;&#8230;&#8230;&#8230;&#8230;&#8230;&#8230;&#8230;. 41<\/span><\/div>\n<div style=\"text-align: left\"><span style=\"font-family: Verdana\">tefs\u00eer \/ Mur\u00eed Berx\u00fbs\u00ee&#8230;&#8230;&#8230;&#8230;&#8230;&#8230;&#8230;&#8230;&#8230;&#8230;&#8230;&#8230;&#8230;&#8230;&#8230;&#8230;&#8230;&#8230;. 41<\/span><\/div>\n<div style=\"text-align: left\"><span style=\"font-family: Verdana\">yeq\u00een bike ji ber\u00e7avk\u00ea, ne ji fera \u00e7av \/ C\u00e9sar Vallejo. 42<\/span><\/div>\n<div style=\"text-align: left\"><span style=\"font-family: Verdana\">Dijwariy\u00ean Wergera Helbest\u00ea &#8230;&#8230;&#8230;&#8230;&#8230;&#8230;&#8230;&#8230;&#8230;&#8230;&#8230;&#8230;&#8230; 43<\/span><\/div>\n<div style=\"text-align: left\"><span style=\"font-family: Verdana\">\u015eivan \/ Gabriele D\u2019Annunzio &#8230;&#8230;&#8230;&#8230;&#8230;&#8230;&#8230;&#8230;&#8230;&#8230;&#8230;&#8230;&#8230;&#8230; 46<\/span><\/div>\n<div style=\"text-align: left\"><span style=\"font-family: Verdana\">Ez Afir\u00eedeyek Im \/ Giuseppe Ungaretti &#8230;&#8230;&#8230;&#8230;&#8230;&#8230;&#8230;.. 46<\/span><\/div>\n<div style=\"text-align: left\"><span style=\"font-family: Verdana\">Bajar \/ Konstantinos Kavafis&#8230;&#8230;&#8230;&#8230;&#8230;&#8230;&#8230;&#8230;&#8230;&#8230;&#8230;&#8230;&#8230;&#8230; 47<\/span><\/div>\n<div style=\"text-align: left\"><span style=\"font-family: Verdana\">karwan \/ Amir Hushang Ebtehaj &#8230;&#8230;&#8230;&#8230;&#8230;&#8230;&#8230;&#8230;&#8230;&#8230;&#8230;.. 48<\/span><\/div>\n<div style=\"text-align: left\"><span style=\"font-family: Verdana\">Ji Ev\u00een\u00ea \u015e\u00eer\u00eentir Ten\u00ea Ev\u00een E \/ Hovhannes \u015e\u00eeraz &#8230;&#8230;&#8230; 50<\/span><\/div>\n<div style=\"text-align: left\"><span style=\"font-family: Verdana\">Dem Hene \/ Gohar Avetisyan&#8230;&#8230;&#8230;&#8230;&#8230;&#8230;&#8230;&#8230;&#8230;&#8230;&#8230;&#8230;&#8230;. 50<\/span><\/div>\n<div style=\"text-align: left\"><span style=\"font-family: Verdana\">Ez Her Hildiperim \/ Maya Angelou &#8230;&#8230;&#8230;&#8230;&#8230;&#8230;&#8230;&#8230;&#8230;. 51<\/span><\/div>\n<div style=\"text-align: left\"><span style=\"font-family: Verdana\">Re\u015fik Daba\u015fa \u00c7eman Dike \/ Langston Hughes &#8230;&#8230;&#8230; 53<\/span><\/div>\n<div style=\"text-align: left\"><span style=\"font-family: Verdana\">Hem\u00fby\u00ee Bibex\u015fe Be Xo\u015few\u00eest\u00ee \/\u00a0<\/span><\/div>\n<div style=\"text-align: left\"><span style=\"font-family: Verdana\">Ralph Waldo Emerson&#8230;&#8230;&#8230;&#8230;&#8230;&#8230;&#8230;&#8230;&#8230;&#8230;&#8230;&#8230;&#8230;&#8230;&#8230;&#8230;&#8230;&#8230; 54<\/span><\/div>\n<div style=\"text-align: left\"><span style=\"font-family: Verdana\">Mala \u015e\u00een \/ Tomas Transtromer&#8230;&#8230;&#8230;&#8230;&#8230;&#8230;&#8230;&#8230;&#8230;&#8230;&#8230;&#8230;&#8230; 55<\/span><\/div>\n<div style=\"text-align: left\"><span style=\"font-family: Verdana\">Xemo Xemnak \/ Sohrab Sepehr\u00ee &#8230;&#8230;&#8230;&#8230;&#8230;&#8230;&#8230;&#8230;&#8230;&#8230;&#8230;.. 57<\/span><\/div>\n<div style=\"text-align: left\"><span style=\"font-family: Verdana\">Tr\u00ean Min Ditirs\u00eene \/ Ger\u00fbs Ebdulmelekiyan&#8230;&#8230;&#8230;&#8230;&#8230; 58<\/span><\/div>\n<div style=\"text-align: left\"><span style=\"font-family: Verdana\">\u00c7i Y\u00ea Me Heye \/ Warsan Shire&#8230;&#8230;&#8230;&#8230;&#8230;&#8230;&#8230;&#8230;&#8230;&#8230;&#8230;&#8230;&#8230; 59<\/span><\/div>\n<div style=\"text-align: left\"><span style=\"font-family: Verdana\">Gulan E \u00db Gul Vedide Dara S\u00eav\u00ea \/\u00a0<\/span><\/div>\n<div style=\"text-align: left\"><span style=\"font-family: Verdana\">Ingela Strandberg &#8230;&#8230;&#8230;&#8230;&#8230;&#8230;&#8230;&#8230;&#8230;&#8230;&#8230;&#8230;&#8230;&#8230;&#8230;&#8230;&#8230;&#8230;&#8230;&#8230;. 60<\/span><\/div>\n<div style=\"text-align: left\"><span style=\"font-family: Verdana\">Odeya Mehd\u00ee Mihemed El\u00ee \/ Riyad Salih His\u00ean&#8230;&#8230;&#8230; 61<\/span><\/div>\n<div style=\"text-align: left\"><span style=\"font-family: Verdana\">Lavelav \/ Atanas Dalchev&#8230;&#8230;&#8230;&#8230;&#8230;&#8230;&#8230;&#8230;&#8230;&#8230;&#8230;&#8230;&#8230;&#8230;&#8230;&#8230; 62<\/span><\/div>\n<div style=\"text-align: left\"><span style=\"font-family: Verdana\">Dixwazim Bibim B\u00fbk \/ B\u00ealla Axmad\u00fbl\u00eena&#8230;&#8230;&#8230;&#8230;&#8230;&#8230;.. 63<\/span><\/div>\n<div style=\"text-align: left\"><span style=\"font-family: Verdana\">Ne Li H\u00eaviya Kesek\u00ee Me \/ Selwa Ismail &#8230;&#8230;&#8230;&#8230;&#8230;&#8230;&#8230;.. 64<\/span><\/div>\n","protected":false},"excerpt":{"rendered":"<p style=\"text-align: center\"><strong>Pirt\u00fbk: LEWerger 2<br \/>\nCure: Kovar\u00a0<\/strong><\/p>\n","protected":false},"featured_media":6569,"template":"","meta":{"site-sidebar-layout":"default","site-content-layout":"","ast-site-content-layout":"default","site-content-style":"default","site-sidebar-style":"default","ast-global-header-display":"","ast-banner-title-visibility":"","ast-main-header-display":"","ast-hfb-above-header-display":"","ast-hfb-below-header-display":"","ast-hfb-mobile-header-display":"","site-post-title":"","ast-breadcrumbs-content":"","ast-featured-img":"","footer-sml-layout":"","ast-disable-related-posts":"","theme-transparent-header-meta":"default","adv-header-id-meta":"","stick-header-meta":"","header-above-stick-meta":"","header-main-stick-meta":"","header-below-stick-meta":"","astra-migrate-meta-layouts":"set","ast-page-background-enabled":"default","ast-page-background-meta":{"desktop":{"background-color":"","background-image":"","background-repeat":"repeat","background-position":"center center","background-size":"auto","background-attachment":"scroll","background-type":"","background-media":"","overlay-type":"","overlay-color":"","overlay-opacity":"","overlay-gradient":""},"tablet":{"background-color":"","background-image":"","background-repeat":"repeat","background-position":"center center","background-size":"auto","background-attachment":"scroll","background-type":"","background-media":"","overlay-type":"","overlay-color":"","overlay-opacity":"","overlay-gradient":""},"mobile":{"background-color":"","background-image":"","background-repeat":"repeat","background-position":"center center","background-size":"auto","background-attachment":"scroll","background-type":"","background-media":"","overlay-type":"","overlay-color":"","overlay-opacity":"","overlay-gradient":""}},"ast-content-background-meta":{"desktop":{"background-color":"var(--ast-global-color-5)","background-image":"","background-repeat":"repeat","background-position":"center center","background-size":"auto","background-attachment":"scroll","background-type":"","background-media":"","overlay-type":"","overlay-color":"","overlay-opacity":"","overlay-gradient":""},"tablet":{"background-color":"var(--ast-global-color-5)","background-image":"","background-repeat":"repeat","background-position":"center center","background-size":"auto","background-attachment":"scroll","background-type":"","background-media":"","overlay-type":"","overlay-color":"","overlay-opacity":"","overlay-gradient":""},"mobile":{"background-color":"var(--ast-global-color-5)","background-image":"","background-repeat":"repeat","background-position":"center center","background-size":"auto","background-attachment":"scroll","background-type":"","background-media":"","overlay-type":"","overlay-color":"","overlay-opacity":"","overlay-gradient":""}}},"product_brand":[],"product_cat":[334,193],"product_tag":[],"class_list":{"0":"post-13591","1":"product","2":"type-product","3":"status-publish","4":"has-post-thumbnail","6":"product_cat--_","8":"pa_-kovar","9":"pa_-grupek-niviskar","10":"pa_-kurmanci","11":"pa_--lewerger","12":"desktop-align-left","13":"tablet-align-left","14":"mobile-align-left","16":"first","17":"instock","18":"shipping-taxable","19":"purchasable","20":"product-type-simple"},"yoast_head":"<!-- This site is optimized with the Yoast SEO plugin v27.5 - https:\/\/yoast.com\/product\/yoast-seo-wordpress\/ -->\n<title>LEWerger 2 - Kovar - www.shanabooks.de<\/title>\n<meta name=\"description\" content=\"LEWerger 2 - Kovar\u00a0 Xel\u00eel \/ Hmayak Man\u00fbkyan 4Piyano \/ D. H. Lawrence, 5Jidest\u00e7\u00fby\u00ee \/ Charles Baudelaire, 6Axx, H\u00fbn \/ Charlotte Delbo, 8 Falavaj\u00ea Kor \/ Evdi...\" \/>\n<meta name=\"robots\" content=\"index, follow, max-snippet:-1, max-image-preview:large, max-video-preview:-1\" \/>\n<link rel=\"canonical\" href=\"https:\/\/shanabooks.de\/product\/lewerger-2-kovar\/\" \/>\n<meta property=\"og:locale\" content=\"en_US\" \/>\n<meta property=\"og:type\" content=\"article\" \/>\n<meta property=\"og:title\" content=\"LEWerger 2 - Kovar - www.shanabooks.de\" \/>\n<meta property=\"og:description\" content=\"LEWerger 2 - Kovar\u00a0 Xel\u00eel \/ Hmayak Man\u00fbkyan 4Piyano \/ D. H. Lawrence, 5Jidest\u00e7\u00fby\u00ee \/ Charles Baudelaire, 6Axx, H\u00fbn \/ Charlotte Delbo, 8 Falavaj\u00ea Kor \/ Evdi...\" \/>\n<meta property=\"og:url\" content=\"https:\/\/shanabooks.de\/product\/lewerger-2-kovar\/\" \/>\n<meta property=\"og:site_name\" content=\"www.shanabooks.de\" \/>\n<meta property=\"article:modified_time\" content=\"2026-01-06T10:25:35+00:00\" \/>\n<meta property=\"og:image\" content=\"https:\/\/shanabooks.de\/wp-content\/uploads\/2024\/01\/Lew-werger-2.png\" \/>\n\t<meta property=\"og:image:width\" content=\"376\" \/>\n\t<meta property=\"og:image:height\" content=\"476\" \/>\n\t<meta property=\"og:image:type\" content=\"image\/png\" \/>\n<meta name=\"twitter:card\" content=\"summary_large_image\" \/>\n<meta name=\"twitter:label1\" content=\"Est. reading time\" \/>\n\t<meta name=\"twitter:data1\" content=\"3 minutes\" \/>\n<script type=\"application\/ld+json\" class=\"yoast-schema-graph\">{\"@context\":\"https:\\\/\\\/schema.org\",\"@graph\":[{\"@type\":\"WebPage\",\"@id\":\"https:\\\/\\\/shanabooks.de\\\/product\\\/lewerger-2-kovar\\\/\",\"url\":\"https:\\\/\\\/shanabooks.de\\\/product\\\/lewerger-2-kovar\\\/\",\"name\":\"LEWerger 2 - Kovar - www.shanabooks.de\",\"isPartOf\":{\"@id\":\"https:\\\/\\\/shanabooks.de\\\/#website\"},\"primaryImageOfPage\":{\"@id\":\"https:\\\/\\\/shanabooks.de\\\/product\\\/lewerger-2-kovar\\\/#primaryimage\"},\"image\":{\"@id\":\"https:\\\/\\\/shanabooks.de\\\/product\\\/lewerger-2-kovar\\\/#primaryimage\"},\"thumbnailUrl\":\"https:\\\/\\\/shanabooks.de\\\/wp-content\\\/uploads\\\/2024\\\/01\\\/Lew-werger-2.png\",\"datePublished\":\"2024-03-03T19:51:51+00:00\",\"dateModified\":\"2026-01-06T10:25:35+00:00\",\"description\":\"LEWerger 2 - Kovar\u00a0 Xel\u00eel \\\/ Hmayak Man\u00fbkyan 4Piyano \\\/ D. H. Lawrence, 5Jidest\u00e7\u00fby\u00ee \\\/ Charles Baudelaire, 6Axx, H\u00fbn \\\/ Charlotte Delbo, 8 Falavaj\u00ea Kor \\\/ Evdi...\",\"breadcrumb\":{\"@id\":\"https:\\\/\\\/shanabooks.de\\\/product\\\/lewerger-2-kovar\\\/#breadcrumb\"},\"inLanguage\":\"kur\",\"potentialAction\":[{\"@type\":\"ReadAction\",\"target\":[\"https:\\\/\\\/shanabooks.de\\\/product\\\/lewerger-2-kovar\\\/\"]}]},{\"@type\":\"ImageObject\",\"inLanguage\":\"kur\",\"@id\":\"https:\\\/\\\/shanabooks.de\\\/product\\\/lewerger-2-kovar\\\/#primaryimage\",\"url\":\"https:\\\/\\\/shanabooks.de\\\/wp-content\\\/uploads\\\/2024\\\/01\\\/Lew-werger-2.png\",\"contentUrl\":\"https:\\\/\\\/shanabooks.de\\\/wp-content\\\/uploads\\\/2024\\\/01\\\/Lew-werger-2.png\",\"width\":376,\"height\":476,\"caption\":\"LEWerger 2 - Kovar\u00a0 - pirt\u00fbk\u00ean kurd\u00ee\"},{\"@type\":\"BreadcrumbList\",\"@id\":\"https:\\\/\\\/shanabooks.de\\\/product\\\/lewerger-2-kovar\\\/#breadcrumb\",\"itemListElement\":[{\"@type\":\"ListItem\",\"position\":1,\"name\":\"\u0627\u0644\u0631\u0626\u064a\u0633\u064a\u0629\",\"item\":\"https:\\\/\\\/shanabooks.de\\\/kur\\\/\"},{\"@type\":\"ListItem\",\"position\":2,\"name\":\"\u0627\u0644\u0645\u0646\u062a\u062c\u0627\u062a\",\"item\":\"https:\\\/\\\/shanabooks.de\\\/shop\\\/\"},{\"@type\":\"ListItem\",\"position\":3,\"name\":\"LEWerger 2\"}]},{\"@type\":\"WebSite\",\"@id\":\"https:\\\/\\\/shanabooks.de\\\/#website\",\"url\":\"https:\\\/\\\/shanabooks.de\\\/\",\"name\":\"www.shanbooks.de\",\"description\":\"C\u00eehana Pirt\u00fbk\u00ean Kurd\u00ee \u0645\u0643\u062a\u0628\u0629 \u0634\u0627\u0646\u0627 \u0641\u064a \u0627\u0644\u0645\u0627\u0646\u064a\u0627 \u0648\u0623\u0648\u0631\u0628\u0627\",\"publisher\":{\"@id\":\"https:\\\/\\\/shanabooks.de\\\/#organization\"},\"potentialAction\":[{\"@type\":\"SearchAction\",\"target\":{\"@type\":\"EntryPoint\",\"urlTemplate\":\"https:\\\/\\\/shanabooks.de\\\/?s={search_term_string}\"},\"query-input\":{\"@type\":\"PropertyValueSpecification\",\"valueRequired\":true,\"valueName\":\"search_term_string\"}}],\"inLanguage\":\"kur\"},{\"@type\":\"Organization\",\"@id\":\"https:\\\/\\\/shanabooks.de\\\/#organization\",\"name\":\"www.shanbooks.de\",\"url\":\"https:\\\/\\\/shanabooks.de\\\/\",\"logo\":{\"@type\":\"ImageObject\",\"inLanguage\":\"kur\",\"@id\":\"https:\\\/\\\/shanabooks.de\\\/#\\\/schema\\\/logo\\\/image\\\/\",\"url\":\"https:\\\/\\\/shanabooks.de\\\/wp-content\\\/uploads\\\/2024\\\/03\\\/SHANABOOKS__2_-removebg-preview.png\",\"contentUrl\":\"https:\\\/\\\/shanabooks.de\\\/wp-content\\\/uploads\\\/2024\\\/03\\\/SHANABOOKS__2_-removebg-preview.png\",\"width\":700,\"height\":150,\"caption\":\"www.shanbooks.de\"},\"image\":{\"@id\":\"https:\\\/\\\/shanabooks.de\\\/#\\\/schema\\\/logo\\\/image\\\/\"}}]}<\/script>\n<!-- \/ Yoast SEO plugin. -->","yoast_head_json":{"title":"LEWerger 2 - Kovar - www.shanabooks.de","description":"LEWerger 2 - Kovar\u00a0 Xel\u00eel \/ Hmayak Man\u00fbkyan 4Piyano \/ D. H. Lawrence, 5Jidest\u00e7\u00fby\u00ee \/ Charles Baudelaire, 6Axx, H\u00fbn \/ Charlotte Delbo, 8 Falavaj\u00ea Kor \/ Evdi...","robots":{"index":"index","follow":"follow","max-snippet":"max-snippet:-1","max-image-preview":"max-image-preview:large","max-video-preview":"max-video-preview:-1"},"canonical":"https:\/\/shanabooks.de\/product\/lewerger-2-kovar\/","og_locale":"en_US","og_type":"article","og_title":"LEWerger 2 - Kovar - www.shanabooks.de","og_description":"LEWerger 2 - Kovar\u00a0 Xel\u00eel \/ Hmayak Man\u00fbkyan 4Piyano \/ D. H. Lawrence, 5Jidest\u00e7\u00fby\u00ee \/ Charles Baudelaire, 6Axx, H\u00fbn \/ Charlotte Delbo, 8 Falavaj\u00ea Kor \/ Evdi...","og_url":"https:\/\/shanabooks.de\/product\/lewerger-2-kovar\/","og_site_name":"www.shanabooks.de","article_modified_time":"2026-01-06T10:25:35+00:00","og_image":[{"width":376,"height":476,"url":"https:\/\/shanabooks.de\/wp-content\/uploads\/2024\/01\/Lew-werger-2.png","type":"image\/png"}],"twitter_card":"summary_large_image","twitter_misc":{"Est. reading time":"3 minutes"},"schema":{"@context":"https:\/\/schema.org","@graph":[{"@type":"WebPage","@id":"https:\/\/shanabooks.de\/product\/lewerger-2-kovar\/","url":"https:\/\/shanabooks.de\/product\/lewerger-2-kovar\/","name":"LEWerger 2 - Kovar - www.shanabooks.de","isPartOf":{"@id":"https:\/\/shanabooks.de\/#website"},"primaryImageOfPage":{"@id":"https:\/\/shanabooks.de\/product\/lewerger-2-kovar\/#primaryimage"},"image":{"@id":"https:\/\/shanabooks.de\/product\/lewerger-2-kovar\/#primaryimage"},"thumbnailUrl":"https:\/\/shanabooks.de\/wp-content\/uploads\/2024\/01\/Lew-werger-2.png","datePublished":"2024-03-03T19:51:51+00:00","dateModified":"2026-01-06T10:25:35+00:00","description":"LEWerger 2 - Kovar\u00a0 Xel\u00eel \/ Hmayak Man\u00fbkyan 4Piyano \/ D. H. Lawrence, 5Jidest\u00e7\u00fby\u00ee \/ Charles Baudelaire, 6Axx, H\u00fbn \/ Charlotte Delbo, 8 Falavaj\u00ea Kor \/ Evdi...","breadcrumb":{"@id":"https:\/\/shanabooks.de\/product\/lewerger-2-kovar\/#breadcrumb"},"inLanguage":"kur","potentialAction":[{"@type":"ReadAction","target":["https:\/\/shanabooks.de\/product\/lewerger-2-kovar\/"]}]},{"@type":"ImageObject","inLanguage":"kur","@id":"https:\/\/shanabooks.de\/product\/lewerger-2-kovar\/#primaryimage","url":"https:\/\/shanabooks.de\/wp-content\/uploads\/2024\/01\/Lew-werger-2.png","contentUrl":"https:\/\/shanabooks.de\/wp-content\/uploads\/2024\/01\/Lew-werger-2.png","width":376,"height":476,"caption":"LEWerger 2 - Kovar\u00a0 - pirt\u00fbk\u00ean kurd\u00ee"},{"@type":"BreadcrumbList","@id":"https:\/\/shanabooks.de\/product\/lewerger-2-kovar\/#breadcrumb","itemListElement":[{"@type":"ListItem","position":1,"name":"\u0627\u0644\u0631\u0626\u064a\u0633\u064a\u0629","item":"https:\/\/shanabooks.de\/kur\/"},{"@type":"ListItem","position":2,"name":"\u0627\u0644\u0645\u0646\u062a\u062c\u0627\u062a","item":"https:\/\/shanabooks.de\/shop\/"},{"@type":"ListItem","position":3,"name":"LEWerger 2"}]},{"@type":"WebSite","@id":"https:\/\/shanabooks.de\/#website","url":"https:\/\/shanabooks.de\/","name":"www.shanbooks.de","description":"C\u00eehana Pirt\u00fbk\u00ean Kurd\u00ee \u0645\u0643\u062a\u0628\u0629 \u0634\u0627\u0646\u0627 \u0641\u064a \u0627\u0644\u0645\u0627\u0646\u064a\u0627 \u0648\u0623\u0648\u0631\u0628\u0627","publisher":{"@id":"https:\/\/shanabooks.de\/#organization"},"potentialAction":[{"@type":"SearchAction","target":{"@type":"EntryPoint","urlTemplate":"https:\/\/shanabooks.de\/?s={search_term_string}"},"query-input":{"@type":"PropertyValueSpecification","valueRequired":true,"valueName":"search_term_string"}}],"inLanguage":"kur"},{"@type":"Organization","@id":"https:\/\/shanabooks.de\/#organization","name":"www.shanbooks.de","url":"https:\/\/shanabooks.de\/","logo":{"@type":"ImageObject","inLanguage":"kur","@id":"https:\/\/shanabooks.de\/#\/schema\/logo\/image\/","url":"https:\/\/shanabooks.de\/wp-content\/uploads\/2024\/03\/SHANABOOKS__2_-removebg-preview.png","contentUrl":"https:\/\/shanabooks.de\/wp-content\/uploads\/2024\/03\/SHANABOOKS__2_-removebg-preview.png","width":700,"height":150,"caption":"www.shanbooks.de"},"image":{"@id":"https:\/\/shanabooks.de\/#\/schema\/logo\/image\/"}}]}},"jetpack_sharing_enabled":true,"_links":{"self":[{"href":"https:\/\/shanabooks.de\/kur\/wp-json\/wp\/v2\/product\/13591","targetHints":{"allow":["GET"]}}],"collection":[{"href":"https:\/\/shanabooks.de\/kur\/wp-json\/wp\/v2\/product"}],"about":[{"href":"https:\/\/shanabooks.de\/kur\/wp-json\/wp\/v2\/types\/product"}],"version-history":[{"count":2,"href":"https:\/\/shanabooks.de\/kur\/wp-json\/wp\/v2\/product\/13591\/revisions"}],"predecessor-version":[{"id":20383,"href":"https:\/\/shanabooks.de\/kur\/wp-json\/wp\/v2\/product\/13591\/revisions\/20383"}],"wp:featuredmedia":[{"embeddable":true,"href":"https:\/\/shanabooks.de\/kur\/wp-json\/wp\/v2\/media\/6569"}],"wp:attachment":[{"href":"https:\/\/shanabooks.de\/kur\/wp-json\/wp\/v2\/media?parent=13591"}],"wp:term":[{"taxonomy":"product_brand","embeddable":true,"href":"https:\/\/shanabooks.de\/kur\/wp-json\/wp\/v2\/product_brand?post=13591"},{"taxonomy":"product_cat","embeddable":true,"href":"https:\/\/shanabooks.de\/kur\/wp-json\/wp\/v2\/product_cat?post=13591"},{"taxonomy":"product_tag","embeddable":true,"href":"https:\/\/shanabooks.de\/kur\/wp-json\/wp\/v2\/product_tag?post=13591"}],"curies":[{"name":"wp","href":"https:\/\/api.w.org\/{rel}","templated":true}]}}