{"id":13596,"date":"2024-03-03T19:51:52","date_gmt":"2024-03-03T19:51:52","guid":{"rendered":"https:\/\/shanabooks.de\/?post_type=product&#038;p=13596"},"modified":"2026-01-02T20:52:42","modified_gmt":"2026-01-02T20:52:42","slug":"kurtediroka-wejeya-folklora-kurdi-heyder-omer","status":"publish","type":"product","link":"https:\/\/shanabooks.de\/kur\/product\/kurtediroka-wejeya-folklora-kurdi-heyder-omer\/","title":{"rendered":"Kurted\u00eeroka W\u00eajeya Folklora Kurd\u00ee"},"content":{"rendered":"<p style=\"text-align: left\"><strong>Kurted\u00eeroka W\u00eajeya Folklora Kurd\u00ee &#8211; Heyder Omer<\/strong><\/p>\n<p style=\"text-align: left\">Niv\u00eeskar \u00fb l\u00eakol\u00eener Heyder Omer bi serbora xwe ya d\u00fbm \u00fb dir\u00eaj di war\u00ea n\u00eev\u00eesandin \u00fb afirnadin\u00ea de, pirt\u00fbkek n\u00fb di derbar\u00ee d\u00eeroka folklor\u00ea kurd\u00ee derxist bi nav\u00ea &#8220;Kurted\u00eeroka W\u00eajeya Folklora Kurd\u00ee&#8221;.<\/p>\n<p style=\"text-align: left\">Niv\u00eeskar Heyder dib\u00eaje: Min xwest gir\u00eengiy\u00ea bidim d\u00eeroka w\u00eajeya kurd\u00ee \u00fb be\u015fek\u00ee j\u00ea p\u00ea\u015fk\u00ea\u015f\u00ee gel\u00ea kurd bikim, \u00fb hin xalan ron \u00fb zelal bikim.<\/p>\n<p style=\"text-align: left\">Heyder Omer, di sala 1952&#8217;\u00ea li gund\u00ea Qizilba\u015fa, her\u00eama \u00c7iyay\u00ea Kurm\u00eanc (Efr\u00een) ji dayik\u00ea b\u00fbye.<\/p>\n","protected":false},"excerpt":{"rendered":"<p style=\"text-align: center\"><strong>Pirt\u00fbk: Kurted\u00eeroka W\u00eajeya Folklora Kurd\u00ee<br \/>\nNiv\u00eeskar: Heyder Omer<br \/>\nCure: Folklor, L\u00eakol\u00een<\/strong><\/p>\n","protected":false},"featured_media":6579,"template":"","meta":{"site-sidebar-layout":"default","site-content-layout":"","ast-site-content-layout":"default","site-content-style":"default","site-sidebar-style":"default","ast-global-header-display":"","ast-banner-title-visibility":"","ast-main-header-display":"","ast-hfb-above-header-display":"","ast-hfb-below-header-display":"","ast-hfb-mobile-header-display":"","site-post-title":"","ast-breadcrumbs-content":"","ast-featured-img":"","footer-sml-layout":"","ast-disable-related-posts":"","theme-transparent-header-meta":"default","adv-header-id-meta":"","stick-header-meta":"","header-above-stick-meta":"","header-main-stick-meta":"","header-below-stick-meta":"","astra-migrate-meta-layouts":"set","ast-page-background-enabled":"default","ast-page-background-meta":{"desktop":{"background-color":"","background-image":"","background-repeat":"repeat","background-position":"center center","background-size":"auto","background-attachment":"scroll","background-type":"","background-media":"","overlay-type":"","overlay-color":"","overlay-opacity":"","overlay-gradient":""},"tablet":{"background-color":"","background-image":"","background-repeat":"repeat","background-position":"center center","background-size":"auto","background-attachment":"scroll","background-type":"","background-media":"","overlay-type":"","overlay-color":"","overlay-opacity":"","overlay-gradient":""},"mobile":{"background-color":"","background-image":"","background-repeat":"repeat","background-position":"center center","background-size":"auto","background-attachment":"scroll","background-type":"","background-media":"","overlay-type":"","overlay-color":"","overlay-opacity":"","overlay-gradient":""}},"ast-content-background-meta":{"desktop":{"background-color":"var(--ast-global-color-5)","background-image":"","background-repeat":"repeat","background-position":"center center","background-size":"auto","background-attachment":"scroll","background-type":"","background-media":"","overlay-type":"","overlay-color":"","overlay-opacity":"","overlay-gradient":""},"tablet":{"background-color":"var(--ast-global-color-5)","background-image":"","background-repeat":"repeat","background-position":"center center","background-size":"auto","background-attachment":"scroll","background-type":"","background-media":"","overlay-type":"","overlay-color":"","overlay-opacity":"","overlay-gradient":""},"mobile":{"background-color":"var(--ast-global-color-5)","background-image":"","background-repeat":"repeat","background-position":"center center","background-size":"auto","background-attachment":"scroll","background-type":"","background-media":"","overlay-type":"","overlay-color":"","overlay-opacity":"","overlay-gradient":""}}},"product_brand":[],"product_cat":[179,180,193],"product_tag":[],"class_list":{"0":"post-13596","1":"product","2":"type-product","3":"status-publish","4":"has-post-thumbnail","6":"product_cat-_","8":"product_cat--_","9":"pa_-folklor","10":"pa_-lekolin","11":"pa_-weje","12":"pa_-heyder-omer","13":"pa_-kurmanci","14":"pa_--322","15":"desktop-align-left","16":"tablet-align-left","17":"mobile-align-left","19":"first","20":"instock","21":"shipping-taxable","22":"purchasable","23":"product-type-simple"},"yoast_head":"<!-- This site is optimized with the Yoast SEO plugin v27.5 - https:\/\/yoast.com\/product\/yoast-seo-wordpress\/ -->\n<title>Kurted\u00eeroka W\u00eajeya Folklora Kurd\u00ee - Heyder Omer - www.shanabooks.de<\/title>\n<meta name=\"description\" content=\"Kurted\u00eeroka W\u00eajeya Folklora Kurd\u00ee - Heyder Omer Niv\u00eeskar \u00fb l\u00eakol\u00eener Heyder Omer bi serbora xwe ya d\u00fbm \u00fb dir\u00eaj di war\u00ea n\u00eev\u00eesandin \u00fb afirnadin\u00ea de, pirt\u00fbk...\" \/>\n<meta name=\"robots\" content=\"index, follow, max-snippet:-1, max-image-preview:large, max-video-preview:-1\" \/>\n<link rel=\"canonical\" href=\"https:\/\/shanabooks.de\/product\/kurtediroka-wejeya-folklora-kurdi-heyder-omer\/\" \/>\n<meta property=\"og:locale\" content=\"en_US\" \/>\n<meta property=\"og:type\" content=\"article\" \/>\n<meta property=\"og:title\" content=\"Kurted\u00eeroka W\u00eajeya Folklora Kurd\u00ee - Heyder Omer - www.shanabooks.de\" \/>\n<meta property=\"og:description\" content=\"Kurted\u00eeroka W\u00eajeya Folklora Kurd\u00ee - Heyder Omer Niv\u00eeskar \u00fb l\u00eakol\u00eener Heyder Omer bi serbora xwe ya d\u00fbm \u00fb dir\u00eaj di war\u00ea n\u00eev\u00eesandin \u00fb afirnadin\u00ea de, pirt\u00fbk...\" \/>\n<meta property=\"og:url\" content=\"https:\/\/shanabooks.de\/product\/kurtediroka-wejeya-folklora-kurdi-heyder-omer\/\" \/>\n<meta property=\"og:site_name\" content=\"www.shanabooks.de\" \/>\n<meta property=\"article:modified_time\" content=\"2026-01-02T20:52:42+00:00\" \/>\n<meta property=\"og:image\" content=\"https:\/\/shanabooks.de\/wp-content\/uploads\/2024\/01\/Kurtediroka-wejeya-Kurdi.png\" \/>\n\t<meta property=\"og:image:width\" content=\"323\" \/>\n\t<meta property=\"og:image:height\" content=\"461\" \/>\n\t<meta property=\"og:image:type\" content=\"image\/png\" \/>\n<meta name=\"twitter:card\" content=\"summary_large_image\" \/>\n<meta name=\"twitter:label1\" content=\"Est. reading time\" \/>\n\t<meta name=\"twitter:data1\" content=\"1 minute\" \/>\n<script type=\"application\/ld+json\" class=\"yoast-schema-graph\">{\"@context\":\"https:\\\/\\\/schema.org\",\"@graph\":[{\"@type\":\"WebPage\",\"@id\":\"https:\\\/\\\/shanabooks.de\\\/product\\\/kurtediroka-wejeya-folklora-kurdi-heyder-omer\\\/\",\"url\":\"https:\\\/\\\/shanabooks.de\\\/product\\\/kurtediroka-wejeya-folklora-kurdi-heyder-omer\\\/\",\"name\":\"Kurted\u00eeroka W\u00eajeya Folklora Kurd\u00ee - Heyder Omer - www.shanabooks.de\",\"isPartOf\":{\"@id\":\"https:\\\/\\\/shanabooks.de\\\/#website\"},\"primaryImageOfPage\":{\"@id\":\"https:\\\/\\\/shanabooks.de\\\/product\\\/kurtediroka-wejeya-folklora-kurdi-heyder-omer\\\/#primaryimage\"},\"image\":{\"@id\":\"https:\\\/\\\/shanabooks.de\\\/product\\\/kurtediroka-wejeya-folklora-kurdi-heyder-omer\\\/#primaryimage\"},\"thumbnailUrl\":\"https:\\\/\\\/shanabooks.de\\\/wp-content\\\/uploads\\\/2024\\\/01\\\/Kurtediroka-wejeya-Kurdi.png\",\"datePublished\":\"2024-03-03T19:51:52+00:00\",\"dateModified\":\"2026-01-02T20:52:42+00:00\",\"description\":\"Kurted\u00eeroka W\u00eajeya Folklora Kurd\u00ee - Heyder Omer Niv\u00eeskar \u00fb l\u00eakol\u00eener Heyder Omer bi serbora xwe ya d\u00fbm \u00fb dir\u00eaj di war\u00ea n\u00eev\u00eesandin \u00fb afirnadin\u00ea de, pirt\u00fbk...\",\"breadcrumb\":{\"@id\":\"https:\\\/\\\/shanabooks.de\\\/product\\\/kurtediroka-wejeya-folklora-kurdi-heyder-omer\\\/#breadcrumb\"},\"inLanguage\":\"kur\",\"potentialAction\":[{\"@type\":\"ReadAction\",\"target\":[\"https:\\\/\\\/shanabooks.de\\\/product\\\/kurtediroka-wejeya-folklora-kurdi-heyder-omer\\\/\"]}]},{\"@type\":\"ImageObject\",\"inLanguage\":\"kur\",\"@id\":\"https:\\\/\\\/shanabooks.de\\\/product\\\/kurtediroka-wejeya-folklora-kurdi-heyder-omer\\\/#primaryimage\",\"url\":\"https:\\\/\\\/shanabooks.de\\\/wp-content\\\/uploads\\\/2024\\\/01\\\/Kurtediroka-wejeya-Kurdi.png\",\"contentUrl\":\"https:\\\/\\\/shanabooks.de\\\/wp-content\\\/uploads\\\/2024\\\/01\\\/Kurtediroka-wejeya-Kurdi.png\",\"width\":323,\"height\":461,\"caption\":\"Kurted\u00eeroka W\u00eajeya Folklora Kurd\u00ee - Heyder Omer - pirt\u00fbk\u00ean kurd\u00ee\"},{\"@type\":\"BreadcrumbList\",\"@id\":\"https:\\\/\\\/shanabooks.de\\\/product\\\/kurtediroka-wejeya-folklora-kurdi-heyder-omer\\\/#breadcrumb\",\"itemListElement\":[{\"@type\":\"ListItem\",\"position\":1,\"name\":\"\u0627\u0644\u0631\u0626\u064a\u0633\u064a\u0629\",\"item\":\"https:\\\/\\\/shanabooks.de\\\/kur\\\/\"},{\"@type\":\"ListItem\",\"position\":2,\"name\":\"\u0627\u0644\u0645\u0646\u062a\u062c\u0627\u062a\",\"item\":\"https:\\\/\\\/shanabooks.de\\\/shop\\\/\"},{\"@type\":\"ListItem\",\"position\":3,\"name\":\"Kurted\u00eeroka W\u00eajeya Folklora Kurd\u00ee\"}]},{\"@type\":\"WebSite\",\"@id\":\"https:\\\/\\\/shanabooks.de\\\/#website\",\"url\":\"https:\\\/\\\/shanabooks.de\\\/\",\"name\":\"www.shanbooks.de\",\"description\":\"C\u00eehana Pirt\u00fbk\u00ean Kurd\u00ee \u0645\u0643\u062a\u0628\u0629 \u0634\u0627\u0646\u0627 \u0641\u064a \u0627\u0644\u0645\u0627\u0646\u064a\u0627 \u0648\u0623\u0648\u0631\u0628\u0627\",\"publisher\":{\"@id\":\"https:\\\/\\\/shanabooks.de\\\/#organization\"},\"potentialAction\":[{\"@type\":\"SearchAction\",\"target\":{\"@type\":\"EntryPoint\",\"urlTemplate\":\"https:\\\/\\\/shanabooks.de\\\/?s={search_term_string}\"},\"query-input\":{\"@type\":\"PropertyValueSpecification\",\"valueRequired\":true,\"valueName\":\"search_term_string\"}}],\"inLanguage\":\"kur\"},{\"@type\":\"Organization\",\"@id\":\"https:\\\/\\\/shanabooks.de\\\/#organization\",\"name\":\"www.shanbooks.de\",\"url\":\"https:\\\/\\\/shanabooks.de\\\/\",\"logo\":{\"@type\":\"ImageObject\",\"inLanguage\":\"kur\",\"@id\":\"https:\\\/\\\/shanabooks.de\\\/#\\\/schema\\\/logo\\\/image\\\/\",\"url\":\"https:\\\/\\\/shanabooks.de\\\/wp-content\\\/uploads\\\/2024\\\/03\\\/SHANABOOKS__2_-removebg-preview.png\",\"contentUrl\":\"https:\\\/\\\/shanabooks.de\\\/wp-content\\\/uploads\\\/2024\\\/03\\\/SHANABOOKS__2_-removebg-preview.png\",\"width\":700,\"height\":150,\"caption\":\"www.shanbooks.de\"},\"image\":{\"@id\":\"https:\\\/\\\/shanabooks.de\\\/#\\\/schema\\\/logo\\\/image\\\/\"}}]}<\/script>\n<!-- \/ Yoast SEO plugin. -->","yoast_head_json":{"title":"Kurted\u00eeroka W\u00eajeya Folklora Kurd\u00ee - Heyder Omer - www.shanabooks.de","description":"Kurted\u00eeroka W\u00eajeya Folklora Kurd\u00ee - Heyder Omer Niv\u00eeskar \u00fb l\u00eakol\u00eener Heyder Omer bi serbora xwe ya d\u00fbm \u00fb dir\u00eaj di war\u00ea n\u00eev\u00eesandin \u00fb afirnadin\u00ea de, pirt\u00fbk...","robots":{"index":"index","follow":"follow","max-snippet":"max-snippet:-1","max-image-preview":"max-image-preview:large","max-video-preview":"max-video-preview:-1"},"canonical":"https:\/\/shanabooks.de\/product\/kurtediroka-wejeya-folklora-kurdi-heyder-omer\/","og_locale":"en_US","og_type":"article","og_title":"Kurted\u00eeroka W\u00eajeya Folklora Kurd\u00ee - Heyder Omer - www.shanabooks.de","og_description":"Kurted\u00eeroka W\u00eajeya Folklora Kurd\u00ee - Heyder Omer Niv\u00eeskar \u00fb l\u00eakol\u00eener Heyder Omer bi serbora xwe ya d\u00fbm \u00fb dir\u00eaj di war\u00ea n\u00eev\u00eesandin \u00fb afirnadin\u00ea de, pirt\u00fbk...","og_url":"https:\/\/shanabooks.de\/product\/kurtediroka-wejeya-folklora-kurdi-heyder-omer\/","og_site_name":"www.shanabooks.de","article_modified_time":"2026-01-02T20:52:42+00:00","og_image":[{"width":323,"height":461,"url":"https:\/\/shanabooks.de\/wp-content\/uploads\/2024\/01\/Kurtediroka-wejeya-Kurdi.png","type":"image\/png"}],"twitter_card":"summary_large_image","twitter_misc":{"Est. reading time":"1 minute"},"schema":{"@context":"https:\/\/schema.org","@graph":[{"@type":"WebPage","@id":"https:\/\/shanabooks.de\/product\/kurtediroka-wejeya-folklora-kurdi-heyder-omer\/","url":"https:\/\/shanabooks.de\/product\/kurtediroka-wejeya-folklora-kurdi-heyder-omer\/","name":"Kurted\u00eeroka W\u00eajeya Folklora Kurd\u00ee - Heyder Omer - www.shanabooks.de","isPartOf":{"@id":"https:\/\/shanabooks.de\/#website"},"primaryImageOfPage":{"@id":"https:\/\/shanabooks.de\/product\/kurtediroka-wejeya-folklora-kurdi-heyder-omer\/#primaryimage"},"image":{"@id":"https:\/\/shanabooks.de\/product\/kurtediroka-wejeya-folklora-kurdi-heyder-omer\/#primaryimage"},"thumbnailUrl":"https:\/\/shanabooks.de\/wp-content\/uploads\/2024\/01\/Kurtediroka-wejeya-Kurdi.png","datePublished":"2024-03-03T19:51:52+00:00","dateModified":"2026-01-02T20:52:42+00:00","description":"Kurted\u00eeroka W\u00eajeya Folklora Kurd\u00ee - Heyder Omer Niv\u00eeskar \u00fb l\u00eakol\u00eener Heyder Omer bi serbora xwe ya d\u00fbm \u00fb dir\u00eaj di war\u00ea n\u00eev\u00eesandin \u00fb afirnadin\u00ea de, pirt\u00fbk...","breadcrumb":{"@id":"https:\/\/shanabooks.de\/product\/kurtediroka-wejeya-folklora-kurdi-heyder-omer\/#breadcrumb"},"inLanguage":"kur","potentialAction":[{"@type":"ReadAction","target":["https:\/\/shanabooks.de\/product\/kurtediroka-wejeya-folklora-kurdi-heyder-omer\/"]}]},{"@type":"ImageObject","inLanguage":"kur","@id":"https:\/\/shanabooks.de\/product\/kurtediroka-wejeya-folklora-kurdi-heyder-omer\/#primaryimage","url":"https:\/\/shanabooks.de\/wp-content\/uploads\/2024\/01\/Kurtediroka-wejeya-Kurdi.png","contentUrl":"https:\/\/shanabooks.de\/wp-content\/uploads\/2024\/01\/Kurtediroka-wejeya-Kurdi.png","width":323,"height":461,"caption":"Kurted\u00eeroka W\u00eajeya Folklora Kurd\u00ee - Heyder Omer - pirt\u00fbk\u00ean kurd\u00ee"},{"@type":"BreadcrumbList","@id":"https:\/\/shanabooks.de\/product\/kurtediroka-wejeya-folklora-kurdi-heyder-omer\/#breadcrumb","itemListElement":[{"@type":"ListItem","position":1,"name":"\u0627\u0644\u0631\u0626\u064a\u0633\u064a\u0629","item":"https:\/\/shanabooks.de\/kur\/"},{"@type":"ListItem","position":2,"name":"\u0627\u0644\u0645\u0646\u062a\u062c\u0627\u062a","item":"https:\/\/shanabooks.de\/shop\/"},{"@type":"ListItem","position":3,"name":"Kurted\u00eeroka W\u00eajeya Folklora Kurd\u00ee"}]},{"@type":"WebSite","@id":"https:\/\/shanabooks.de\/#website","url":"https:\/\/shanabooks.de\/","name":"www.shanbooks.de","description":"C\u00eehana Pirt\u00fbk\u00ean Kurd\u00ee \u0645\u0643\u062a\u0628\u0629 \u0634\u0627\u0646\u0627 \u0641\u064a \u0627\u0644\u0645\u0627\u0646\u064a\u0627 \u0648\u0623\u0648\u0631\u0628\u0627","publisher":{"@id":"https:\/\/shanabooks.de\/#organization"},"potentialAction":[{"@type":"SearchAction","target":{"@type":"EntryPoint","urlTemplate":"https:\/\/shanabooks.de\/?s={search_term_string}"},"query-input":{"@type":"PropertyValueSpecification","valueRequired":true,"valueName":"search_term_string"}}],"inLanguage":"kur"},{"@type":"Organization","@id":"https:\/\/shanabooks.de\/#organization","name":"www.shanbooks.de","url":"https:\/\/shanabooks.de\/","logo":{"@type":"ImageObject","inLanguage":"kur","@id":"https:\/\/shanabooks.de\/#\/schema\/logo\/image\/","url":"https:\/\/shanabooks.de\/wp-content\/uploads\/2024\/03\/SHANABOOKS__2_-removebg-preview.png","contentUrl":"https:\/\/shanabooks.de\/wp-content\/uploads\/2024\/03\/SHANABOOKS__2_-removebg-preview.png","width":700,"height":150,"caption":"www.shanbooks.de"},"image":{"@id":"https:\/\/shanabooks.de\/#\/schema\/logo\/image\/"}}]}},"jetpack_sharing_enabled":true,"_links":{"self":[{"href":"https:\/\/shanabooks.de\/kur\/wp-json\/wp\/v2\/product\/13596","targetHints":{"allow":["GET"]}}],"collection":[{"href":"https:\/\/shanabooks.de\/kur\/wp-json\/wp\/v2\/product"}],"about":[{"href":"https:\/\/shanabooks.de\/kur\/wp-json\/wp\/v2\/types\/product"}],"version-history":[{"count":2,"href":"https:\/\/shanabooks.de\/kur\/wp-json\/wp\/v2\/product\/13596\/revisions"}],"predecessor-version":[{"id":13925,"href":"https:\/\/shanabooks.de\/kur\/wp-json\/wp\/v2\/product\/13596\/revisions\/13925"}],"wp:featuredmedia":[{"embeddable":true,"href":"https:\/\/shanabooks.de\/kur\/wp-json\/wp\/v2\/media\/6579"}],"wp:attachment":[{"href":"https:\/\/shanabooks.de\/kur\/wp-json\/wp\/v2\/media?parent=13596"}],"wp:term":[{"taxonomy":"product_brand","embeddable":true,"href":"https:\/\/shanabooks.de\/kur\/wp-json\/wp\/v2\/product_brand?post=13596"},{"taxonomy":"product_cat","embeddable":true,"href":"https:\/\/shanabooks.de\/kur\/wp-json\/wp\/v2\/product_cat?post=13596"},{"taxonomy":"product_tag","embeddable":true,"href":"https:\/\/shanabooks.de\/kur\/wp-json\/wp\/v2\/product_tag?post=13596"}],"curies":[{"name":"wp","href":"https:\/\/api.w.org\/{rel}","templated":true}]}}