{"id":13598,"date":"2024-03-03T19:51:52","date_gmt":"2024-03-03T19:51:52","guid":{"rendered":"https:\/\/shanabooks.de\/?post_type=product&#038;p=13598"},"modified":"2024-04-21T09:12:51","modified_gmt":"2024-04-21T09:12:51","slug":"weneferheng-ridwan-polat","status":"publish","type":"product","link":"https:\/\/shanabooks.de\/kur\/product\/weneferheng-ridwan-polat\/","title":{"rendered":"w\u00eaneferheng"},"content":{"rendered":"<p style=\"text-align: left;\"><strong>W\u00eaneferheng &#8211; Ridwan Polat<\/strong><\/p>\n<p style=\"text-align: left;\">W\u00eaneferheng ya Ridwan Polat ji nav\u00ea w\u00ea j\u00ee d\u00eeyar e, ferhengeke bi w\u00eane \u00fb reng\u00een e. Ferheng bi her du zaravayan, bi Kurmanc\u00ee \u00fb Kirmanck\u00ee (Zazak\u00ee) hat\u00eeye amadekirin. Di ferheng\u00ea da bi tevah\u00ee 600 peyv hene. Ferheng di ders\u00ean f\u00earkirina kurd\u00ee da weke ferhenga al\u00eekar dikare b\u00ea bikaran\u00een. Ferheng bi naveroka xwe bi tevah\u00ee ji 28 be\u015fan p\u00eak t\u00ea. Ji xwarin \u00fb vexwarin\u00ea bigirin heta cil \u00fb bergan gelek ti\u015ft di ferheng\u00ea de c\u00ee girtine. Wek\u00ee din naveroka ferheng\u00ea em dikarin bi v\u00ee reng\u00ee r\u00eaz bikin; Rojb\u00fbn,malbat, mal, la\u015f, cil \u00fb berg, hest, ajal, bajar\/\u00e7\u00fbn \u00fb hatin, xweza, p\u00ee\u015fe, reng, m\u00eawe, hejmar, \u015fikl, am\u00fbr\u00ean muz\u00eek\u00ea, xwarin \u00fb vexwarin, sebze, t\u00eagih\u00ean dijwate, da\u00e7ek, l\u00fbnapark, odeya min, betlane, demsal, hob\u00ee\/werzi\u015f, gund, l\u00eaker \u00fb her wek\u00ee din gelek ti\u015ft bi awayek\u00ee alfabet\u00eek naveroka ferheng\u00ea xemilandine.Ferheng ji h\u00eala Ridwan POLAT ve hat\u00eeye amadekirin. W\u00eaney\u00ean ferheng\u00ea Ercan Altunta\u015f x\u00eaz kir\u00eeye.<\/p>\n","protected":false},"excerpt":{"rendered":"<p style=\"text-align: center;\"><strong>Pirt\u00fbk: W\u00eaneferheng<br \/>\nNiv\u00eeskar: Ridwan Polat<br \/>\nCure: Ferheng\u00ean Zarokan<\/strong><\/p>\n","protected":false},"featured_media":6593,"template":"","meta":{"site-sidebar-layout":"default","site-content-layout":"","ast-site-content-layout":"default","site-content-style":"default","site-sidebar-style":"default","ast-global-header-display":"","ast-banner-title-visibility":"","ast-main-header-display":"","ast-hfb-above-header-display":"","ast-hfb-below-header-display":"","ast-hfb-mobile-header-display":"","site-post-title":"","ast-breadcrumbs-content":"","ast-featured-img":"","footer-sml-layout":"","ast-disable-related-posts":"","theme-transparent-header-meta":"default","adv-header-id-meta":"","stick-header-meta":"","header-above-stick-meta":"","header-main-stick-meta":"","header-below-stick-meta":"","astra-migrate-meta-layouts":"set","ast-page-background-enabled":"default","ast-page-background-meta":{"desktop":{"background-color":"","background-image":"","background-repeat":"repeat","background-position":"center center","background-size":"auto","background-attachment":"scroll","background-type":"","background-media":"","overlay-type":"","overlay-color":"","overlay-opacity":"","overlay-gradient":""},"tablet":{"background-color":"","background-image":"","background-repeat":"repeat","background-position":"center center","background-size":"auto","background-attachment":"scroll","background-type":"","background-media":"","overlay-type":"","overlay-color":"","overlay-opacity":"","overlay-gradient":""},"mobile":{"background-color":"","background-image":"","background-repeat":"repeat","background-position":"center center","background-size":"auto","background-attachment":"scroll","background-type":"","background-media":"","overlay-type":"","overlay-color":"","overlay-opacity":"","overlay-gradient":""}},"ast-content-background-meta":{"desktop":{"background-color":"var(--ast-global-color-5)","background-image":"","background-repeat":"repeat","background-position":"center center","background-size":"auto","background-attachment":"scroll","background-type":"","background-media":"","overlay-type":"","overlay-color":"","overlay-opacity":"","overlay-gradient":""},"tablet":{"background-color":"var(--ast-global-color-5)","background-image":"","background-repeat":"repeat","background-position":"center center","background-size":"auto","background-attachment":"scroll","background-type":"","background-media":"","overlay-type":"","overlay-color":"","overlay-opacity":"","overlay-gradient":""},"mobile":{"background-color":"var(--ast-global-color-5)","background-image":"","background-repeat":"repeat","background-position":"center center","background-size":"auto","background-attachment":"scroll","background-type":"","background-media":"","overlay-type":"","overlay-color":"","overlay-opacity":"","overlay-gradient":""}}},"product_brand":[],"product_cat":[186,194,193],"product_tag":[],"class_list":{"0":"post-13598","1":"product","2":"type-product","3":"status-publish","4":"has-post-thumbnail","6":"product_cat-_","7":"product_cat--_","9":"pa_-ferheng","10":"pa_-zarok","11":"pa_-ridwan-polat","12":"pa_-kurmanci","13":"pa_--mori-zarok","14":"desktop-align-left","15":"tablet-align-left","16":"mobile-align-left","18":"first","19":"instock","20":"shipping-taxable","21":"purchasable","22":"product-type-simple"},"yoast_head":"<!-- This site is optimized with the Yoast SEO plugin v27.5 - https:\/\/yoast.com\/product\/yoast-seo-wordpress\/ -->\n<title>W\u00eaneferheng - Ridwan Polat - www.shanabooks.de<\/title>\n<meta name=\"description\" content=\"W\u00eaneferheng - Ridwan Polat W\u00eaneferheng ji nav\u00ea w\u00ea j\u00ee d\u00eeyar e, ferhengeke bi w\u00eane \u00fb reng\u00een e. Ferheng bi her du zaravayan, bi Kurmanc\u00ee \u00fb Kirmanck\u00ee (Zazak\u00ee)..\" \/>\n<meta name=\"robots\" content=\"index, follow, max-snippet:-1, max-image-preview:large, max-video-preview:-1\" \/>\n<link rel=\"canonical\" href=\"https:\/\/shanabooks.de\/product\/weneferheng-ridwan-polat\/\" \/>\n<meta property=\"og:locale\" content=\"en_US\" \/>\n<meta property=\"og:type\" content=\"article\" \/>\n<meta property=\"og:title\" content=\"W\u00eaneferheng - Ridwan Polat - www.shanabooks.de\" \/>\n<meta property=\"og:description\" content=\"W\u00eaneferheng - Ridwan Polat W\u00eaneferheng ji nav\u00ea w\u00ea j\u00ee d\u00eeyar e, ferhengeke bi w\u00eane \u00fb reng\u00een e. Ferheng bi her du zaravayan, bi Kurmanc\u00ee \u00fb Kirmanck\u00ee (Zazak\u00ee)..\" \/>\n<meta property=\"og:url\" content=\"https:\/\/shanabooks.de\/product\/weneferheng-ridwan-polat\/\" \/>\n<meta property=\"og:site_name\" content=\"www.shanabooks.de\" \/>\n<meta property=\"article:modified_time\" content=\"2024-04-21T09:12:51+00:00\" \/>\n<meta property=\"og:image\" content=\"https:\/\/shanabooks.de\/wp-content\/uploads\/2024\/01\/weneferheng.png\" \/>\n\t<meta property=\"og:image:width\" content=\"328\" \/>\n\t<meta property=\"og:image:height\" content=\"474\" \/>\n\t<meta property=\"og:image:type\" content=\"image\/png\" \/>\n<meta name=\"twitter:card\" content=\"summary_large_image\" \/>\n<meta name=\"twitter:label1\" content=\"Est. reading time\" \/>\n\t<meta name=\"twitter:data1\" content=\"2 minutes\" \/>\n<script type=\"application\/ld+json\" class=\"yoast-schema-graph\">{\"@context\":\"https:\\\/\\\/schema.org\",\"@graph\":[{\"@type\":\"WebPage\",\"@id\":\"https:\\\/\\\/shanabooks.de\\\/product\\\/weneferheng-ridwan-polat\\\/\",\"url\":\"https:\\\/\\\/shanabooks.de\\\/product\\\/weneferheng-ridwan-polat\\\/\",\"name\":\"W\u00eaneferheng - Ridwan Polat - www.shanabooks.de\",\"isPartOf\":{\"@id\":\"https:\\\/\\\/shanabooks.de\\\/#website\"},\"primaryImageOfPage\":{\"@id\":\"https:\\\/\\\/shanabooks.de\\\/product\\\/weneferheng-ridwan-polat\\\/#primaryimage\"},\"image\":{\"@id\":\"https:\\\/\\\/shanabooks.de\\\/product\\\/weneferheng-ridwan-polat\\\/#primaryimage\"},\"thumbnailUrl\":\"https:\\\/\\\/shanabooks.de\\\/wp-content\\\/uploads\\\/2024\\\/01\\\/weneferheng.png\",\"datePublished\":\"2024-03-03T19:51:52+00:00\",\"dateModified\":\"2024-04-21T09:12:51+00:00\",\"description\":\"W\u00eaneferheng - Ridwan Polat W\u00eaneferheng ji nav\u00ea w\u00ea j\u00ee d\u00eeyar e, ferhengeke bi w\u00eane \u00fb reng\u00een e. Ferheng bi her du zaravayan, bi Kurmanc\u00ee \u00fb Kirmanck\u00ee (Zazak\u00ee)..\",\"breadcrumb\":{\"@id\":\"https:\\\/\\\/shanabooks.de\\\/product\\\/weneferheng-ridwan-polat\\\/#breadcrumb\"},\"inLanguage\":\"kur\",\"potentialAction\":[{\"@type\":\"ReadAction\",\"target\":[\"https:\\\/\\\/shanabooks.de\\\/product\\\/weneferheng-ridwan-polat\\\/\"]}]},{\"@type\":\"ImageObject\",\"inLanguage\":\"kur\",\"@id\":\"https:\\\/\\\/shanabooks.de\\\/product\\\/weneferheng-ridwan-polat\\\/#primaryimage\",\"url\":\"https:\\\/\\\/shanabooks.de\\\/wp-content\\\/uploads\\\/2024\\\/01\\\/weneferheng.png\",\"contentUrl\":\"https:\\\/\\\/shanabooks.de\\\/wp-content\\\/uploads\\\/2024\\\/01\\\/weneferheng.png\",\"width\":328,\"height\":474,\"caption\":\"W\u00eaneferheng - Ridwan Polat\"},{\"@type\":\"BreadcrumbList\",\"@id\":\"https:\\\/\\\/shanabooks.de\\\/product\\\/weneferheng-ridwan-polat\\\/#breadcrumb\",\"itemListElement\":[{\"@type\":\"ListItem\",\"position\":1,\"name\":\"\u0627\u0644\u0631\u0626\u064a\u0633\u064a\u0629\",\"item\":\"https:\\\/\\\/shanabooks.de\\\/kur\\\/\"},{\"@type\":\"ListItem\",\"position\":2,\"name\":\"\u0627\u0644\u0645\u0646\u062a\u062c\u0627\u062a\",\"item\":\"https:\\\/\\\/shanabooks.de\\\/shop\\\/\"},{\"@type\":\"ListItem\",\"position\":3,\"name\":\"w\u00eaneferheng\"}]},{\"@type\":\"WebSite\",\"@id\":\"https:\\\/\\\/shanabooks.de\\\/#website\",\"url\":\"https:\\\/\\\/shanabooks.de\\\/\",\"name\":\"www.shanbooks.de\",\"description\":\"C\u00eehana Pirt\u00fbk\u00ean Kurd\u00ee \u0645\u0643\u062a\u0628\u0629 \u0634\u0627\u0646\u0627 \u0641\u064a \u0627\u0644\u0645\u0627\u0646\u064a\u0627 \u0648\u0623\u0648\u0631\u0628\u0627\",\"publisher\":{\"@id\":\"https:\\\/\\\/shanabooks.de\\\/#organization\"},\"potentialAction\":[{\"@type\":\"SearchAction\",\"target\":{\"@type\":\"EntryPoint\",\"urlTemplate\":\"https:\\\/\\\/shanabooks.de\\\/?s={search_term_string}\"},\"query-input\":{\"@type\":\"PropertyValueSpecification\",\"valueRequired\":true,\"valueName\":\"search_term_string\"}}],\"inLanguage\":\"kur\"},{\"@type\":\"Organization\",\"@id\":\"https:\\\/\\\/shanabooks.de\\\/#organization\",\"name\":\"www.shanbooks.de\",\"url\":\"https:\\\/\\\/shanabooks.de\\\/\",\"logo\":{\"@type\":\"ImageObject\",\"inLanguage\":\"kur\",\"@id\":\"https:\\\/\\\/shanabooks.de\\\/#\\\/schema\\\/logo\\\/image\\\/\",\"url\":\"https:\\\/\\\/shanabooks.de\\\/wp-content\\\/uploads\\\/2024\\\/03\\\/SHANABOOKS__2_-removebg-preview.png\",\"contentUrl\":\"https:\\\/\\\/shanabooks.de\\\/wp-content\\\/uploads\\\/2024\\\/03\\\/SHANABOOKS__2_-removebg-preview.png\",\"width\":700,\"height\":150,\"caption\":\"www.shanbooks.de\"},\"image\":{\"@id\":\"https:\\\/\\\/shanabooks.de\\\/#\\\/schema\\\/logo\\\/image\\\/\"}}]}<\/script>\n<!-- \/ Yoast SEO plugin. -->","yoast_head_json":{"title":"W\u00eaneferheng - Ridwan Polat - www.shanabooks.de","description":"W\u00eaneferheng - Ridwan Polat W\u00eaneferheng ji nav\u00ea w\u00ea j\u00ee d\u00eeyar e, ferhengeke bi w\u00eane \u00fb reng\u00een e. Ferheng bi her du zaravayan, bi Kurmanc\u00ee \u00fb Kirmanck\u00ee (Zazak\u00ee)..","robots":{"index":"index","follow":"follow","max-snippet":"max-snippet:-1","max-image-preview":"max-image-preview:large","max-video-preview":"max-video-preview:-1"},"canonical":"https:\/\/shanabooks.de\/product\/weneferheng-ridwan-polat\/","og_locale":"en_US","og_type":"article","og_title":"W\u00eaneferheng - Ridwan Polat - www.shanabooks.de","og_description":"W\u00eaneferheng - Ridwan Polat W\u00eaneferheng ji nav\u00ea w\u00ea j\u00ee d\u00eeyar e, ferhengeke bi w\u00eane \u00fb reng\u00een e. Ferheng bi her du zaravayan, bi Kurmanc\u00ee \u00fb Kirmanck\u00ee (Zazak\u00ee)..","og_url":"https:\/\/shanabooks.de\/product\/weneferheng-ridwan-polat\/","og_site_name":"www.shanabooks.de","article_modified_time":"2024-04-21T09:12:51+00:00","og_image":[{"width":328,"height":474,"url":"https:\/\/shanabooks.de\/wp-content\/uploads\/2024\/01\/weneferheng.png","type":"image\/png"}],"twitter_card":"summary_large_image","twitter_misc":{"Est. reading time":"2 minutes"},"schema":{"@context":"https:\/\/schema.org","@graph":[{"@type":"WebPage","@id":"https:\/\/shanabooks.de\/product\/weneferheng-ridwan-polat\/","url":"https:\/\/shanabooks.de\/product\/weneferheng-ridwan-polat\/","name":"W\u00eaneferheng - Ridwan Polat - www.shanabooks.de","isPartOf":{"@id":"https:\/\/shanabooks.de\/#website"},"primaryImageOfPage":{"@id":"https:\/\/shanabooks.de\/product\/weneferheng-ridwan-polat\/#primaryimage"},"image":{"@id":"https:\/\/shanabooks.de\/product\/weneferheng-ridwan-polat\/#primaryimage"},"thumbnailUrl":"https:\/\/shanabooks.de\/wp-content\/uploads\/2024\/01\/weneferheng.png","datePublished":"2024-03-03T19:51:52+00:00","dateModified":"2024-04-21T09:12:51+00:00","description":"W\u00eaneferheng - Ridwan Polat W\u00eaneferheng ji nav\u00ea w\u00ea j\u00ee d\u00eeyar e, ferhengeke bi w\u00eane \u00fb reng\u00een e. Ferheng bi her du zaravayan, bi Kurmanc\u00ee \u00fb Kirmanck\u00ee (Zazak\u00ee)..","breadcrumb":{"@id":"https:\/\/shanabooks.de\/product\/weneferheng-ridwan-polat\/#breadcrumb"},"inLanguage":"kur","potentialAction":[{"@type":"ReadAction","target":["https:\/\/shanabooks.de\/product\/weneferheng-ridwan-polat\/"]}]},{"@type":"ImageObject","inLanguage":"kur","@id":"https:\/\/shanabooks.de\/product\/weneferheng-ridwan-polat\/#primaryimage","url":"https:\/\/shanabooks.de\/wp-content\/uploads\/2024\/01\/weneferheng.png","contentUrl":"https:\/\/shanabooks.de\/wp-content\/uploads\/2024\/01\/weneferheng.png","width":328,"height":474,"caption":"W\u00eaneferheng - Ridwan Polat"},{"@type":"BreadcrumbList","@id":"https:\/\/shanabooks.de\/product\/weneferheng-ridwan-polat\/#breadcrumb","itemListElement":[{"@type":"ListItem","position":1,"name":"\u0627\u0644\u0631\u0626\u064a\u0633\u064a\u0629","item":"https:\/\/shanabooks.de\/kur\/"},{"@type":"ListItem","position":2,"name":"\u0627\u0644\u0645\u0646\u062a\u062c\u0627\u062a","item":"https:\/\/shanabooks.de\/shop\/"},{"@type":"ListItem","position":3,"name":"w\u00eaneferheng"}]},{"@type":"WebSite","@id":"https:\/\/shanabooks.de\/#website","url":"https:\/\/shanabooks.de\/","name":"www.shanbooks.de","description":"C\u00eehana Pirt\u00fbk\u00ean Kurd\u00ee \u0645\u0643\u062a\u0628\u0629 \u0634\u0627\u0646\u0627 \u0641\u064a \u0627\u0644\u0645\u0627\u0646\u064a\u0627 \u0648\u0623\u0648\u0631\u0628\u0627","publisher":{"@id":"https:\/\/shanabooks.de\/#organization"},"potentialAction":[{"@type":"SearchAction","target":{"@type":"EntryPoint","urlTemplate":"https:\/\/shanabooks.de\/?s={search_term_string}"},"query-input":{"@type":"PropertyValueSpecification","valueRequired":true,"valueName":"search_term_string"}}],"inLanguage":"kur"},{"@type":"Organization","@id":"https:\/\/shanabooks.de\/#organization","name":"www.shanbooks.de","url":"https:\/\/shanabooks.de\/","logo":{"@type":"ImageObject","inLanguage":"kur","@id":"https:\/\/shanabooks.de\/#\/schema\/logo\/image\/","url":"https:\/\/shanabooks.de\/wp-content\/uploads\/2024\/03\/SHANABOOKS__2_-removebg-preview.png","contentUrl":"https:\/\/shanabooks.de\/wp-content\/uploads\/2024\/03\/SHANABOOKS__2_-removebg-preview.png","width":700,"height":150,"caption":"www.shanbooks.de"},"image":{"@id":"https:\/\/shanabooks.de\/#\/schema\/logo\/image\/"}}]}},"jetpack_sharing_enabled":true,"_links":{"self":[{"href":"https:\/\/shanabooks.de\/kur\/wp-json\/wp\/v2\/product\/13598","targetHints":{"allow":["GET"]}}],"collection":[{"href":"https:\/\/shanabooks.de\/kur\/wp-json\/wp\/v2\/product"}],"about":[{"href":"https:\/\/shanabooks.de\/kur\/wp-json\/wp\/v2\/types\/product"}],"version-history":[{"count":3,"href":"https:\/\/shanabooks.de\/kur\/wp-json\/wp\/v2\/product\/13598\/revisions"}],"predecessor-version":[{"id":24615,"href":"https:\/\/shanabooks.de\/kur\/wp-json\/wp\/v2\/product\/13598\/revisions\/24615"}],"wp:featuredmedia":[{"embeddable":true,"href":"https:\/\/shanabooks.de\/kur\/wp-json\/wp\/v2\/media\/6593"}],"wp:attachment":[{"href":"https:\/\/shanabooks.de\/kur\/wp-json\/wp\/v2\/media?parent=13598"}],"wp:term":[{"taxonomy":"product_brand","embeddable":true,"href":"https:\/\/shanabooks.de\/kur\/wp-json\/wp\/v2\/product_brand?post=13598"},{"taxonomy":"product_cat","embeddable":true,"href":"https:\/\/shanabooks.de\/kur\/wp-json\/wp\/v2\/product_cat?post=13598"},{"taxonomy":"product_tag","embeddable":true,"href":"https:\/\/shanabooks.de\/kur\/wp-json\/wp\/v2\/product_tag?post=13598"}],"curies":[{"name":"wp","href":"https:\/\/api.w.org\/{rel}","templated":true}]}}