{"id":13654,"date":"2024-03-03T19:51:57","date_gmt":"2024-03-03T19:51:57","guid":{"rendered":"https:\/\/shanabooks.de\/?post_type=product&#038;p=13654"},"modified":"2025-12-28T20:59:27","modified_gmt":"2025-12-28T20:59:27","slug":"%d8%ac%d9%84%d8%af-%d8%a7%d9%84%d8%ab%d9%88%d8%b1-%d9%85%d9%8a-%d8%ac%d9%84%d9%8a%d9%84%d9%8a","status":"publish","type":"product","link":"https:\/\/shanabooks.de\/kur\/product\/%d8%ac%d9%84%d8%af-%d8%a7%d9%84%d8%ab%d9%88%d8%b1-%d9%85%d9%8a-%d8%ac%d9%84%d9%8a%d9%84%d9%8a\/","title":{"rendered":"\u062c\u0644\u062f \u0627\u0644\u062b\u0648\u0631"},"content":{"rendered":"<p><strong>\u062c\u0644\u062f \u0627\u0644\u062b\u0648\u0631 &#8211; \u0645\u064a \u062c\u0644\u064a\u0644\u064a<\/strong><\/p>\n<p>\u062c\u0644\u0633 \u0634\u0627\u0647\u064a\u0646 \u0641\u064a \u0627\u0644\u0645\u0642\u062f\u0645\u0629 \u0645\u0645\u062f\u062f\u0627 \u0645\u0633\u062a\u0631\u062e\u064a\u0627, \u064a\u062a\u0641\u0631\u0633 \u0647\u0630\u0647 \u0627\u0644\u0645\u062f\u064a\u0646\u0629 \u0645\u0646 \u0627\u0644\u0633\u0645\u0627\u0621, \u064a\u0628\u062d\u062b \u0639\u0646 \u0623\u062b\u0631 \u062f\u0628\u064a \u0627\u0644\u0636\u0627\u0626\u0639 \u0641\u064a \u0627\u0644\u062e\u064a\u0627\u0644, \u064a\u0644\u062a\u0635\u0642 \u0648\u062c\u0647\u0647 \u062a\u0645\u0627\u0645\u0627 \u0628\u0632\u062c\u0627\u062c \u0646\u0627\u0641\u0630\u0629 \u0627\u0644\u0646\u0648\u0631 \u0641\u064a \u0637\u0627\u0626\u0631\u0629 \u0627\u0644\u062e\u0637\u0648\u0637 \u0627\u0644\u062c\u0648\u064a\u0629 \u0627\u0644\u0625\u0645\u0627\u0631\u0627\u062a\u064a\u0629, \u064a\u0631\u0633\u0644 \u0642\u0644\u0642\u0647 \u0648\u0623\u062d\u0632\u0627\u0646\u0647 \u0627\u0644\u0642\u062f\u064a\u0645\u0629, \u0625\u0644\u0649 \u0645\u0631\u062c\u0644 \u062a\u0644\u0643 \u0627\u0644\u0633\u0646\u0648\u0627\u062a \u0627\u0644\u062a\u064a \u0639\u0628\u0631\u062a \u0623\u0645\u0627\u0645\u0647 \u0645\u0633\u0631\u0639\u0629, \u0648\u062b\u0644\u0627\u062b \u0634\u0628\u0643\u0627\u062a \u062a\u062a\u0635\u064a\u062f \u0623\u0642\u062f\u0627\u0631\u0647, \u0639\u0644\u0642\u062a \u0643\u0633\u062f\u0648\u062f \u0627\u0644\u0637\u064a\u0646 \u0641\u064a \u0634\u0631\u0627\u064a\u064a\u0646 \u0642\u0644\u0628\u0647, \u0627\u0644\u0630\u064a \u0642\u0630\u0641 \u0644\u0647 \u062d\u062b\u0631\u0629 \u0643\u0627\u0644\u0631\u0635\u0627\u0635\u0629.<\/p>\n","protected":false},"excerpt":{"rendered":"<p style=\"text-align: center;\"><strong>\u0627\u0644\u0643\u062a\u0627\u0628: \u062c\u0644\u062f \u0627\u0644\u062b\u0648\u0631<br \/>\n\u0627\u0644\u0643\u0627\u062a\u0628: \u0645\u064a \u062c\u0644\u064a\u0644\u064a<br \/>\n\u0627\u0644\u0646\u0648\u0639: \u0631\u0648\u0627\u064a\u0629<\/strong><\/p>\n","protected":false},"featured_media":6666,"template":"","meta":{"site-sidebar-layout":"default","site-content-layout":"","ast-site-content-layout":"default","site-content-style":"default","site-sidebar-style":"default","ast-global-header-display":"","ast-banner-title-visibility":"","ast-main-header-display":"","ast-hfb-above-header-display":"","ast-hfb-below-header-display":"","ast-hfb-mobile-header-display":"","site-post-title":"","ast-breadcrumbs-content":"","ast-featured-img":"","footer-sml-layout":"","ast-disable-related-posts":"","theme-transparent-header-meta":"default","adv-header-id-meta":"","stick-header-meta":"","header-above-stick-meta":"","header-main-stick-meta":"","header-below-stick-meta":"","astra-migrate-meta-layouts":"set","ast-page-background-enabled":"default","ast-page-background-meta":{"desktop":{"background-color":"","background-image":"","background-repeat":"repeat","background-position":"center center","background-size":"auto","background-attachment":"scroll","background-type":"","background-media":"","overlay-type":"","overlay-color":"","overlay-opacity":"","overlay-gradient":""},"tablet":{"background-color":"","background-image":"","background-repeat":"repeat","background-position":"center center","background-size":"auto","background-attachment":"scroll","background-type":"","background-media":"","overlay-type":"","overlay-color":"","overlay-opacity":"","overlay-gradient":""},"mobile":{"background-color":"","background-image":"","background-repeat":"repeat","background-position":"center center","background-size":"auto","background-attachment":"scroll","background-type":"","background-media":"","overlay-type":"","overlay-color":"","overlay-opacity":"","overlay-gradient":""}},"ast-content-background-meta":{"desktop":{"background-color":"var(--ast-global-color-5)","background-image":"","background-repeat":"repeat","background-position":"center center","background-size":"auto","background-attachment":"scroll","background-type":"","background-media":"","overlay-type":"","overlay-color":"","overlay-opacity":"","overlay-gradient":""},"tablet":{"background-color":"var(--ast-global-color-5)","background-image":"","background-repeat":"repeat","background-position":"center center","background-size":"auto","background-attachment":"scroll","background-type":"","background-media":"","overlay-type":"","overlay-color":"","overlay-opacity":"","overlay-gradient":""},"mobile":{"background-color":"var(--ast-global-color-5)","background-image":"","background-repeat":"repeat","background-position":"center center","background-size":"auto","background-attachment":"scroll","background-type":"","background-media":"","overlay-type":"","overlay-color":"","overlay-opacity":"","overlay-gradient":""}}},"product_brand":[],"product_cat":[165,192],"product_tag":[],"class_list":{"0":"post-13654","1":"product","2":"type-product","3":"status-publish","4":"has-post-thumbnail","6":"product_cat-165","7":"product_cat-192","8":"pa_-1181","9":"pa_-1259","10":"pa_-347","11":"pa_--1254","12":"desktop-align-left","13":"tablet-align-left","14":"mobile-align-left","16":"first","17":"instock","18":"shipping-taxable","19":"purchasable","20":"product-type-simple"},"yoast_head":"<!-- This site is optimized with the Yoast SEO plugin v27.4 - https:\/\/yoast.com\/product\/yoast-seo-wordpress\/ -->\n<title>\u062c\u0644\u062f \u0627\u0644\u062b\u0648\u0631 - \u0645\u064a \u062c\u0644\u064a\u0644\u064a - www.shanabooks.de<\/title>\n<meta name=\"description\" content=\"\u062c\u0644\u062f \u0627\u0644\u062b\u0648\u0631 - \u0645\u064a \u062c\u0644\u064a\u0644\u064a \u062c\u0644\u0633 \u0634\u0627\u0647\u064a\u0646 \u0641\u064a \u0627\u0644\u0645\u0642\u062f\u0645\u0629 \u0645\u0645\u062f\u062f\u0627 \u0645\u0633\u062a\u0631\u062e\u064a\u0627, \u064a\u062a\u0641\u0631\u0633 \u0647\u0630\u0647 \u0627\u0644\u0645\u062f\u064a\u0646\u0629 \u0645\u0646 \u0627\u0644\u0633\u0645\u0627\u0621, \u064a\u0628\u062d\u062b \u0639\u0646 \u0623\u062b\u0631 \u062f\u0628\u064a \u0627\u0644\u0636\u0627\u0626\u0639 \u0641\u064a \u0627\u0644\u062e\u064a\u0627\u0644, \u064a\u0644\u062a\u0635\u0642 \u0648\u062c\u0647\u0647 \u062a\u0645\u0627\u0645\u0627 \u0628\u0632\u062c\u0627\u062c \u0646\u0627\u0641\u0630\u0629 ...\" \/>\n<meta name=\"robots\" content=\"index, follow, max-snippet:-1, max-image-preview:large, max-video-preview:-1\" \/>\n<link rel=\"canonical\" href=\"https:\/\/shanabooks.de\/product\/\u062c\u0644\u062f-\u0627\u0644\u062b\u0648\u0631-\u0645\u064a-\u062c\u0644\u064a\u0644\u064a\/\" \/>\n<meta property=\"og:locale\" content=\"en_US\" \/>\n<meta property=\"og:type\" content=\"article\" \/>\n<meta property=\"og:title\" content=\"\u062c\u0644\u062f \u0627\u0644\u062b\u0648\u0631 - \u0645\u064a \u062c\u0644\u064a\u0644\u064a - www.shanabooks.de\" \/>\n<meta property=\"og:description\" content=\"\u062c\u0644\u062f \u0627\u0644\u062b\u0648\u0631 - \u0645\u064a \u062c\u0644\u064a\u0644\u064a \u062c\u0644\u0633 \u0634\u0627\u0647\u064a\u0646 \u0641\u064a \u0627\u0644\u0645\u0642\u062f\u0645\u0629 \u0645\u0645\u062f\u062f\u0627 \u0645\u0633\u062a\u0631\u062e\u064a\u0627, \u064a\u062a\u0641\u0631\u0633 \u0647\u0630\u0647 \u0627\u0644\u0645\u062f\u064a\u0646\u0629 \u0645\u0646 \u0627\u0644\u0633\u0645\u0627\u0621, \u064a\u0628\u062d\u062b \u0639\u0646 \u0623\u062b\u0631 \u062f\u0628\u064a \u0627\u0644\u0636\u0627\u0626\u0639 \u0641\u064a \u0627\u0644\u062e\u064a\u0627\u0644, \u064a\u0644\u062a\u0635\u0642 \u0648\u062c\u0647\u0647 \u062a\u0645\u0627\u0645\u0627 \u0628\u0632\u062c\u0627\u062c \u0646\u0627\u0641\u0630\u0629 ...\" \/>\n<meta property=\"og:url\" content=\"https:\/\/shanabooks.de\/product\/\u062c\u0644\u062f-\u0627\u0644\u062b\u0648\u0631-\u0645\u064a-\u062c\u0644\u064a\u0644\u064a\/\" \/>\n<meta property=\"og:site_name\" content=\"www.shanabooks.de\" \/>\n<meta property=\"article:modified_time\" content=\"2025-12-28T20:59:27+00:00\" \/>\n<meta property=\"og:image\" content=\"https:\/\/shanabooks.de\/wp-content\/uploads\/2024\/01\/\u062c\u0644\u062f-\u0627\u0644\u062b\u0648\u0631.png\" \/>\n\t<meta property=\"og:image:width\" content=\"439\" \/>\n\t<meta property=\"og:image:height\" content=\"709\" \/>\n\t<meta property=\"og:image:type\" content=\"image\/png\" \/>\n<meta name=\"twitter:card\" content=\"summary_large_image\" \/>\n<meta name=\"twitter:label1\" content=\"Est. reading time\" \/>\n\t<meta name=\"twitter:data1\" content=\"1 minute\" \/>\n<script type=\"application\/ld+json\" class=\"yoast-schema-graph\">{\"@context\":\"https:\\\/\\\/schema.org\",\"@graph\":[{\"@type\":\"WebPage\",\"@id\":\"https:\\\/\\\/shanabooks.de\\\/product\\\/%d8%ac%d9%84%d8%af-%d8%a7%d9%84%d8%ab%d9%88%d8%b1-%d9%85%d9%8a-%d8%ac%d9%84%d9%8a%d9%84%d9%8a\\\/\",\"url\":\"https:\\\/\\\/shanabooks.de\\\/product\\\/%d8%ac%d9%84%d8%af-%d8%a7%d9%84%d8%ab%d9%88%d8%b1-%d9%85%d9%8a-%d8%ac%d9%84%d9%8a%d9%84%d9%8a\\\/\",\"name\":\"\u062c\u0644\u062f \u0627\u0644\u062b\u0648\u0631 - \u0645\u064a \u062c\u0644\u064a\u0644\u064a - www.shanabooks.de\",\"isPartOf\":{\"@id\":\"https:\\\/\\\/shanabooks.de\\\/#website\"},\"primaryImageOfPage\":{\"@id\":\"https:\\\/\\\/shanabooks.de\\\/product\\\/%d8%ac%d9%84%d8%af-%d8%a7%d9%84%d8%ab%d9%88%d8%b1-%d9%85%d9%8a-%d8%ac%d9%84%d9%8a%d9%84%d9%8a\\\/#primaryimage\"},\"image\":{\"@id\":\"https:\\\/\\\/shanabooks.de\\\/product\\\/%d8%ac%d9%84%d8%af-%d8%a7%d9%84%d8%ab%d9%88%d8%b1-%d9%85%d9%8a-%d8%ac%d9%84%d9%8a%d9%84%d9%8a\\\/#primaryimage\"},\"thumbnailUrl\":\"https:\\\/\\\/shanabooks.de\\\/wp-content\\\/uploads\\\/2024\\\/01\\\/\u062c\u0644\u062f-\u0627\u0644\u062b\u0648\u0631.png\",\"datePublished\":\"2024-03-03T19:51:57+00:00\",\"dateModified\":\"2025-12-28T20:59:27+00:00\",\"description\":\"\u062c\u0644\u062f \u0627\u0644\u062b\u0648\u0631 - \u0645\u064a \u062c\u0644\u064a\u0644\u064a \u062c\u0644\u0633 \u0634\u0627\u0647\u064a\u0646 \u0641\u064a \u0627\u0644\u0645\u0642\u062f\u0645\u0629 \u0645\u0645\u062f\u062f\u0627 \u0645\u0633\u062a\u0631\u062e\u064a\u0627, \u064a\u062a\u0641\u0631\u0633 \u0647\u0630\u0647 \u0627\u0644\u0645\u062f\u064a\u0646\u0629 \u0645\u0646 \u0627\u0644\u0633\u0645\u0627\u0621, \u064a\u0628\u062d\u062b \u0639\u0646 \u0623\u062b\u0631 \u062f\u0628\u064a \u0627\u0644\u0636\u0627\u0626\u0639 \u0641\u064a \u0627\u0644\u062e\u064a\u0627\u0644, \u064a\u0644\u062a\u0635\u0642 \u0648\u062c\u0647\u0647 \u062a\u0645\u0627\u0645\u0627 \u0628\u0632\u062c\u0627\u062c \u0646\u0627\u0641\u0630\u0629 ...\",\"breadcrumb\":{\"@id\":\"https:\\\/\\\/shanabooks.de\\\/product\\\/%d8%ac%d9%84%d8%af-%d8%a7%d9%84%d8%ab%d9%88%d8%b1-%d9%85%d9%8a-%d8%ac%d9%84%d9%8a%d9%84%d9%8a\\\/#breadcrumb\"},\"inLanguage\":\"kur\",\"potentialAction\":[{\"@type\":\"ReadAction\",\"target\":[\"https:\\\/\\\/shanabooks.de\\\/product\\\/%d8%ac%d9%84%d8%af-%d8%a7%d9%84%d8%ab%d9%88%d8%b1-%d9%85%d9%8a-%d8%ac%d9%84%d9%8a%d9%84%d9%8a\\\/\"]}]},{\"@type\":\"ImageObject\",\"inLanguage\":\"kur\",\"@id\":\"https:\\\/\\\/shanabooks.de\\\/product\\\/%d8%ac%d9%84%d8%af-%d8%a7%d9%84%d8%ab%d9%88%d8%b1-%d9%85%d9%8a-%d8%ac%d9%84%d9%8a%d9%84%d9%8a\\\/#primaryimage\",\"url\":\"https:\\\/\\\/shanabooks.de\\\/wp-content\\\/uploads\\\/2024\\\/01\\\/\u062c\u0644\u062f-\u0627\u0644\u062b\u0648\u0631.png\",\"contentUrl\":\"https:\\\/\\\/shanabooks.de\\\/wp-content\\\/uploads\\\/2024\\\/01\\\/\u062c\u0644\u062f-\u0627\u0644\u062b\u0648\u0631.png\",\"width\":439,\"height\":709,\"caption\":\"\u062c\u0644\u062f \u0627\u0644\u062b\u0648\u0631 - \u0645\u064a \u062c\u0644\u064a\u0644\u064a - \u0643\u062a\u0628 \u0639\u0631\u0628\u064a\u0629 - \u0631\u0648\u0627\u064a\u0627\u062a\"},{\"@type\":\"BreadcrumbList\",\"@id\":\"https:\\\/\\\/shanabooks.de\\\/product\\\/%d8%ac%d9%84%d8%af-%d8%a7%d9%84%d8%ab%d9%88%d8%b1-%d9%85%d9%8a-%d8%ac%d9%84%d9%8a%d9%84%d9%8a\\\/#breadcrumb\",\"itemListElement\":[{\"@type\":\"ListItem\",\"position\":1,\"name\":\"\u0627\u0644\u0631\u0626\u064a\u0633\u064a\u0629\",\"item\":\"https:\\\/\\\/shanabooks.de\\\/kur\\\/\"},{\"@type\":\"ListItem\",\"position\":2,\"name\":\"\u0627\u0644\u0645\u0646\u062a\u062c\u0627\u062a\",\"item\":\"https:\\\/\\\/shanabooks.de\\\/shop\\\/\"},{\"@type\":\"ListItem\",\"position\":3,\"name\":\"\u062c\u0644\u062f \u0627\u0644\u062b\u0648\u0631\"}]},{\"@type\":\"WebSite\",\"@id\":\"https:\\\/\\\/shanabooks.de\\\/#website\",\"url\":\"https:\\\/\\\/shanabooks.de\\\/\",\"name\":\"www.shanbooks.de\",\"description\":\"C\u00eehana Pirt\u00fbk\u00ean Kurd\u00ee \u0645\u0643\u062a\u0628\u0629 \u0634\u0627\u0646\u0627 \u0641\u064a \u0627\u0644\u0645\u0627\u0646\u064a\u0627 \u0648\u0623\u0648\u0631\u0628\u0627\",\"publisher\":{\"@id\":\"https:\\\/\\\/shanabooks.de\\\/#organization\"},\"potentialAction\":[{\"@type\":\"SearchAction\",\"target\":{\"@type\":\"EntryPoint\",\"urlTemplate\":\"https:\\\/\\\/shanabooks.de\\\/?s={search_term_string}\"},\"query-input\":{\"@type\":\"PropertyValueSpecification\",\"valueRequired\":true,\"valueName\":\"search_term_string\"}}],\"inLanguage\":\"kur\"},{\"@type\":\"Organization\",\"@id\":\"https:\\\/\\\/shanabooks.de\\\/#organization\",\"name\":\"www.shanbooks.de\",\"url\":\"https:\\\/\\\/shanabooks.de\\\/\",\"logo\":{\"@type\":\"ImageObject\",\"inLanguage\":\"kur\",\"@id\":\"https:\\\/\\\/shanabooks.de\\\/#\\\/schema\\\/logo\\\/image\\\/\",\"url\":\"https:\\\/\\\/shanabooks.de\\\/wp-content\\\/uploads\\\/2024\\\/03\\\/SHANABOOKS__2_-removebg-preview.png\",\"contentUrl\":\"https:\\\/\\\/shanabooks.de\\\/wp-content\\\/uploads\\\/2024\\\/03\\\/SHANABOOKS__2_-removebg-preview.png\",\"width\":700,\"height\":150,\"caption\":\"www.shanbooks.de\"},\"image\":{\"@id\":\"https:\\\/\\\/shanabooks.de\\\/#\\\/schema\\\/logo\\\/image\\\/\"}}]}<\/script>\n<!-- \/ Yoast SEO plugin. -->","yoast_head_json":{"title":"\u062c\u0644\u062f \u0627\u0644\u062b\u0648\u0631 - \u0645\u064a \u062c\u0644\u064a\u0644\u064a - www.shanabooks.de","description":"\u062c\u0644\u062f \u0627\u0644\u062b\u0648\u0631 - \u0645\u064a \u062c\u0644\u064a\u0644\u064a \u062c\u0644\u0633 \u0634\u0627\u0647\u064a\u0646 \u0641\u064a \u0627\u0644\u0645\u0642\u062f\u0645\u0629 \u0645\u0645\u062f\u062f\u0627 \u0645\u0633\u062a\u0631\u062e\u064a\u0627, \u064a\u062a\u0641\u0631\u0633 \u0647\u0630\u0647 \u0627\u0644\u0645\u062f\u064a\u0646\u0629 \u0645\u0646 \u0627\u0644\u0633\u0645\u0627\u0621, \u064a\u0628\u062d\u062b \u0639\u0646 \u0623\u062b\u0631 \u062f\u0628\u064a \u0627\u0644\u0636\u0627\u0626\u0639 \u0641\u064a \u0627\u0644\u062e\u064a\u0627\u0644, \u064a\u0644\u062a\u0635\u0642 \u0648\u062c\u0647\u0647 \u062a\u0645\u0627\u0645\u0627 \u0628\u0632\u062c\u0627\u062c \u0646\u0627\u0641\u0630\u0629 ...","robots":{"index":"index","follow":"follow","max-snippet":"max-snippet:-1","max-image-preview":"max-image-preview:large","max-video-preview":"max-video-preview:-1"},"canonical":"https:\/\/shanabooks.de\/product\/\u062c\u0644\u062f-\u0627\u0644\u062b\u0648\u0631-\u0645\u064a-\u062c\u0644\u064a\u0644\u064a\/","og_locale":"en_US","og_type":"article","og_title":"\u062c\u0644\u062f \u0627\u0644\u062b\u0648\u0631 - \u0645\u064a \u062c\u0644\u064a\u0644\u064a - www.shanabooks.de","og_description":"\u062c\u0644\u062f \u0627\u0644\u062b\u0648\u0631 - \u0645\u064a \u062c\u0644\u064a\u0644\u064a \u062c\u0644\u0633 \u0634\u0627\u0647\u064a\u0646 \u0641\u064a \u0627\u0644\u0645\u0642\u062f\u0645\u0629 \u0645\u0645\u062f\u062f\u0627 \u0645\u0633\u062a\u0631\u062e\u064a\u0627, \u064a\u062a\u0641\u0631\u0633 \u0647\u0630\u0647 \u0627\u0644\u0645\u062f\u064a\u0646\u0629 \u0645\u0646 \u0627\u0644\u0633\u0645\u0627\u0621, \u064a\u0628\u062d\u062b \u0639\u0646 \u0623\u062b\u0631 \u062f\u0628\u064a \u0627\u0644\u0636\u0627\u0626\u0639 \u0641\u064a \u0627\u0644\u062e\u064a\u0627\u0644, \u064a\u0644\u062a\u0635\u0642 \u0648\u062c\u0647\u0647 \u062a\u0645\u0627\u0645\u0627 \u0628\u0632\u062c\u0627\u062c \u0646\u0627\u0641\u0630\u0629 ...","og_url":"https:\/\/shanabooks.de\/product\/\u062c\u0644\u062f-\u0627\u0644\u062b\u0648\u0631-\u0645\u064a-\u062c\u0644\u064a\u0644\u064a\/","og_site_name":"www.shanabooks.de","article_modified_time":"2025-12-28T20:59:27+00:00","og_image":[{"width":439,"height":709,"url":"https:\/\/shanabooks.de\/wp-content\/uploads\/2024\/01\/\u062c\u0644\u062f-\u0627\u0644\u062b\u0648\u0631.png","type":"image\/png"}],"twitter_card":"summary_large_image","twitter_misc":{"Est. reading time":"1 minute"},"schema":{"@context":"https:\/\/schema.org","@graph":[{"@type":"WebPage","@id":"https:\/\/shanabooks.de\/product\/%d8%ac%d9%84%d8%af-%d8%a7%d9%84%d8%ab%d9%88%d8%b1-%d9%85%d9%8a-%d8%ac%d9%84%d9%8a%d9%84%d9%8a\/","url":"https:\/\/shanabooks.de\/product\/%d8%ac%d9%84%d8%af-%d8%a7%d9%84%d8%ab%d9%88%d8%b1-%d9%85%d9%8a-%d8%ac%d9%84%d9%8a%d9%84%d9%8a\/","name":"\u062c\u0644\u062f \u0627\u0644\u062b\u0648\u0631 - \u0645\u064a \u062c\u0644\u064a\u0644\u064a - www.shanabooks.de","isPartOf":{"@id":"https:\/\/shanabooks.de\/#website"},"primaryImageOfPage":{"@id":"https:\/\/shanabooks.de\/product\/%d8%ac%d9%84%d8%af-%d8%a7%d9%84%d8%ab%d9%88%d8%b1-%d9%85%d9%8a-%d8%ac%d9%84%d9%8a%d9%84%d9%8a\/#primaryimage"},"image":{"@id":"https:\/\/shanabooks.de\/product\/%d8%ac%d9%84%d8%af-%d8%a7%d9%84%d8%ab%d9%88%d8%b1-%d9%85%d9%8a-%d8%ac%d9%84%d9%8a%d9%84%d9%8a\/#primaryimage"},"thumbnailUrl":"https:\/\/shanabooks.de\/wp-content\/uploads\/2024\/01\/\u062c\u0644\u062f-\u0627\u0644\u062b\u0648\u0631.png","datePublished":"2024-03-03T19:51:57+00:00","dateModified":"2025-12-28T20:59:27+00:00","description":"\u062c\u0644\u062f \u0627\u0644\u062b\u0648\u0631 - \u0645\u064a \u062c\u0644\u064a\u0644\u064a \u062c\u0644\u0633 \u0634\u0627\u0647\u064a\u0646 \u0641\u064a \u0627\u0644\u0645\u0642\u062f\u0645\u0629 \u0645\u0645\u062f\u062f\u0627 \u0645\u0633\u062a\u0631\u062e\u064a\u0627, \u064a\u062a\u0641\u0631\u0633 \u0647\u0630\u0647 \u0627\u0644\u0645\u062f\u064a\u0646\u0629 \u0645\u0646 \u0627\u0644\u0633\u0645\u0627\u0621, \u064a\u0628\u062d\u062b \u0639\u0646 \u0623\u062b\u0631 \u062f\u0628\u064a \u0627\u0644\u0636\u0627\u0626\u0639 \u0641\u064a \u0627\u0644\u062e\u064a\u0627\u0644, \u064a\u0644\u062a\u0635\u0642 \u0648\u062c\u0647\u0647 \u062a\u0645\u0627\u0645\u0627 \u0628\u0632\u062c\u0627\u062c \u0646\u0627\u0641\u0630\u0629 ...","breadcrumb":{"@id":"https:\/\/shanabooks.de\/product\/%d8%ac%d9%84%d8%af-%d8%a7%d9%84%d8%ab%d9%88%d8%b1-%d9%85%d9%8a-%d8%ac%d9%84%d9%8a%d9%84%d9%8a\/#breadcrumb"},"inLanguage":"kur","potentialAction":[{"@type":"ReadAction","target":["https:\/\/shanabooks.de\/product\/%d8%ac%d9%84%d8%af-%d8%a7%d9%84%d8%ab%d9%88%d8%b1-%d9%85%d9%8a-%d8%ac%d9%84%d9%8a%d9%84%d9%8a\/"]}]},{"@type":"ImageObject","inLanguage":"kur","@id":"https:\/\/shanabooks.de\/product\/%d8%ac%d9%84%d8%af-%d8%a7%d9%84%d8%ab%d9%88%d8%b1-%d9%85%d9%8a-%d8%ac%d9%84%d9%8a%d9%84%d9%8a\/#primaryimage","url":"https:\/\/shanabooks.de\/wp-content\/uploads\/2024\/01\/\u062c\u0644\u062f-\u0627\u0644\u062b\u0648\u0631.png","contentUrl":"https:\/\/shanabooks.de\/wp-content\/uploads\/2024\/01\/\u062c\u0644\u062f-\u0627\u0644\u062b\u0648\u0631.png","width":439,"height":709,"caption":"\u062c\u0644\u062f \u0627\u0644\u062b\u0648\u0631 - \u0645\u064a \u062c\u0644\u064a\u0644\u064a - \u0643\u062a\u0628 \u0639\u0631\u0628\u064a\u0629 - \u0631\u0648\u0627\u064a\u0627\u062a"},{"@type":"BreadcrumbList","@id":"https:\/\/shanabooks.de\/product\/%d8%ac%d9%84%d8%af-%d8%a7%d9%84%d8%ab%d9%88%d8%b1-%d9%85%d9%8a-%d8%ac%d9%84%d9%8a%d9%84%d9%8a\/#breadcrumb","itemListElement":[{"@type":"ListItem","position":1,"name":"\u0627\u0644\u0631\u0626\u064a\u0633\u064a\u0629","item":"https:\/\/shanabooks.de\/kur\/"},{"@type":"ListItem","position":2,"name":"\u0627\u0644\u0645\u0646\u062a\u062c\u0627\u062a","item":"https:\/\/shanabooks.de\/shop\/"},{"@type":"ListItem","position":3,"name":"\u062c\u0644\u062f \u0627\u0644\u062b\u0648\u0631"}]},{"@type":"WebSite","@id":"https:\/\/shanabooks.de\/#website","url":"https:\/\/shanabooks.de\/","name":"www.shanbooks.de","description":"C\u00eehana Pirt\u00fbk\u00ean Kurd\u00ee \u0645\u0643\u062a\u0628\u0629 \u0634\u0627\u0646\u0627 \u0641\u064a \u0627\u0644\u0645\u0627\u0646\u064a\u0627 \u0648\u0623\u0648\u0631\u0628\u0627","publisher":{"@id":"https:\/\/shanabooks.de\/#organization"},"potentialAction":[{"@type":"SearchAction","target":{"@type":"EntryPoint","urlTemplate":"https:\/\/shanabooks.de\/?s={search_term_string}"},"query-input":{"@type":"PropertyValueSpecification","valueRequired":true,"valueName":"search_term_string"}}],"inLanguage":"kur"},{"@type":"Organization","@id":"https:\/\/shanabooks.de\/#organization","name":"www.shanbooks.de","url":"https:\/\/shanabooks.de\/","logo":{"@type":"ImageObject","inLanguage":"kur","@id":"https:\/\/shanabooks.de\/#\/schema\/logo\/image\/","url":"https:\/\/shanabooks.de\/wp-content\/uploads\/2024\/03\/SHANABOOKS__2_-removebg-preview.png","contentUrl":"https:\/\/shanabooks.de\/wp-content\/uploads\/2024\/03\/SHANABOOKS__2_-removebg-preview.png","width":700,"height":150,"caption":"www.shanbooks.de"},"image":{"@id":"https:\/\/shanabooks.de\/#\/schema\/logo\/image\/"}}]}},"jetpack_sharing_enabled":true,"_links":{"self":[{"href":"https:\/\/shanabooks.de\/kur\/wp-json\/wp\/v2\/product\/13654","targetHints":{"allow":["GET"]}}],"collection":[{"href":"https:\/\/shanabooks.de\/kur\/wp-json\/wp\/v2\/product"}],"about":[{"href":"https:\/\/shanabooks.de\/kur\/wp-json\/wp\/v2\/types\/product"}],"version-history":[{"count":2,"href":"https:\/\/shanabooks.de\/kur\/wp-json\/wp\/v2\/product\/13654\/revisions"}],"predecessor-version":[{"id":24022,"href":"https:\/\/shanabooks.de\/kur\/wp-json\/wp\/v2\/product\/13654\/revisions\/24022"}],"wp:featuredmedia":[{"embeddable":true,"href":"https:\/\/shanabooks.de\/kur\/wp-json\/wp\/v2\/media\/6666"}],"wp:attachment":[{"href":"https:\/\/shanabooks.de\/kur\/wp-json\/wp\/v2\/media?parent=13654"}],"wp:term":[{"taxonomy":"product_brand","embeddable":true,"href":"https:\/\/shanabooks.de\/kur\/wp-json\/wp\/v2\/product_brand?post=13654"},{"taxonomy":"product_cat","embeddable":true,"href":"https:\/\/shanabooks.de\/kur\/wp-json\/wp\/v2\/product_cat?post=13654"},{"taxonomy":"product_tag","embeddable":true,"href":"https:\/\/shanabooks.de\/kur\/wp-json\/wp\/v2\/product_tag?post=13654"}],"curies":[{"name":"wp","href":"https:\/\/api.w.org\/{rel}","templated":true}]}}