{"id":13703,"date":"2024-03-03T19:52:01","date_gmt":"2024-03-03T19:52:01","guid":{"rendered":"https:\/\/shanabooks.de\/?post_type=product&#038;p=13703"},"modified":"2024-03-05T18:16:40","modified_gmt":"2024-03-05T18:16:40","slug":"otobusa-kesk-jan-dost","status":"publish","type":"product","link":"https:\/\/shanabooks.de\/kur\/product\/otobusa-kesk-jan-dost\/","title":{"rendered":"Otob\u00fbsa Kesk"},"content":{"rendered":"<p style=\"text-align: left\"><strong>Otob\u00fbsa Kesk &#8211; Jan Dost<\/strong><\/p>\n<p style=\"text-align: left\">Xelk ji tax\u00ean hilwe\u015fiyay\u00ee kom bi kom \u00fb tekatek dihatin \u00fb li wesayitek\u00ea digeriyan ku wan bigih\u00eene hema \u00e7i dever\u00ea be. Ya p\u00eaw\u00eest li ba wan ew b\u00fb ku bi sax\u00ee ji tax\u00ean xwe derkevin. Tax\u00ean wan \u00ead\u00ee roj\u00ean dawiy\u00ea de b\u00fbb\u00fbn dojeh \u00fb ew li warek\u00ee dojehb\u00fbna w\u00ee hinek\u00ee k\u00eamtir be digeriyan. ew li cihek\u00ee digeriyan ku bi k\u00eaman\u00ee mirin t\u00ea de hinek\u00ee erzantir \u00fb h\u00easantir be, ew daxwaz j\u00ee wan rojan b\u00fbb\u00fb daxwaza her\u00ee mezin ya xelk\u00ean rojhilatl heleb\u00ea.<\/p>\n","protected":false},"excerpt":{"rendered":"<p style=\"text-align: center\"><strong>Pirt\u00fbk: Otob\u00fbsa Kesk<br \/>\nNiv\u00eeskar: Jan Dost<br \/>\nCure: Roman<\/strong><\/p>\n","protected":false},"featured_media":6721,"template":"","meta":{"site-sidebar-layout":"default","site-content-layout":"","ast-site-content-layout":"default","site-content-style":"default","site-sidebar-style":"default","ast-global-header-display":"","ast-banner-title-visibility":"","ast-main-header-display":"","ast-hfb-above-header-display":"","ast-hfb-below-header-display":"","ast-hfb-mobile-header-display":"","site-post-title":"","ast-breadcrumbs-content":"","ast-featured-img":"","footer-sml-layout":"","ast-disable-related-posts":"","theme-transparent-header-meta":"default","adv-header-id-meta":"","stick-header-meta":"","header-above-stick-meta":"","header-main-stick-meta":"","header-below-stick-meta":"","astra-migrate-meta-layouts":"set","ast-page-background-enabled":"default","ast-page-background-meta":{"desktop":{"background-color":"","background-image":"","background-repeat":"repeat","background-position":"center center","background-size":"auto","background-attachment":"scroll","background-type":"","background-media":"","overlay-type":"","overlay-color":"","overlay-opacity":"","overlay-gradient":""},"tablet":{"background-color":"","background-image":"","background-repeat":"repeat","background-position":"center center","background-size":"auto","background-attachment":"scroll","background-type":"","background-media":"","overlay-type":"","overlay-color":"","overlay-opacity":"","overlay-gradient":""},"mobile":{"background-color":"","background-image":"","background-repeat":"repeat","background-position":"center center","background-size":"auto","background-attachment":"scroll","background-type":"","background-media":"","overlay-type":"","overlay-color":"","overlay-opacity":"","overlay-gradient":""}},"ast-content-background-meta":{"desktop":{"background-color":"var(--ast-global-color-5)","background-image":"","background-repeat":"repeat","background-position":"center center","background-size":"auto","background-attachment":"scroll","background-type":"","background-media":"","overlay-type":"","overlay-color":"","overlay-opacity":"","overlay-gradient":""},"tablet":{"background-color":"var(--ast-global-color-5)","background-image":"","background-repeat":"repeat","background-position":"center center","background-size":"auto","background-attachment":"scroll","background-type":"","background-media":"","overlay-type":"","overlay-color":"","overlay-opacity":"","overlay-gradient":""},"mobile":{"background-color":"var(--ast-global-color-5)","background-image":"","background-repeat":"repeat","background-position":"center center","background-size":"auto","background-attachment":"scroll","background-type":"","background-media":"","overlay-type":"","overlay-color":"","overlay-opacity":"","overlay-gradient":""}}},"product_brand":[],"product_cat":[182,193],"product_tag":[],"class_list":{"0":"post-13703","1":"product","2":"type-product","3":"status-publish","4":"has-post-thumbnail","6":"product_cat-_","7":"product_cat--_","8":"pa_-roman","9":"pa_-jan-dost","10":"pa_-kurmanci","11":"pa_--ramina","12":"desktop-align-left","13":"tablet-align-left","14":"mobile-align-left","16":"first","17":"instock","18":"shipping-taxable","19":"purchasable","20":"product-type-simple"},"yoast_head":"<!-- This site is optimized with the Yoast SEO plugin v27.4 - https:\/\/yoast.com\/product\/yoast-seo-wordpress\/ -->\n<title>Otob\u00fbsa Kesk - Jan Dost - www.shanabooks.de<\/title>\n<meta name=\"description\" content=\"Otob\u00fbsa Kesk - Jan Dost Xelk ji tax\u00ean hilwe\u015fiyay\u00ee kom bi kom \u00fb tekatek dihatin \u00fb li wesayitek\u00ea digeriyan ku wan bigih\u00eene hema \u00e7i dever\u00ea be...\" \/>\n<meta name=\"robots\" content=\"index, follow, max-snippet:-1, max-image-preview:large, max-video-preview:-1\" \/>\n<link rel=\"canonical\" href=\"https:\/\/shanabooks.de\/product\/otobusa-kesk-jan-dost\/\" \/>\n<meta property=\"og:locale\" content=\"en_US\" \/>\n<meta property=\"og:type\" content=\"article\" \/>\n<meta property=\"og:title\" content=\"Otob\u00fbsa Kesk - Jan Dost - www.shanabooks.de\" \/>\n<meta property=\"og:description\" content=\"Otob\u00fbsa Kesk - Jan Dost Xelk ji tax\u00ean hilwe\u015fiyay\u00ee kom bi kom \u00fb tekatek dihatin \u00fb li wesayitek\u00ea digeriyan ku wan bigih\u00eene hema \u00e7i dever\u00ea be...\" \/>\n<meta property=\"og:url\" content=\"https:\/\/shanabooks.de\/product\/otobusa-kesk-jan-dost\/\" \/>\n<meta property=\"og:site_name\" content=\"www.shanabooks.de\" \/>\n<meta property=\"article:modified_time\" content=\"2024-03-05T18:16:40+00:00\" \/>\n<meta property=\"og:image\" content=\"https:\/\/shanabooks.de\/wp-content\/uploads\/2024\/01\/Otobusa-Kesk.jpg\" \/>\n\t<meta property=\"og:image:width\" content=\"403\" \/>\n\t<meta property=\"og:image:height\" content=\"597\" \/>\n\t<meta property=\"og:image:type\" content=\"image\/jpeg\" \/>\n<meta name=\"twitter:card\" content=\"summary_large_image\" \/>\n<meta name=\"twitter:label1\" content=\"Est. reading time\" \/>\n\t<meta name=\"twitter:data1\" content=\"1 minute\" \/>\n<script type=\"application\/ld+json\" class=\"yoast-schema-graph\">{\"@context\":\"https:\\\/\\\/schema.org\",\"@graph\":[{\"@type\":\"WebPage\",\"@id\":\"https:\\\/\\\/shanabooks.de\\\/product\\\/otobusa-kesk-jan-dost\\\/\",\"url\":\"https:\\\/\\\/shanabooks.de\\\/product\\\/otobusa-kesk-jan-dost\\\/\",\"name\":\"Otob\u00fbsa Kesk - Jan Dost - www.shanabooks.de\",\"isPartOf\":{\"@id\":\"https:\\\/\\\/shanabooks.de\\\/#website\"},\"primaryImageOfPage\":{\"@id\":\"https:\\\/\\\/shanabooks.de\\\/product\\\/otobusa-kesk-jan-dost\\\/#primaryimage\"},\"image\":{\"@id\":\"https:\\\/\\\/shanabooks.de\\\/product\\\/otobusa-kesk-jan-dost\\\/#primaryimage\"},\"thumbnailUrl\":\"https:\\\/\\\/shanabooks.de\\\/wp-content\\\/uploads\\\/2024\\\/01\\\/Otobusa-Kesk.jpg\",\"datePublished\":\"2024-03-03T19:52:01+00:00\",\"dateModified\":\"2024-03-05T18:16:40+00:00\",\"description\":\"Otob\u00fbsa Kesk - Jan Dost Xelk ji tax\u00ean hilwe\u015fiyay\u00ee kom bi kom \u00fb tekatek dihatin \u00fb li wesayitek\u00ea digeriyan ku wan bigih\u00eene hema \u00e7i dever\u00ea be...\",\"breadcrumb\":{\"@id\":\"https:\\\/\\\/shanabooks.de\\\/product\\\/otobusa-kesk-jan-dost\\\/#breadcrumb\"},\"inLanguage\":\"kur\",\"potentialAction\":[{\"@type\":\"ReadAction\",\"target\":[\"https:\\\/\\\/shanabooks.de\\\/product\\\/otobusa-kesk-jan-dost\\\/\"]}]},{\"@type\":\"ImageObject\",\"inLanguage\":\"kur\",\"@id\":\"https:\\\/\\\/shanabooks.de\\\/product\\\/otobusa-kesk-jan-dost\\\/#primaryimage\",\"url\":\"https:\\\/\\\/shanabooks.de\\\/wp-content\\\/uploads\\\/2024\\\/01\\\/Otobusa-Kesk.jpg\",\"contentUrl\":\"https:\\\/\\\/shanabooks.de\\\/wp-content\\\/uploads\\\/2024\\\/01\\\/Otobusa-Kesk.jpg\",\"width\":403,\"height\":597,\"caption\":\"Otob\u00fbsa Kesk - Jan Dost - pirt\u00fbk\u00ean kurd\u00ee\"},{\"@type\":\"BreadcrumbList\",\"@id\":\"https:\\\/\\\/shanabooks.de\\\/product\\\/otobusa-kesk-jan-dost\\\/#breadcrumb\",\"itemListElement\":[{\"@type\":\"ListItem\",\"position\":1,\"name\":\"\u0627\u0644\u0631\u0626\u064a\u0633\u064a\u0629\",\"item\":\"https:\\\/\\\/shanabooks.de\\\/kur\\\/\"},{\"@type\":\"ListItem\",\"position\":2,\"name\":\"\u0627\u0644\u0645\u0646\u062a\u062c\u0627\u062a\",\"item\":\"https:\\\/\\\/shanabooks.de\\\/shop\\\/\"},{\"@type\":\"ListItem\",\"position\":3,\"name\":\"Otob\u00fbsa Kesk\"}]},{\"@type\":\"WebSite\",\"@id\":\"https:\\\/\\\/shanabooks.de\\\/#website\",\"url\":\"https:\\\/\\\/shanabooks.de\\\/\",\"name\":\"www.shanbooks.de\",\"description\":\"C\u00eehana Pirt\u00fbk\u00ean Kurd\u00ee \u0645\u0643\u062a\u0628\u0629 \u0634\u0627\u0646\u0627 \u0641\u064a \u0627\u0644\u0645\u0627\u0646\u064a\u0627 \u0648\u0623\u0648\u0631\u0628\u0627\",\"publisher\":{\"@id\":\"https:\\\/\\\/shanabooks.de\\\/#organization\"},\"potentialAction\":[{\"@type\":\"SearchAction\",\"target\":{\"@type\":\"EntryPoint\",\"urlTemplate\":\"https:\\\/\\\/shanabooks.de\\\/?s={search_term_string}\"},\"query-input\":{\"@type\":\"PropertyValueSpecification\",\"valueRequired\":true,\"valueName\":\"search_term_string\"}}],\"inLanguage\":\"kur\"},{\"@type\":\"Organization\",\"@id\":\"https:\\\/\\\/shanabooks.de\\\/#organization\",\"name\":\"www.shanbooks.de\",\"url\":\"https:\\\/\\\/shanabooks.de\\\/\",\"logo\":{\"@type\":\"ImageObject\",\"inLanguage\":\"kur\",\"@id\":\"https:\\\/\\\/shanabooks.de\\\/#\\\/schema\\\/logo\\\/image\\\/\",\"url\":\"https:\\\/\\\/shanabooks.de\\\/wp-content\\\/uploads\\\/2024\\\/03\\\/SHANABOOKS__2_-removebg-preview.png\",\"contentUrl\":\"https:\\\/\\\/shanabooks.de\\\/wp-content\\\/uploads\\\/2024\\\/03\\\/SHANABOOKS__2_-removebg-preview.png\",\"width\":700,\"height\":150,\"caption\":\"www.shanbooks.de\"},\"image\":{\"@id\":\"https:\\\/\\\/shanabooks.de\\\/#\\\/schema\\\/logo\\\/image\\\/\"}}]}<\/script>\n<!-- \/ Yoast SEO plugin. -->","yoast_head_json":{"title":"Otob\u00fbsa Kesk - Jan Dost - www.shanabooks.de","description":"Otob\u00fbsa Kesk - Jan Dost Xelk ji tax\u00ean hilwe\u015fiyay\u00ee kom bi kom \u00fb tekatek dihatin \u00fb li wesayitek\u00ea digeriyan ku wan bigih\u00eene hema \u00e7i dever\u00ea be...","robots":{"index":"index","follow":"follow","max-snippet":"max-snippet:-1","max-image-preview":"max-image-preview:large","max-video-preview":"max-video-preview:-1"},"canonical":"https:\/\/shanabooks.de\/product\/otobusa-kesk-jan-dost\/","og_locale":"en_US","og_type":"article","og_title":"Otob\u00fbsa Kesk - Jan Dost - www.shanabooks.de","og_description":"Otob\u00fbsa Kesk - Jan Dost Xelk ji tax\u00ean hilwe\u015fiyay\u00ee kom bi kom \u00fb tekatek dihatin \u00fb li wesayitek\u00ea digeriyan ku wan bigih\u00eene hema \u00e7i dever\u00ea be...","og_url":"https:\/\/shanabooks.de\/product\/otobusa-kesk-jan-dost\/","og_site_name":"www.shanabooks.de","article_modified_time":"2024-03-05T18:16:40+00:00","og_image":[{"width":403,"height":597,"url":"https:\/\/shanabooks.de\/wp-content\/uploads\/2024\/01\/Otobusa-Kesk.jpg","type":"image\/jpeg"}],"twitter_card":"summary_large_image","twitter_misc":{"Est. reading time":"1 minute"},"schema":{"@context":"https:\/\/schema.org","@graph":[{"@type":"WebPage","@id":"https:\/\/shanabooks.de\/product\/otobusa-kesk-jan-dost\/","url":"https:\/\/shanabooks.de\/product\/otobusa-kesk-jan-dost\/","name":"Otob\u00fbsa Kesk - Jan Dost - www.shanabooks.de","isPartOf":{"@id":"https:\/\/shanabooks.de\/#website"},"primaryImageOfPage":{"@id":"https:\/\/shanabooks.de\/product\/otobusa-kesk-jan-dost\/#primaryimage"},"image":{"@id":"https:\/\/shanabooks.de\/product\/otobusa-kesk-jan-dost\/#primaryimage"},"thumbnailUrl":"https:\/\/shanabooks.de\/wp-content\/uploads\/2024\/01\/Otobusa-Kesk.jpg","datePublished":"2024-03-03T19:52:01+00:00","dateModified":"2024-03-05T18:16:40+00:00","description":"Otob\u00fbsa Kesk - Jan Dost Xelk ji tax\u00ean hilwe\u015fiyay\u00ee kom bi kom \u00fb tekatek dihatin \u00fb li wesayitek\u00ea digeriyan ku wan bigih\u00eene hema \u00e7i dever\u00ea be...","breadcrumb":{"@id":"https:\/\/shanabooks.de\/product\/otobusa-kesk-jan-dost\/#breadcrumb"},"inLanguage":"kur","potentialAction":[{"@type":"ReadAction","target":["https:\/\/shanabooks.de\/product\/otobusa-kesk-jan-dost\/"]}]},{"@type":"ImageObject","inLanguage":"kur","@id":"https:\/\/shanabooks.de\/product\/otobusa-kesk-jan-dost\/#primaryimage","url":"https:\/\/shanabooks.de\/wp-content\/uploads\/2024\/01\/Otobusa-Kesk.jpg","contentUrl":"https:\/\/shanabooks.de\/wp-content\/uploads\/2024\/01\/Otobusa-Kesk.jpg","width":403,"height":597,"caption":"Otob\u00fbsa Kesk - Jan Dost - pirt\u00fbk\u00ean kurd\u00ee"},{"@type":"BreadcrumbList","@id":"https:\/\/shanabooks.de\/product\/otobusa-kesk-jan-dost\/#breadcrumb","itemListElement":[{"@type":"ListItem","position":1,"name":"\u0627\u0644\u0631\u0626\u064a\u0633\u064a\u0629","item":"https:\/\/shanabooks.de\/kur\/"},{"@type":"ListItem","position":2,"name":"\u0627\u0644\u0645\u0646\u062a\u062c\u0627\u062a","item":"https:\/\/shanabooks.de\/shop\/"},{"@type":"ListItem","position":3,"name":"Otob\u00fbsa Kesk"}]},{"@type":"WebSite","@id":"https:\/\/shanabooks.de\/#website","url":"https:\/\/shanabooks.de\/","name":"www.shanbooks.de","description":"C\u00eehana Pirt\u00fbk\u00ean Kurd\u00ee \u0645\u0643\u062a\u0628\u0629 \u0634\u0627\u0646\u0627 \u0641\u064a \u0627\u0644\u0645\u0627\u0646\u064a\u0627 \u0648\u0623\u0648\u0631\u0628\u0627","publisher":{"@id":"https:\/\/shanabooks.de\/#organization"},"potentialAction":[{"@type":"SearchAction","target":{"@type":"EntryPoint","urlTemplate":"https:\/\/shanabooks.de\/?s={search_term_string}"},"query-input":{"@type":"PropertyValueSpecification","valueRequired":true,"valueName":"search_term_string"}}],"inLanguage":"kur"},{"@type":"Organization","@id":"https:\/\/shanabooks.de\/#organization","name":"www.shanbooks.de","url":"https:\/\/shanabooks.de\/","logo":{"@type":"ImageObject","inLanguage":"kur","@id":"https:\/\/shanabooks.de\/#\/schema\/logo\/image\/","url":"https:\/\/shanabooks.de\/wp-content\/uploads\/2024\/03\/SHANABOOKS__2_-removebg-preview.png","contentUrl":"https:\/\/shanabooks.de\/wp-content\/uploads\/2024\/03\/SHANABOOKS__2_-removebg-preview.png","width":700,"height":150,"caption":"www.shanbooks.de"},"image":{"@id":"https:\/\/shanabooks.de\/#\/schema\/logo\/image\/"}}]}},"jetpack_sharing_enabled":true,"_links":{"self":[{"href":"https:\/\/shanabooks.de\/kur\/wp-json\/wp\/v2\/product\/13703","targetHints":{"allow":["GET"]}}],"collection":[{"href":"https:\/\/shanabooks.de\/kur\/wp-json\/wp\/v2\/product"}],"about":[{"href":"https:\/\/shanabooks.de\/kur\/wp-json\/wp\/v2\/types\/product"}],"version-history":[{"count":2,"href":"https:\/\/shanabooks.de\/kur\/wp-json\/wp\/v2\/product\/13703\/revisions"}],"predecessor-version":[{"id":13909,"href":"https:\/\/shanabooks.de\/kur\/wp-json\/wp\/v2\/product\/13703\/revisions\/13909"}],"wp:featuredmedia":[{"embeddable":true,"href":"https:\/\/shanabooks.de\/kur\/wp-json\/wp\/v2\/media\/6721"}],"wp:attachment":[{"href":"https:\/\/shanabooks.de\/kur\/wp-json\/wp\/v2\/media?parent=13703"}],"wp:term":[{"taxonomy":"product_brand","embeddable":true,"href":"https:\/\/shanabooks.de\/kur\/wp-json\/wp\/v2\/product_brand?post=13703"},{"taxonomy":"product_cat","embeddable":true,"href":"https:\/\/shanabooks.de\/kur\/wp-json\/wp\/v2\/product_cat?post=13703"},{"taxonomy":"product_tag","embeddable":true,"href":"https:\/\/shanabooks.de\/kur\/wp-json\/wp\/v2\/product_tag?post=13703"}],"curies":[{"name":"wp","href":"https:\/\/api.w.org\/{rel}","templated":true}]}}