{"id":13720,"date":"2024-03-03T19:52:03","date_gmt":"2024-03-03T19:52:03","guid":{"rendered":"https:\/\/shanabooks.de\/?post_type=product&#038;p=13720"},"modified":"2025-12-31T17:46:57","modified_gmt":"2025-12-31T17:46:57","slug":"quling-ewr-u-ba","status":"publish","type":"product","link":"https:\/\/shanabooks.de\/kur\/product\/quling-ewr-u-ba\/","title":{"rendered":"Quling, Ewr \u00fb Ba"},"content":{"rendered":"<p style=\"text-align: left\"><strong>Quling, Ewr \u00fb Ba &#8211; Mem Ararat<\/strong><\/p>\n<p style=\"text-align: left\">Mem Ararat bi muz\u00eeka xwe r\u00eaya xwe bi \u015fikeft\u00ean ve\u015fart\u00ee y\u00ean rih\u00ea me xistib\u00fb \u00fb bi deng\u00ea w\u00ee y\u00ea xembar em hinek\u00ee din j\u00ee li xwe mikur hatib\u00fbn.<\/p>\n<p style=\"text-align: left\">Ararat \u00eejar bi rist\u00ean xwe, di nava du qad\u00ean huner\u00ea de (ku hem\u00fb curey\u00ean huner\u00ea hinek\u00ee hevdu xwed\u00ee dikin \u00fb hinek j\u00ee ji hev dixun) pirek e resen dihone. Ji \u00e7em\u00ea rih\u00ea xwe y\u00ea dengzelal cihok\u00ean n\u00fb vedike. Bi rist\u00ean xwe y\u00ean mi\u015ft xem, mi\u015ft xewn, mi\u015ft kurmanc \u00fb mi\u015ft em, tenik tenik diherike nava behra edebiyat\u00ea \u00fb kulm bi kulm av dide.<\/p>\n<p style=\"text-align: left\">Gul\u00eezer<\/p>\n","protected":false},"excerpt":{"rendered":"<p style=\"text-align: center\"><strong>Pirt\u00fbk: Quling, Ewr \u00fb Ba<br \/>\nNiv\u00eeskar: Mem Ararat<br \/>\nCure: Helbest<\/strong><\/p>\n","protected":false},"featured_media":6770,"template":"","meta":{"site-sidebar-layout":"default","site-content-layout":"","ast-site-content-layout":"default","site-content-style":"default","site-sidebar-style":"default","ast-global-header-display":"","ast-banner-title-visibility":"","ast-main-header-display":"","ast-hfb-above-header-display":"","ast-hfb-below-header-display":"","ast-hfb-mobile-header-display":"","site-post-title":"","ast-breadcrumbs-content":"","ast-featured-img":"","footer-sml-layout":"","ast-disable-related-posts":"","theme-transparent-header-meta":"default","adv-header-id-meta":"","stick-header-meta":"","header-above-stick-meta":"","header-main-stick-meta":"","header-below-stick-meta":"","astra-migrate-meta-layouts":"set","ast-page-background-enabled":"default","ast-page-background-meta":{"desktop":{"background-color":"","background-image":"","background-repeat":"repeat","background-position":"center center","background-size":"auto","background-attachment":"scroll","background-type":"","background-media":"","overlay-type":"","overlay-color":"","overlay-opacity":"","overlay-gradient":""},"tablet":{"background-color":"","background-image":"","background-repeat":"repeat","background-position":"center center","background-size":"auto","background-attachment":"scroll","background-type":"","background-media":"","overlay-type":"","overlay-color":"","overlay-opacity":"","overlay-gradient":""},"mobile":{"background-color":"","background-image":"","background-repeat":"repeat","background-position":"center center","background-size":"auto","background-attachment":"scroll","background-type":"","background-media":"","overlay-type":"","overlay-color":"","overlay-opacity":"","overlay-gradient":""}},"ast-content-background-meta":{"desktop":{"background-color":"var(--ast-global-color-5)","background-image":"","background-repeat":"repeat","background-position":"center center","background-size":"auto","background-attachment":"scroll","background-type":"","background-media":"","overlay-type":"","overlay-color":"","overlay-opacity":"","overlay-gradient":""},"tablet":{"background-color":"var(--ast-global-color-5)","background-image":"","background-repeat":"repeat","background-position":"center center","background-size":"auto","background-attachment":"scroll","background-type":"","background-media":"","overlay-type":"","overlay-color":"","overlay-opacity":"","overlay-gradient":""},"mobile":{"background-color":"var(--ast-global-color-5)","background-image":"","background-repeat":"repeat","background-position":"center center","background-size":"auto","background-attachment":"scroll","background-type":"","background-media":"","overlay-type":"","overlay-color":"","overlay-opacity":"","overlay-gradient":""}}},"product_brand":[],"product_cat":[184,193],"product_tag":[],"class_list":{"0":"post-13720","1":"product","2":"type-product","3":"status-publish","4":"has-post-thumbnail","6":"product_cat-_","7":"product_cat--_","8":"pa_-helbest","9":"pa_-mem-ararat","10":"pa_-kurmanci","11":"pa_--ziz-yayinlari","12":"desktop-align-left","13":"tablet-align-left","14":"mobile-align-left","16":"first","17":"outofstock","18":"shipping-taxable","19":"purchasable","20":"product-type-simple"},"yoast_head":"<!-- This site is optimized with the Yoast SEO plugin v27.5 - https:\/\/yoast.com\/product\/yoast-seo-wordpress\/ -->\n<title>Quling Ewr \u00fb Ba - Mem Ararat - www.shanabooks.de<\/title>\n<meta name=\"description\" content=\"Quling, Ewr \u00fb Ba - Mem Ararat bi muz\u00eeka xwe r\u00eaya xwe bi \u015fikeft\u00ean ve\u015fart\u00ee y\u00ean rih\u00ea me xistib\u00fb \u00fb bi deng\u00ea w\u00ee y\u00ea xembar em hinek\u00ee din j\u00ee li xwe mik..\" \/>\n<meta name=\"robots\" content=\"index, follow, max-snippet:-1, max-image-preview:large, max-video-preview:-1\" \/>\n<link rel=\"canonical\" href=\"https:\/\/shanabooks.de\/product\/quling-ewr-u-ba\/\" \/>\n<meta property=\"og:locale\" content=\"en_US\" \/>\n<meta property=\"og:type\" content=\"article\" \/>\n<meta property=\"og:title\" content=\"Quling Ewr \u00fb Ba - Mem Ararat - www.shanabooks.de\" \/>\n<meta property=\"og:description\" content=\"Quling, Ewr \u00fb Ba - Mem Ararat bi muz\u00eeka xwe r\u00eaya xwe bi \u015fikeft\u00ean ve\u015fart\u00ee y\u00ean rih\u00ea me xistib\u00fb \u00fb bi deng\u00ea w\u00ee y\u00ea xembar em hinek\u00ee din j\u00ee li xwe mik..\" \/>\n<meta property=\"og:url\" content=\"https:\/\/shanabooks.de\/product\/quling-ewr-u-ba\/\" \/>\n<meta property=\"og:site_name\" content=\"www.shanabooks.de\" \/>\n<meta property=\"article:modified_time\" content=\"2025-12-31T17:46:57+00:00\" \/>\n<meta property=\"og:image\" content=\"https:\/\/shanabooks.de\/wp-content\/uploads\/2024\/01\/quling-ewr-ba-e1708874409841.webp\" \/>\n\t<meta property=\"og:image:width\" content=\"191\" \/>\n\t<meta property=\"og:image:height\" content=\"300\" \/>\n\t<meta property=\"og:image:type\" content=\"image\/webp\" \/>\n<meta name=\"twitter:card\" content=\"summary_large_image\" \/>\n<meta name=\"twitter:label1\" content=\"Est. reading time\" \/>\n\t<meta name=\"twitter:data1\" content=\"1 minute\" \/>\n<script type=\"application\/ld+json\" class=\"yoast-schema-graph\">{\"@context\":\"https:\\\/\\\/schema.org\",\"@graph\":[{\"@type\":\"WebPage\",\"@id\":\"https:\\\/\\\/shanabooks.de\\\/product\\\/quling-ewr-u-ba\\\/\",\"url\":\"https:\\\/\\\/shanabooks.de\\\/product\\\/quling-ewr-u-ba\\\/\",\"name\":\"Quling Ewr \u00fb Ba - Mem Ararat - www.shanabooks.de\",\"isPartOf\":{\"@id\":\"https:\\\/\\\/shanabooks.de\\\/#website\"},\"primaryImageOfPage\":{\"@id\":\"https:\\\/\\\/shanabooks.de\\\/product\\\/quling-ewr-u-ba\\\/#primaryimage\"},\"image\":{\"@id\":\"https:\\\/\\\/shanabooks.de\\\/product\\\/quling-ewr-u-ba\\\/#primaryimage\"},\"thumbnailUrl\":\"https:\\\/\\\/shanabooks.de\\\/wp-content\\\/uploads\\\/2024\\\/01\\\/quling-ewr-ba-e1708874409841.webp\",\"datePublished\":\"2024-03-03T19:52:03+00:00\",\"dateModified\":\"2025-12-31T17:46:57+00:00\",\"description\":\"Quling, Ewr \u00fb Ba - Mem Ararat bi muz\u00eeka xwe r\u00eaya xwe bi \u015fikeft\u00ean ve\u015fart\u00ee y\u00ean rih\u00ea me xistib\u00fb \u00fb bi deng\u00ea w\u00ee y\u00ea xembar em hinek\u00ee din j\u00ee li xwe mik..\",\"breadcrumb\":{\"@id\":\"https:\\\/\\\/shanabooks.de\\\/product\\\/quling-ewr-u-ba\\\/#breadcrumb\"},\"inLanguage\":\"kur\",\"potentialAction\":[{\"@type\":\"ReadAction\",\"target\":[\"https:\\\/\\\/shanabooks.de\\\/product\\\/quling-ewr-u-ba\\\/\"]}]},{\"@type\":\"ImageObject\",\"inLanguage\":\"kur\",\"@id\":\"https:\\\/\\\/shanabooks.de\\\/product\\\/quling-ewr-u-ba\\\/#primaryimage\",\"url\":\"https:\\\/\\\/shanabooks.de\\\/wp-content\\\/uploads\\\/2024\\\/01\\\/quling-ewr-ba-e1708874409841.webp\",\"contentUrl\":\"https:\\\/\\\/shanabooks.de\\\/wp-content\\\/uploads\\\/2024\\\/01\\\/quling-ewr-ba-e1708874409841.webp\",\"width\":191,\"height\":300,\"caption\":\"Mem Ararat - Quling Ewr \u00fb Ba Pirt\u00fbk\u00ean kurd\u00ee Helbest\"},{\"@type\":\"BreadcrumbList\",\"@id\":\"https:\\\/\\\/shanabooks.de\\\/product\\\/quling-ewr-u-ba\\\/#breadcrumb\",\"itemListElement\":[{\"@type\":\"ListItem\",\"position\":1,\"name\":\"\u0627\u0644\u0631\u0626\u064a\u0633\u064a\u0629\",\"item\":\"https:\\\/\\\/shanabooks.de\\\/kur\\\/\"},{\"@type\":\"ListItem\",\"position\":2,\"name\":\"\u0627\u0644\u0645\u0646\u062a\u062c\u0627\u062a\",\"item\":\"https:\\\/\\\/shanabooks.de\\\/shop\\\/\"},{\"@type\":\"ListItem\",\"position\":3,\"name\":\"Quling, Ewr \u00fb Ba\"}]},{\"@type\":\"WebSite\",\"@id\":\"https:\\\/\\\/shanabooks.de\\\/#website\",\"url\":\"https:\\\/\\\/shanabooks.de\\\/\",\"name\":\"www.shanbooks.de\",\"description\":\"C\u00eehana Pirt\u00fbk\u00ean Kurd\u00ee \u0645\u0643\u062a\u0628\u0629 \u0634\u0627\u0646\u0627 \u0641\u064a \u0627\u0644\u0645\u0627\u0646\u064a\u0627 \u0648\u0623\u0648\u0631\u0628\u0627\",\"publisher\":{\"@id\":\"https:\\\/\\\/shanabooks.de\\\/#organization\"},\"potentialAction\":[{\"@type\":\"SearchAction\",\"target\":{\"@type\":\"EntryPoint\",\"urlTemplate\":\"https:\\\/\\\/shanabooks.de\\\/?s={search_term_string}\"},\"query-input\":{\"@type\":\"PropertyValueSpecification\",\"valueRequired\":true,\"valueName\":\"search_term_string\"}}],\"inLanguage\":\"kur\"},{\"@type\":\"Organization\",\"@id\":\"https:\\\/\\\/shanabooks.de\\\/#organization\",\"name\":\"www.shanbooks.de\",\"url\":\"https:\\\/\\\/shanabooks.de\\\/\",\"logo\":{\"@type\":\"ImageObject\",\"inLanguage\":\"kur\",\"@id\":\"https:\\\/\\\/shanabooks.de\\\/#\\\/schema\\\/logo\\\/image\\\/\",\"url\":\"https:\\\/\\\/shanabooks.de\\\/wp-content\\\/uploads\\\/2024\\\/03\\\/SHANABOOKS__2_-removebg-preview.png\",\"contentUrl\":\"https:\\\/\\\/shanabooks.de\\\/wp-content\\\/uploads\\\/2024\\\/03\\\/SHANABOOKS__2_-removebg-preview.png\",\"width\":700,\"height\":150,\"caption\":\"www.shanbooks.de\"},\"image\":{\"@id\":\"https:\\\/\\\/shanabooks.de\\\/#\\\/schema\\\/logo\\\/image\\\/\"}}]}<\/script>\n<!-- \/ Yoast SEO plugin. -->","yoast_head_json":{"title":"Quling Ewr \u00fb Ba - Mem Ararat - www.shanabooks.de","description":"Quling, Ewr \u00fb Ba - Mem Ararat bi muz\u00eeka xwe r\u00eaya xwe bi \u015fikeft\u00ean ve\u015fart\u00ee y\u00ean rih\u00ea me xistib\u00fb \u00fb bi deng\u00ea w\u00ee y\u00ea xembar em hinek\u00ee din j\u00ee li xwe mik..","robots":{"index":"index","follow":"follow","max-snippet":"max-snippet:-1","max-image-preview":"max-image-preview:large","max-video-preview":"max-video-preview:-1"},"canonical":"https:\/\/shanabooks.de\/product\/quling-ewr-u-ba\/","og_locale":"en_US","og_type":"article","og_title":"Quling Ewr \u00fb Ba - Mem Ararat - www.shanabooks.de","og_description":"Quling, Ewr \u00fb Ba - Mem Ararat bi muz\u00eeka xwe r\u00eaya xwe bi \u015fikeft\u00ean ve\u015fart\u00ee y\u00ean rih\u00ea me xistib\u00fb \u00fb bi deng\u00ea w\u00ee y\u00ea xembar em hinek\u00ee din j\u00ee li xwe mik..","og_url":"https:\/\/shanabooks.de\/product\/quling-ewr-u-ba\/","og_site_name":"www.shanabooks.de","article_modified_time":"2025-12-31T17:46:57+00:00","og_image":[{"width":191,"height":300,"url":"https:\/\/shanabooks.de\/wp-content\/uploads\/2024\/01\/quling-ewr-ba-e1708874409841.webp","type":"image\/webp"}],"twitter_card":"summary_large_image","twitter_misc":{"Est. reading time":"1 minute"},"schema":{"@context":"https:\/\/schema.org","@graph":[{"@type":"WebPage","@id":"https:\/\/shanabooks.de\/product\/quling-ewr-u-ba\/","url":"https:\/\/shanabooks.de\/product\/quling-ewr-u-ba\/","name":"Quling Ewr \u00fb Ba - Mem Ararat - www.shanabooks.de","isPartOf":{"@id":"https:\/\/shanabooks.de\/#website"},"primaryImageOfPage":{"@id":"https:\/\/shanabooks.de\/product\/quling-ewr-u-ba\/#primaryimage"},"image":{"@id":"https:\/\/shanabooks.de\/product\/quling-ewr-u-ba\/#primaryimage"},"thumbnailUrl":"https:\/\/shanabooks.de\/wp-content\/uploads\/2024\/01\/quling-ewr-ba-e1708874409841.webp","datePublished":"2024-03-03T19:52:03+00:00","dateModified":"2025-12-31T17:46:57+00:00","description":"Quling, Ewr \u00fb Ba - Mem Ararat bi muz\u00eeka xwe r\u00eaya xwe bi \u015fikeft\u00ean ve\u015fart\u00ee y\u00ean rih\u00ea me xistib\u00fb \u00fb bi deng\u00ea w\u00ee y\u00ea xembar em hinek\u00ee din j\u00ee li xwe mik..","breadcrumb":{"@id":"https:\/\/shanabooks.de\/product\/quling-ewr-u-ba\/#breadcrumb"},"inLanguage":"kur","potentialAction":[{"@type":"ReadAction","target":["https:\/\/shanabooks.de\/product\/quling-ewr-u-ba\/"]}]},{"@type":"ImageObject","inLanguage":"kur","@id":"https:\/\/shanabooks.de\/product\/quling-ewr-u-ba\/#primaryimage","url":"https:\/\/shanabooks.de\/wp-content\/uploads\/2024\/01\/quling-ewr-ba-e1708874409841.webp","contentUrl":"https:\/\/shanabooks.de\/wp-content\/uploads\/2024\/01\/quling-ewr-ba-e1708874409841.webp","width":191,"height":300,"caption":"Mem Ararat - Quling Ewr \u00fb Ba Pirt\u00fbk\u00ean kurd\u00ee Helbest"},{"@type":"BreadcrumbList","@id":"https:\/\/shanabooks.de\/product\/quling-ewr-u-ba\/#breadcrumb","itemListElement":[{"@type":"ListItem","position":1,"name":"\u0627\u0644\u0631\u0626\u064a\u0633\u064a\u0629","item":"https:\/\/shanabooks.de\/kur\/"},{"@type":"ListItem","position":2,"name":"\u0627\u0644\u0645\u0646\u062a\u062c\u0627\u062a","item":"https:\/\/shanabooks.de\/shop\/"},{"@type":"ListItem","position":3,"name":"Quling, Ewr \u00fb Ba"}]},{"@type":"WebSite","@id":"https:\/\/shanabooks.de\/#website","url":"https:\/\/shanabooks.de\/","name":"www.shanbooks.de","description":"C\u00eehana Pirt\u00fbk\u00ean Kurd\u00ee \u0645\u0643\u062a\u0628\u0629 \u0634\u0627\u0646\u0627 \u0641\u064a \u0627\u0644\u0645\u0627\u0646\u064a\u0627 \u0648\u0623\u0648\u0631\u0628\u0627","publisher":{"@id":"https:\/\/shanabooks.de\/#organization"},"potentialAction":[{"@type":"SearchAction","target":{"@type":"EntryPoint","urlTemplate":"https:\/\/shanabooks.de\/?s={search_term_string}"},"query-input":{"@type":"PropertyValueSpecification","valueRequired":true,"valueName":"search_term_string"}}],"inLanguage":"kur"},{"@type":"Organization","@id":"https:\/\/shanabooks.de\/#organization","name":"www.shanbooks.de","url":"https:\/\/shanabooks.de\/","logo":{"@type":"ImageObject","inLanguage":"kur","@id":"https:\/\/shanabooks.de\/#\/schema\/logo\/image\/","url":"https:\/\/shanabooks.de\/wp-content\/uploads\/2024\/03\/SHANABOOKS__2_-removebg-preview.png","contentUrl":"https:\/\/shanabooks.de\/wp-content\/uploads\/2024\/03\/SHANABOOKS__2_-removebg-preview.png","width":700,"height":150,"caption":"www.shanbooks.de"},"image":{"@id":"https:\/\/shanabooks.de\/#\/schema\/logo\/image\/"}}]}},"jetpack_sharing_enabled":true,"_links":{"self":[{"href":"https:\/\/shanabooks.de\/kur\/wp-json\/wp\/v2\/product\/13720","targetHints":{"allow":["GET"]}}],"collection":[{"href":"https:\/\/shanabooks.de\/kur\/wp-json\/wp\/v2\/product"}],"about":[{"href":"https:\/\/shanabooks.de\/kur\/wp-json\/wp\/v2\/types\/product"}],"version-history":[{"count":3,"href":"https:\/\/shanabooks.de\/kur\/wp-json\/wp\/v2\/product\/13720\/revisions"}],"predecessor-version":[{"id":24432,"href":"https:\/\/shanabooks.de\/kur\/wp-json\/wp\/v2\/product\/13720\/revisions\/24432"}],"wp:featuredmedia":[{"embeddable":true,"href":"https:\/\/shanabooks.de\/kur\/wp-json\/wp\/v2\/media\/6770"}],"wp:attachment":[{"href":"https:\/\/shanabooks.de\/kur\/wp-json\/wp\/v2\/media?parent=13720"}],"wp:term":[{"taxonomy":"product_brand","embeddable":true,"href":"https:\/\/shanabooks.de\/kur\/wp-json\/wp\/v2\/product_brand?post=13720"},{"taxonomy":"product_cat","embeddable":true,"href":"https:\/\/shanabooks.de\/kur\/wp-json\/wp\/v2\/product_cat?post=13720"},{"taxonomy":"product_tag","embeddable":true,"href":"https:\/\/shanabooks.de\/kur\/wp-json\/wp\/v2\/product_tag?post=13720"}],"curies":[{"name":"wp","href":"https:\/\/api.w.org\/{rel}","templated":true}]}}