{"id":26036,"date":"2026-02-28T20:03:56","date_gmt":"2026-02-28T20:03:56","guid":{"rendered":"https:\/\/shanabooks.de\/?post_type=product&#038;p=26036"},"modified":"2026-02-28T20:03:57","modified_gmt":"2026-02-28T20:03:57","slug":"%d8%b3%d9%8a%d8%b1%d8%a9-%d8%b9%d8%a7%d8%a8%d8%b1-%d8%a7%d9%84%d8%ba%d8%a7%d9%85-%d8%ad%d9%84%d9%8a%d9%85-%d9%8a%d9%88%d8%b3%d9%81","status":"publish","type":"product","link":"https:\/\/shanabooks.de\/kur\/product\/%d8%b3%d9%8a%d8%b1%d8%a9-%d8%b9%d8%a7%d8%a8%d8%b1-%d8%a7%d9%84%d8%ba%d8%a7%d9%85-%d8%ad%d9%84%d9%8a%d9%85-%d9%8a%d9%88%d8%b3%d9%81\/","title":{"rendered":"\u0633\u064a\u0631\u0629 \u0639\u0627\u0628\u0631 \u0627\u0644\u063a\u0627\u0645"},"content":{"rendered":"<p>\u0633\u064a\u0631\u0629 \u0639\u0627\u0628\u0631 \u0627\u0644\u063a\u0627\u0645 &#8211; \u062d\u0644\u064a\u0645 \u064a\u0648\u0633\u0641<\/p>\n<p>\u0644\u064a\u0633 \u0645\u062c\u0631\u062f \u0639\u0646\u0648\u0627\u0646\u060c \u0628\u0644 \u0627\u0633\u062a\u0639\u0627\u0631\u0629 \u0645\u0643\u062b\u0641\u0629 \u0644\u062d\u064a\u0627\u0629 \u062a\u064f\u0639\u0627\u0634 \u0639\u0644\u0649 \u062d\u0627\u0641\u0629 \u0627\u0644\u062e\u0637\u0631.<br \/>\n\u0641\u064a \u0647\u0630\u0647 \u0627\u0644\u0631\u0648\u0627\u064a\u0629 \u0627\u0644\u0642\u0648\u064a\u0629\u060c \u062a\u062a\u062d\u0648\u0644 \u0627\u0644\u0633\u064a\u0631\u0629 \u0627\u0644\u0630\u0627\u062a\u064a\u0629 \u0625\u0644\u0649 \u0634\u0647\u0627\u062f\u0629 \u0625\u0646\u0633\u0627\u0646\u064a\u0629 \u0639\u0645\u064a\u0642\u0629 \u0639\u0646 \u0627\u0644\u0639\u0628\u0648\u0631 \u0648\u0633\u0637 \u0627\u0644\u0642\u0645\u0639\u060c \u0648\u0627\u0644\u0647\u0648\u064a\u0629 \u0648\u0633\u0637 \u0627\u0644\u062a\u0645\u0632\u0642\u060c \u0648\u0627\u0644\u0623\u0645\u0644 \u0648\u0633\u0637 \u0627\u0644\u062d\u0642\u0648\u0644 \u0627\u0644\u0645\u0632\u0631\u0648\u0639\u0629 \u0628\u0627\u0644\u062e\u0648\u0641.<\/p>\n<p>\u201c\u0627\u0644\u0639\u0627\u0628\u0631\u201d \u0644\u064a\u0633 \u0641\u0642\u0637 \u0645\u0646 \u064a\u0633\u064a\u0631 \u0628\u064a\u0646 \u0627\u0644\u0623\u0644\u063a\u0627\u0645\u060c \u0628\u0644 \u0645\u0646 \u064a\u062a\u0646\u0642\u0644 \u0628\u064a\u0646 \u062b\u0642\u0627\u0641\u0627\u062a \u0648\u0647\u0648\u064a\u0627\u062a \u0648\u0635\u0631\u0627\u0639\u0627\u062a \u062f\u0627\u062e\u0644\u064a\u0629\u060c \u0628\u0627\u062d\u062b\u064b\u0627 \u0639\u0646 \u0630\u0627\u062a\u0647 \u0641\u064a \u0639\u0627\u0644\u0645 \u0645\u0636\u0637\u0631\u0628. \u0623\u0645\u0627 \u201c\u0627\u0644\u0623\u0644\u063a\u0627\u0645\u201d \u0641\u0647\u064a \u0631\u0645\u0648\u0632 \u0644\u0643\u0644 \u0645\u0627 \u064a\u0647\u062f\u062f \u0627\u0644\u0625\u0646\u0633\u0627\u0646: \u0627\u0644\u0642\u0647\u0631 \u0627\u0644\u0633\u064a\u0627\u0633\u064a\u060c \u0627\u0644\u0636\u063a\u0648\u0637 \u0627\u0644\u0627\u062c\u062a\u0645\u0627\u0639\u064a\u0629\u060c \u0627\u0644\u0635\u062f\u0645\u0627\u062a \u0627\u0644\u0646\u0641\u0633\u064a\u0629\u060c \u0648\u0627\u0644\u0645\u0646\u0641\u0649.<\/p>\n<p>\u064a\u0642\u062f\u0645 \u062d\u0644\u064a\u0645 \u064a\u0648\u0633\u0641 \u0633\u064a\u0631\u0629 \u062a\u062a\u062c\u0627\u0648\u0632 \u0627\u0644\u0641\u0631\u062f \u0644\u062a\u0635\u0628\u062d \u0635\u0648\u062a\u064b\u0627 \u0644\u062c\u064a\u0644 \u0643\u0627\u0645\u0644\u060c \u062d\u064a\u062b \u064a\u0645\u062a\u0632\u062c \u0627\u0644\u0646\u0636\u0627\u0644 \u0627\u0644\u0634\u062e\u0635\u064a \u0628\u0627\u0644\u0645\u0642\u0627\u0648\u0645\u0629 \u0627\u0644\u062c\u0645\u0627\u0639\u064a\u0629\u060c \u0648\u064a\u062a\u062d\u0648\u0644 \u0627\u0644\u0633\u0631\u062f \u0625\u0644\u0649 \u0641\u0639\u0644 \u0628\u0642\u0627\u0621\u060c \u0628\u0644 \u0625\u0644\u0649 \u0641\u0639\u0644 \u062d\u0631\u064a\u0629.<br \/>\n\u0631\u0648\u0627\u064a\u0629 \u0639\u0646 \u0627\u0644\u0635\u0645\u0648\u062f\u2026<br \/>\n\u0639\u0646 \u0627\u0644\u0647\u0648\u064a\u0629 \u0641\u064a \u0632\u0645\u0646 \u0627\u0644\u0627\u0646\u0643\u0633\u0627\u0631\u2026<br \/>\n\u0648\u0639\u0646 \u0627\u0644\u0625\u0646\u0633\u0627\u0646 \u0627\u0644\u0630\u064a \u064a\u0648\u0627\u0635\u0644 \u0627\u0644\u0639\u0628\u0648\u0631 \u0631\u063a\u0645 \u0643\u0644 \u0645\u0627 \u062a\u062d\u062a \u0642\u062f\u0645\u064a\u0647 \u0645\u0646 \u0645\u062e\u0627\u0637\u0631.<\/p>\n","protected":false},"excerpt":{"rendered":"<p><strong>\u0627\u0644\u0643\u062a\u0627\u0628: \u0633\u064a\u0631\u0629 \u0639\u0627\u0628\u0631 \u0627\u0644\u063a\u0627\u0645<\/strong><br \/>\n<strong>\u0627\u0644\u0643\u0627\u062a\u0628: \u062d\u0644\u064a\u0645 \u064a\u0648\u0633\u0641<\/strong><br \/>\n<strong>\u0627\u0644\u0646\u0648\u0639: \u0631\u0648\u0627\u064a\u0629<\/strong><\/p>\n","protected":false},"featured_media":26037,"template":"","meta":{"site-sidebar-layout":"default","site-content-layout":"","ast-site-content-layout":"default","site-content-style":"default","site-sidebar-style":"default","ast-global-header-display":"","ast-banner-title-visibility":"","ast-main-header-display":"","ast-hfb-above-header-display":"","ast-hfb-below-header-display":"","ast-hfb-mobile-header-display":"","site-post-title":"","ast-breadcrumbs-content":"","ast-featured-img":"","footer-sml-layout":"","ast-disable-related-posts":"","theme-transparent-header-meta":"default","adv-header-id-meta":"","stick-header-meta":"","header-above-stick-meta":"","header-main-stick-meta":"","header-below-stick-meta":"","astra-migrate-meta-layouts":"set","ast-page-background-enabled":"default","ast-page-background-meta":{"desktop":{"background-color":"","background-image":"","background-repeat":"repeat","background-position":"center center","background-size":"auto","background-attachment":"scroll","background-type":"","background-media":"","overlay-type":"","overlay-color":"","overlay-opacity":"","overlay-gradient":""},"tablet":{"background-color":"","background-image":"","background-repeat":"repeat","background-position":"center center","background-size":"auto","background-attachment":"scroll","background-type":"","background-media":"","overlay-type":"","overlay-color":"","overlay-opacity":"","overlay-gradient":""},"mobile":{"background-color":"","background-image":"","background-repeat":"repeat","background-position":"center center","background-size":"auto","background-attachment":"scroll","background-type":"","background-media":"","overlay-type":"","overlay-color":"","overlay-opacity":"","overlay-gradient":""}},"ast-content-background-meta":{"desktop":{"background-color":"var(--ast-global-color-5)","background-image":"","background-repeat":"repeat","background-position":"center center","background-size":"auto","background-attachment":"scroll","background-type":"","background-media":"","overlay-type":"","overlay-color":"","overlay-opacity":"","overlay-gradient":""},"tablet":{"background-color":"var(--ast-global-color-5)","background-image":"","background-repeat":"repeat","background-position":"center center","background-size":"auto","background-attachment":"scroll","background-type":"","background-media":"","overlay-type":"","overlay-color":"","overlay-opacity":"","overlay-gradient":""},"mobile":{"background-color":"var(--ast-global-color-5)","background-image":"","background-repeat":"repeat","background-position":"center center","background-size":"auto","background-attachment":"scroll","background-type":"","background-media":"","overlay-type":"","overlay-color":"","overlay-opacity":"","overlay-gradient":""}}},"product_brand":[],"product_cat":[158,165,192],"product_tag":[],"class_list":{"0":"post-26036","1":"product","2":"type-product","3":"status-publish","4":"has-post-thumbnail","6":"product_cat-158","7":"product_cat-165","8":"product_cat-192","9":"pa_-1181","10":"pa_-1307","11":"pa_-1268","12":"pa_-347","13":"pa_--dar-zeman","14":"pa_--359","15":"desktop-align-left","16":"tablet-align-left","17":"mobile-align-left","19":"first","20":"instock","21":"shipping-taxable","22":"purchasable","23":"product-type-simple"},"yoast_head":"<!-- This site is optimized with the Yoast SEO plugin v27.4 - https:\/\/yoast.com\/product\/yoast-seo-wordpress\/ -->\n<title>\u0633\u064a\u0631\u0629 \u0639\u0627\u0628\u0631 \u0627\u0644\u063a\u0627\u0645 - www.shanabooks.de<\/title>\n<meta name=\"description\" content=\"\u0633\u064a\u0631\u0629 \u0639\u0627\u0628\u0631 \u0627\u0644\u063a\u0627\u0645 - \u062d\u0644\u064a\u0645 \u064a\u0648\u0633\u0641. \u0644\u064a\u0633 \u0645\u062c\u0631\u062f \u0639\u0646\u0648\u0627\u0646\u060c \u0628\u0644 \u0627\u0633\u062a\u0639\u0627\u0631\u0629 \u0645\u0643\u062b\u0641\u0629 \u0644\u062d\u064a\u0627\u0629 \u062a\u064f\u0639\u0627\u0634 \u0639\u0644\u0649 \u062d\u0627\u0641\u0629 \u0627\u0644\u062e\u0637\u0631.\u0641\u064a \u0647\u0630\u0647 \u0627\u0644\u0631\u0648\u0627\u064a\u0629 \u0627\u0644\u0642\u0648\u064a\u0629\u060c \u062a\u062a\u062d\u0648\u0644 \u0627\u0644\u0633\u064a\u0631\u0629 \u0627\u0644\u0630\u0627\u062a\u064a\u0629 \u0625\u0644\u0649 \u0634\u0647\u0627\u062f\u0629 \u0625\u0646\u0633\u0627\u0646\u064a\u0629 \u0639\u0645\u064a\u0642\" \/>\n<meta name=\"robots\" content=\"index, follow, max-snippet:-1, max-image-preview:large, max-video-preview:-1\" \/>\n<link rel=\"canonical\" href=\"https:\/\/shanabooks.de\/product\/\u0633\u064a\u0631\u0629-\u0639\u0627\u0628\u0631-\u0627\u0644\u063a\u0627\u0645-\u062d\u0644\u064a\u0645-\u064a\u0648\u0633\u0641\/\" \/>\n<meta property=\"og:locale\" content=\"en_US\" \/>\n<meta property=\"og:type\" content=\"article\" \/>\n<meta property=\"og:title\" content=\"\u0633\u064a\u0631\u0629 \u0639\u0627\u0628\u0631 \u0627\u0644\u063a\u0627\u0645 - www.shanabooks.de\" \/>\n<meta property=\"og:description\" content=\"\u0633\u064a\u0631\u0629 \u0639\u0627\u0628\u0631 \u0627\u0644\u063a\u0627\u0645 - \u062d\u0644\u064a\u0645 \u064a\u0648\u0633\u0641. \u0644\u064a\u0633 \u0645\u062c\u0631\u062f \u0639\u0646\u0648\u0627\u0646\u060c \u0628\u0644 \u0627\u0633\u062a\u0639\u0627\u0631\u0629 \u0645\u0643\u062b\u0641\u0629 \u0644\u062d\u064a\u0627\u0629 \u062a\u064f\u0639\u0627\u0634 \u0639\u0644\u0649 \u062d\u0627\u0641\u0629 \u0627\u0644\u062e\u0637\u0631.\u0641\u064a \u0647\u0630\u0647 \u0627\u0644\u0631\u0648\u0627\u064a\u0629 \u0627\u0644\u0642\u0648\u064a\u0629\u060c \u062a\u062a\u062d\u0648\u0644 \u0627\u0644\u0633\u064a\u0631\u0629 \u0627\u0644\u0630\u0627\u062a\u064a\u0629 \u0625\u0644\u0649 \u0634\u0647\u0627\u062f\u0629 \u0625\u0646\u0633\u0627\u0646\u064a\u0629 \u0639\u0645\u064a\u0642\" \/>\n<meta property=\"og:url\" content=\"https:\/\/shanabooks.de\/product\/\u0633\u064a\u0631\u0629-\u0639\u0627\u0628\u0631-\u0627\u0644\u063a\u0627\u0645-\u062d\u0644\u064a\u0645-\u064a\u0648\u0633\u0641\/\" \/>\n<meta property=\"og:site_name\" content=\"www.shanabooks.de\" \/>\n<meta property=\"article:modified_time\" content=\"2026-02-28T20:03:57+00:00\" \/>\n<meta property=\"og:image\" content=\"https:\/\/shanabooks.de\/wp-content\/uploads\/2026\/02\/\u0633\u064a\u0631\u0629-\u0639\u0627\u0628\u0631-\u0627\u0644\u063a\u0627\u0645.png\" \/>\n\t<meta property=\"og:image:width\" content=\"393\" \/>\n\t<meta property=\"og:image:height\" content=\"607\" \/>\n\t<meta property=\"og:image:type\" content=\"image\/png\" \/>\n<meta name=\"twitter:card\" content=\"summary_large_image\" \/>\n<meta name=\"twitter:label1\" content=\"Est. reading time\" \/>\n\t<meta name=\"twitter:data1\" content=\"2 minutes\" \/>\n<script type=\"application\/ld+json\" class=\"yoast-schema-graph\">{\"@context\":\"https:\\\/\\\/schema.org\",\"@graph\":[{\"@type\":\"WebPage\",\"@id\":\"https:\\\/\\\/shanabooks.de\\\/product\\\/%d8%b3%d9%8a%d8%b1%d8%a9-%d8%b9%d8%a7%d8%a8%d8%b1-%d8%a7%d9%84%d8%ba%d8%a7%d9%85-%d8%ad%d9%84%d9%8a%d9%85-%d9%8a%d9%88%d8%b3%d9%81\\\/\",\"url\":\"https:\\\/\\\/shanabooks.de\\\/product\\\/%d8%b3%d9%8a%d8%b1%d8%a9-%d8%b9%d8%a7%d8%a8%d8%b1-%d8%a7%d9%84%d8%ba%d8%a7%d9%85-%d8%ad%d9%84%d9%8a%d9%85-%d9%8a%d9%88%d8%b3%d9%81\\\/\",\"name\":\"\u0633\u064a\u0631\u0629 \u0639\u0627\u0628\u0631 \u0627\u0644\u063a\u0627\u0645 - www.shanabooks.de\",\"isPartOf\":{\"@id\":\"https:\\\/\\\/shanabooks.de\\\/#website\"},\"primaryImageOfPage\":{\"@id\":\"https:\\\/\\\/shanabooks.de\\\/product\\\/%d8%b3%d9%8a%d8%b1%d8%a9-%d8%b9%d8%a7%d8%a8%d8%b1-%d8%a7%d9%84%d8%ba%d8%a7%d9%85-%d8%ad%d9%84%d9%8a%d9%85-%d9%8a%d9%88%d8%b3%d9%81\\\/#primaryimage\"},\"image\":{\"@id\":\"https:\\\/\\\/shanabooks.de\\\/product\\\/%d8%b3%d9%8a%d8%b1%d8%a9-%d8%b9%d8%a7%d8%a8%d8%b1-%d8%a7%d9%84%d8%ba%d8%a7%d9%85-%d8%ad%d9%84%d9%8a%d9%85-%d9%8a%d9%88%d8%b3%d9%81\\\/#primaryimage\"},\"thumbnailUrl\":\"https:\\\/\\\/shanabooks.de\\\/wp-content\\\/uploads\\\/2026\\\/02\\\/\u0633\u064a\u0631\u0629-\u0639\u0627\u0628\u0631-\u0627\u0644\u063a\u0627\u0645.png\",\"datePublished\":\"2026-02-28T20:03:56+00:00\",\"dateModified\":\"2026-02-28T20:03:57+00:00\",\"description\":\"\u0633\u064a\u0631\u0629 \u0639\u0627\u0628\u0631 \u0627\u0644\u063a\u0627\u0645 - \u062d\u0644\u064a\u0645 \u064a\u0648\u0633\u0641. \u0644\u064a\u0633 \u0645\u062c\u0631\u062f \u0639\u0646\u0648\u0627\u0646\u060c \u0628\u0644 \u0627\u0633\u062a\u0639\u0627\u0631\u0629 \u0645\u0643\u062b\u0641\u0629 \u0644\u062d\u064a\u0627\u0629 \u062a\u064f\u0639\u0627\u0634 \u0639\u0644\u0649 \u062d\u0627\u0641\u0629 \u0627\u0644\u062e\u0637\u0631.\u0641\u064a \u0647\u0630\u0647 \u0627\u0644\u0631\u0648\u0627\u064a\u0629 \u0627\u0644\u0642\u0648\u064a\u0629\u060c \u062a\u062a\u062d\u0648\u0644 \u0627\u0644\u0633\u064a\u0631\u0629 \u0627\u0644\u0630\u0627\u062a\u064a\u0629 \u0625\u0644\u0649 \u0634\u0647\u0627\u062f\u0629 \u0625\u0646\u0633\u0627\u0646\u064a\u0629 \u0639\u0645\u064a\u0642\",\"breadcrumb\":{\"@id\":\"https:\\\/\\\/shanabooks.de\\\/product\\\/%d8%b3%d9%8a%d8%b1%d8%a9-%d8%b9%d8%a7%d8%a8%d8%b1-%d8%a7%d9%84%d8%ba%d8%a7%d9%85-%d8%ad%d9%84%d9%8a%d9%85-%d9%8a%d9%88%d8%b3%d9%81\\\/#breadcrumb\"},\"inLanguage\":\"kur\",\"potentialAction\":[{\"@type\":\"ReadAction\",\"target\":[\"https:\\\/\\\/shanabooks.de\\\/product\\\/%d8%b3%d9%8a%d8%b1%d8%a9-%d8%b9%d8%a7%d8%a8%d8%b1-%d8%a7%d9%84%d8%ba%d8%a7%d9%85-%d8%ad%d9%84%d9%8a%d9%85-%d9%8a%d9%88%d8%b3%d9%81\\\/\"]}]},{\"@type\":\"ImageObject\",\"inLanguage\":\"kur\",\"@id\":\"https:\\\/\\\/shanabooks.de\\\/product\\\/%d8%b3%d9%8a%d8%b1%d8%a9-%d8%b9%d8%a7%d8%a8%d8%b1-%d8%a7%d9%84%d8%ba%d8%a7%d9%85-%d8%ad%d9%84%d9%8a%d9%85-%d9%8a%d9%88%d8%b3%d9%81\\\/#primaryimage\",\"url\":\"https:\\\/\\\/shanabooks.de\\\/wp-content\\\/uploads\\\/2026\\\/02\\\/\u0633\u064a\u0631\u0629-\u0639\u0627\u0628\u0631-\u0627\u0644\u063a\u0627\u0645.png\",\"contentUrl\":\"https:\\\/\\\/shanabooks.de\\\/wp-content\\\/uploads\\\/2026\\\/02\\\/\u0633\u064a\u0631\u0629-\u0639\u0627\u0628\u0631-\u0627\u0644\u063a\u0627\u0645.png\",\"width\":393,\"height\":607,\"caption\":\"\u0633\u064a\u0631\u0629 \u0639\u0627\u0628\u0631 \u0627\u0644\u063a\u0627\u0645 - \u062d\u0644\u064a\u0645 \u064a\u0648\u0633\u0641\"},{\"@type\":\"BreadcrumbList\",\"@id\":\"https:\\\/\\\/shanabooks.de\\\/product\\\/%d8%b3%d9%8a%d8%b1%d8%a9-%d8%b9%d8%a7%d8%a8%d8%b1-%d8%a7%d9%84%d8%ba%d8%a7%d9%85-%d8%ad%d9%84%d9%8a%d9%85-%d9%8a%d9%88%d8%b3%d9%81\\\/#breadcrumb\",\"itemListElement\":[{\"@type\":\"ListItem\",\"position\":1,\"name\":\"\u0627\u0644\u0631\u0626\u064a\u0633\u064a\u0629\",\"item\":\"https:\\\/\\\/shanabooks.de\\\/kur\\\/\"},{\"@type\":\"ListItem\",\"position\":2,\"name\":\"\u0627\u0644\u0645\u0646\u062a\u062c\u0627\u062a\",\"item\":\"https:\\\/\\\/shanabooks.de\\\/shop\\\/\"},{\"@type\":\"ListItem\",\"position\":3,\"name\":\"\u0633\u064a\u0631\u0629 \u0639\u0627\u0628\u0631 \u0627\u0644\u063a\u0627\u0645\"}]},{\"@type\":\"WebSite\",\"@id\":\"https:\\\/\\\/shanabooks.de\\\/#website\",\"url\":\"https:\\\/\\\/shanabooks.de\\\/\",\"name\":\"www.shanbooks.de\",\"description\":\"C\u00eehana Pirt\u00fbk\u00ean Kurd\u00ee \u0645\u0643\u062a\u0628\u0629 \u0634\u0627\u0646\u0627 \u0641\u064a \u0627\u0644\u0645\u0627\u0646\u064a\u0627 \u0648\u0623\u0648\u0631\u0628\u0627\",\"publisher\":{\"@id\":\"https:\\\/\\\/shanabooks.de\\\/#organization\"},\"potentialAction\":[{\"@type\":\"SearchAction\",\"target\":{\"@type\":\"EntryPoint\",\"urlTemplate\":\"https:\\\/\\\/shanabooks.de\\\/?s={search_term_string}\"},\"query-input\":{\"@type\":\"PropertyValueSpecification\",\"valueRequired\":true,\"valueName\":\"search_term_string\"}}],\"inLanguage\":\"kur\"},{\"@type\":\"Organization\",\"@id\":\"https:\\\/\\\/shanabooks.de\\\/#organization\",\"name\":\"www.shanbooks.de\",\"url\":\"https:\\\/\\\/shanabooks.de\\\/\",\"logo\":{\"@type\":\"ImageObject\",\"inLanguage\":\"kur\",\"@id\":\"https:\\\/\\\/shanabooks.de\\\/#\\\/schema\\\/logo\\\/image\\\/\",\"url\":\"https:\\\/\\\/shanabooks.de\\\/wp-content\\\/uploads\\\/2024\\\/03\\\/SHANABOOKS__2_-removebg-preview.png\",\"contentUrl\":\"https:\\\/\\\/shanabooks.de\\\/wp-content\\\/uploads\\\/2024\\\/03\\\/SHANABOOKS__2_-removebg-preview.png\",\"width\":700,\"height\":150,\"caption\":\"www.shanbooks.de\"},\"image\":{\"@id\":\"https:\\\/\\\/shanabooks.de\\\/#\\\/schema\\\/logo\\\/image\\\/\"}}]}<\/script>\n<!-- \/ Yoast SEO plugin. -->","yoast_head_json":{"title":"\u0633\u064a\u0631\u0629 \u0639\u0627\u0628\u0631 \u0627\u0644\u063a\u0627\u0645 - www.shanabooks.de","description":"\u0633\u064a\u0631\u0629 \u0639\u0627\u0628\u0631 \u0627\u0644\u063a\u0627\u0645 - \u062d\u0644\u064a\u0645 \u064a\u0648\u0633\u0641. \u0644\u064a\u0633 \u0645\u062c\u0631\u062f \u0639\u0646\u0648\u0627\u0646\u060c \u0628\u0644 \u0627\u0633\u062a\u0639\u0627\u0631\u0629 \u0645\u0643\u062b\u0641\u0629 \u0644\u062d\u064a\u0627\u0629 \u062a\u064f\u0639\u0627\u0634 \u0639\u0644\u0649 \u062d\u0627\u0641\u0629 \u0627\u0644\u062e\u0637\u0631.\u0641\u064a \u0647\u0630\u0647 \u0627\u0644\u0631\u0648\u0627\u064a\u0629 \u0627\u0644\u0642\u0648\u064a\u0629\u060c \u062a\u062a\u062d\u0648\u0644 \u0627\u0644\u0633\u064a\u0631\u0629 \u0627\u0644\u0630\u0627\u062a\u064a\u0629 \u0625\u0644\u0649 \u0634\u0647\u0627\u062f\u0629 \u0625\u0646\u0633\u0627\u0646\u064a\u0629 \u0639\u0645\u064a\u0642","robots":{"index":"index","follow":"follow","max-snippet":"max-snippet:-1","max-image-preview":"max-image-preview:large","max-video-preview":"max-video-preview:-1"},"canonical":"https:\/\/shanabooks.de\/product\/\u0633\u064a\u0631\u0629-\u0639\u0627\u0628\u0631-\u0627\u0644\u063a\u0627\u0645-\u062d\u0644\u064a\u0645-\u064a\u0648\u0633\u0641\/","og_locale":"en_US","og_type":"article","og_title":"\u0633\u064a\u0631\u0629 \u0639\u0627\u0628\u0631 \u0627\u0644\u063a\u0627\u0645 - www.shanabooks.de","og_description":"\u0633\u064a\u0631\u0629 \u0639\u0627\u0628\u0631 \u0627\u0644\u063a\u0627\u0645 - \u062d\u0644\u064a\u0645 \u064a\u0648\u0633\u0641. \u0644\u064a\u0633 \u0645\u062c\u0631\u062f \u0639\u0646\u0648\u0627\u0646\u060c \u0628\u0644 \u0627\u0633\u062a\u0639\u0627\u0631\u0629 \u0645\u0643\u062b\u0641\u0629 \u0644\u062d\u064a\u0627\u0629 \u062a\u064f\u0639\u0627\u0634 \u0639\u0644\u0649 \u062d\u0627\u0641\u0629 \u0627\u0644\u062e\u0637\u0631.\u0641\u064a \u0647\u0630\u0647 \u0627\u0644\u0631\u0648\u0627\u064a\u0629 \u0627\u0644\u0642\u0648\u064a\u0629\u060c \u062a\u062a\u062d\u0648\u0644 \u0627\u0644\u0633\u064a\u0631\u0629 \u0627\u0644\u0630\u0627\u062a\u064a\u0629 \u0625\u0644\u0649 \u0634\u0647\u0627\u062f\u0629 \u0625\u0646\u0633\u0627\u0646\u064a\u0629 \u0639\u0645\u064a\u0642","og_url":"https:\/\/shanabooks.de\/product\/\u0633\u064a\u0631\u0629-\u0639\u0627\u0628\u0631-\u0627\u0644\u063a\u0627\u0645-\u062d\u0644\u064a\u0645-\u064a\u0648\u0633\u0641\/","og_site_name":"www.shanabooks.de","article_modified_time":"2026-02-28T20:03:57+00:00","og_image":[{"width":393,"height":607,"url":"https:\/\/shanabooks.de\/wp-content\/uploads\/2026\/02\/\u0633\u064a\u0631\u0629-\u0639\u0627\u0628\u0631-\u0627\u0644\u063a\u0627\u0645.png","type":"image\/png"}],"twitter_card":"summary_large_image","twitter_misc":{"Est. reading time":"2 minutes"},"schema":{"@context":"https:\/\/schema.org","@graph":[{"@type":"WebPage","@id":"https:\/\/shanabooks.de\/product\/%d8%b3%d9%8a%d8%b1%d8%a9-%d8%b9%d8%a7%d8%a8%d8%b1-%d8%a7%d9%84%d8%ba%d8%a7%d9%85-%d8%ad%d9%84%d9%8a%d9%85-%d9%8a%d9%88%d8%b3%d9%81\/","url":"https:\/\/shanabooks.de\/product\/%d8%b3%d9%8a%d8%b1%d8%a9-%d8%b9%d8%a7%d8%a8%d8%b1-%d8%a7%d9%84%d8%ba%d8%a7%d9%85-%d8%ad%d9%84%d9%8a%d9%85-%d9%8a%d9%88%d8%b3%d9%81\/","name":"\u0633\u064a\u0631\u0629 \u0639\u0627\u0628\u0631 \u0627\u0644\u063a\u0627\u0645 - www.shanabooks.de","isPartOf":{"@id":"https:\/\/shanabooks.de\/#website"},"primaryImageOfPage":{"@id":"https:\/\/shanabooks.de\/product\/%d8%b3%d9%8a%d8%b1%d8%a9-%d8%b9%d8%a7%d8%a8%d8%b1-%d8%a7%d9%84%d8%ba%d8%a7%d9%85-%d8%ad%d9%84%d9%8a%d9%85-%d9%8a%d9%88%d8%b3%d9%81\/#primaryimage"},"image":{"@id":"https:\/\/shanabooks.de\/product\/%d8%b3%d9%8a%d8%b1%d8%a9-%d8%b9%d8%a7%d8%a8%d8%b1-%d8%a7%d9%84%d8%ba%d8%a7%d9%85-%d8%ad%d9%84%d9%8a%d9%85-%d9%8a%d9%88%d8%b3%d9%81\/#primaryimage"},"thumbnailUrl":"https:\/\/shanabooks.de\/wp-content\/uploads\/2026\/02\/\u0633\u064a\u0631\u0629-\u0639\u0627\u0628\u0631-\u0627\u0644\u063a\u0627\u0645.png","datePublished":"2026-02-28T20:03:56+00:00","dateModified":"2026-02-28T20:03:57+00:00","description":"\u0633\u064a\u0631\u0629 \u0639\u0627\u0628\u0631 \u0627\u0644\u063a\u0627\u0645 - \u062d\u0644\u064a\u0645 \u064a\u0648\u0633\u0641. \u0644\u064a\u0633 \u0645\u062c\u0631\u062f \u0639\u0646\u0648\u0627\u0646\u060c \u0628\u0644 \u0627\u0633\u062a\u0639\u0627\u0631\u0629 \u0645\u0643\u062b\u0641\u0629 \u0644\u062d\u064a\u0627\u0629 \u062a\u064f\u0639\u0627\u0634 \u0639\u0644\u0649 \u062d\u0627\u0641\u0629 \u0627\u0644\u062e\u0637\u0631.\u0641\u064a \u0647\u0630\u0647 \u0627\u0644\u0631\u0648\u0627\u064a\u0629 \u0627\u0644\u0642\u0648\u064a\u0629\u060c \u062a\u062a\u062d\u0648\u0644 \u0627\u0644\u0633\u064a\u0631\u0629 \u0627\u0644\u0630\u0627\u062a\u064a\u0629 \u0625\u0644\u0649 \u0634\u0647\u0627\u062f\u0629 \u0625\u0646\u0633\u0627\u0646\u064a\u0629 \u0639\u0645\u064a\u0642","breadcrumb":{"@id":"https:\/\/shanabooks.de\/product\/%d8%b3%d9%8a%d8%b1%d8%a9-%d8%b9%d8%a7%d8%a8%d8%b1-%d8%a7%d9%84%d8%ba%d8%a7%d9%85-%d8%ad%d9%84%d9%8a%d9%85-%d9%8a%d9%88%d8%b3%d9%81\/#breadcrumb"},"inLanguage":"kur","potentialAction":[{"@type":"ReadAction","target":["https:\/\/shanabooks.de\/product\/%d8%b3%d9%8a%d8%b1%d8%a9-%d8%b9%d8%a7%d8%a8%d8%b1-%d8%a7%d9%84%d8%ba%d8%a7%d9%85-%d8%ad%d9%84%d9%8a%d9%85-%d9%8a%d9%88%d8%b3%d9%81\/"]}]},{"@type":"ImageObject","inLanguage":"kur","@id":"https:\/\/shanabooks.de\/product\/%d8%b3%d9%8a%d8%b1%d8%a9-%d8%b9%d8%a7%d8%a8%d8%b1-%d8%a7%d9%84%d8%ba%d8%a7%d9%85-%d8%ad%d9%84%d9%8a%d9%85-%d9%8a%d9%88%d8%b3%d9%81\/#primaryimage","url":"https:\/\/shanabooks.de\/wp-content\/uploads\/2026\/02\/\u0633\u064a\u0631\u0629-\u0639\u0627\u0628\u0631-\u0627\u0644\u063a\u0627\u0645.png","contentUrl":"https:\/\/shanabooks.de\/wp-content\/uploads\/2026\/02\/\u0633\u064a\u0631\u0629-\u0639\u0627\u0628\u0631-\u0627\u0644\u063a\u0627\u0645.png","width":393,"height":607,"caption":"\u0633\u064a\u0631\u0629 \u0639\u0627\u0628\u0631 \u0627\u0644\u063a\u0627\u0645 - \u062d\u0644\u064a\u0645 \u064a\u0648\u0633\u0641"},{"@type":"BreadcrumbList","@id":"https:\/\/shanabooks.de\/product\/%d8%b3%d9%8a%d8%b1%d8%a9-%d8%b9%d8%a7%d8%a8%d8%b1-%d8%a7%d9%84%d8%ba%d8%a7%d9%85-%d8%ad%d9%84%d9%8a%d9%85-%d9%8a%d9%88%d8%b3%d9%81\/#breadcrumb","itemListElement":[{"@type":"ListItem","position":1,"name":"\u0627\u0644\u0631\u0626\u064a\u0633\u064a\u0629","item":"https:\/\/shanabooks.de\/kur\/"},{"@type":"ListItem","position":2,"name":"\u0627\u0644\u0645\u0646\u062a\u062c\u0627\u062a","item":"https:\/\/shanabooks.de\/shop\/"},{"@type":"ListItem","position":3,"name":"\u0633\u064a\u0631\u0629 \u0639\u0627\u0628\u0631 \u0627\u0644\u063a\u0627\u0645"}]},{"@type":"WebSite","@id":"https:\/\/shanabooks.de\/#website","url":"https:\/\/shanabooks.de\/","name":"www.shanbooks.de","description":"C\u00eehana Pirt\u00fbk\u00ean Kurd\u00ee \u0645\u0643\u062a\u0628\u0629 \u0634\u0627\u0646\u0627 \u0641\u064a \u0627\u0644\u0645\u0627\u0646\u064a\u0627 \u0648\u0623\u0648\u0631\u0628\u0627","publisher":{"@id":"https:\/\/shanabooks.de\/#organization"},"potentialAction":[{"@type":"SearchAction","target":{"@type":"EntryPoint","urlTemplate":"https:\/\/shanabooks.de\/?s={search_term_string}"},"query-input":{"@type":"PropertyValueSpecification","valueRequired":true,"valueName":"search_term_string"}}],"inLanguage":"kur"},{"@type":"Organization","@id":"https:\/\/shanabooks.de\/#organization","name":"www.shanbooks.de","url":"https:\/\/shanabooks.de\/","logo":{"@type":"ImageObject","inLanguage":"kur","@id":"https:\/\/shanabooks.de\/#\/schema\/logo\/image\/","url":"https:\/\/shanabooks.de\/wp-content\/uploads\/2024\/03\/SHANABOOKS__2_-removebg-preview.png","contentUrl":"https:\/\/shanabooks.de\/wp-content\/uploads\/2024\/03\/SHANABOOKS__2_-removebg-preview.png","width":700,"height":150,"caption":"www.shanbooks.de"},"image":{"@id":"https:\/\/shanabooks.de\/#\/schema\/logo\/image\/"}}]}},"jetpack_sharing_enabled":true,"_links":{"self":[{"href":"https:\/\/shanabooks.de\/kur\/wp-json\/wp\/v2\/product\/26036","targetHints":{"allow":["GET"]}}],"collection":[{"href":"https:\/\/shanabooks.de\/kur\/wp-json\/wp\/v2\/product"}],"about":[{"href":"https:\/\/shanabooks.de\/kur\/wp-json\/wp\/v2\/types\/product"}],"version-history":[{"count":1,"href":"https:\/\/shanabooks.de\/kur\/wp-json\/wp\/v2\/product\/26036\/revisions"}],"predecessor-version":[{"id":26040,"href":"https:\/\/shanabooks.de\/kur\/wp-json\/wp\/v2\/product\/26036\/revisions\/26040"}],"wp:featuredmedia":[{"embeddable":true,"href":"https:\/\/shanabooks.de\/kur\/wp-json\/wp\/v2\/media\/26037"}],"wp:attachment":[{"href":"https:\/\/shanabooks.de\/kur\/wp-json\/wp\/v2\/media?parent=26036"}],"wp:term":[{"taxonomy":"product_brand","embeddable":true,"href":"https:\/\/shanabooks.de\/kur\/wp-json\/wp\/v2\/product_brand?post=26036"},{"taxonomy":"product_cat","embeddable":true,"href":"https:\/\/shanabooks.de\/kur\/wp-json\/wp\/v2\/product_cat?post=26036"},{"taxonomy":"product_tag","embeddable":true,"href":"https:\/\/shanabooks.de\/kur\/wp-json\/wp\/v2\/product_tag?post=26036"}],"curies":[{"name":"wp","href":"https:\/\/api.w.org\/{rel}","templated":true}]}}